{"id":122,"date":"2023-09-09T16:55:22","date_gmt":"2023-09-09T20:55:22","guid":{"rendered":"https:\/\/yourfavoritecanadian.com\/?page_id=122"},"modified":"2025-11-06T00:02:56","modified_gmt":"2025-11-06T04:02:56","slug":"about-me","status":"publish","type":"page","link":"https:\/\/yourfavoritecanadian.com\/fr\/about-me\/","title":{"rendered":"\u00c0 propos de nous : Inspirer des aventures partout dans le monde"},"content":{"rendered":"<p><\/p>\n\n\n\n<p>Vous souvenez-vous de vos premiers voyages, quand on ne se sentait pas coupable de quitter la maison, de manger de la malbouffe ou de faire la f\u00eate jusqu\u2019au lever du soleil? Pour nous, tout a commenc\u00e9 en Tha\u00eflande, o\u00f9 nous nous sommes retrouv\u00e9es apr\u00e8s sept ans sans nous parler.<\/p>\n\n\n\n<p>Salut, nous sommes L\u00e9onie et J\u00e9zabel, deux qu\u00e9b\u00e9coises qui adorent partager nos exp\u00e9riences de voyage dans l\u2019espoir de rendre vos aventures plus faciles et agr\u00e9ables!<\/p>\n\n\n\n<p>En nous basant sur les pays que nous avons eu la chance de visiter, nous vous proposons des recommandations sur o\u00f9 aller, o\u00f9 se loger, quoi faire et quoi manger. Bien s\u00fbr, nous n\u2019avons pas encore visit\u00e9 les 195 pays du monde, mais donnez-nous du temps\u2014nous y arriverons. Nous esp\u00e9rons que vous nous suivrez tout au long de cette merveilleuse aventure!<\/p>\n\n\n\n<p>Vous vous demandez peut-\u00eatre :&nbsp;<em>\u00ab Qu\u2019est-ce qui vous a inspir\u00e9es \u00e0 partager vos exp\u00e9riences de voyage avec nous? \u00bb<\/em><\/p>\n\n\n\n<p>Voici notre r\u00e9ponse honn\u00eate : Apr\u00e8s avoir cherch\u00e9 de l\u2019information sur les voyages en ligne, nous avons fr\u00e9quemment \u00e9t\u00e9 d\u00e9\u00e7ues par le manque de pr\u00e9cision. Trop souvent, les c\u00f4t\u00e9s n\u00e9gatifs d\u2019une destination \u00e9taient cach\u00e9s, ce qui nous laissait mal pr\u00e9par\u00e9es une fois sur place.<\/p>\n\n\n\n<p>Nous voulons vous offrir ce que nous aurions aim\u00e9 avoir : <em>nos exp\u00e9riences personnelles et notre v\u00e9rit\u00e9.<\/em>. Nous sommes excit\u00e9es de partager les merveilles du voyage et les beaux c\u00f4t\u00e9s de chaque destination. Mais nous croyons aussi qu\u2019il est essentiel de montrer les r\u00e9alit\u00e9s qui peuvent parfois \u00eatre plus difficiles \u00e0 accepter.<\/p>\n\n\n\n<p>Et la cerise sur le sunday? Partager nos aventures avec vous signifie que nous n\u2019oublierons jamais nos voyages. \ud83e\udd0d\ud83c\udde8\ud83c\udde6<\/p>\n\n\n\n<div style=\"height:100px\" aria-hidden=\"true\" class=\"wp-block-spacer\"><\/div>\n\n\n\n<div class=\"wp-block-media-text has-media-on-the-right is-stacked-on-mobile\" style=\"grid-template-columns:auto 45%\"><div class=\"wp-block-media-text__content\">\n<p class=\"has-text-align-center has-medium-font-size\"><strong>Qui est L\u00e9onie?<\/strong><\/p>\n\n\n\n<p>Je suis la mer et les montagnes derri\u00e8re YFC, et voici pourquoi : j\u2019apporte le calme, la patience et le c\u00f4t\u00e9 relaxe \u00e0 ce projet. Je suis peut-\u00eatre timide au d\u00e9but, mais une fois ma carapace craqu\u00e9e, je suis loin d\u2019\u00eatre introvertie!<\/p>\n\n\n\n<p>Quand je m\u2019engage dans un projet, je donne 500 %. Mes forces sont ma capacit\u00e9 \u00e0 travailler sous pression et ma compassion pour les autres. J\u2019ai vu beaucoup de choses durant mes 10 mois de voyage, et laissez-moi vous dire que cela m\u2019a ouvert l\u2019esprit. En plus de ma passion \u00e9vidente pour le voyage, j\u2019adore les animaux, je suis une experte en casse-t\u00eate, et j'ai plong\u00e9 la majeure partie de ma vie. J\u2019aime passer du temps avec mon chien et mon copain, et jouer \u00e0 des jeux de soci\u00e9t\u00e9 avec ma famille.<\/p>\n<\/div><figure class=\"wp-block-media-text__media\"><img decoding=\"async\" width=\"768\" height=\"1024\" data-src=\"https:\/\/yourfavoritecanadian.com\/wp-content\/uploads\/2024\/10\/7E0EC2BC-A840-4CB7-B063-F44C4151CE03-768x1024.jpeg\" alt=\"\" class=\"wp-image-4161 size-full lazyload\" data-srcset=\"https:\/\/yourfavoritecanadian.com\/wp-content\/uploads\/2024\/10\/7E0EC2BC-A840-4CB7-B063-F44C4151CE03-768x1024.jpeg 768w, https:\/\/yourfavoritecanadian.com\/wp-content\/uploads\/2024\/10\/7E0EC2BC-A840-4CB7-B063-F44C4151CE03-225x300.jpeg 225w, https:\/\/yourfavoritecanadian.com\/wp-content\/uploads\/2024\/10\/7E0EC2BC-A840-4CB7-B063-F44C4151CE03-1152x1536.jpeg 1152w, https:\/\/yourfavoritecanadian.com\/wp-content\/uploads\/2024\/10\/7E0EC2BC-A840-4CB7-B063-F44C4151CE03-9x12.jpeg 9w, https:\/\/yourfavoritecanadian.com\/wp-content\/uploads\/2024\/10\/7E0EC2BC-A840-4CB7-B063-F44C4151CE03.jpeg 1536w\" data-sizes=\"(max-width: 768px) 100vw, 768px\" src=\"data:image\/svg+xml;base64,PHN2ZyB3aWR0aD0iMSIgaGVpZ2h0PSIxIiB4bWxucz0iaHR0cDovL3d3dy53My5vcmcvMjAwMC9zdmciPjwvc3ZnPg==\" style=\"--smush-placeholder-width: 768px; --smush-placeholder-aspect-ratio: 768\/1024;\" \/><\/figure><\/div>\n\n\n\n<p><\/p>\n\n\n\n<div class=\"wp-block-media-text is-stacked-on-mobile\" style=\"grid-template-columns:45% auto\"><figure class=\"wp-block-media-text__media\"><img decoding=\"async\" width=\"768\" height=\"1024\" data-src=\"https:\/\/yourfavoritecanadian.com\/wp-content\/uploads\/2024\/10\/000E8C9E-58FC-4CEA-A7B8-216E2F09210F-768x1024.jpeg\" alt=\"\" class=\"wp-image-4162 size-full lazyload\" data-srcset=\"https:\/\/yourfavoritecanadian.com\/wp-content\/uploads\/2024\/10\/000E8C9E-58FC-4CEA-A7B8-216E2F09210F-768x1024.jpeg 768w, https:\/\/yourfavoritecanadian.com\/wp-content\/uploads\/2024\/10\/000E8C9E-58FC-4CEA-A7B8-216E2F09210F-225x300.jpeg 225w, https:\/\/yourfavoritecanadian.com\/wp-content\/uploads\/2024\/10\/000E8C9E-58FC-4CEA-A7B8-216E2F09210F-1152x1536.jpeg 1152w, https:\/\/yourfavoritecanadian.com\/wp-content\/uploads\/2024\/10\/000E8C9E-58FC-4CEA-A7B8-216E2F09210F-9x12.jpeg 9w, https:\/\/yourfavoritecanadian.com\/wp-content\/uploads\/2024\/10\/000E8C9E-58FC-4CEA-A7B8-216E2F09210F.jpeg 1537w\" data-sizes=\"(max-width: 768px) 100vw, 768px\" src=\"data:image\/svg+xml;base64,PHN2ZyB3aWR0aD0iMSIgaGVpZ2h0PSIxIiB4bWxucz0iaHR0cDovL3d3dy53My5vcmcvMjAwMC9zdmciPjwvc3ZnPg==\" style=\"--smush-placeholder-width: 768px; --smush-placeholder-aspect-ratio: 768\/1024;\" \/><\/figure><div class=\"wp-block-media-text__content\">\n<p class=\"has-text-align-center has-medium-font-size\"><strong>Qui est J\u00e9zabel?<\/strong><\/p>\n\n\n\n<p>Je suis le soleil derri\u00e8re YFC, et voici pourquoi : j\u2019apporte l\u2019\u00e9nergie, l\u2019action et le c\u00f4t\u00e9 fun \u00e0 ce projet. Vous ressentirez mon \u00e9nergie positive et vibrante d\u00e8s que j\u2019entre dans une pi\u00e8ce. Ce que vous voyez, c\u2019est ce que vous obtenez\u2014je suis aussi transparente qu\u2019un humain peut l\u2019\u00eatre, et mon visage exprime souvent mes opinions avant que je ne dise un mot!<\/p>\n\n\n\n<p>Ma plus grande force est la passion et la d\u00e9termination que j\u2019apporte dans tout ce que je fais. Je m\u2019assure toujours que les choses soient faites, peu importe les obstacles. En plus de mon amour pour le voyage, je suis danseuse, j\u2019ai fait du th\u00e9\u00e2tre pendant une grande partie de ma vie, et je suis obs\u00e9d\u00e9e par ma planche \u00e0 pagaie.<\/p>\n<\/div><\/div>\n\n\n\n<div style=\"height:100px\" aria-hidden=\"true\" class=\"wp-block-spacer\"><\/div>\n\n\n\n<p>Si vous avez des questions ou des commentaires, n'h\u00e9sitez pas \u00e0 nous contactez au :<br>yourfavoritecanadiangirl@gmail.com&nbsp; <\/p>\n\n\n\n<p>N'h\u00e9sitez pas \u00e0 nous suivre sur :<\/p>\n\n\n\n<ul class=\"wp-block-list\">\n<li><a href=\"https:\/\/www.pinterest.ca\/yourfavoritecanadiangirl\/_saved\/\"><span style=\"text-decoration: underline;\">Pinterest<\/span><\/a><\/li>\n\n\n\n<li><a href=\"https:\/\/www.tiktok.com\/@yourfavoritecanadiangirl\"><span style=\"text-decoration: underline;\">Tik Tok<\/span><\/a><\/li>\n\n\n\n<li><a data-type=\"link\" data-id=\"https:\/\/www.facebook.com\/profile.php?id=61553474142144\" href=\"https:\/\/www.facebook.com\/profile.php?id=61553474142144\"><span style=\"text-decoration: underline;\">Facebook<\/span><\/a><\/li>\n\n\n\n<li><a data-type=\"link\" data-id=\"https:\/\/www.instagram.com\/yourfavoritecanadian_\/\" href=\"https:\/\/www.instagram.com\/yourfavoritecanadian_\/\"><span style=\"text-decoration: underline;\">Instagram<\/span><\/a><\/li>\n<\/ul>\n\n\n\n<p>Si vous \u00eates une compagnie et que vous voulez travailler avec nous, n'h\u00e9sitez pas \u00e0 nous envoyer un courriel!<\/p>\n\n\n\n<div style=\"height:100px\" aria-hidden=\"true\" class=\"wp-block-spacer\"><\/div>\n<p><a href=\"\/\/www.pinterest.com\/pin\/create\/button\/\" data-pin-do=\"buttonBookmark\" data-pin-color=\"red\" data-pin-height=\"128\"><img decoding=\"async\" data-src=\"\/\/assets.pinterest.com\/images\/pidgets\/pinit_fg_en_rect_red_28.png\" src=\"data:image\/svg+xml;base64,PHN2ZyB3aWR0aD0iMSIgaGVpZ2h0PSIxIiB4bWxucz0iaHR0cDovL3d3dy53My5vcmcvMjAwMC9zdmciPjwvc3ZnPg==\" class=\"lazyload\" \/><\/a><\/p>","protected":false},"excerpt":{"rendered":"<p>Remember your early travel days, when you didn\u2019t feel guilty about leaving home, indulging in junk food, or partying until sunrise? For us, it all began in Thailand, where we &#8230; <a title=\"\u00c0 propos de nous : Inspirer des aventures partout dans le monde\" class=\"read-more\" href=\"https:\/\/yourfavoritecanadian.com\/fr\/about-me\/\" aria-label=\"Read more about About Us: Inspiring the Ultimate Adventures Around the World\">Read more<\/a><\/p>","protected":false},"author":1,"featured_media":0,"parent":0,"menu_order":0,"comment_status":"closed","ping_status":"closed","template":"","meta":{"om_disable_all_campaigns":false,"_monsterinsights_skip_tracking":false,"_monsterinsights_sitenote_active":false,"_monsterinsights_sitenote_note":"","_monsterinsights_sitenote_category":0,"jetpack_post_was_ever_published":false,"footnotes":""},"class_list":["post-122","page","type-page","status-publish"],"aioseo_notices":[],"jetpack-related-posts":[{"id":17,"url":"https:\/\/yourfavoritecanadian.com\/fr\/","url_meta":{"origin":122,"position":0},"title":"YOUR FAVORITE CANADIAN All About\u2026","author":"yourfavoritecanadian","date":"ao\u00fbt 9, 2022","format":false,"excerpt":"YOUR FAVORITE CANADIAN All About Traveling ALL DESTINATIONS TRAVEL TIPS ABOUT US BOOK A TRIP Latest Articles Let's work together Hi! We\u2019re L\u00e9onie and J\u00e9zabel, two French Canadian girls who love to travel, create content and share our experiences. We specialize in giving useful travel advice as well as creating\u2026","rel":"","context":"Similar post","block_context":{"text":"Similar post","link":""},"img":{"alt_text":"","src":"","width":0,"height":0},"classes":[]},{"id":3476,"url":"https:\/\/yourfavoritecanadian.com\/fr\/destinations\/","url_meta":{"origin":122,"position":1},"title":"Destinations","author":"yourfavoritecanadian","date":"septembre 27, 2024","format":false,"excerpt":"Africa Americas Asia Europe Africa Africa Travel Destinations offer a blend of wild beauty, ancient history, and vibrant culture that captivate every traveler. From the majestic pyramids of Egypt to the colorful souks of Morocco, Africa is a continent that tells timeless stories through its landscapes and people. Our journeys\u2026","rel":"","context":"Similar post","block_context":{"text":"Similar post","link":""},"img":{"alt_text":"","src":"","width":0,"height":0},"classes":[]},{"id":4297,"url":"https:\/\/yourfavoritecanadian.com\/fr\/asia\/","url_meta":{"origin":122,"position":2},"title":"Asie","author":"yourfavoritecanadian","date":"octobre 9, 2024","format":false,"excerpt":"Middle East QATAR UNITED ARAB EMIRATES Southeast BALI PHILIPPINES THAILAND VIETNAM Asia is a continent of incredible diversity, where ancient traditions coexist with modern life. From bustling city streets to serene landscapes, it offers experiences that stay with travelers long after they leave. Each destination has its own character, whether\u2026","rel":"","context":"Similar post","block_context":{"text":"Similar post","link":""},"img":{"alt_text":"","src":"","width":0,"height":0},"classes":[]},{"id":3855,"url":"https:\/\/yourfavoritecanadian.com\/fr\/africa\/","url_meta":{"origin":122,"position":3},"title":"Afrique","author":"yourfavoritecanadian","date":"octobre 3, 2024","format":false,"excerpt":"EGYPT MOROCCO Africa is a vast and diverse continent, boasting fascinating landscapes and cultures. So far, we have explored Egypt and Morocco, two iconic destinations. From the towering dunes of the Sahara to the lush plains of the Serengeti, every corner of Africa offers a unique blend of nature, heritage,\u2026","rel":"","context":"Similar post","block_context":{"text":"Similar post","link":""},"img":{"alt_text":"","src":"","width":0,"height":0},"classes":[]},{"id":6765,"url":"https:\/\/yourfavoritecanadian.com\/fr\/egypt\/","url_meta":{"origin":122,"position":4},"title":"\u00c9gypte","author":"yourfavoritecanadian","date":"mars 18, 2025","format":false,"excerpt":"Egypt's Must-Reads Cairo The Pyramids Egypt's Must-Reads Cairo - The Pyramids Egypt is a land that captures the imagination like few places on Earth. From the bustling streets of Cairo to the vast deserts and the winding Nile, every corner of this ancient country has a story to tell. Here,\u2026","rel":"","context":"Similar post","block_context":{"text":"Similar post","link":""},"img":{"alt_text":"","src":"","width":0,"height":0},"classes":[]},{"id":4284,"url":"https:\/\/yourfavoritecanadian.com\/fr\/north\/","url_meta":{"origin":122,"position":5},"title":"Nord","author":"yourfavoritecanadian","date":"octobre 9, 2024","format":false,"excerpt":"CANADA UNITED STATES North America is a continent of vibrant cities and dynamic experiences. From the stunning natural wonders of the Big Sur coast to the bustling streets of Toronto, each destination reveals a unique perspective on life across the continent. Stretching from Canada\u2019s northern wilderness to the sun-soaked beaches\u2026","rel":"","context":"Similar post","block_context":{"text":"Similar post","link":""},"img":{"alt_text":"","src":"","width":0,"height":0},"classes":[]}],"jetpack_sharing_enabled":true,"_links":{"self":[{"href":"https:\/\/yourfavoritecanadian.com\/fr\/wp-json\/wp\/v2\/pages\/122","targetHints":{"allow":["GET"]}}],"collection":[{"href":"https:\/\/yourfavoritecanadian.com\/fr\/wp-json\/wp\/v2\/pages"}],"about":[{"href":"https:\/\/yourfavoritecanadian.com\/fr\/wp-json\/wp\/v2\/types\/page"}],"author":[{"embeddable":true,"href":"https:\/\/yourfavoritecanadian.com\/fr\/wp-json\/wp\/v2\/users\/1"}],"replies":[{"embeddable":true,"href":"https:\/\/yourfavoritecanadian.com\/fr\/wp-json\/wp\/v2\/comments?post=122"}],"version-history":[{"count":4,"href":"https:\/\/yourfavoritecanadian.com\/fr\/wp-json\/wp\/v2\/pages\/122\/revisions"}],"predecessor-version":[{"id":8099,"href":"https:\/\/yourfavoritecanadian.com\/fr\/wp-json\/wp\/v2\/pages\/122\/revisions\/8099"}],"wp:attachment":[{"href":"https:\/\/yourfavoritecanadian.com\/fr\/wp-json\/wp\/v2\/media?parent=122"}],"curies":[{"name":"wp","href":"https:\/\/api.w.org\/{rel}","templated":true}]}}