{"id":17,"date":"2022-08-09T13:20:30","date_gmt":"2022-08-09T17:20:30","guid":{"rendered":"https:\/\/wbcollective.dev\/explore\/?page_id=17"},"modified":"2026-04-20T22:56:10","modified_gmt":"2026-04-21T02:56:10","slug":"home-2","status":"publish","type":"page","link":"https:\/\/yourfavoritecanadian.com\/fr\/","title":{"rendered":""},"content":{"rendered":"<div class=\"gb-container gb-container-84bf06e3 alignwide\">\n\n<h1 class=\"wp-block-heading has-text-align-center has-base-3-color has-text-color has-link-color has-large-font-size wp-elements-ec834458f127b240ac7a27432f52a93b\"><strong>YOUR FAVORITE CANADIAN<\/strong><\/h1>\n\n\n\n<p class=\"has-text-align-center has-base-3-color has-text-color has-link-color wp-elements-6286e7e4c6bd809adcf03547143cab81\"><strong>Tout sur le voyage<\/strong><\/p>\n\n<\/div>\n\n<div class=\"gb-container gb-container-5bc61b8f\">\n<div class=\"gb-container gb-container-95595047\">\n<div class=\"gb-grid-wrapper gb-grid-wrapper-dba57b9c\">\n<div class=\"gb-grid-column gb-grid-column-42bd5e71\"><div class=\"gb-container gb-container-42bd5e71\">\n\n<a class=\"gb-button gb-button-2f7b6686\" href=\"https:\/\/yourfavoritecanadian.com\/fr\/destinations\/\"><span class=\"gb-button-text\"><strong>DESTINATIONS <\/strong><\/span><span class=\"gb-icon\"><svg data-name=\"Layer 1\" xmlns=\"http:\/\/www.w3.org\/2000\/svg\" viewbox=\"0 0 40 25.81\"><path d=\"M1.55 14.46H34.7l-8.7 8.7a1.55 1.55 0 1 0 2.19 2.19L39.54 14a1.53 1.53 0 0 0 0-2.19L28.19.45A1.55 1.55 0 1 0 26 2.65l8.7 8.7H1.55a1.56 1.56 0 0 0 0 3.11Z\"><\/path><\/svg><\/span><\/a>\n\n<\/div><\/div>\n\n<div class=\"gb-grid-column gb-grid-column-ede4c881\"><div class=\"gb-container gb-container-ede4c881\">\n\n<a class=\"gb-button gb-button-a45f623f\" href=\"https:\/\/yourfavoritecanadian.com\/fr\/travel-tips\/\"><span class=\"gb-button-text\"><strong>CONSEILS VOYAGE<\/strong><\/span><span class=\"gb-icon\"><svg viewbox=\"0 0 40 25.81\" xmlns=\"http:\/\/www.w3.org\/2000\/svg\" data-name=\"Layer 1\"><path d=\"M1.55 14.46H34.7l-8.7 8.7a1.55 1.55 0 1 0 2.19 2.19L39.54 14a1.53 1.53 0 0 0 0-2.19L28.19.45A1.55 1.55 0 1 0 26 2.65l8.7 8.7H1.55a1.56 1.56 0 0 0 0 3.11Z\"><\/path><\/svg><\/span><\/a>\n\n<\/div><\/div>\n\n<div class=\"gb-grid-column gb-grid-column-5bb13af3\"><div class=\"gb-container gb-container-5bb13af3\" style=\"--background-image: url(https:\/\/yourfavoritecanadian.com\/wp-content\/uploads\/2024\/10\/Image-300x300.jpeg);\">\n\n<a class=\"gb-button gb-button-b985c1e1\" href=\"https:\/\/yourfavoritecanadian.com\/fr\/about-me\/\"><span class=\"gb-button-text\"><strong>\u00c0 PROPOS DE NOUS<\/strong><\/span><span class=\"gb-icon\"><svg data-name=\"Layer 1\" xmlns=\"http:\/\/www.w3.org\/2000\/svg\" viewbox=\"0 0 40 25.81\"><path d=\"M1.55 14.46H34.7l-8.7 8.7a1.55 1.55 0 1 0 2.19 2.19L39.54 14a1.53 1.53 0 0 0 0-2.19L28.19.45A1.55 1.55 0 1 0 26 2.65l8.7 8.7H1.55a1.56 1.56 0 0 0 0 3.11Z\"><\/path><\/svg><\/span><\/a>\n\n<\/div><\/div>\n\n<div class=\"gb-grid-column gb-grid-column-8bf47ea4\"><div class=\"gb-container gb-container-8bf47ea4\">\n\n<a class=\"gb-button gb-button-80b7a0fe\" href=\"https:\/\/yourfavoritecanadian.com\/fr\/book-your-next-trip\/\"><span class=\"gb-button-text\"><strong>BOOK YOUR TRIP<\/strong><\/span><span class=\"gb-icon\"><svg data-name=\"Layer 1\" xmlns=\"http:\/\/www.w3.org\/2000\/svg\" viewbox=\"0 0 40 25.81\"><path d=\"M1.55 14.46H34.7l-8.7 8.7a1.55 1.55 0 1 0 2.19 2.19L39.54 14a1.53 1.53 0 0 0 0-2.19L28.19.45A1.55 1.55 0 1 0 26 2.65l8.7 8.7H1.55a1.56 1.56 0 0 0 0 3.11Z\"><\/path><\/svg><\/span><\/a>\n\n<\/div><\/div>\n<\/div>\n<\/div>\n<\/div>\n\n\n<p><\/p>\n\n\n<div class=\"gb-container gb-container-559bab63\">\n\n<h2 class=\"gb-headline gb-headline-be6ce621 gb-headline-text\">Derniers articles<\/h2>\n\n\n<ul class=\"wp-block-latest-posts__list is-grid columns-4 has-dates alignwide wp-block-latest-posts\"><li><div class=\"wp-block-latest-posts__featured-image aligncenter\"><a href=\"https:\/\/yourfavoritecanadian.com\/fr\/granada-nicaragua-travel-guide\/\" aria-label=\"Le guide ultime de Granada, Nicaragua (Tout ce que vous devez savoir)\"><img decoding=\"async\" width=\"1024\" height=\"768\" data-src=\"https:\/\/yourfavoritecanadian.com\/wp-content\/uploads\/2026\/04\/IMG_2823-1024x768.jpg\" class=\"attachment-large size-large wp-post-image lazyload\" alt=\"\" data-srcset=\"https:\/\/yourfavoritecanadian.com\/wp-content\/uploads\/2026\/04\/IMG_2823-1024x768.jpg 1024w, https:\/\/yourfavoritecanadian.com\/wp-content\/uploads\/2026\/04\/IMG_2823-300x225.jpg 300w, https:\/\/yourfavoritecanadian.com\/wp-content\/uploads\/2026\/04\/IMG_2823-768x576.jpg 768w, https:\/\/yourfavoritecanadian.com\/wp-content\/uploads\/2026\/04\/IMG_2823-1536x1152.jpg 1536w, https:\/\/yourfavoritecanadian.com\/wp-content\/uploads\/2026\/04\/IMG_2823-16x12.jpg 16w, https:\/\/yourfavoritecanadian.com\/wp-content\/uploads\/2026\/04\/IMG_2823.jpg 2045w\" data-sizes=\"(max-width: 1024px) 100vw, 1024px\" src=\"data:image\/svg+xml;base64,PHN2ZyB3aWR0aD0iMSIgaGVpZ2h0PSIxIiB4bWxucz0iaHR0cDovL3d3dy53My5vcmcvMjAwMC9zdmciPjwvc3ZnPg==\" style=\"--smush-placeholder-width: 1024px; --smush-placeholder-aspect-ratio: 1024\/768;\" \/><\/a><\/div><a class=\"wp-block-latest-posts__post-title\" href=\"https:\/\/yourfavoritecanadian.com\/fr\/granada-nicaragua-travel-guide\/\">Le guide ultime de Granada, Nicaragua (Tout ce que vous devez savoir)<\/a><time datetime=\"2026-04-17T13:59:47-04:00\" class=\"wp-block-latest-posts__post-date\">avril 17, 2026<\/time><\/li>\n<li><div class=\"wp-block-latest-posts__featured-image aligncenter\"><a href=\"https:\/\/yourfavoritecanadian.com\/fr\/things-to-do-nusa-dua-bali\/\" aria-label=\"4 activit\u00e9s incroyables \u00e0 faire \u00e0 Nusa Dua, Bali (guide 2026)\"><img decoding=\"async\" width=\"1024\" height=\"768\" data-src=\"https:\/\/yourfavoritecanadian.com\/wp-content\/uploads\/2026\/04\/IMG_6596-1024x768.jpg\" class=\"attachment-large size-large wp-post-image lazyload\" alt=\"\" data-srcset=\"https:\/\/yourfavoritecanadian.com\/wp-content\/uploads\/2026\/04\/IMG_6596-1024x768.jpg 1024w, https:\/\/yourfavoritecanadian.com\/wp-content\/uploads\/2026\/04\/IMG_6596-300x225.jpg 300w, https:\/\/yourfavoritecanadian.com\/wp-content\/uploads\/2026\/04\/IMG_6596-768x576.jpg 768w, https:\/\/yourfavoritecanadian.com\/wp-content\/uploads\/2026\/04\/IMG_6596-16x12.jpg 16w, https:\/\/yourfavoritecanadian.com\/wp-content\/uploads\/2026\/04\/IMG_6596.jpg 1535w\" data-sizes=\"(max-width: 1024px) 100vw, 1024px\" src=\"data:image\/svg+xml;base64,PHN2ZyB3aWR0aD0iMSIgaGVpZ2h0PSIxIiB4bWxucz0iaHR0cDovL3d3dy53My5vcmcvMjAwMC9zdmciPjwvc3ZnPg==\" style=\"--smush-placeholder-width: 1024px; --smush-placeholder-aspect-ratio: 1024\/768;\" \/><\/a><\/div><a class=\"wp-block-latest-posts__post-title\" href=\"https:\/\/yourfavoritecanadian.com\/fr\/things-to-do-nusa-dua-bali\/\">4 activit\u00e9s incroyables \u00e0 faire \u00e0 Nusa Dua, Bali (guide 2026)<\/a><time datetime=\"2026-04-16T15:50:33-04:00\" class=\"wp-block-latest-posts__post-date\">avril 16, 2026<\/time><\/li>\n<li><div class=\"wp-block-latest-posts__featured-image aligncenter\"><a href=\"https:\/\/yourfavoritecanadian.com\/fr\/7-of-the-best-things-to-do-in-chefchaouen-morocco\/\" aria-label=\"7 meilleures activit\u00e9s \u00e0 faire \u00e0 Chefchaouen, Maroc (guide complet)\"><img decoding=\"async\" width=\"1024\" height=\"768\" data-src=\"https:\/\/yourfavoritecanadian.com\/wp-content\/uploads\/2024\/10\/IMG_7495-1024x768.jpeg\" class=\"attachment-large size-large wp-post-image lazyload\" alt=\"\" data-srcset=\"https:\/\/yourfavoritecanadian.com\/wp-content\/uploads\/2024\/10\/IMG_7495-1024x768.jpeg 1024w, https:\/\/yourfavoritecanadian.com\/wp-content\/uploads\/2024\/10\/IMG_7495-300x225.jpeg 300w, https:\/\/yourfavoritecanadian.com\/wp-content\/uploads\/2024\/10\/IMG_7495-768x576.jpeg 768w, https:\/\/yourfavoritecanadian.com\/wp-content\/uploads\/2024\/10\/IMG_7495-1536x1152.jpeg 1536w, https:\/\/yourfavoritecanadian.com\/wp-content\/uploads\/2024\/10\/IMG_7495-16x12.jpeg 16w, https:\/\/yourfavoritecanadian.com\/wp-content\/uploads\/2024\/10\/IMG_7495.jpeg 2048w\" data-sizes=\"(max-width: 1024px) 100vw, 1024px\" src=\"data:image\/svg+xml;base64,PHN2ZyB3aWR0aD0iMSIgaGVpZ2h0PSIxIiB4bWxucz0iaHR0cDovL3d3dy53My5vcmcvMjAwMC9zdmciPjwvc3ZnPg==\" style=\"--smush-placeholder-width: 1024px; --smush-placeholder-aspect-ratio: 1024\/768;\" \/><\/a><\/div><a class=\"wp-block-latest-posts__post-title\" href=\"https:\/\/yourfavoritecanadian.com\/fr\/7-of-the-best-things-to-do-in-chefchaouen-morocco\/\">7 meilleures activit\u00e9s \u00e0 faire \u00e0 Chefchaouen, Maroc (guide complet)<\/a><time datetime=\"2026-04-08T17:39:24-04:00\" class=\"wp-block-latest-posts__post-date\">avril 8, 2026<\/time><\/li>\n<li><div class=\"wp-block-latest-posts__featured-image aligncenter\"><a href=\"https:\/\/yourfavoritecanadian.com\/fr\/best-things-to-do-san-juan-del-sur-nicaragua\/\" aria-label=\"Les 7 meilleures activit\u00e9s \u00e0 faire \u00e0 San Juan del Sur, Nicaragua\"><img decoding=\"async\" width=\"1024\" height=\"768\" data-src=\"https:\/\/yourfavoritecanadian.com\/wp-content\/uploads\/2026\/04\/IMG_2824-1024x768.jpg\" class=\"attachment-large size-large wp-post-image lazyload\" alt=\"\" data-srcset=\"https:\/\/yourfavoritecanadian.com\/wp-content\/uploads\/2026\/04\/IMG_2824-1024x768.jpg 1024w, https:\/\/yourfavoritecanadian.com\/wp-content\/uploads\/2026\/04\/IMG_2824-300x225.jpg 300w, https:\/\/yourfavoritecanadian.com\/wp-content\/uploads\/2026\/04\/IMG_2824-768x576.jpg 768w, https:\/\/yourfavoritecanadian.com\/wp-content\/uploads\/2026\/04\/IMG_2824-1536x1152.jpg 1536w, https:\/\/yourfavoritecanadian.com\/wp-content\/uploads\/2026\/04\/IMG_2824-16x12.jpg 16w, https:\/\/yourfavoritecanadian.com\/wp-content\/uploads\/2026\/04\/IMG_2824.jpg 2048w\" data-sizes=\"(max-width: 1024px) 100vw, 1024px\" src=\"data:image\/svg+xml;base64,PHN2ZyB3aWR0aD0iMSIgaGVpZ2h0PSIxIiB4bWxucz0iaHR0cDovL3d3dy53My5vcmcvMjAwMC9zdmciPjwvc3ZnPg==\" style=\"--smush-placeholder-width: 1024px; --smush-placeholder-aspect-ratio: 1024\/768;\" \/><\/a><\/div><a class=\"wp-block-latest-posts__post-title\" href=\"https:\/\/yourfavoritecanadian.com\/fr\/best-things-to-do-san-juan-del-sur-nicaragua\/\">Les 7 meilleures activit\u00e9s \u00e0 faire \u00e0 San Juan del Sur, Nicaragua<\/a><time datetime=\"2026-04-06T21:53:35-04:00\" class=\"wp-block-latest-posts__post-date\">avril 6, 2026<\/time><\/li>\n<li><div class=\"wp-block-latest-posts__featured-image aligncenter\"><a href=\"https:\/\/yourfavoritecanadian.com\/fr\/fascinating-facts-about-singapore\/\" aria-label=\"12 faits int\u00e9ressants sur Singapour que vous ne connaissiez pas\"><img decoding=\"async\" width=\"1024\" height=\"768\" data-src=\"https:\/\/yourfavoritecanadian.com\/wp-content\/uploads\/2026\/02\/IMG_9769-1024x768.jpeg\" class=\"attachment-large size-large wp-post-image lazyload\" alt=\"\" data-srcset=\"https:\/\/yourfavoritecanadian.com\/wp-content\/uploads\/2026\/02\/IMG_9769-1024x768.jpeg 1024w, https:\/\/yourfavoritecanadian.com\/wp-content\/uploads\/2026\/02\/IMG_9769-300x225.jpeg 300w, https:\/\/yourfavoritecanadian.com\/wp-content\/uploads\/2026\/02\/IMG_9769-768x576.jpeg 768w, https:\/\/yourfavoritecanadian.com\/wp-content\/uploads\/2026\/02\/IMG_9769-1536x1152.jpeg 1536w, https:\/\/yourfavoritecanadian.com\/wp-content\/uploads\/2026\/02\/IMG_9769-2048x1536.jpeg 2048w, https:\/\/yourfavoritecanadian.com\/wp-content\/uploads\/2026\/02\/IMG_9769-16x12.jpeg 16w\" data-sizes=\"(max-width: 1024px) 100vw, 1024px\" src=\"data:image\/svg+xml;base64,PHN2ZyB3aWR0aD0iMSIgaGVpZ2h0PSIxIiB4bWxucz0iaHR0cDovL3d3dy53My5vcmcvMjAwMC9zdmciPjwvc3ZnPg==\" style=\"--smush-placeholder-width: 1024px; --smush-placeholder-aspect-ratio: 1024\/768;\" \/><\/a><\/div><a class=\"wp-block-latest-posts__post-title\" href=\"https:\/\/yourfavoritecanadian.com\/fr\/fascinating-facts-about-singapore\/\">12 faits int\u00e9ressants sur Singapour que vous ne connaissiez pas<\/a><time datetime=\"2026-02-17T08:05:35-04:00\" class=\"wp-block-latest-posts__post-date\">f\u00e9vrier 17, 2026<\/time><\/li>\n<li><div class=\"wp-block-latest-posts__featured-image aligncenter\"><a href=\"https:\/\/yourfavoritecanadian.com\/fr\/el-transito-travel-guide-ultimate-things-to-do-see-know\/\" aria-label=\"El Tr\u00e1nsito Travel Guide: Ultimate Things to Do, See &amp; Know\"><img decoding=\"async\" width=\"1024\" height=\"768\" data-src=\"https:\/\/yourfavoritecanadian.com\/wp-content\/uploads\/2025\/10\/IMG_9172-1-1024x768.jpeg\" class=\"attachment-large size-large wp-post-image lazyload\" alt=\"\" data-srcset=\"https:\/\/yourfavoritecanadian.com\/wp-content\/uploads\/2025\/10\/IMG_9172-1-1024x768.jpeg 1024w, https:\/\/yourfavoritecanadian.com\/wp-content\/uploads\/2025\/10\/IMG_9172-1-300x225.jpeg 300w, https:\/\/yourfavoritecanadian.com\/wp-content\/uploads\/2025\/10\/IMG_9172-1-768x576.jpeg 768w, https:\/\/yourfavoritecanadian.com\/wp-content\/uploads\/2025\/10\/IMG_9172-1-1536x1152.jpeg 1536w, https:\/\/yourfavoritecanadian.com\/wp-content\/uploads\/2025\/10\/IMG_9172-1-16x12.jpeg 16w, https:\/\/yourfavoritecanadian.com\/wp-content\/uploads\/2025\/10\/IMG_9172-1.jpeg 1920w\" data-sizes=\"(max-width: 1024px) 100vw, 1024px\" src=\"data:image\/svg+xml;base64,PHN2ZyB3aWR0aD0iMSIgaGVpZ2h0PSIxIiB4bWxucz0iaHR0cDovL3d3dy53My5vcmcvMjAwMC9zdmciPjwvc3ZnPg==\" style=\"--smush-placeholder-width: 1024px; --smush-placeholder-aspect-ratio: 1024\/768;\" \/><\/a><\/div><a class=\"wp-block-latest-posts__post-title\" href=\"https:\/\/yourfavoritecanadian.com\/fr\/el-transito-travel-guide-ultimate-things-to-do-see-know\/\">Guide de voyage El Tr\u00e1nsito : Tout ce qu\u2019il faut faire, voir et savoir<\/a><time datetime=\"2025-10-14T16:55:53-04:00\" class=\"wp-block-latest-posts__post-date\">octobre 14, 2025<\/time><\/li>\n<li><div class=\"wp-block-latest-posts__featured-image aligncenter\"><a href=\"https:\/\/yourfavoritecanadian.com\/fr\/gili-islands-fun-facts-15-surprising-things-to-know\/\" aria-label=\"15 faits int\u00e9ressants sur les \u00eeles Gili qui vont vous surprendre\"><img decoding=\"async\" width=\"1024\" height=\"768\" data-src=\"https:\/\/yourfavoritecanadian.com\/wp-content\/uploads\/2025\/09\/IMG_2825-1024x768.jpeg\" class=\"attachment-large size-large wp-post-image lazyload\" alt=\"Nature\" data-srcset=\"https:\/\/yourfavoritecanadian.com\/wp-content\/uploads\/2025\/09\/IMG_2825-1024x768.jpeg 1024w, https:\/\/yourfavoritecanadian.com\/wp-content\/uploads\/2025\/09\/IMG_2825-300x225.jpeg 300w, https:\/\/yourfavoritecanadian.com\/wp-content\/uploads\/2025\/09\/IMG_2825-768x576.jpeg 768w, https:\/\/yourfavoritecanadian.com\/wp-content\/uploads\/2025\/09\/IMG_2825-16x12.jpeg 16w, https:\/\/yourfavoritecanadian.com\/wp-content\/uploads\/2025\/09\/IMG_2825.jpeg 1536w\" data-sizes=\"(max-width: 1024px) 100vw, 1024px\" src=\"data:image\/svg+xml;base64,PHN2ZyB3aWR0aD0iMSIgaGVpZ2h0PSIxIiB4bWxucz0iaHR0cDovL3d3dy53My5vcmcvMjAwMC9zdmciPjwvc3ZnPg==\" style=\"--smush-placeholder-width: 1024px; --smush-placeholder-aspect-ratio: 1024\/768;\" \/><\/a><\/div><a class=\"wp-block-latest-posts__post-title\" href=\"https:\/\/yourfavoritecanadian.com\/fr\/gili-islands-fun-facts-15-surprising-things-to-know\/\">15 faits int\u00e9ressants sur les \u00eeles Gili qui vont vous surprendre<\/a><time datetime=\"2025-09-16T21:53:46-04:00\" class=\"wp-block-latest-posts__post-date\">septembre 16, 2025<\/time><\/li>\n<li><div class=\"wp-block-latest-posts__featured-image aligncenter\"><a href=\"https:\/\/yourfavoritecanadian.com\/fr\/portugal-fun-facts-20-surprising-things-to-know\/\" aria-label=\"Faits amusants sur le Portugal : 20 choses surprenantes \u00e0 savoir\"><img decoding=\"async\" width=\"1024\" height=\"768\" data-src=\"https:\/\/yourfavoritecanadian.com\/wp-content\/uploads\/2025\/09\/IMG_0571-1024x768.jpg\" class=\"attachment-large size-large wp-post-image lazyload\" alt=\"Colorful Architecture of Pena Palace in Sintra, Portugal\" data-srcset=\"https:\/\/yourfavoritecanadian.com\/wp-content\/uploads\/2025\/09\/IMG_0571-1024x768.jpg 1024w, https:\/\/yourfavoritecanadian.com\/wp-content\/uploads\/2025\/09\/IMG_0571-300x225.jpg 300w, https:\/\/yourfavoritecanadian.com\/wp-content\/uploads\/2025\/09\/IMG_0571-768x576.jpg 768w, https:\/\/yourfavoritecanadian.com\/wp-content\/uploads\/2025\/09\/IMG_0571-16x12.jpg 16w, https:\/\/yourfavoritecanadian.com\/wp-content\/uploads\/2025\/09\/IMG_0571.jpg 1367w\" data-sizes=\"(max-width: 1024px) 100vw, 1024px\" src=\"data:image\/svg+xml;base64,PHN2ZyB3aWR0aD0iMSIgaGVpZ2h0PSIxIiB4bWxucz0iaHR0cDovL3d3dy53My5vcmcvMjAwMC9zdmciPjwvc3ZnPg==\" style=\"--smush-placeholder-width: 1024px; --smush-placeholder-aspect-ratio: 1024\/768;\" \/><\/a><\/div><a class=\"wp-block-latest-posts__post-title\" href=\"https:\/\/yourfavoritecanadian.com\/fr\/portugal-fun-facts-20-surprising-things-to-know\/\">Faits amusants sur le Portugal : 20 choses surprenantes \u00e0 savoir<\/a><time datetime=\"2025-09-14T15:11:29-04:00\" class=\"wp-block-latest-posts__post-date\">septembre 14, 2025<\/time><\/li>\n<\/ul>\n<\/div>\n\n\n<div style=\"height:50px\" aria-hidden=\"true\" class=\"wp-block-spacer\"><\/div>\n\n\n<div class=\"gb-container gb-container-17cea3e7\">\n<div class=\"gb-container gb-container-cb639460\">\n<div class=\"gb-grid-wrapper gb-grid-wrapper-ebfc6d97\">\n<div class=\"gb-grid-column gb-grid-column-076cbe06\"><div class=\"gb-container gb-container-076cbe06\">\n\n<figure class=\"gb-block-image gb-block-image-4881c3fb\"><a href=\"https:\/\/yourfavoritecanadian.com\/fr\/contact\/\"><img decoding=\"async\" width=\"1536\" height=\"2048\" class=\"gb-image gb-image-4881c3fb lazyload\" data-src=\"https:\/\/yourfavoritecanadian.com\/wp-content\/uploads\/2024\/10\/008F113F-2322-442D-8D84-F0FE79E0593E.jpeg\" alt=\"\" title=\"008F113F-2322-442D-8D84-F0FE79E0593E\" data-srcset=\"https:\/\/yourfavoritecanadian.com\/wp-content\/uploads\/2024\/10\/008F113F-2322-442D-8D84-F0FE79E0593E.jpeg 1536w, https:\/\/yourfavoritecanadian.com\/wp-content\/uploads\/2024\/10\/008F113F-2322-442D-8D84-F0FE79E0593E-225x300.jpeg 225w, https:\/\/yourfavoritecanadian.com\/wp-content\/uploads\/2024\/10\/008F113F-2322-442D-8D84-F0FE79E0593E-768x1024.jpeg 768w, https:\/\/yourfavoritecanadian.com\/wp-content\/uploads\/2024\/10\/008F113F-2322-442D-8D84-F0FE79E0593E-1152x1536.jpeg 1152w, https:\/\/yourfavoritecanadian.com\/wp-content\/uploads\/2024\/10\/008F113F-2322-442D-8D84-F0FE79E0593E-9x12.jpeg 9w\" data-sizes=\"(max-width: 1536px) 100vw, 1536px\" src=\"data:image\/svg+xml;base64,PHN2ZyB3aWR0aD0iMSIgaGVpZ2h0PSIxIiB4bWxucz0iaHR0cDovL3d3dy53My5vcmcvMjAwMC9zdmciPjwvc3ZnPg==\" style=\"--smush-placeholder-width: 1536px; --smush-placeholder-aspect-ratio: 1536\/2048;\" \/><\/a><\/figure>\n\n<\/div><\/div>\n\n<div class=\"gb-grid-column gb-grid-column-922ab7f2\"><div class=\"gb-container gb-container-922ab7f2\">\n\n<h2 class=\"gb-headline gb-headline-c4946eeb gb-headline-text\">Collaborons ensemble<\/h2>\n\n\n\n<p>Salut! Nous sommes L\u00e9onie et J\u00e9zabel, deux filles qu\u00e9b\u00e9coises passionn\u00e9es de voyage, de cr\u00e9ation de contenu, et de partage d\u2019exp\u00e9riences.<\/p>\n\n\n\n<p>Nous nous sp\u00e9cialisons dans les conseils de voyage pratiques ainsi que la cr\u00e9ation de contenu exceptionnel en photographie, vid\u00e9o, et drone.<\/p>\n\n\n\n<p>Si vous cherchez des cr\u00e9atrices de contenu capables de produire du contenu inspirant et authentique, vous avez trouv\u00e9 le duo parfait. Pourquoi nous, vous demandez-vous? Parce que nous sommes de v\u00e9ritables voyageuses professionnelles et aventuri\u00e8res, qui comprennent exactement ce que vos clients souhaitent voir sur vos plateformes.<\/p>\n\n\n\n<a class=\"gb-button gb-button-260def55 contact-us-button\" href=\"https:\/\/yourfavoritecanadian.com\/fr\/contact\/\"><span class=\"gb-button-text\">Contactez-nous<\/span><span class=\"gb-icon\"><svg viewbox=\"0 0 40 25.81\" xmlns=\"http:\/\/www.w3.org\/2000\/svg\" data-name=\"Layer 1\"><path d=\"M1.55 14.46H34.7l-8.7 8.7a1.55 1.55 0 1 0 2.19 2.19L39.54 14a1.53 1.53 0 0 0 0-2.19L28.19.45A1.55 1.55 0 1 0 26 2.65l8.7 8.7H1.55a1.56 1.56 0 0 0 0 3.11Z\"><\/path><\/svg><\/span><\/a>\n\n<\/div><\/div>\n<\/div>\n<\/div>\n<\/div>\n\n\n<p><\/p>\n<p><a href=\"\/\/www.pinterest.com\/pin\/create\/button\/\" data-pin-do=\"buttonBookmark\" data-pin-color=\"red\" data-pin-height=\"128\"><img decoding=\"async\" data-src=\"\/\/assets.pinterest.com\/images\/pidgets\/pinit_fg_en_rect_red_28.png\" src=\"data:image\/svg+xml;base64,PHN2ZyB3aWR0aD0iMSIgaGVpZ2h0PSIxIiB4bWxucz0iaHR0cDovL3d3dy53My5vcmcvMjAwMC9zdmciPjwvc3ZnPg==\" class=\"lazyload\" \/><\/a><\/p>","protected":false},"excerpt":{"rendered":"<p>YOUR FAVORITE CANADIAN All About Traveling Latest Articles<\/p>","protected":false},"author":1,"featured_media":0,"parent":0,"menu_order":0,"comment_status":"closed","ping_status":"closed","template":"","meta":{"om_disable_all_campaigns":false,"_monsterinsights_skip_tracking":false,"_monsterinsights_sitenote_active":false,"_monsterinsights_sitenote_note":"","_monsterinsights_sitenote_category":0,"jetpack_post_was_ever_published":false,"footnotes":""},"class_list":["post-17","page","type-page","status-publish"],"aioseo_notices":[],"jetpack-related-posts":[{"id":2920,"url":"https:\/\/yourfavoritecanadian.com\/fr\/terms-and-conditions\/","url_meta":{"origin":17,"position":0},"title":"Termes et conditions","author":"yourfavoritecanadian","date":"juillet 21, 2024","format":false,"excerpt":"Last updated: 11\/10\/2024 Welcome to Your Favorite Canadian! By accessing and using our website at https:\/\/yourfavoritecanadian.com, you agree to comply with the following terms and conditions. If you disagree with any part of these terms, please discontinue use of our site. 1. Intellectual PropertyAll content on this website, including text,\u2026","rel":"","context":"Similar post","block_context":{"text":"Similar post","link":""},"img":{"alt_text":"","src":"","width":0,"height":0},"classes":[]},{"id":2922,"url":"https:\/\/yourfavoritecanadian.com\/fr\/disclaimer\/","url_meta":{"origin":17,"position":1},"title":"Avertissement","author":"yourfavoritecanadian","date":"juillet 21, 2024","format":false,"excerpt":"Last updated: 11\/10\/2024 The information provided by Your Favorite Canadian on https:\/\/yourfavoritecanadian.com is for general informational purposes only. All information on the site is provided in good faith; however, we make no representation or warranty of any kind, express or implied, regarding the accuracy, adequacy, validity, reliability, or completeness of\u2026","rel":"","context":"Similar post","block_context":{"text":"Similar post","link":""},"img":{"alt_text":"","src":"","width":0,"height":0},"classes":[]},{"id":6777,"url":"https:\/\/yourfavoritecanadian.com\/fr\/canada\/","url_meta":{"origin":17,"position":2},"title":"Canada","author":"yourfavoritecanadian","date":"mars 18, 2025","format":false,"excerpt":"Canada's Must-Reads Ottawa Toronto Canada's Must-Reads Ottawa - Toronto Canada is a country of vast landscapes and vibrant experiences, where towering mountains, sparkling lakes, and lush forests meet lively cities filled with culture and energy. From the quiet charm of small towns to the bustling streets of urban centers, each\u2026","rel":"","context":"Similar post","block_context":{"text":"Similar post","link":""},"img":{"alt_text":"","src":"","width":0,"height":0},"classes":[]},{"id":7061,"url":"https:\/\/yourfavoritecanadian.com\/fr\/belgium\/","url_meta":{"origin":17,"position":3},"title":"Belgique","author":"yourfavoritecanadian","date":"mars 19, 2025","format":false,"excerpt":"Belgium's Must-Reads Brussels Bruges Belgium's Must-Reads Brussels - Bruges Belgium may be small in size, but it\u2019s filled with incredible diversity, charm, and history. Our Belgium Travel Guide introduces you to a country where medieval beauty meets modern creativity. From storybook towns to bustling cities, every destination in Belgium offers\u2026","rel":"","context":"Similar post","block_context":{"text":"Similar post","link":""},"img":{"alt_text":"","src":"","width":0,"height":0},"classes":[]},{"id":4284,"url":"https:\/\/yourfavoritecanadian.com\/fr\/north\/","url_meta":{"origin":17,"position":4},"title":"Nord","author":"yourfavoritecanadian","date":"octobre 9, 2024","format":false,"excerpt":"CANADA UNITED STATES North America is a continent of vibrant cities and dynamic experiences. From the stunning natural wonders of the Big Sur coast to the bustling streets of Toronto, each destination reveals a unique perspective on life across the continent. Stretching from Canada\u2019s northern wilderness to the sun-soaked beaches\u2026","rel":"","context":"Similar post","block_context":{"text":"Similar post","link":""},"img":{"alt_text":"","src":"","width":0,"height":0},"classes":[]},{"id":2147,"url":"https:\/\/yourfavoritecanadian.com\/fr\/privacy-policy\/","url_meta":{"origin":17,"position":5},"title":"Politique de Confidentialit\u00e9","author":"yourfavoritecanadian","date":"mars 12, 2024","format":false,"excerpt":"Last updated: 11\/10\/2024 Welcome to Your Favorite Canadian! This Privacy Policy explains how we collect, use, disclose, and protect your information when you visit our website, https:\/\/yourfavoritecanadian.com. 1. Information We Collect Personal Data: We may collect personal data such as your name, email address, and contact details when you voluntarily\u2026","rel":"","context":"Similar post","block_context":{"text":"Similar post","link":""},"img":{"alt_text":"","src":"","width":0,"height":0},"classes":[]}],"jetpack_sharing_enabled":true,"_links":{"self":[{"href":"https:\/\/yourfavoritecanadian.com\/fr\/wp-json\/wp\/v2\/pages\/17","targetHints":{"allow":["GET"]}}],"collection":[{"href":"https:\/\/yourfavoritecanadian.com\/fr\/wp-json\/wp\/v2\/pages"}],"about":[{"href":"https:\/\/yourfavoritecanadian.com\/fr\/wp-json\/wp\/v2\/types\/page"}],"author":[{"embeddable":true,"href":"https:\/\/yourfavoritecanadian.com\/fr\/wp-json\/wp\/v2\/users\/1"}],"replies":[{"embeddable":true,"href":"https:\/\/yourfavoritecanadian.com\/fr\/wp-json\/wp\/v2\/comments?post=17"}],"version-history":[{"count":20,"href":"https:\/\/yourfavoritecanadian.com\/fr\/wp-json\/wp\/v2\/pages\/17\/revisions"}],"predecessor-version":[{"id":8943,"href":"https:\/\/yourfavoritecanadian.com\/fr\/wp-json\/wp\/v2\/pages\/17\/revisions\/8943"}],"wp:attachment":[{"href":"https:\/\/yourfavoritecanadian.com\/fr\/wp-json\/wp\/v2\/media?parent=17"}],"curies":[{"name":"wp","href":"https:\/\/api.w.org\/{rel}","templated":true}]}}