{"id":2147,"date":"2024-03-12T13:22:18","date_gmt":"2024-03-12T17:22:18","guid":{"rendered":"https:\/\/yourfavoritecanadian.com\/?page_id=2147"},"modified":"2025-11-17T23:41:36","modified_gmt":"2025-11-18T03:41:36","slug":"privacy-policy","status":"publish","type":"page","link":"https:\/\/yourfavoritecanadian.com\/fr\/privacy-policy\/","title":{"rendered":"Politique de Confidentialit\u00e9"},"content":{"rendered":"<p><strong>Derni\u00e8re mise \u00e0 jour : 11\/10\/2024<\/strong><\/p>\n\n\n\n<p>Bienvenue sur Your Favorite Canadian! Cette politique de confidentialit\u00e9 explique comment nous recueillons, utilisons, divulguons et prot\u00e9geons vos informations lorsque vous visitez notre site Web, <a href=\"https:\/\/yourfavoritecanadian.com\/fr\/\">https:\/\/yourfavoritecanadian.com<\/a>.<\/p>\n\n\n\n<p><strong>1. Informations que nous recueillons<\/strong><\/p>\n\n\n\n<ul class=\"wp-block-list\">\n<li><strong>Donn\u00e9es personnelles :<\/strong> Nous pouvons recueillir des donn\u00e9es personnelles telles que votre nom, adresse courriel et coordonn\u00e9es lorsque vous les fournissez volontairement via des formulaires de contact ou des inscriptions \u00e0 la newsletter.<\/li>\n\n\n\n<li><strong>Donn\u00e9es d\u2019utilisation :<\/strong> Nous recueillons automatiquement des informations sur votre interaction avec notre site, telles que l\u2019adresse IP, le type de navigateur et les pages visit\u00e9es.<\/li>\n<\/ul>\n\n\n\n<p><strong>2. Comment nous utilisons vos informations<\/strong><\/p>\n\n\n\n<ul class=\"wp-block-list\">\n<li>Pour fournir, exploiter et maintenir notre site Web.<\/li>\n\n\n\n<li>Pour am\u00e9liorer et personnaliser l\u2019exp\u00e9rience utilisateur.<\/li>\n\n\n\n<li>Pour communiquer avec vous concernant des mises \u00e0 jour, promotions et autres informations.<\/li>\n\n\n\n<li>Pour analyser l\u2019utilisation du site et am\u00e9liorer nos services.<\/li>\n<\/ul>\n\n\n\n<p><strong>3. Cookies et technologies de suivi<\/strong><\/p>\n\n\n\n<ul class=\"wp-block-list\">\n<li>Nous utilisons des cookies pour recueillir des informations sur votre activit\u00e9 sur notre site afin d\u2019am\u00e9liorer l\u2019exp\u00e9rience utilisateur. Vous pouvez d\u00e9sactiver les cookies dans les param\u00e8tres de votre navigateur.<\/li>\n<\/ul>\n\n\n\n<p><strong>4. Services tiers<\/strong><\/p>\n\n\n\n<ul class=\"wp-block-list\">\n<li>Nous pouvons partager vos informations avec des prestataires de services tiers de confiance qui nous aident \u00e0 exploiter notre site, \u00e0 g\u00e9rer notre activit\u00e9 ou \u00e0 servir nos utilisateurs.<\/li>\n<\/ul>\n\n\n\n<p><strong>5. S\u00e9curit\u00e9 des donn\u00e9es<\/strong><\/p>\n\n\n\n<ul class=\"wp-block-list\">\n<li>Nous mettons en \u0153uvre des mesures de s\u00e9curit\u00e9 pour prot\u00e9ger vos informations personnelles. Cependant, aucune m\u00e9thode de transmission sur Internet n\u2019est 100 % s\u00e9curis\u00e9e.<\/li>\n<\/ul>\n\n\n\n<p><strong>6. Vos droits en mati\u00e8re de confidentialit\u00e9<\/strong><\/p>\n\n\n\n<ul class=\"wp-block-list\">\n<li>Vous pouvez avoir certains droits en vertu des lois sur la protection des donn\u00e9es, tels que le droit d'acc\u00e9der, de mettre \u00e0 jour ou de supprimer vos informations personnelles. Contactez-nous \u00e0 <a href=\"mailto:yourfavoritecanadiangirl@gmail.com\">yourfavoritecanadiangirl@gmail.com<\/a> pour toute demande relative \u00e0 la confidentialit\u00e9.<\/li>\n<\/ul>\n\n\n\n<p><strong>7. Modifications de cette politique de confidentialit\u00e9<\/strong><\/p>\n\n\n\n<ul class=\"wp-block-list\">\n<li>Nous pouvons mettre \u00e0 jour cette politique p\u00e9riodiquement. Les modifications seront affich\u00e9es sur cette page avec une date de mise \u00e0 jour.<\/li>\n<\/ul>\n\n\n\n<p>Pour toute question concernant cette politique de confidentialit\u00e9, veuillez nous contacter \u00e0 <a href=\"mailto:yourfavoritecanadiangirl@gmail.com\">yourfavoritecanadiangirl@gmail.com<\/a><\/p>\n<p><a href=\"\/\/www.pinterest.com\/pin\/create\/button\/\" data-pin-do=\"buttonBookmark\" data-pin-color=\"red\" data-pin-height=\"128\"><img decoding=\"async\" data-src=\"\/\/assets.pinterest.com\/images\/pidgets\/pinit_fg_en_rect_red_28.png\" src=\"data:image\/svg+xml;base64,PHN2ZyB3aWR0aD0iMSIgaGVpZ2h0PSIxIiB4bWxucz0iaHR0cDovL3d3dy53My5vcmcvMjAwMC9zdmciPjwvc3ZnPg==\" class=\"lazyload\" \/><\/a><\/p>","protected":false},"excerpt":{"rendered":"<p>Last updated: 11\/10\/2024 Welcome to Your Favorite Canadian! This Privacy Policy explains how we collect, use, disclose, and protect your information when you visit our website, https:\/\/yourfavoritecanadian.com. 1. Information We &#8230; <a title=\"Politique de Confidentialit\u00e9\" class=\"read-more\" href=\"https:\/\/yourfavoritecanadian.com\/fr\/privacy-policy\/\" aria-label=\"Read more about Privacy Policy\">Read more<\/a><\/p>","protected":false},"author":1,"featured_media":0,"parent":0,"menu_order":0,"comment_status":"closed","ping_status":"closed","template":"","meta":{"om_disable_all_campaigns":false,"_monsterinsights_skip_tracking":false,"_monsterinsights_sitenote_active":false,"_monsterinsights_sitenote_note":"","_monsterinsights_sitenote_category":0,"jetpack_post_was_ever_published":false,"footnotes":""},"class_list":["post-2147","page","type-page","status-publish"],"aioseo_notices":[],"jetpack-related-posts":[{"id":2922,"url":"https:\/\/yourfavoritecanadian.com\/fr\/disclaimer\/","url_meta":{"origin":2147,"position":0},"title":"Avertissement","author":"yourfavoritecanadian","date":"juillet 21, 2024","format":false,"excerpt":"Last updated: 11\/10\/2024 The information provided by Your Favorite Canadian on https:\/\/yourfavoritecanadian.com is for general informational purposes only. All information on the site is provided in good faith; however, we make no representation or warranty of any kind, express or implied, regarding the accuracy, adequacy, validity, reliability, or completeness of\u2026","rel":"","context":"Similar post","block_context":{"text":"Similar post","link":""},"img":{"alt_text":"","src":"","width":0,"height":0},"classes":[]},{"id":2920,"url":"https:\/\/yourfavoritecanadian.com\/fr\/terms-and-conditions\/","url_meta":{"origin":2147,"position":1},"title":"Termes et conditions","author":"yourfavoritecanadian","date":"juillet 21, 2024","format":false,"excerpt":"Last updated: 11\/10\/2024 Welcome to Your Favorite Canadian! By accessing and using our website at https:\/\/yourfavoritecanadian.com, you agree to comply with the following terms and conditions. If you disagree with any part of these terms, please discontinue use of our site. 1. Intellectual PropertyAll content on this website, including text,\u2026","rel":"","context":"Similar post","block_context":{"text":"Similar post","link":""},"img":{"alt_text":"","src":"","width":0,"height":0},"classes":[]},{"id":2153,"url":"https:\/\/yourfavoritecanadian.com\/fr\/contact\/","url_meta":{"origin":2147,"position":2},"title":"Contactez-nous","author":"yourfavoritecanadian","date":"mars 12, 2024","format":false,"excerpt":"We'd love to hear from you! Whether you have questions, feedback, or partnership inquiries, feel free to reach out. Contact Information: Email: Yourfavoritecanadiangirl@gmail.com Social Media: Facebook, Tik Tok, Instagram, Pinterest Alternatively, you can fill out our Contact Form below for a prompt response.","rel":"","context":"Similar post","block_context":{"text":"Similar post","link":""},"img":{"alt_text":"","src":"","width":0,"height":0},"classes":[]},{"id":6777,"url":"https:\/\/yourfavoritecanadian.com\/fr\/canada\/","url_meta":{"origin":2147,"position":3},"title":"Canada","author":"yourfavoritecanadian","date":"mars 18, 2025","format":false,"excerpt":"Canada's Must-Reads Ottawa Toronto Canada's Must-Reads Ottawa - Toronto Canada is a country of vast landscapes and vibrant experiences, where towering mountains, sparkling lakes, and lush forests meet lively cities filled with culture and energy. From the quiet charm of small towns to the bustling streets of urban centers, each\u2026","rel":"","context":"Similar post","block_context":{"text":"Similar post","link":""},"img":{"alt_text":"","src":"","width":0,"height":0},"classes":[]},{"id":6788,"url":"https:\/\/yourfavoritecanadian.com\/fr\/united-states\/","url_meta":{"origin":2147,"position":4},"title":"\u00c9tats-Unis","author":"yourfavoritecanadian","date":"mars 18, 2025","format":false,"excerpt":"USA's Must-Reads California Oregon USA's Must-Reads California Oregon The United States is a country of immense diversity, offering travelers a rich mix of bustling cities, scenic landscapes, and cultural experiences. From the towering skyscrapers of New York City to the serene beauty of the Rocky Mountains, every destination tells a\u2026","rel":"","context":"Similar post","block_context":{"text":"Similar post","link":""},"img":{"alt_text":"","src":"","width":0,"height":0},"classes":[]},{"id":122,"url":"https:\/\/yourfavoritecanadian.com\/fr\/about-me\/","url_meta":{"origin":2147,"position":5},"title":"\u00c0 propos de nous : Inspirer des aventures partout dans le monde","author":"yourfavoritecanadian","date":"septembre 9, 2023","format":false,"excerpt":"Remember your early travel days, when you didn\u2019t feel guilty about leaving home, indulging in junk food, or partying until sunrise? For us, it all began in Thailand, where we reunited after seven years of not speaking. Hi, we\u2019re L\u00e9onie and J\u00e9zabel, two French-Canadian girls who love to share our\u2026","rel":"","context":"Similar post","block_context":{"text":"Similar post","link":""},"img":{"alt_text":"","src":"https:\/\/i0.wp.com\/yourfavoritecanadian.com\/wp-content\/uploads\/2024\/10\/7E0EC2BC-A840-4CB7-B063-F44C4151CE03.jpeg?resize=350%2C200&ssl=1","width":350,"height":200,"srcset":"https:\/\/i0.wp.com\/yourfavoritecanadian.com\/wp-content\/uploads\/2024\/10\/7E0EC2BC-A840-4CB7-B063-F44C4151CE03.jpeg?resize=350%2C200&ssl=1 1x, https:\/\/i0.wp.com\/yourfavoritecanadian.com\/wp-content\/uploads\/2024\/10\/7E0EC2BC-A840-4CB7-B063-F44C4151CE03.jpeg?resize=525%2C300&ssl=1 1.5x, https:\/\/i0.wp.com\/yourfavoritecanadian.com\/wp-content\/uploads\/2024\/10\/7E0EC2BC-A840-4CB7-B063-F44C4151CE03.jpeg?resize=700%2C400&ssl=1 2x, https:\/\/i0.wp.com\/yourfavoritecanadian.com\/wp-content\/uploads\/2024\/10\/7E0EC2BC-A840-4CB7-B063-F44C4151CE03.jpeg?resize=1050%2C600&ssl=1 3x, https:\/\/i0.wp.com\/yourfavoritecanadian.com\/wp-content\/uploads\/2024\/10\/7E0EC2BC-A840-4CB7-B063-F44C4151CE03.jpeg?resize=1400%2C800&ssl=1 4x"},"classes":[]}],"jetpack_sharing_enabled":true,"_links":{"self":[{"href":"https:\/\/yourfavoritecanadian.com\/fr\/wp-json\/wp\/v2\/pages\/2147","targetHints":{"allow":["GET"]}}],"collection":[{"href":"https:\/\/yourfavoritecanadian.com\/fr\/wp-json\/wp\/v2\/pages"}],"about":[{"href":"https:\/\/yourfavoritecanadian.com\/fr\/wp-json\/wp\/v2\/types\/page"}],"author":[{"embeddable":true,"href":"https:\/\/yourfavoritecanadian.com\/fr\/wp-json\/wp\/v2\/users\/1"}],"replies":[{"embeddable":true,"href":"https:\/\/yourfavoritecanadian.com\/fr\/wp-json\/wp\/v2\/comments?post=2147"}],"version-history":[{"count":6,"href":"https:\/\/yourfavoritecanadian.com\/fr\/wp-json\/wp\/v2\/pages\/2147\/revisions"}],"predecessor-version":[{"id":4888,"href":"https:\/\/yourfavoritecanadian.com\/fr\/wp-json\/wp\/v2\/pages\/2147\/revisions\/4888"}],"wp:attachment":[{"href":"https:\/\/yourfavoritecanadian.com\/fr\/wp-json\/wp\/v2\/media?parent=2147"}],"curies":[{"name":"wp","href":"https:\/\/api.w.org\/{rel}","templated":true}]}}