{"id":3476,"date":"2024-09-27T20:42:26","date_gmt":"2024-09-28T00:42:26","guid":{"rendered":"https:\/\/yourfavoritecanadian.com\/?page_id=3476"},"modified":"2026-03-29T22:09:20","modified_gmt":"2026-03-30T02:09:20","slug":"destinations","status":"publish","type":"page","link":"https:\/\/yourfavoritecanadian.com\/fr\/destinations\/","title":{"rendered":"Destinations"},"content":{"rendered":"<div class=\"wp-block-buttons is-content-justification-center is-layout-flex wp-container-core-buttons-is-layout-16018d1d wp-block-buttons-is-layout-flex\">\n<div class=\"wp-block-button\"><a class=\"wp-block-button__link wp-element-button\" href=\"#1-1\"><strong>Afrique<\/strong><\/a><\/div>\n\n\n\n<div class=\"wp-block-button\"><a class=\"wp-block-button__link wp-element-button\" href=\"#1-2\"><strong>Am\u00e9riques<\/strong><\/a><\/div>\n\n\n\n<div class=\"wp-block-button\"><a class=\"wp-block-button__link wp-element-button\" href=\"#1-3\"><strong>Asie<\/strong><\/a><\/div>\n\n\n\n<div class=\"wp-block-button\"><a class=\"wp-block-button__link wp-element-button\" href=\"#1-4\"><strong>Europe<\/strong><\/a><\/div>\n<\/div>\n\n\n\n<hr class=\"wp-block-separator has-alpha-channel-opacity\"\/>\n\n\n\n<p><\/p>\n\n\n\n<p class=\"has-text-align-center has-contrast-color has-text-color has-link-color has-large-font-size wp-elements-2e66051a06b007f2a5855d4633bc27a4\" id=\"1-1\"><a href=\"https:\/\/yourfavoritecanadian.com\/fr\/africa\/\" title=\"Afrique\">Afrique<\/a><\/p>\n\n\n\n<p class=\"has-text-align-center has-small-font-size translation-block\">Les destinations de voyage en Afrique offrent un m\u00e9lange de beaut\u00e9 sauvage, d\u2019histoire ancienne et de culture vibrante qui captivent tous les voyageurs. Des majestueuses pyramides d\u2019\u00c9gypte aux souks color\u00e9s du Maroc, l\u2019Afrique est un continent qui raconte des histoires intemporelles \u00e0 travers ses paysages et ses peuples. Nos voyages en \u00c9gypte et au Maroc nous ont permis de d\u00e9couvrir la magie des couchers de soleil dans le d\u00e9sert, des m\u00e9dinas anim\u00e9es et des c\u00f4tes \u00e0 couper le souffle qui d\u00e9finissent l\u2019esprit de cette r\u00e9gion. Mais au-del\u00e0 de ces deux destinations se trouve un continent entier \u00e0 explorer. Les safaris au Kenya, les routes panoramiques de l\u2019Afrique du Sud et les plages immacul\u00e9es de Zanzibar promettent des aventures inoubliables. Chaque destination offre quelque chose d\u2019unique, que ce soit l\u2019histoire, la nature ou la gastronomie, cr\u00e9ant d\u2019innombrables possibilit\u00e9s de d\u00e9couverte. Cliquez sur un pays pour d\u00e9couvrir nos exp\u00e9riences de voyage d\u00e9taill\u00e9es, des conseils pour les nouveaux visiteurs et des guides des meilleures attractions afin de planifier votre escapade africaine parfaite. Que vous r\u00eaviez d\u2019explorer des merveilles anciennes ou de vous immerger dans la culture locale, nos contenus sur les destinations en Afrique vous inspireront pour votre prochaine grande aventure.<\/p>\n\n\n\n<div style=\"height:10px\" aria-hidden=\"true\" class=\"wp-block-spacer\"><\/div>\n\n\n<div class=\"gb-grid-wrapper gb-grid-wrapper-2a04cc4a\">\n<div class=\"gb-grid-column gb-grid-column-ddcc9fce\"><div class=\"gb-container gb-container-ddcc9fce\">\n\n<a class=\"gb-button gb-button-dae2694d gb-button-text\" href=\"https:\/\/yourfavoritecanadian.com\/fr\/egypt\/\"><strong>\u00c9GYPTE<\/strong><\/a>\n\n<\/div><\/div>\n\n<div class=\"gb-grid-column gb-grid-column-f9156dc3\"><div class=\"gb-container gb-container-f9156dc3\">\n\n<a class=\"gb-button gb-button-bdb63b23 gb-button-text\" href=\"https:\/\/yourfavoritecanadian.com\/fr\/morocco\/\"><strong>MAROC<\/strong><\/a>\n\n<\/div><\/div>\n<\/div>\n\n\n<hr class=\"wp-block-separator has-alpha-channel-opacity\"\/>\n\n\n\n<p class=\"has-text-align-center has-contrast-color has-text-color has-link-color has-large-font-size wp-elements-f2df9ef17ef6806ea286a0276a5dd070\" id=\"1-2\"><a href=\"https:\/\/yourfavoritecanadian.com\/fr\/americas\/\" title=\"Am\u00e9riques\">Am\u00e9riques<\/a><\/p>\n\n\n\n<p class=\"has-text-align-center has-small-font-size\">Les Am\u00e9riques offrent un m\u00e9lange spectaculaire de paysages, de cultures et d\u2019aventures, faisant de cette r\u00e9gion l\u2019une des plus diversifi\u00e9es au monde. Des montagnes enneig\u00e9es du Canada aux plages tropicales du Costa Rica, chaque pays propose une exp\u00e9rience de voyage unique. Plut\u00f4t qu\u2019un seul guide g\u00e9n\u00e9ral, chaque pays est explor\u00e9 individuellement afin de mettre en valeur ce qui le rend sp\u00e9cial. D\u00e9couvrez la vie urbaine dynamique dans des endroits comme Antigua et Tamarindo, admirez la beaut\u00e9 naturelle de la c\u00f4te ouest des \u00c9tats-Unis et plongez dans la gastronomie, la musique et les traditions locales. Chaque destination poss\u00e8de son propre rythme et son caract\u00e8re, offrant quelque chose pour tous les voyageurs, que vous soyez attir\u00e9 par les festivals culturels, les randonn\u00e9es panoramiques, les escapades relaxantes en bord de mer ou les voyages en famille. Notre contenu de voyage par pays met l\u2019accent sur des conseils pratiques, les attractions incontournables et des exp\u00e9riences locales authentiques qui d\u00e9passent les itin\u00e9raires touristiques traditionnels. Explorez chaque pays individuellement et commencez \u00e0 planifier un voyage qui refl\u00e8te toute la diversit\u00e9 des Am\u00e9riques.<\/p>\n\n\n\n<div style=\"height:10px\" aria-hidden=\"true\" class=\"wp-block-spacer\"><\/div>\n\n\n<div class=\"gb-grid-wrapper gb-grid-wrapper-ffd380f8\">\n<div class=\"gb-grid-column gb-grid-column-885710e3\"><div class=\"gb-container gb-container-885710e3\">\n\n<a class=\"gb-button gb-button-baa126f8 gb-button-text\" href=\"https:\/\/yourfavoritecanadian.com\/fr\/canada\/\"><strong>CANADA<\/strong><\/a>\n\n<\/div><\/div>\n\n<div class=\"gb-grid-column gb-grid-column-13624666\"><div class=\"gb-container gb-container-13624666\">\n\n<a class=\"gb-button gb-button-4a192b86 gb-button-text\" href=\"https:\/\/yourfavoritecanadian.com\/fr\/united-states\/\"><strong>\u00c9TATS-UNIS<\/strong><\/a>\n\n<\/div><\/div>\n<\/div>\n\n<div class=\"gb-grid-wrapper gb-grid-wrapper-571bb965\">\n<div class=\"gb-grid-column gb-grid-column-611c147c\"><div class=\"gb-container gb-container-611c147c\">\n\n<a class=\"gb-button gb-button-044347ec gb-button-text\" href=\"https:\/\/yourfavoritecanadian.com\/fr\/aruba\/\"><strong>ARUBA<\/strong><\/a>\n\n<\/div><\/div>\n\n<div class=\"gb-grid-column gb-grid-column-6a6d9b16\"><div class=\"gb-container gb-container-6a6d9b16\">\n\n<a class=\"gb-button gb-button-6600843a gb-button-text\" href=\"https:\/\/yourfavoritecanadian.com\/fr\/costa-rica\/\"><strong>COSTA RICA<\/strong><\/a>\n\n<\/div><\/div>\n\n<div class=\"gb-grid-column gb-grid-column-9cb65256\"><div class=\"gb-container gb-container-9cb65256\">\n\n<a class=\"gb-button gb-button-8399e97e gb-button-text\" href=\"https:\/\/yourfavoritecanadian.com\/fr\/guatemala\/\"><strong>GUATEMALA<\/strong><\/a>\n\n<\/div><\/div>\n\n<div class=\"gb-grid-column gb-grid-column-14ee35f3\"><div class=\"gb-container gb-container-14ee35f3\">\n\n<a class=\"gb-button gb-button-a33fa784 gb-button-text\" href=\"https:\/\/yourfavoritecanadian.com\/fr\/nicaragua\/\"><strong>NICARAGUA<\/strong><\/a>\n\n<\/div><\/div>\n<\/div>\n\n<div class=\"gb-grid-wrapper gb-grid-wrapper-66c513d1\">\n<div class=\"gb-grid-column gb-grid-column-edcde886\"><div class=\"gb-container gb-container-edcde886\">\n\n<a class=\"gb-button gb-button-d2b8621c gb-button-text\" href=\"https:\/\/yourfavoritecanadian.com\/fr\/mexico\/\"><strong>MEXIQUE<\/strong><\/a>\n\n<\/div><\/div>\n\n<div class=\"gb-grid-column gb-grid-column-e4f31510\"><div class=\"gb-container gb-container-e4f31510\">\n\n<a class=\"gb-button gb-button-dd149871 gb-button-text\" href=\"https:\/\/yourfavoritecanadian.com\/fr\/colombia\/\"><strong>COLOMBIE<\/strong><\/a>\n\n<\/div><\/div>\n<\/div>\n\n\n<hr class=\"wp-block-separator has-alpha-channel-opacity\"\/>\n\n\n\n<p><\/p>\n\n\n\n<p class=\"has-text-align-center has-contrast-color has-text-color has-link-color has-large-font-size wp-elements-20f3eefb0796dfa3ac99a14ecd352be0\" id=\"1-3\"><a href=\"https:\/\/yourfavoritecanadian.com\/fr\/asia\/\" title=\"Asie\">Asie<\/a><\/p>\n\n\n\n<p class=\"has-text-align-center has-small-font-size\">L\u2019Asie est un continent unique en son genre, rempli de contrastes qui rendent chaque voyage v\u00e9ritablement sp\u00e9cial. Des temples paisibles du Japon et de la Tha\u00eflande aux rues anim\u00e9es du Vietnam et de l\u2019Inde, l\u2019Asie offre un \u00e9quilibre parfait entre culture, spiritualit\u00e9 et aventure. Jusqu\u2019\u00e0 pr\u00e9sent, nous avons explor\u00e9 six destinations fascinantes, chacune r\u00e9v\u00e9lant ses propres histoires et traditions. Nos voyages nous ont men\u00e9s des plages tranquilles de Bali aux villes vibrantes \u00e0 travers l\u2019Asie, o\u00f9 nous avons d\u00e9couvert un riche m\u00e9lange d\u2019histoire, de culture locale et d\u2019influences modernes qui rendent la r\u00e9gion inoubliable. Que vous cherchiez des id\u00e9es de voyage, des restaurants locaux ou des destinations hors des sentiers battus, nos conseils de voyage en Asie vous permettent de mieux planifier et de profiter davantage de votre s\u00e9jour. Nous partageons des recommandations authentiques, des connaissances culturelles et des endroits cach\u00e9s qui donnent vie \u00e0 chaque destination. Cliquez sur un pays pour d\u00e9couvrir nos contenus et laissez-vous inspirer par la beaut\u00e9 et la diversit\u00e9 de l\u2019Asie pour votre prochaine aventure.<\/p>\n\n\n<div class=\"gb-grid-wrapper gb-grid-wrapper-25a59d05\">\n<div class=\"gb-grid-column gb-grid-column-a52712c1\"><div class=\"gb-container gb-container-a52712c1\">\n\n<a class=\"gb-button gb-button-d35c74d8 gb-button-text\" href=\"https:\/\/yourfavoritecanadian.com\/fr\/qatar\/\">QATAR<\/a>\n\n<\/div><\/div>\n\n<div class=\"gb-grid-column gb-grid-column-c71b6192\"><div class=\"gb-container gb-container-c71b6192\">\n\n<a class=\"gb-button gb-button-3bcd39c6 gb-button-text\" href=\"https:\/\/yourfavoritecanadian.com\/fr\/united-arab-emirates\/\">\u00c9MIRATS ARABES UNIS<\/a>\n\n<\/div><\/div>\n<\/div>\n\n<div class=\"gb-grid-wrapper gb-grid-wrapper-c08a3e64\">\n<div class=\"gb-grid-column gb-grid-column-56654f7e\"><div class=\"gb-container gb-container-56654f7e\">\n\n<a class=\"gb-button gb-button-c335fbe5 gb-button-text\" href=\"https:\/\/yourfavoritecanadian.com\/fr\/bali\/\"><strong>BALI<\/strong><\/a>\n\n<\/div><\/div>\n\n<div class=\"gb-grid-column gb-grid-column-a48b5da1\"><div class=\"gb-container gb-container-a48b5da1\">\n\n<a class=\"gb-button gb-button-4748d3b0 gb-button-text\" href=\"https:\/\/yourfavoritecanadian.com\/fr\/philippines\/\"><strong>PHILIPPINES<\/strong><\/a>\n\n<\/div><\/div>\n\n<div class=\"gb-grid-column gb-grid-column-f0ab9466\"><div class=\"gb-container gb-container-f0ab9466\">\n\n<a class=\"gb-button gb-button-9f074889 gb-button-text\" href=\"https:\/\/yourfavoritecanadian.com\/fr\/thailand\/\"><strong>THA\u00cfLANDE<\/strong><\/a>\n\n<\/div><\/div>\n\n<div class=\"gb-grid-column gb-grid-column-484fe648\"><div class=\"gb-container gb-container-484fe648\">\n\n<a class=\"gb-button gb-button-5c2af660 gb-button-text\" href=\"https:\/\/yourfavoritecanadian.com\/fr\/vietnam\/\"><strong>VIETNAM<\/strong><\/a>\n\n<\/div><\/div>\n<\/div>\n\n\n<hr class=\"wp-block-separator has-alpha-channel-opacity\"\/>\n\n\n\n<p><\/p>\n\n\n\n<p class=\"has-text-align-center has-contrast-color has-text-color has-link-color has-large-font-size wp-elements-7d927fb5bc996449c8dd2beb2f4c7a03\" id=\"1-4\"><a href=\"https:\/\/yourfavoritecanadian.com\/fr\/europe\/\" title=\"Europe\">Europe<\/a><\/p>\n\n\n\n<p class=\"has-text-align-center has-small-font-size\">L\u2019Europe est un continent qui combine parfaitement histoire, charme et modernit\u00e9, ce qui en fait une destination incontournable. Des rues romantiques de Rome et Lisbonne aux falaises spectaculaires de l\u2019Irlande et aux plages paisibles de la Gr\u00e8ce, chaque destination r\u00e9v\u00e8le une beaut\u00e9 unique. Nous explorons chaque pays individuellement \u00e0 travers dix destinations captivantes, chacune riche en culture, en histoire et en paysages \u00e0 couper le souffle. Que ce soit pour savourer du vin au Portugal, admirer l\u2019art en Espagne ou marcher dans les canaux de Venise, l\u2019Europe propose des exp\u00e9riences m\u00e9morables pour tous les voyageurs. Au-del\u00e0 des attractions embl\u00e9matiques, nous mettons l\u2019accent sur des exp\u00e9riences locales authentiques, des lieux moins connus et des conseils pratiques pour simplifier votre planification. Cliquez sur un pays pour d\u00e9couvrir du contenu d\u00e9taill\u00e9, des itin\u00e9raires et des recommandations utiles. Laissez-vous inspirer par l\u2019Europe pour votre prochaine aventure, un continent o\u00f9 chaque destination a une histoire \u00e0 raconter.<\/p>\n\n\n\n<div style=\"height:10px\" aria-hidden=\"true\" class=\"wp-block-spacer\"><\/div>\n\n\n<div class=\"gb-grid-wrapper gb-grid-wrapper-4c00eab4\">\n<div class=\"gb-grid-column gb-grid-column-62c7e92d\"><div class=\"gb-container gb-container-62c7e92d\">\n\n<a class=\"gb-button gb-button-2c266ddf gb-button-text\" href=\"https:\/\/yourfavoritecanadian.com\/fr\/albania\/\"><strong>ALBANIE<\/strong><\/a>\n\n<\/div><\/div>\n\n<div class=\"gb-grid-column gb-grid-column-b01545eb\"><div class=\"gb-container gb-container-b01545eb\">\n\n<a class=\"gb-button gb-button-971c1f99 gb-button-text\" href=\"https:\/\/yourfavoritecanadian.com\/fr\/belgium\/\"><strong>BELGIQUE<\/strong><\/a>\n\n<\/div><\/div>\n\n<div class=\"gb-grid-column gb-grid-column-01b9866b\"><div class=\"gb-container gb-container-01b9866b\">\n\n<a class=\"gb-button gb-button-68374b75 gb-button-text\" href=\"https:\/\/yourfavoritecanadian.com\/fr\/bosnia-and-herzegovina\/\"><strong>BOSNIE<\/strong><\/a>\n\n<\/div><\/div>\n<\/div>\n\n<div class=\"gb-grid-wrapper gb-grid-wrapper-17eff115\">\n<div class=\"gb-grid-column gb-grid-column-ae5a922a\"><div class=\"gb-container gb-container-ae5a922a\">\n\n<a class=\"gb-button gb-button-54f20072 gb-button-text\" href=\"https:\/\/yourfavoritecanadian.com\/fr\/france-monaco\/\"><strong>FRANCE &#8211; MONACO<\/strong><\/a>\n\n<\/div><\/div>\n\n<div class=\"gb-grid-column gb-grid-column-d6fc147b\"><div class=\"gb-container gb-container-d6fc147b\">\n\n<a class=\"gb-button gb-button-e51f997a gb-button-text\" href=\"https:\/\/yourfavoritecanadian.com\/fr\/greece\/\"><strong>GR\u00c8CE<\/strong><\/a>\n\n<\/div><\/div>\n\n<div class=\"gb-grid-column gb-grid-column-c8df68d4\"><div class=\"gb-container gb-container-c8df68d4\">\n\n<a class=\"gb-button gb-button-31f09d3a gb-button-text\" href=\"https:\/\/yourfavoritecanadian.com\/fr\/ireland\/\"><strong>IRLANDE<\/strong><\/a>\n\n<\/div><\/div>\n<\/div>\n\n<div class=\"gb-grid-wrapper gb-grid-wrapper-1264c119\">\n<div class=\"gb-grid-column gb-grid-column-3533e204\"><div class=\"gb-container gb-container-3533e204\">\n\n<a class=\"gb-button gb-button-be861baa gb-button-text\" href=\"https:\/\/yourfavoritecanadian.com\/fr\/italy\/\"><strong>ITALIE<\/strong><\/a>\n\n<\/div><\/div>\n\n<div class=\"gb-grid-column gb-grid-column-4d88a90e\"><div class=\"gb-container gb-container-4d88a90e\">\n\n<a class=\"gb-button gb-button-d468b467 gb-button-text\" href=\"https:\/\/yourfavoritecanadian.com\/fr\/montenegro\/\"><strong>MONT\u00c9N\u00c9GRO<\/strong><\/a>\n\n<\/div><\/div>\n\n<div class=\"gb-grid-column gb-grid-column-cf647bec\"><div class=\"gb-container gb-container-cf647bec\">\n\n<a class=\"gb-button gb-button-af51577c gb-button-text\" href=\"https:\/\/yourfavoritecanadian.com\/fr\/portugal\/\"><strong>PORTUGAL<\/strong><\/a>\n\n<\/div><\/div>\n\n<div class=\"gb-grid-column gb-grid-column-dc07ec5c\"><div class=\"gb-container gb-container-dc07ec5c\">\n\n<a class=\"gb-button gb-button-d3a0494a gb-button-text\" href=\"https:\/\/yourfavoritecanadian.com\/fr\/spain\/\"><strong>ESPAGNE<\/strong><\/a>\n\n<\/div><\/div>\n<\/div>\n\n\n<hr class=\"wp-block-separator has-alpha-channel-opacity\"\/>\n\n\n\n<div style=\"height:10px\" aria-hidden=\"true\" class=\"wp-block-spacer\"><\/div>\n\n\n\n<p><\/p>\n<p><a href=\"\/\/www.pinterest.com\/pin\/create\/button\/\" data-pin-do=\"buttonBookmark\" data-pin-color=\"red\" data-pin-height=\"128\"><img decoding=\"async\" data-src=\"\/\/assets.pinterest.com\/images\/pidgets\/pinit_fg_en_rect_red_28.png\" src=\"data:image\/svg+xml;base64,PHN2ZyB3aWR0aD0iMSIgaGVpZ2h0PSIxIiB4bWxucz0iaHR0cDovL3d3dy53My5vcmcvMjAwMC9zdmciPjwvc3ZnPg==\" class=\"lazyload\" \/><\/a><\/p>","protected":false},"excerpt":{"rendered":"<p>Africa Africa Travel Destinations offer a blend of wild beauty, ancient history, and vibrant culture that captivate every traveler. From the majestic pyramids of Egypt to the colorful souks of &#8230; <a title=\"Destinations\" class=\"read-more\" href=\"https:\/\/yourfavoritecanadian.com\/fr\/destinations\/\" aria-label=\"Read more about All Destinations\">Read more<\/a><\/p>","protected":false},"author":1,"featured_media":0,"parent":0,"menu_order":0,"comment_status":"closed","ping_status":"closed","template":"","meta":{"om_disable_all_campaigns":false,"_monsterinsights_skip_tracking":false,"_monsterinsights_sitenote_active":false,"_monsterinsights_sitenote_note":"","_monsterinsights_sitenote_category":0,"jetpack_post_was_ever_published":false,"footnotes":""},"class_list":["post-3476","page","type-page","status-publish"],"aioseo_notices":[],"jetpack-related-posts":[{"id":4328,"url":"https:\/\/yourfavoritecanadian.com\/fr\/europe\/","url_meta":{"origin":3476,"position":0},"title":"Europe","author":"yourfavoritecanadian","date":"octobre 9, 2024","format":false,"excerpt":"ALBANIA BELGIUM BOSNIA FRANCE - MONACO GREECE IRELAND ITALY MONTENEGRO PORTUGAL SPAIN Europe, a continent rich in history and culture, offers a diverse array of stories waiting to be explored. From the iconic landmarks of Lisbon and Rome to the breathtaking landscapes of the Greek Islands and the Cliffs of\u2026","rel":"","context":"Similar post","block_context":{"text":"Similar post","link":""},"img":{"alt_text":"","src":"","width":0,"height":0},"classes":[]},{"id":5694,"url":"https:\/\/yourfavoritecanadian.com\/fr\/south\/","url_meta":{"origin":3476,"position":1},"title":"Sud","author":"yourfavoritecanadian","date":"novembre 28, 2024","format":false,"excerpt":"COLOMBIA South America is a land of breathtaking contrasts and endless discovery. From the majestic Andes to the vast Amazon and the rhythm-filled streets of its coastal cities, every destination tells its own story. This continent blends natural beauty with deep cultural heritage \u2014 where ancient traditions meet modern creativity.\u2026","rel":"","context":"Similar post","block_context":{"text":"Similar post","link":""},"img":{"alt_text":"","src":"","width":0,"height":0},"classes":[]},{"id":4297,"url":"https:\/\/yourfavoritecanadian.com\/fr\/asia\/","url_meta":{"origin":3476,"position":2},"title":"Asie","author":"yourfavoritecanadian","date":"octobre 9, 2024","format":false,"excerpt":"Middle East QATAR UNITED ARAB EMIRATES Southeast BALI PHILIPPINES THAILAND VIETNAM Asia is a continent of incredible diversity, where ancient traditions coexist with modern life. From bustling city streets to serene landscapes, it offers experiences that stay with travelers long after they leave. Each destination has its own character, whether\u2026","rel":"","context":"Similar post","block_context":{"text":"Similar post","link":""},"img":{"alt_text":"","src":"","width":0,"height":0},"classes":[]},{"id":3855,"url":"https:\/\/yourfavoritecanadian.com\/fr\/africa\/","url_meta":{"origin":3476,"position":3},"title":"Afrique","author":"yourfavoritecanadian","date":"octobre 3, 2024","format":false,"excerpt":"EGYPT MOROCCO Africa is a vast and diverse continent, boasting fascinating landscapes and cultures. So far, we have explored Egypt and Morocco, two iconic destinations. From the towering dunes of the Sahara to the lush plains of the Serengeti, every corner of Africa offers a unique blend of nature, heritage,\u2026","rel":"","context":"Similar post","block_context":{"text":"Similar post","link":""},"img":{"alt_text":"","src":"","width":0,"height":0},"classes":[]},{"id":6104,"url":"https:\/\/yourfavoritecanadian.com\/fr\/southeast\/","url_meta":{"origin":3476,"position":4},"title":"Asie du Sud-Est","author":"yourfavoritecanadian","date":"janvier 13, 2025","format":false,"excerpt":"BALI PHILIPPINES THAILAND VIETNAM Southeast Asia is a region of stunning diversity, where lush landscapes, pristine beaches, and vibrant cities come together to create unforgettable travel experiences. From the serene shores of Bali to the bustling streets of Hanoi, each destination offers its own unique charm and cultural richness. Travelers\u2026","rel":"","context":"Similar post","block_context":{"text":"Similar post","link":""},"img":{"alt_text":"","src":"","width":0,"height":0},"classes":[]},{"id":4270,"url":"https:\/\/yourfavoritecanadian.com\/fr\/americas\/","url_meta":{"origin":3476,"position":5},"title":"Am\u00e9riques","author":"yourfavoritecanadian","date":"octobre 9, 2024","format":false,"excerpt":"North CANADA UNITED STATES Central ARUBA COSTA RICA GUATEMALA NICARAGUA MEXICO South COLOMBIA The Americas, including North, Central, and South America, are a vibrant tapestry of adventures waiting to be explored. From the breathtaking landscapes of the Rocky Mountains and Grand Canyon in the United States to the colorful streets\u2026","rel":"","context":"Similar post","block_context":{"text":"Similar post","link":""},"img":{"alt_text":"","src":"","width":0,"height":0},"classes":[]}],"jetpack_sharing_enabled":true,"_links":{"self":[{"href":"https:\/\/yourfavoritecanadian.com\/fr\/wp-json\/wp\/v2\/pages\/3476","targetHints":{"allow":["GET"]}}],"collection":[{"href":"https:\/\/yourfavoritecanadian.com\/fr\/wp-json\/wp\/v2\/pages"}],"about":[{"href":"https:\/\/yourfavoritecanadian.com\/fr\/wp-json\/wp\/v2\/types\/page"}],"author":[{"embeddable":true,"href":"https:\/\/yourfavoritecanadian.com\/fr\/wp-json\/wp\/v2\/users\/1"}],"replies":[{"embeddable":true,"href":"https:\/\/yourfavoritecanadian.com\/fr\/wp-json\/wp\/v2\/comments?post=3476"}],"version-history":[{"count":20,"href":"https:\/\/yourfavoritecanadian.com\/fr\/wp-json\/wp\/v2\/pages\/3476\/revisions"}],"predecessor-version":[{"id":8701,"href":"https:\/\/yourfavoritecanadian.com\/fr\/wp-json\/wp\/v2\/pages\/3476\/revisions\/8701"}],"wp:attachment":[{"href":"https:\/\/yourfavoritecanadian.com\/fr\/wp-json\/wp\/v2\/media?parent=3476"}],"curies":[{"name":"wp","href":"https:\/\/api.w.org\/{rel}","templated":true}]}}