{"id":3855,"date":"2024-10-03T09:18:37","date_gmt":"2024-10-03T13:18:37","guid":{"rendered":"https:\/\/yourfavoritecanadian.com\/?page_id=3855"},"modified":"2026-03-28T15:34:08","modified_gmt":"2026-03-28T19:34:08","slug":"africa","status":"publish","type":"page","link":"https:\/\/yourfavoritecanadian.com\/fr\/africa\/","title":{"rendered":"Afrique"},"content":{"rendered":"<div class=\"gb-grid-wrapper gb-grid-wrapper-79e72113\">\n<div class=\"gb-grid-column gb-grid-column-1c5f870b\"><div class=\"gb-container gb-container-1c5f870b\">\n\n<a class=\"gb-button gb-button-ecdf4e04 gb-button-text\" href=\"https:\/\/yourfavoritecanadian.com\/fr\/egypt\/\"><strong>\u00c9GYPTE<\/strong><\/a>\n\n<\/div><\/div>\n\n<div class=\"gb-grid-column gb-grid-column-0b34a1eb\"><div class=\"gb-container gb-container-0b34a1eb\">\n\n<a class=\"gb-button gb-button-dba545c7 gb-button-text\" href=\"https:\/\/yourfavoritecanadian.com\/fr\/morocco\/\"><strong>MAROC<\/strong><\/a>\n\n<\/div><\/div>\n<\/div>\n\n\n<hr class=\"wp-block-separator has-alpha-channel-opacity\"\/>\n\n\n\n<div style=\"height:10px\" aria-hidden=\"true\" class=\"wp-block-spacer\"><\/div>\n\n\n\n<p>L\u2019Afrique est un continent vaste et diversifi\u00e9, qui regorge de paysages et de cultures fascinants. Jusqu\u2019\u00e0 pr\u00e9sent, nous avons explor\u00e9 l\u2019\u00c9gypte et le Maroc, deux destinations embl\u00e9matiques. Des dunes imposantes du Sahara aux plaines luxuriantes du Serengeti, chaque coin de l\u2019Afrique offre un m\u00e9lange unique de nature, de patrimoine et d\u2019aventure. La beaut\u00e9 du continent r\u00e9side dans ses contrastes : des villes modernes c\u00f4toient des ruines anciennes, des c\u00f4tes paisibles voisinent des chutes d\u2019eau puissantes, et des cultures qui c\u00e9l\u00e8brent la vie \u00e0 travers la musique, les couleurs et les traditions. L\u2019Afrique promet des exp\u00e9riences qui marquent l\u2019\u00e2me et transforment les voyageurs \u00e0 jamais.<\/p>\n\n\n\n<p class=\"has-text-align-left translation-block\">Notre guide de voyage en Afrique met en lumi\u00e8re certaines des destinations les plus extraordinaires du continent, des pyramides et temples intemporels d\u2019\u00c9gypte aux m\u00e9dinas vibrantes et aux paysages d\u00e9sertiques du Maroc. Ces pays figurent parmi les meilleures destinations \u00e0 visiter en Afrique, o\u00f9 histoire, culture et beaut\u00e9 naturelle se rencontrent. En \u00c9gypte, naviguez sur le Nil, explorez des tombes antiques et plongez dans des traditions mill\u00e9naires. Le Maroc, quant \u00e0 lui, s\u00e9duit avec ses souks color\u00e9s, sa cuisine parfum\u00e9e et ses aventures inoubliables dans le Sahara. Ces deux destinations offrent une introduction parfaite \u00e0 la diversit\u00e9 et \u00e0 la richesse du continent.<\/p>\n\n\n\n<p class=\"has-text-align-left translation-block\">Pour ceux qui recherchent des aventures en Afrique, les exp\u00e9riences palpitantes et les tr\u00e9sors cach\u00e9s ne manquent pas. Partez en randonn\u00e9e dans les montagnes de la Tanzanie, vivez un safari au Kenya ou plongez dans les r\u00e9cifs coralliens de Zanzibar : voil\u00e0 quelques-unes des activit\u00e9s incontournables en Afrique pour les voyageurs en qu\u00eate d\u2019exploration, de culture ou de d\u00e9tente. Nous n\u2019avons pas encore v\u00e9cu ces exp\u00e9riences chez YFC, mais restez \u00e0 l\u2019aff\u00fbt, nous sommes toujours en route vers de nouvelles destinations ! Chaque voyage r\u00e9v\u00e8le une nouvelle facette du continent, alliant paysages \u00e0 couper le souffle et exp\u00e9riences locales authentiques. Your Favorite Canadian vous propose ce guide pour vous aider \u00e0 planifier vos voyages et vos aventures. Cliquez sur un pays pour d\u00e9couvrir nos exp\u00e9riences et nos conseils, et commencez d\u00e8s aujourd\u2019hui votre propre aventure africaine inoubliable.<\/p>\n\n\n\n<p><\/p>\n<p><a href=\"\/\/www.pinterest.com\/pin\/create\/button\/\" data-pin-do=\"buttonBookmark\" data-pin-color=\"red\" data-pin-height=\"128\"><img decoding=\"async\" data-src=\"\/\/assets.pinterest.com\/images\/pidgets\/pinit_fg_en_rect_red_28.png\" src=\"data:image\/svg+xml;base64,PHN2ZyB3aWR0aD0iMSIgaGVpZ2h0PSIxIiB4bWxucz0iaHR0cDovL3d3dy53My5vcmcvMjAwMC9zdmciPjwvc3ZnPg==\" class=\"lazyload\" \/><\/a><\/p>","protected":false},"excerpt":{"rendered":"<p>Africa is a vast and diverse continent, boasting fascinating landscapes and cultures. So far, we have explored Egypt and Morocco, two iconic destinations. From the towering dunes of the Sahara &#8230; <a title=\"Afrique\" class=\"read-more\" href=\"https:\/\/yourfavoritecanadian.com\/fr\/africa\/\" aria-label=\"Read more about Africa\">Read more<\/a><\/p>","protected":false},"author":1,"featured_media":0,"parent":0,"menu_order":0,"comment_status":"closed","ping_status":"closed","template":"","meta":{"om_disable_all_campaigns":false,"_monsterinsights_skip_tracking":false,"_monsterinsights_sitenote_active":false,"_monsterinsights_sitenote_note":"","_monsterinsights_sitenote_category":0,"jetpack_post_was_ever_published":false,"footnotes":""},"class_list":["post-3855","page","type-page","status-publish"],"aioseo_notices":[],"jetpack-related-posts":[{"id":3476,"url":"https:\/\/yourfavoritecanadian.com\/fr\/destinations\/","url_meta":{"origin":3855,"position":0},"title":"Destinations","author":"yourfavoritecanadian","date":"septembre 27, 2024","format":false,"excerpt":"Africa Americas Asia Europe Africa Africa Travel Destinations offer a blend of wild beauty, ancient history, and vibrant culture that captivate every traveler. From the majestic pyramids of Egypt to the colorful souks of Morocco, Africa is a continent that tells timeless stories through its landscapes and people. Our journeys\u2026","rel":"","context":"Similar post","block_context":{"text":"Similar post","link":""},"img":{"alt_text":"","src":"","width":0,"height":0},"classes":[]}],"jetpack_sharing_enabled":true,"_links":{"self":[{"href":"https:\/\/yourfavoritecanadian.com\/fr\/wp-json\/wp\/v2\/pages\/3855","targetHints":{"allow":["GET"]}}],"collection":[{"href":"https:\/\/yourfavoritecanadian.com\/fr\/wp-json\/wp\/v2\/pages"}],"about":[{"href":"https:\/\/yourfavoritecanadian.com\/fr\/wp-json\/wp\/v2\/types\/page"}],"author":[{"embeddable":true,"href":"https:\/\/yourfavoritecanadian.com\/fr\/wp-json\/wp\/v2\/users\/1"}],"replies":[{"embeddable":true,"href":"https:\/\/yourfavoritecanadian.com\/fr\/wp-json\/wp\/v2\/comments?post=3855"}],"version-history":[{"count":18,"href":"https:\/\/yourfavoritecanadian.com\/fr\/wp-json\/wp\/v2\/pages\/3855\/revisions"}],"predecessor-version":[{"id":8659,"href":"https:\/\/yourfavoritecanadian.com\/fr\/wp-json\/wp\/v2\/pages\/3855\/revisions\/8659"}],"wp:attachment":[{"href":"https:\/\/yourfavoritecanadian.com\/fr\/wp-json\/wp\/v2\/media?parent=3855"}],"curies":[{"name":"wp","href":"https:\/\/api.w.org\/{rel}","templated":true}]}}