{"id":4270,"date":"2024-10-09T09:31:08","date_gmt":"2024-10-09T13:31:08","guid":{"rendered":"https:\/\/yourfavoritecanadian.com\/?page_id=4270"},"modified":"2026-03-30T18:14:38","modified_gmt":"2026-03-30T22:14:38","slug":"americas","status":"publish","type":"page","link":"https:\/\/yourfavoritecanadian.com\/fr\/americas\/","title":{"rendered":"Am\u00e9riques"},"content":{"rendered":"<hr class=\"wp-block-separator has-alpha-channel-opacity\"\/>\n\n\n\n<p class=\"has-text-align-center has-large-font-size\">Nord<\/p>\n\n\n<div class=\"gb-grid-wrapper gb-grid-wrapper-95ec2cdc\">\n<div class=\"gb-grid-column gb-grid-column-e15df0f0\"><div class=\"gb-container gb-container-e15df0f0\">\n\n<a class=\"gb-button gb-button-42d6c89e gb-button-text\" href=\"https:\/\/yourfavoritecanadian.com\/fr\/canada\/\"><strong>CANADA<\/strong><\/a>\n\n<\/div><\/div>\n\n<div class=\"gb-grid-column gb-grid-column-1b488548\"><div class=\"gb-container gb-container-1b488548\">\n\n<a class=\"gb-button gb-button-0bea4b21 gb-button-text\" href=\"https:\/\/yourfavoritecanadian.com\/fr\/united-states\/\"><strong>\u00c9TATS-UNIS<\/strong><\/a>\n\n<\/div><\/div>\n<\/div>\n\n\n<hr class=\"wp-block-separator has-alpha-channel-opacity\"\/>\n\n\n\n<p class=\"has-text-align-center has-large-font-size\">Centrale<\/p>\n\n\n<div class=\"gb-grid-wrapper gb-grid-wrapper-4c00eab4\">\n<div class=\"gb-grid-column gb-grid-column-62c7e92d\"><div class=\"gb-container gb-container-62c7e92d\">\n\n<a class=\"gb-button gb-button-2c266ddf gb-button-text\" href=\"https:\/\/yourfavoritecanadian.com\/fr\/aruba\/\"><strong>ARUBA<\/strong><\/a>\n\n<\/div><\/div>\n\n<div class=\"gb-grid-column gb-grid-column-b01545eb\"><div class=\"gb-container gb-container-b01545eb\">\n\n<a class=\"gb-button gb-button-971c1f99 gb-button-text\" href=\"https:\/\/yourfavoritecanadian.com\/fr\/costa-rica\/\"><strong>COSTA RICA<\/strong><\/a>\n\n<\/div><\/div>\n\n<div class=\"gb-grid-column gb-grid-column-01b9866b\"><div class=\"gb-container gb-container-01b9866b\">\n\n<a class=\"gb-button gb-button-68374b75 gb-button-text\" href=\"https:\/\/yourfavoritecanadian.com\/fr\/guatemala\/\"><strong>GUATEMALA<\/strong><\/a>\n\n<\/div><\/div>\n<\/div>\n\n<div class=\"gb-grid-wrapper gb-grid-wrapper-e3685af1\">\n<div class=\"gb-grid-column gb-grid-column-e15fe567\"><div class=\"gb-container gb-container-e15fe567\">\n\n<a class=\"gb-button gb-button-34871752 gb-button-text\" href=\"https:\/\/yourfavoritecanadian.com\/fr\/nicaragua\/\"><strong>NICARAGUA<\/strong><\/a>\n\n<\/div><\/div>\n\n<div class=\"gb-grid-column gb-grid-column-c79c6ede\"><div class=\"gb-container gb-container-c79c6ede\">\n\n<a class=\"gb-button gb-button-7c993d2c gb-button-text\" href=\"https:\/\/yourfavoritecanadian.com\/fr\/mexico\/\"><strong>MEXIQUE<\/strong><\/a>\n\n<\/div><\/div>\n<\/div>\n\n\n<hr class=\"wp-block-separator has-alpha-channel-opacity\"\/>\n\n\n\n<p class=\"has-text-align-center has-large-font-size\">Sud<\/p>\n\n\n<div class=\"gb-grid-wrapper gb-grid-wrapper-5212be4e\">\n<div class=\"gb-grid-column gb-grid-column-c917231d\"><div class=\"gb-container gb-container-c917231d\">\n\n<a class=\"gb-button gb-button-9d456867 gb-button-text\" href=\"https:\/\/yourfavoritecanadian.com\/fr\/colombia\/\"><strong>COLOMBIE<\/strong><\/a>\n\n<\/div><\/div>\n<\/div>\n\n\n<div style=\"height:10px\" aria-hidden=\"true\" class=\"wp-block-spacer\"><\/div>\n\n\n\n<hr class=\"wp-block-separator has-alpha-channel-opacity\"\/>\n\n\n\n<div style=\"height:10px\" aria-hidden=\"true\" class=\"wp-block-spacer\"><\/div>\n\n\n\n<p>Les Am\u00e9riques, incluant l\u2019Am\u00e9rique du Nord, l\u2019Am\u00e9rique centrale et l\u2019Am\u00e9rique du Sud, forment une mosa\u00efque vibrante d\u2019aventures \u00e0 d\u00e9couvrir. Des paysages spectaculaires des montagnes Rocheuses et du Grand Canyon aux \u00c9tats-Unis aux rues color\u00e9es et aux ruines anciennes d\u2019Am\u00e9rique centrale, chaque destination r\u00e9v\u00e8le la diversit\u00e9 du continent. Les voyageurs peuvent explorer des montagnes majestueuses, des for\u00eats tropicales denses, des plages dor\u00e9es et des villes anim\u00e9es, faisant de chaque voyage une occasion de se connecter \u00e0 la nature, \u00e0 la culture et \u00e0 l\u2019histoire.<\/p>\n\n\n\n<p class=\"translation-block\">\u00c0 travers l\u2019Am\u00e9rique du Nord, les visiteurs peuvent parcourir des sentiers embl\u00e9matiques, explorer des parcs nationaux et profiter de villes cosmopolites riches en art, en gastronomie et en divertissement. L\u2019Am\u00e9rique centrale offre des jungles luxuriantes, des c\u00f4tes pr\u00e9serv\u00e9es et des sites arch\u00e9ologiques vieux de plusieurs si\u00e8cles, o\u00f9 les voyageurs peuvent d\u00e9couvrir des traditions locales et vivre des aventures \u00e9cologiques. En Am\u00e9rique du Sud, les Andes, la Patagonie et la for\u00eat amazonienne proposent des paysages impressionnants et des exp\u00e9riences en plein air inoubliables, tandis que des villes dynamiques comme Rio de Janeiro, Buenos Aires et Lima offrent musique, festivals et immersion culturelle. Ensemble, ces destinations des Am\u00e9riques pr\u00e9sentent un continent rempli de contrastes, d\u2019aventures et d\u2019histoires \u00e0 vivre.<\/p>\n\n\n\n<p class=\"translation-block\">Que vous planifiiez un road trip, une excursion en nature ou une exploration culturelle, les meilleures destinations o\u00f9 voyager dans les Am\u00e9riques sont aussi vari\u00e9es que leurs paysages. Des villages cach\u00e9s aux sites embl\u00e9matiques, chaque r\u00e9gion a quelque chose d\u2019unique \u00e0 offrir. Cliquez sur un pays pour d\u00e9couvrir nos conseils de voyage, explorer les attractions incontournables et obtenir des recommandations pratiques pour planifier votre aventure \u00e0 travers l\u2019Am\u00e9rique du Nord, l\u2019Am\u00e9rique centrale et l\u2019Am\u00e9rique du Sud. Nos guides de voyages vous aideront \u00e0 mieux organiser votre voyage, \u00e0 trouver des exp\u00e9riences m\u00e9morables et \u00e0 cr\u00e9er un itin\u00e9raire adapt\u00e9 \u00e0 vos envies.<\/p>\n\n\n\n<p><\/p>\n<p><a href=\"\/\/www.pinterest.com\/pin\/create\/button\/\" data-pin-do=\"buttonBookmark\" data-pin-color=\"red\" data-pin-height=\"128\"><img decoding=\"async\" data-src=\"\/\/assets.pinterest.com\/images\/pidgets\/pinit_fg_en_rect_red_28.png\" src=\"data:image\/svg+xml;base64,PHN2ZyB3aWR0aD0iMSIgaGVpZ2h0PSIxIiB4bWxucz0iaHR0cDovL3d3dy53My5vcmcvMjAwMC9zdmciPjwvc3ZnPg==\" class=\"lazyload\" \/><\/a><\/p>","protected":false},"excerpt":{"rendered":"<p>North Central South The Americas, including North, Central, and South America, are a vibrant tapestry of adventures waiting to be explored. From the breathtaking landscapes of the Rocky Mountains and &#8230; <a title=\"Am\u00e9riques\" class=\"read-more\" href=\"https:\/\/yourfavoritecanadian.com\/fr\/americas\/\" aria-label=\"Read more about Americas\">Read more<\/a><\/p>","protected":false},"author":1,"featured_media":0,"parent":0,"menu_order":0,"comment_status":"closed","ping_status":"closed","template":"","meta":{"om_disable_all_campaigns":false,"_monsterinsights_skip_tracking":false,"_monsterinsights_sitenote_active":false,"_monsterinsights_sitenote_note":"","_monsterinsights_sitenote_category":0,"jetpack_post_was_ever_published":false,"footnotes":""},"class_list":["post-4270","page","type-page","status-publish"],"aioseo_notices":[],"jetpack-related-posts":[{"id":4284,"url":"https:\/\/yourfavoritecanadian.com\/fr\/north\/","url_meta":{"origin":4270,"position":0},"title":"Nord","author":"yourfavoritecanadian","date":"octobre 9, 2024","format":false,"excerpt":"CANADA UNITED STATES North America is a continent of vibrant cities and dynamic experiences. From the stunning natural wonders of the Big Sur coast to the bustling streets of Toronto, each destination reveals a unique perspective on life across the continent. Stretching from Canada\u2019s northern wilderness to the sun-soaked beaches\u2026","rel":"","context":"Similar post","block_context":{"text":"Similar post","link":""},"img":{"alt_text":"","src":"","width":0,"height":0},"classes":[]},{"id":5694,"url":"https:\/\/yourfavoritecanadian.com\/fr\/south\/","url_meta":{"origin":4270,"position":1},"title":"Sud","author":"yourfavoritecanadian","date":"novembre 28, 2024","format":false,"excerpt":"COLOMBIA South America is a land of breathtaking contrasts and endless discovery. From the majestic Andes to the vast Amazon and the rhythm-filled streets of its coastal cities, every destination tells its own story. This continent blends natural beauty with deep cultural heritage \u2014 where ancient traditions meet modern creativity.\u2026","rel":"","context":"Similar post","block_context":{"text":"Similar post","link":""},"img":{"alt_text":"","src":"","width":0,"height":0},"classes":[]},{"id":4291,"url":"https:\/\/yourfavoritecanadian.com\/fr\/central\/","url_meta":{"origin":4270,"position":2},"title":"Centrale","author":"yourfavoritecanadian","date":"octobre 9, 2024","format":false,"excerpt":"ARUBA COSTA RICA GUATEMALA NICARAGUA MEXICO Central America offers countless opportunities for adventure and discovery beyond its well-known landmarks. Costa Rica is a playground for nature lovers, with lush jungles, cascading waterfalls, and abundant wildlife. Whether hiking through cloud forests, zip-lining over tree canopies, or relaxing in natural hot springs,\u2026","rel":"","context":"Similar post","block_context":{"text":"Similar post","link":""},"img":{"alt_text":"","src":"","width":0,"height":0},"classes":[]},{"id":3476,"url":"https:\/\/yourfavoritecanadian.com\/fr\/destinations\/","url_meta":{"origin":4270,"position":3},"title":"Destinations","author":"yourfavoritecanadian","date":"septembre 27, 2024","format":false,"excerpt":"Africa Americas Asia Europe Africa Africa Travel Destinations offer a blend of wild beauty, ancient history, and vibrant culture that captivate every traveler. From the majestic pyramids of Egypt to the colorful souks of Morocco, Africa is a continent that tells timeless stories through its landscapes and people. Our journeys\u2026","rel":"","context":"Similar post","block_context":{"text":"Similar post","link":""},"img":{"alt_text":"","src":"","width":0,"height":0},"classes":[]},{"id":6967,"url":"https:\/\/yourfavoritecanadian.com\/fr\/portugal\/","url_meta":{"origin":4270,"position":4},"title":"Portugal","author":"yourfavoritecanadian","date":"mars 18, 2025","format":false,"excerpt":"Portugal's Must-Reads Lisbon Algarve Porto Ericeira Aveiro \u00c9vora Portugal's Must-Reads Lisbon Algarve Porto Ericeira Aveiro - \u00c9vora Portugal is a land where timeless charm meets modern vibrance. The Portugal Travel Guide invites you to discover a country that captivates with its sun-soaked beaches, cobbled streets, and warm hospitality. Whether you\u2019re\u2026","rel":"","context":"Similar post","block_context":{"text":"Similar post","link":""},"img":{"alt_text":"","src":"","width":0,"height":0},"classes":[]},{"id":6946,"url":"https:\/\/yourfavoritecanadian.com\/fr\/spain\/","url_meta":{"origin":4270,"position":5},"title":"Espagne","author":"yourfavoritecanadian","date":"mars 18, 2025","format":false,"excerpt":"Spain's Must-Reads Seville Madrid Spain's Must-Reads Seville - Madrid Spain is a country that captures the imagination with its fiery spirit, rich culture, and unforgettable landscapes. The Spain Travel Guide takes you on a journey through sun-drenched plazas, medieval streets, and coastal gems where life moves to the rhythm of\u2026","rel":"","context":"Similar post","block_context":{"text":"Similar post","link":""},"img":{"alt_text":"","src":"","width":0,"height":0},"classes":[]}],"jetpack_sharing_enabled":true,"_links":{"self":[{"href":"https:\/\/yourfavoritecanadian.com\/fr\/wp-json\/wp\/v2\/pages\/4270","targetHints":{"allow":["GET"]}}],"collection":[{"href":"https:\/\/yourfavoritecanadian.com\/fr\/wp-json\/wp\/v2\/pages"}],"about":[{"href":"https:\/\/yourfavoritecanadian.com\/fr\/wp-json\/wp\/v2\/types\/page"}],"author":[{"embeddable":true,"href":"https:\/\/yourfavoritecanadian.com\/fr\/wp-json\/wp\/v2\/users\/1"}],"replies":[{"embeddable":true,"href":"https:\/\/yourfavoritecanadian.com\/fr\/wp-json\/wp\/v2\/comments?post=4270"}],"version-history":[{"count":20,"href":"https:\/\/yourfavoritecanadian.com\/fr\/wp-json\/wp\/v2\/pages\/4270\/revisions"}],"predecessor-version":[{"id":8704,"href":"https:\/\/yourfavoritecanadian.com\/fr\/wp-json\/wp\/v2\/pages\/4270\/revisions\/8704"}],"wp:attachment":[{"href":"https:\/\/yourfavoritecanadian.com\/fr\/wp-json\/wp\/v2\/media?parent=4270"}],"curies":[{"name":"wp","href":"https:\/\/api.w.org\/{rel}","templated":true}]}}