{"id":4284,"date":"2024-10-09T10:19:23","date_gmt":"2024-10-09T14:19:23","guid":{"rendered":"https:\/\/yourfavoritecanadian.com\/?page_id=4284"},"modified":"2026-03-28T15:36:50","modified_gmt":"2026-03-28T19:36:50","slug":"north","status":"publish","type":"page","link":"https:\/\/yourfavoritecanadian.com\/fr\/north\/","title":{"rendered":"Nord"},"content":{"rendered":"<div class=\"gb-grid-wrapper gb-grid-wrapper-65def364\">\n<div class=\"gb-grid-column gb-grid-column-b2f16a81\"><div class=\"gb-container gb-container-b2f16a81\">\n\n<a class=\"gb-button gb-button-7c27a22b gb-button-text\" href=\"https:\/\/yourfavoritecanadian.com\/fr\/canada\/\"><strong>CANADA<\/strong><\/a>\n\n<\/div><\/div>\n\n<div class=\"gb-grid-column gb-grid-column-a71abcba\"><div class=\"gb-container gb-container-a71abcba\">\n\n<a class=\"gb-button gb-button-5fdab634 gb-button-text\" href=\"https:\/\/yourfavoritecanadian.com\/fr\/united-states\/\"><strong>\u00c9TATS-UNIS<\/strong><\/a>\n\n<\/div><\/div>\n<\/div>\n\n\n<div style=\"height:10px\" aria-hidden=\"true\" class=\"wp-block-spacer\"><\/div>\n\n\n\n<hr class=\"wp-block-separator has-alpha-channel-opacity\"\/>\n\n\n\n<div style=\"height:10px\" aria-hidden=\"true\" class=\"wp-block-spacer\"><\/div>\n\n\n\n<p class=\"translation-block\">L\u2019Am\u00e9rique du Nord est un continent de villes dynamiques et d\u2019exp\u00e9riences vari\u00e9es. Des paysages spectaculaires de la c\u00f4te de Big Sur aux rues anim\u00e9es de Toronto, chaque destination offre une perspective unique sur la vie \u00e0 travers le continent. S\u2019\u00e9tendant des r\u00e9gions sauvages du nord du Canada aux plages ensoleill\u00e9es de la Californie et de la Floride, l\u2019Am\u00e9rique du Nord propose un m\u00e9lange impressionnant de paysages, de cultures et d\u2019aventures qui s\u00e9duisent tous les types de voyageurs.<\/p>\n\n\n\n<p class=\"translation-block\">Le Canada, avec ses vastes espaces, ses lacs spectaculaires et ses villes accueillantes, est un v\u00e9ritable paradis pour les amateurs de nature et d\u2019exploration. D\u00e9couvrez le charme c\u00f4tier de Vancouver, l\u2019\u00e9nergie culturelle de Toronto ou l\u2019\u00e9l\u00e9gance d\u2019inspiration fran\u00e7aise de Montr\u00e9al. Partez \u00e0 l\u2019aventure dans les Rocheuses canadiennes, explorez les parcs nationaux de Banff et de Jasper, ou admirez les aurores bor\u00e9ales au Yukon. Le Canada offre un \u00e9quilibre parfait entre nature sauvage et raffinement, o\u00f9 l\u2019aventure en plein air se combine \u00e0 un riche patrimoine, une gastronomie locale et des communaut\u00e9s chaleureuses.<\/p>\n\n\n\n<p class=\"translation-block\">De l\u2019autre c\u00f4t\u00e9 de la fronti\u00e8re, les \u00c9tats-Unis se d\u00e9voilent comme un assemblage de sites embl\u00e9matiques et de tr\u00e9sors cach\u00e9s. Du Grand Canyon et de Yellowstone aux rues anim\u00e9es de New York et au charme c\u00f4tier de San Francisco, le pays offre une infinit\u00e9 de possibilit\u00e9s d\u2019exploration. Que vous partiez \u00e0 l\u2019aventure dans les montagnes du Colorado, que vous vous d\u00e9tendiez sur les plages d\u2019Hawa\u00ef ou que vous fassiez un road trip sur la Route 66, chaque \u00c9tat propose une exp\u00e9rience unique. La culture am\u00e9ricaine, sa musique et sa gastronomie refl\u00e8tent une diversit\u00e9 remarquable, des restaurants classiques aux clubs de jazz, en passant par les galeries d\u2019art modernes et les sc\u00e8nes culinaires innovantes.<\/p>\n\n\n\n<p class=\"translation-block\">Chez Your Favorite Canadian, notre guide de voyage en Am\u00e9rique du Nord vous aide \u00e0 d\u00e9couvrir les meilleures destinations, des conseils pratiques et des exp\u00e9riences soigneusement s\u00e9lectionn\u00e9es \u00e0 travers le Canada et les \u00c9tats-Unis. Que vous planifiiez une escapade urbaine ou une aventure \u00e0 travers le pays, nos guides sont con\u00e7us pour vous aider \u00e0 voyager de fa\u00e7on s\u00e9curitaire, efficace et inspirante. Cliquez sur un pays pour d\u00e9couvrir nos guides, les incontournables et bien plus encore.<\/p>\n<p><a href=\"\/\/www.pinterest.com\/pin\/create\/button\/\" data-pin-do=\"buttonBookmark\" data-pin-color=\"red\" data-pin-height=\"128\"><img decoding=\"async\" data-src=\"\/\/assets.pinterest.com\/images\/pidgets\/pinit_fg_en_rect_red_28.png\" src=\"data:image\/svg+xml;base64,PHN2ZyB3aWR0aD0iMSIgaGVpZ2h0PSIxIiB4bWxucz0iaHR0cDovL3d3dy53My5vcmcvMjAwMC9zdmciPjwvc3ZnPg==\" class=\"lazyload\" \/><\/a><\/p>","protected":false},"excerpt":{"rendered":"<p>North America is a continent of vibrant cities and dynamic experiences. From the stunning natural wonders of the Big Sur coast to the bustling streets of Toronto, each destination reveals &#8230; <a title=\"Nord\" class=\"read-more\" href=\"https:\/\/yourfavoritecanadian.com\/fr\/north\/\" aria-label=\"Read more about North\">Read more<\/a><\/p>","protected":false},"author":1,"featured_media":0,"parent":0,"menu_order":0,"comment_status":"closed","ping_status":"closed","template":"","meta":{"om_disable_all_campaigns":false,"_monsterinsights_skip_tracking":false,"_monsterinsights_sitenote_active":false,"_monsterinsights_sitenote_note":"","_monsterinsights_sitenote_category":0,"jetpack_post_was_ever_published":false,"footnotes":""},"class_list":["post-4284","page","type-page","status-publish"],"aioseo_notices":[],"jetpack-related-posts":[{"id":4270,"url":"https:\/\/yourfavoritecanadian.com\/fr\/americas\/","url_meta":{"origin":4284,"position":0},"title":"Am\u00e9riques","author":"yourfavoritecanadian","date":"octobre 9, 2024","format":false,"excerpt":"North CANADA UNITED STATES Central ARUBA COSTA RICA GUATEMALA NICARAGUA MEXICO South COLOMBIA The Americas, including North, Central, and South America, are a vibrant tapestry of adventures waiting to be explored. From the breathtaking landscapes of the Rocky Mountains and Grand Canyon in the United States to the colorful streets\u2026","rel":"","context":"Similar post","block_context":{"text":"Similar post","link":""},"img":{"alt_text":"","src":"","width":0,"height":0},"classes":[]},{"id":6967,"url":"https:\/\/yourfavoritecanadian.com\/fr\/portugal\/","url_meta":{"origin":4284,"position":1},"title":"Portugal","author":"yourfavoritecanadian","date":"mars 18, 2025","format":false,"excerpt":"Portugal's Must-Reads Lisbon Algarve Porto Ericeira Aveiro \u00c9vora Portugal's Must-Reads Lisbon Algarve Porto Ericeira Aveiro - \u00c9vora Portugal is a land where timeless charm meets modern vibrance. The Portugal Travel Guide invites you to discover a country that captivates with its sun-soaked beaches, cobbled streets, and warm hospitality. Whether you\u2019re\u2026","rel":"","context":"Similar post","block_context":{"text":"Similar post","link":""},"img":{"alt_text":"","src":"","width":0,"height":0},"classes":[]},{"id":6946,"url":"https:\/\/yourfavoritecanadian.com\/fr\/spain\/","url_meta":{"origin":4284,"position":2},"title":"Espagne","author":"yourfavoritecanadian","date":"mars 18, 2025","format":false,"excerpt":"Spain's Must-Reads Seville Madrid Spain's Must-Reads Seville - Madrid Spain is a country that captures the imagination with its fiery spirit, rich culture, and unforgettable landscapes. The Spain Travel Guide takes you on a journey through sun-drenched plazas, medieval streets, and coastal gems where life moves to the rhythm of\u2026","rel":"","context":"Similar post","block_context":{"text":"Similar post","link":""},"img":{"alt_text":"","src":"","width":0,"height":0},"classes":[]},{"id":6751,"url":"https:\/\/yourfavoritecanadian.com\/fr\/morocco\/","url_meta":{"origin":4284,"position":3},"title":"Maroc","author":"yourfavoritecanadian","date":"mars 18, 2025","format":false,"excerpt":"Morocco's Must-Reads Marrakech Sahara Desert Tangier Fes Chefchaouen Morocco's Must-Reads Tangier - Fes - Chefchaouen Morocco is a country that awakens the senses \u2014 where vast desert landscapes meet rugged mountains, and centuries-old traditions blend seamlessly with modern life. From the vibrant blue streets of Chefchaouen to the bustling souks\u2026","rel":"","context":"Similar post","block_context":{"text":"Similar post","link":""},"img":{"alt_text":"","src":"","width":0,"height":0},"classes":[]},{"id":6991,"url":"https:\/\/yourfavoritecanadian.com\/fr\/italy\/","url_meta":{"origin":4284,"position":4},"title":"Italie","author":"yourfavoritecanadian","date":"mars 18, 2025","format":false,"excerpt":"Italy's Must-Reads Rome Tuscany Venice Pompeii Procida Italy's Must-Reads Rome - Tuscany - Venice Pompeii - Procida Italy is a country that feels like a masterpiece \u2014 a living blend of art, food, and history. Through the Italy Travel Guide, you can uncover the essence of this extraordinary land, from\u2026","rel":"","context":"Similar post","block_context":{"text":"Similar post","link":""},"img":{"alt_text":"","src":"","width":0,"height":0},"classes":[]},{"id":6812,"url":"https:\/\/yourfavoritecanadian.com\/fr\/costa-rica\/","url_meta":{"origin":4284,"position":5},"title":"Costa Rica","author":"yourfavoritecanadian","date":"mars 18, 2025","format":false,"excerpt":"Costa Rica's Must-Reads La Fortuna Monteverde San Jose Tamarindo Costa Rica's Must-Reads La Fortuna Monteverde - San Jose - Tamarindo Costa Rica is a country where dense rainforests, majestic volcanoes, and sun-kissed beaches meet vibrant local culture. From the cloud forests of Monteverde to the golden beaches of Tamarindo, the\u2026","rel":"","context":"Similar post","block_context":{"text":"Similar post","link":""},"img":{"alt_text":"","src":"","width":0,"height":0},"classes":[]}],"jetpack_sharing_enabled":true,"_links":{"self":[{"href":"https:\/\/yourfavoritecanadian.com\/fr\/wp-json\/wp\/v2\/pages\/4284","targetHints":{"allow":["GET"]}}],"collection":[{"href":"https:\/\/yourfavoritecanadian.com\/fr\/wp-json\/wp\/v2\/pages"}],"about":[{"href":"https:\/\/yourfavoritecanadian.com\/fr\/wp-json\/wp\/v2\/types\/page"}],"author":[{"embeddable":true,"href":"https:\/\/yourfavoritecanadian.com\/fr\/wp-json\/wp\/v2\/users\/1"}],"replies":[{"embeddable":true,"href":"https:\/\/yourfavoritecanadian.com\/fr\/wp-json\/wp\/v2\/comments?post=4284"}],"version-history":[{"count":19,"href":"https:\/\/yourfavoritecanadian.com\/fr\/wp-json\/wp\/v2\/pages\/4284\/revisions"}],"predecessor-version":[{"id":8663,"href":"https:\/\/yourfavoritecanadian.com\/fr\/wp-json\/wp\/v2\/pages\/4284\/revisions\/8663"}],"wp:attachment":[{"href":"https:\/\/yourfavoritecanadian.com\/fr\/wp-json\/wp\/v2\/media?parent=4284"}],"curies":[{"name":"wp","href":"https:\/\/api.w.org\/{rel}","templated":true}]}}