{"id":4291,"date":"2024-10-09T10:29:27","date_gmt":"2024-10-09T14:29:27","guid":{"rendered":"https:\/\/yourfavoritecanadian.com\/?page_id=4291"},"modified":"2026-03-28T15:38:38","modified_gmt":"2026-03-28T19:38:38","slug":"central","status":"publish","type":"page","link":"https:\/\/yourfavoritecanadian.com\/fr\/central\/","title":{"rendered":"Centrale"},"content":{"rendered":"<div class=\"gb-grid-wrapper gb-grid-wrapper-4c00eab4\">\n<div class=\"gb-grid-column gb-grid-column-62c7e92d\"><div class=\"gb-container gb-container-62c7e92d\">\n\n<a class=\"gb-button gb-button-2c266ddf gb-button-text\" href=\"https:\/\/yourfavoritecanadian.com\/fr\/aruba\/\"><strong>ARUBA<\/strong><\/a>\n\n<\/div><\/div>\n\n<div class=\"gb-grid-column gb-grid-column-b01545eb\"><div class=\"gb-container gb-container-b01545eb\">\n\n<a class=\"gb-button gb-button-971c1f99 gb-button-text\" href=\"https:\/\/yourfavoritecanadian.com\/fr\/costa-rica\/\"><strong>COSTA RICA<\/strong><\/a>\n\n<\/div><\/div>\n\n<div class=\"gb-grid-column gb-grid-column-01b9866b\"><div class=\"gb-container gb-container-01b9866b\">\n\n<a class=\"gb-button gb-button-68374b75 gb-button-text\" href=\"https:\/\/yourfavoritecanadian.com\/fr\/guatemala\/\"><strong>GUATEMALA<\/strong><\/a>\n\n<\/div><\/div>\n<\/div>\n\n<div class=\"gb-grid-wrapper gb-grid-wrapper-e3685af1\">\n<div class=\"gb-grid-column gb-grid-column-e15fe567\"><div class=\"gb-container gb-container-e15fe567\">\n\n<a class=\"gb-button gb-button-34871752 gb-button-text\" href=\"https:\/\/yourfavoritecanadian.com\/fr\/nicaragua\/\"><strong>NICARAGUA<\/strong><\/a>\n\n<\/div><\/div>\n\n<div class=\"gb-grid-column gb-grid-column-c79c6ede\"><div class=\"gb-container gb-container-c79c6ede\">\n\n<a class=\"gb-button gb-button-7c993d2c gb-button-text\" href=\"https:\/\/yourfavoritecanadian.com\/fr\/mexico\/\"><strong>MEXIQUE<\/strong><\/a>\n\n<\/div><\/div>\n<\/div>\n\n\n<div style=\"height:10px\" aria-hidden=\"true\" class=\"wp-block-spacer\"><\/div>\n\n\n\n<hr class=\"wp-block-separator has-alpha-channel-opacity\"\/>\n\n\n\n<div style=\"height:10px\" aria-hidden=\"true\" class=\"wp-block-spacer\"><\/div>\n\n\n\n<p class=\"translation-block\">L\u2019Am\u00e9rique centrale offre d\u2019innombrables possibilit\u00e9s d\u2019aventure et de d\u00e9couverte au-del\u00e0 de ses sites les plus connus. Le Costa Rica est un v\u00e9ritable terrain de jeu pour les amoureux de la nature, avec ses jungles luxuriantes, ses cascades impressionnantes et sa faune abondante. Que ce soit en randonn\u00e9e dans les for\u00eats nuageuses, en tyrolienne au-dessus de la canop\u00e9e ou en vous relaxant dans des sources thermales naturelles, chaque moment vous plonge au c\u0153ur d\u2019un \u00e9cosyst\u00e8me vibrant. Le Guatemala, quant \u00e0 lui, s\u00e9duit par ses march\u00e9s color\u00e9s, ses villes coloniales et ses ruines mayas anciennes. De la d\u00e9couverte de la ville mystique d\u2019Antigua \u00e0 l\u2019ascension des volcans qui dominent le lac Atitl\u00e1n, les visiteurs peuvent vivre un voyage alliant histoire et paysages \u00e0 couper le souffle.<\/p>\n\n\n\n<p class=\"translation-block\">Le Nicaragua charme avec son m\u00e9lange d\u2019architecture coloniale, de lacs pittoresques et de paysages volcaniques. Les voyageurs peuvent se promener dans les rues pleines de charme de Le\u00f3n, admirer les vues depuis le volcan Masaya ou naviguer sur le lac Nicaragua \u00e0 la d\u00e9couverte d\u2019\u00eeles cach\u00e9es. Le Mexique, de son c\u00f4t\u00e9, d\u00e9borde de culture, de villes anim\u00e9es et de c\u00f4tes spectaculaires. Des rues vibrantes de Mexico aux plages paisibles du Yucat\u00e1n, en passant par les pyramides anciennes de Teotihuac\u00e1n, chaque destination poss\u00e8de sa propre ambiance et son histoire. M\u00eame des \u00eeles plus petites comme Aruba offrent une escapade tranquille, avec leurs eaux turquoise, leurs plages de sable blanc et leurs festivals locaux qui mettent en valeur la vie insulaire.<\/p>\n\n\n\n<p class=\"translation-block\">Chez Your Favorite Canadian, nous souhaitons vous offrir des conseils pratiques, des id\u00e9es inspirantes et des informations utiles pour rendre chaque voyage en Am\u00e9rique centrale inoubliable. Des aventures palpitantes aux exp\u00e9riences culturelles, en passant par les tr\u00e9sors cach\u00e9s, il y en a pour tous les types de voyageurs. Cliquez sur un pays pour d\u00e9couvrir nos guides, les attractions locales et nos recommandations soigneusement s\u00e9lectionn\u00e9es pour votre prochaine aventure dans cette r\u00e9gion vibrante et diversifi\u00e9e.<\/p>\n<p><a href=\"\/\/www.pinterest.com\/pin\/create\/button\/\" data-pin-do=\"buttonBookmark\" data-pin-color=\"red\" data-pin-height=\"128\"><img decoding=\"async\" data-src=\"\/\/assets.pinterest.com\/images\/pidgets\/pinit_fg_en_rect_red_28.png\" src=\"data:image\/svg+xml;base64,PHN2ZyB3aWR0aD0iMSIgaGVpZ2h0PSIxIiB4bWxucz0iaHR0cDovL3d3dy53My5vcmcvMjAwMC9zdmciPjwvc3ZnPg==\" class=\"lazyload\" \/><\/a><\/p>","protected":false},"excerpt":{"rendered":"<p>Central America offers countless opportunities for adventure and discovery beyond its well-known landmarks. Costa Rica is a playground for nature lovers, with lush jungles, cascading waterfalls, and abundant wildlife. Whether &#8230; <a title=\"Centrale\" class=\"read-more\" href=\"https:\/\/yourfavoritecanadian.com\/fr\/central\/\" aria-label=\"Read more about Central\">Read more<\/a><\/p>","protected":false},"author":1,"featured_media":0,"parent":0,"menu_order":0,"comment_status":"closed","ping_status":"closed","template":"","meta":{"om_disable_all_campaigns":false,"_monsterinsights_skip_tracking":false,"_monsterinsights_sitenote_active":false,"_monsterinsights_sitenote_note":"","_monsterinsights_sitenote_category":0,"jetpack_post_was_ever_published":false,"footnotes":""},"class_list":["post-4291","page","type-page","status-publish"],"aioseo_notices":[],"jetpack-related-posts":[{"id":4270,"url":"https:\/\/yourfavoritecanadian.com\/fr\/americas\/","url_meta":{"origin":4291,"position":0},"title":"Am\u00e9riques","author":"yourfavoritecanadian","date":"octobre 9, 2024","format":false,"excerpt":"North CANADA UNITED STATES Central ARUBA COSTA RICA GUATEMALA NICARAGUA MEXICO South COLOMBIA The Americas, including North, Central, and South America, are a vibrant tapestry of adventures waiting to be explored. From the breathtaking landscapes of the Rocky Mountains and Grand Canyon in the United States to the colorful streets\u2026","rel":"","context":"Similar post","block_context":{"text":"Similar post","link":""},"img":{"alt_text":"","src":"","width":0,"height":0},"classes":[]},{"id":6713,"url":"https:\/\/yourfavoritecanadian.com\/fr\/guatemala\/","url_meta":{"origin":4291,"position":1},"title":"Guatemala","author":"yourfavoritecanadian","date":"mars 17, 2025","format":false,"excerpt":"Guatemala's Must-Reads Antigua - Acatenango Lake Atitlan Tikal Semuc Champey Chichicastenango Guatemala's Must-Reads Antigua - Acatenango Lake Atitlan Tikal - Semuc Champey - Chichicastenango Guatemala is a land where ancient traditions meet breathtaking natural beauty. From the cobbled streets of Antigua to the volcanic shores of Lake Atitl\u00e1n, every destination\u2026","rel":"","context":"Similar post","block_context":{"text":"Similar post","link":""},"img":{"alt_text":"","src":"","width":0,"height":0},"classes":[]}],"jetpack_sharing_enabled":true,"_links":{"self":[{"href":"https:\/\/yourfavoritecanadian.com\/fr\/wp-json\/wp\/v2\/pages\/4291","targetHints":{"allow":["GET"]}}],"collection":[{"href":"https:\/\/yourfavoritecanadian.com\/fr\/wp-json\/wp\/v2\/pages"}],"about":[{"href":"https:\/\/yourfavoritecanadian.com\/fr\/wp-json\/wp\/v2\/types\/page"}],"author":[{"embeddable":true,"href":"https:\/\/yourfavoritecanadian.com\/fr\/wp-json\/wp\/v2\/users\/1"}],"replies":[{"embeddable":true,"href":"https:\/\/yourfavoritecanadian.com\/fr\/wp-json\/wp\/v2\/comments?post=4291"}],"version-history":[{"count":19,"href":"https:\/\/yourfavoritecanadian.com\/fr\/wp-json\/wp\/v2\/pages\/4291\/revisions"}],"predecessor-version":[{"id":8665,"href":"https:\/\/yourfavoritecanadian.com\/fr\/wp-json\/wp\/v2\/pages\/4291\/revisions\/8665"}],"wp:attachment":[{"href":"https:\/\/yourfavoritecanadian.com\/fr\/wp-json\/wp\/v2\/media?parent=4291"}],"curies":[{"name":"wp","href":"https:\/\/api.w.org\/{rel}","templated":true}]}}