{"id":4297,"date":"2024-10-09T11:37:22","date_gmt":"2024-10-09T15:37:22","guid":{"rendered":"https:\/\/yourfavoritecanadian.com\/?page_id=4297"},"modified":"2026-03-28T16:03:08","modified_gmt":"2026-03-28T20:03:08","slug":"asia","status":"publish","type":"page","link":"https:\/\/yourfavoritecanadian.com\/fr\/asia\/","title":{"rendered":"Asie"},"content":{"rendered":"<hr class=\"wp-block-separator has-alpha-channel-opacity\"\/>\n\n\n\n<p class=\"has-text-align-center has-large-font-size\">Moyen-Orient<\/p>\n\n\n<div class=\"gb-grid-wrapper gb-grid-wrapper-25a59d05\">\n<div class=\"gb-grid-column gb-grid-column-a52712c1\"><div class=\"gb-container gb-container-a52712c1\">\n\n<a class=\"gb-button gb-button-d35c74d8 gb-button-text\" href=\"https:\/\/yourfavoritecanadian.com\/fr\/qatar\/\">QATAR<\/a>\n\n<\/div><\/div>\n\n<div class=\"gb-grid-column gb-grid-column-c71b6192\"><div class=\"gb-container gb-container-c71b6192\">\n\n<a class=\"gb-button gb-button-3bcd39c6 gb-button-text\" href=\"https:\/\/yourfavoritecanadian.com\/fr\/united-arab-emirates\/\">\u00c9MIRATS ARABES UNIS<\/a>\n\n<\/div><\/div>\n<\/div>\n\n\n<hr class=\"wp-block-separator has-alpha-channel-opacity\"\/>\n\n\n\n<p class=\"has-text-align-center has-large-font-size\">Asie du Sud-Est<\/p>\n\n\n<div class=\"gb-grid-wrapper gb-grid-wrapper-c9c513e9\">\n<div class=\"gb-grid-column gb-grid-column-a1140260\"><div class=\"gb-container gb-container-a1140260\">\n\n<a class=\"gb-button gb-button-93b8b08c gb-button-text\" href=\"https:\/\/yourfavoritecanadian.com\/fr\/bali\/\"><strong>BALI<\/strong><\/a>\n\n<\/div><\/div>\n\n<div class=\"gb-grid-column gb-grid-column-ecee6d02\"><div class=\"gb-container gb-container-ecee6d02\">\n\n<a class=\"gb-button gb-button-2d92d844 gb-button-text\" href=\"https:\/\/yourfavoritecanadian.com\/fr\/philippines\/\"><strong>PHILIPPINES<\/strong><\/a>\n\n<\/div><\/div>\n\n<div class=\"gb-grid-column gb-grid-column-2bc5583e\"><div class=\"gb-container gb-container-2bc5583e\">\n\n<a class=\"gb-button gb-button-9e9de34b gb-button-text\" href=\"https:\/\/yourfavoritecanadian.com\/fr\/thailand\/\"><strong>THA\u00cfLANDE<\/strong><\/a>\n\n<\/div><\/div>\n\n<div class=\"gb-grid-column gb-grid-column-8ed3fafe\"><div class=\"gb-container gb-container-8ed3fafe\">\n\n<a class=\"gb-button gb-button-3ea8f7b3 gb-button-text\" href=\"https:\/\/yourfavoritecanadian.com\/fr\/vietnam\/\"><strong>VIETNAM<\/strong><\/a>\n\n<\/div><\/div>\n<\/div>\n\n\n<div style=\"height:10px\" aria-hidden=\"true\" class=\"wp-block-spacer\"><\/div>\n\n\n\n<hr class=\"wp-block-separator has-alpha-channel-opacity\"\/>\n\n\n\n<div style=\"height:10px\" aria-hidden=\"true\" class=\"wp-block-spacer\"><\/div>\n\n\n\n<p>L\u2019Asie est un continent d\u2019une diversit\u00e9 incroyable, o\u00f9 traditions anciennes et vie moderne coexistent harmonieusement. Des rues anim\u00e9es des grandes villes aux paysages paisibles, elle offre des exp\u00e9riences qui marquent les voyageurs longtemps apr\u00e8s leur d\u00e9part. Chaque destination poss\u00e8de son propre caract\u00e8re, que ce soit les march\u00e9s vibrants de l\u2019Asie du Sud-Est, les temples tranquilles de la Tha\u00eflande ou les paysages pittoresques et c\u00f4tiers du Vietnam. Explorer ces r\u00e9gions permet de s\u2019immerger dans un m\u00e9lange riche de culture, d\u2019histoire et d'aventures difficiles \u00e0 retrouver ailleurs. Nos contenus de voyage partagent des informations sur les destinations cl\u00e9s afin d\u2019aider les voyageurs \u00e0 planifier des s\u00e9jours enrichissants, au-del\u00e0 des circuits touristiques traditionnels.<\/p>\n\n\n\n<p>L\u2019aventure en Asie prend de nombreuses formes. Partez en randonn\u00e9e \u00e0 travers des paysages luxuriants en Indon\u00e9sie, d\u00e9couvrez des villages cach\u00e9s ou d\u00e9gustez des saveurs locales dans des march\u00e9s de rue anim\u00e9s. Les r\u00e9gions c\u00f4ti\u00e8res offrent des plages immacul\u00e9es et des eaux turquoise, tandis que l\u2019int\u00e9rieur des terres d\u00e9voile des paysages impressionnants et des sites historiques fascinants. Les voyageurs peuvent \u00e9galement participer \u00e0 des festivals, d\u00e9couvrir des formes d\u2019art traditionnelles et des coutumes transmises de g\u00e9n\u00e9ration en g\u00e9n\u00e9ration, transformant chaque voyage en v\u00e9ritable d\u00e9couverte culturelle. Nos conseils incluent aussi des informations pratiques sur les meilleures p\u00e9riodes pour voyager, les r\u00e8gles de savoir-vivre locales et des exp\u00e9riences uniques pour enrichir votre s\u00e9jour. De la randonn\u00e9e en Indon\u00e9sie \u00e0 l\u2019exploration de ruines anciennes et de villes vibrantes, l\u2019Asie invite chaque voyageur \u00e0 suivre sa curiosit\u00e9 et son esprit d\u2019aventure.<\/p>\n\n\n\n<p class=\"translation-block\">Chez Your Favorite Canadian, notre objectif est de capturer l\u2019essence de chaque destination. Nos ressources mettent en valeur non seulement les villes populaires, mais aussi des endroits moins connus qui offrent une perspective diff\u00e9rente sur le continent. Que vous soyez \u00e0 la recherche d'aventures, de d\u00e9tente ou d\u2019immersion culturelle, l\u2019Asie a quelque chose \u00e0 offrir \u00e0 chacun. Cliquez sur un pays pour d\u00e9couvrir les points forts des destinations, des id\u00e9es de voyage et des recommandations pratiques pour profiter pleinement de votre s\u00e9jour. Avec les bons conseils et une bonne pr\u00e9paration, chaque voyage en Asie devient une exp\u00e9rience riche en d\u00e9couvertes et en souvenirs durables.<\/p>\n<p><a href=\"\/\/www.pinterest.com\/pin\/create\/button\/\" data-pin-do=\"buttonBookmark\" data-pin-color=\"red\" data-pin-height=\"128\"><img decoding=\"async\" data-src=\"\/\/assets.pinterest.com\/images\/pidgets\/pinit_fg_en_rect_red_28.png\" src=\"data:image\/svg+xml;base64,PHN2ZyB3aWR0aD0iMSIgaGVpZ2h0PSIxIiB4bWxucz0iaHR0cDovL3d3dy53My5vcmcvMjAwMC9zdmciPjwvc3ZnPg==\" class=\"lazyload\" \/><\/a><\/p>","protected":false},"excerpt":{"rendered":"<p>Middle East Southeast Asia is a continent of incredible diversity, where ancient traditions coexist with modern life. From bustling city streets to serene landscapes, it offers experiences that stay with &#8230; <a title=\"Asie\" class=\"read-more\" href=\"https:\/\/yourfavoritecanadian.com\/fr\/asia\/\" aria-label=\"Read more about Asia\">Read more<\/a><\/p>","protected":false},"author":1,"featured_media":0,"parent":0,"menu_order":0,"comment_status":"closed","ping_status":"closed","template":"","meta":{"om_disable_all_campaigns":false,"_monsterinsights_skip_tracking":false,"_monsterinsights_sitenote_active":false,"_monsterinsights_sitenote_note":"","_monsterinsights_sitenote_category":0,"jetpack_post_was_ever_published":false,"footnotes":""},"class_list":["post-4297","page","type-page","status-publish"],"aioseo_notices":[],"jetpack-related-posts":[{"id":6107,"url":"https:\/\/yourfavoritecanadian.com\/fr\/middle-east\/","url_meta":{"origin":4297,"position":0},"title":"Moyen-Orient","author":"yourfavoritecanadian","date":"janvier 13, 2025","format":false,"excerpt":"QATAR UNITED ARAB EMIRATES The Middle East is a region of fascinating contrasts, where ancient traditions meet modern innovation. From sweeping deserts to glittering skylines, it offers experiences that captivate every traveler. Each destination has its own character, whether it\u2019s the futuristic architecture of Dubai or the rich cultural heritage\u2026","rel":"","context":"Similar post","block_context":{"text":"Similar post","link":""},"img":{"alt_text":"","src":"","width":0,"height":0},"classes":[]},{"id":6104,"url":"https:\/\/yourfavoritecanadian.com\/fr\/southeast\/","url_meta":{"origin":4297,"position":1},"title":"Asie du Sud-Est","author":"yourfavoritecanadian","date":"janvier 13, 2025","format":false,"excerpt":"BALI PHILIPPINES THAILAND VIETNAM Southeast Asia is a region of stunning diversity, where lush landscapes, pristine beaches, and vibrant cities come together to create unforgettable travel experiences. From the serene shores of Bali to the bustling streets of Hanoi, each destination offers its own unique charm and cultural richness. Travelers\u2026","rel":"","context":"Similar post","block_context":{"text":"Similar post","link":""},"img":{"alt_text":"","src":"","width":0,"height":0},"classes":[]},{"id":3476,"url":"https:\/\/yourfavoritecanadian.com\/fr\/destinations\/","url_meta":{"origin":4297,"position":2},"title":"Destinations","author":"yourfavoritecanadian","date":"septembre 27, 2024","format":false,"excerpt":"Africa Americas Asia Europe Africa Africa Travel Destinations offer a blend of wild beauty, ancient history, and vibrant culture that captivate every traveler. From the majestic pyramids of Egypt to the colorful souks of Morocco, Africa is a continent that tells timeless stories through its landscapes and people. Our journeys\u2026","rel":"","context":"Similar post","block_context":{"text":"Similar post","link":""},"img":{"alt_text":"","src":"","width":0,"height":0},"classes":[]},{"id":8548,"url":"https:\/\/yourfavoritecanadian.com\/fr\/singapore\/","url_meta":{"origin":4297,"position":3},"title":"Singapour","author":"leoniebelanger","date":"f\u00e9vrier 17, 2026","format":false,"excerpt":"Singapore's Must-Reads Singapore's Must-Reads Singapore is more than a modern skyline \u2014 it\u2019s one of the most exciting destinations in Southeast Asia, where innovation, culture, and nature blend seamlessly. If you\u2019re planning a trip and searching for what to do in Singapore, this vibrant city-state offers everything from futuristic architecture\u2026","rel":"","context":"Similar post","block_context":{"text":"Similar post","link":""},"img":{"alt_text":"","src":"","width":0,"height":0},"classes":[]}],"jetpack_sharing_enabled":true,"_links":{"self":[{"href":"https:\/\/yourfavoritecanadian.com\/fr\/wp-json\/wp\/v2\/pages\/4297","targetHints":{"allow":["GET"]}}],"collection":[{"href":"https:\/\/yourfavoritecanadian.com\/fr\/wp-json\/wp\/v2\/pages"}],"about":[{"href":"https:\/\/yourfavoritecanadian.com\/fr\/wp-json\/wp\/v2\/types\/page"}],"author":[{"embeddable":true,"href":"https:\/\/yourfavoritecanadian.com\/fr\/wp-json\/wp\/v2\/users\/1"}],"replies":[{"embeddable":true,"href":"https:\/\/yourfavoritecanadian.com\/fr\/wp-json\/wp\/v2\/comments?post=4297"}],"version-history":[{"count":20,"href":"https:\/\/yourfavoritecanadian.com\/fr\/wp-json\/wp\/v2\/pages\/4297\/revisions"}],"predecessor-version":[{"id":8675,"href":"https:\/\/yourfavoritecanadian.com\/fr\/wp-json\/wp\/v2\/pages\/4297\/revisions\/8675"}],"wp:attachment":[{"href":"https:\/\/yourfavoritecanadian.com\/fr\/wp-json\/wp\/v2\/media?parent=4297"}],"curies":[{"name":"wp","href":"https:\/\/api.w.org\/{rel}","templated":true}]}}