{"id":4328,"date":"2024-10-09T14:09:57","date_gmt":"2024-10-09T18:09:57","guid":{"rendered":"https:\/\/yourfavoritecanadian.com\/?page_id=4328"},"modified":"2026-03-29T22:02:18","modified_gmt":"2026-03-30T02:02:18","slug":"europe","status":"publish","type":"page","link":"https:\/\/yourfavoritecanadian.com\/fr\/europe\/","title":{"rendered":"Europe"},"content":{"rendered":"<div class=\"gb-grid-wrapper gb-grid-wrapper-568e07af\">\n<div class=\"gb-grid-column gb-grid-column-0eea2028\"><div class=\"gb-container gb-container-0eea2028\">\n\n<a class=\"gb-button gb-button-30d770b0 gb-button-text\" href=\"https:\/\/yourfavoritecanadian.com\/fr\/albania\/\"><strong>ALBANIE<\/strong><\/a>\n\n<\/div><\/div>\n\n<div class=\"gb-grid-column gb-grid-column-a5583fa0\"><div class=\"gb-container gb-container-a5583fa0\">\n\n<a class=\"gb-button gb-button-6538b5de gb-button-text\" href=\"https:\/\/yourfavoritecanadian.com\/fr\/belgium\/\"><strong>BELGIQUE<\/strong><\/a>\n\n<\/div><\/div>\n\n<div class=\"gb-grid-column gb-grid-column-c3cb0a02\"><div class=\"gb-container gb-container-c3cb0a02\">\n\n<a class=\"gb-button gb-button-fb887692 gb-button-text\" href=\"https:\/\/yourfavoritecanadian.com\/fr\/bosnia-and-herzegovina\/\"><strong>BOSNIE<\/strong><\/a>\n\n<\/div><\/div>\n<\/div>\n\n<div class=\"gb-grid-wrapper gb-grid-wrapper-9e170b0d\">\n<div class=\"gb-grid-column gb-grid-column-9e34c432\"><div class=\"gb-container gb-container-9e34c432\">\n\n<a class=\"gb-button gb-button-8f3dd236 gb-button-text\" href=\"https:\/\/yourfavoritecanadian.com\/fr\/france-monaco\/\"><strong>FRANCE &#8211; MONACO<\/strong><\/a>\n\n<\/div><\/div>\n\n<div class=\"gb-grid-column gb-grid-column-387c1011\"><div class=\"gb-container gb-container-387c1011\">\n\n<a class=\"gb-button gb-button-b50e8618 gb-button-text\" href=\"https:\/\/yourfavoritecanadian.com\/fr\/greece\/\"><strong>GR\u00c8CE<\/strong><\/a>\n\n<\/div><\/div>\n\n<div class=\"gb-grid-column gb-grid-column-5a5b09ad\"><div class=\"gb-container gb-container-5a5b09ad\">\n\n<a class=\"gb-button gb-button-b443efd2 gb-button-text\" href=\"https:\/\/yourfavoritecanadian.com\/fr\/ireland\/\"><strong>IRLANDE<\/strong><\/a>\n\n<\/div><\/div>\n<\/div>\n\n<div class=\"gb-grid-wrapper gb-grid-wrapper-70ed5ced\">\n<div class=\"gb-grid-column gb-grid-column-889b3733\"><div class=\"gb-container gb-container-889b3733\">\n\n<a class=\"gb-button gb-button-24dbcf20 gb-button-text\" href=\"https:\/\/yourfavoritecanadian.com\/fr\/italy\/\"><strong>ITALIE<\/strong><\/a>\n\n<\/div><\/div>\n\n<div class=\"gb-grid-column gb-grid-column-5c0dfa8b\"><div class=\"gb-container gb-container-5c0dfa8b\">\n\n<a class=\"gb-button gb-button-d79bd1fd gb-button-text\" href=\"https:\/\/yourfavoritecanadian.com\/fr\/montenegro\/\"><strong>MONT\u00c9N\u00c9GRO<\/strong><\/a>\n\n<\/div><\/div>\n\n<div class=\"gb-grid-column gb-grid-column-7e0e5b61\"><div class=\"gb-container gb-container-7e0e5b61\">\n\n<a class=\"gb-button gb-button-206f2ffd gb-button-text\" href=\"https:\/\/yourfavoritecanadian.com\/fr\/portugal\/\"><strong>PORTUGAL<\/strong><\/a>\n\n<\/div><\/div>\n\n<div class=\"gb-grid-column gb-grid-column-30d6d96b\"><div class=\"gb-container gb-container-30d6d96b\">\n\n<a class=\"gb-button gb-button-2e6a9906 gb-button-text\" href=\"https:\/\/yourfavoritecanadian.com\/fr\/spain\/\"><strong>ESPAGNE<\/strong><\/a>\n\n<\/div><\/div>\n<\/div>\n\n\n<div style=\"height:10px\" aria-hidden=\"true\" class=\"wp-block-spacer\"><\/div>\n\n\n\n<hr class=\"wp-block-separator has-alpha-channel-opacity\"\/>\n\n\n\n<div style=\"height:10px\" aria-hidden=\"true\" class=\"wp-block-spacer\"><\/div>\n\n\n\n<p>L\u2019Europe, un continent riche en histoire et en culture, offre une multitude de r\u00e9cits \u00e0 d\u00e9couvrir. Des monuments embl\u00e9matiques de Lisbonne et de Rome aux paysages spectaculaires des \u00eeles grecques et des falaises de Moher, chaque destination d\u00e9voile une facette unique du patrimoine vibrant du continent. Jusqu\u2019\u00e0 pr\u00e9sent, nous avons explor\u00e9 dix pays remarquables.<\/p>\n\n\n\n<p class=\"translation-block\">Voyager \u00e0 travers ce continent fascinant, c\u2019est comme parcourir un mus\u00e9e \u00e0 ciel ouvert, o\u00f9 chaque rue, chaque place et chaque village c\u00f4tier raconte une histoire. Notre guide de voyage en Europe vous rapproche \u00e0 la fois des lieux incontournables et des tr\u00e9sors cach\u00e9s. Que vous vous promeniez dans les vignobles ensoleill\u00e9s de la France, longez les c\u00f4tes du Portugal ou vous perdiez dans les ruelles pleines de charme de l\u2019Italie, l\u2019Europe ne cesse de surprendre. Chaque destination est riche en saveurs, en art et en \u00e9motions, offrant un \u00e9quilibre parfait entre charme d\u2019antan et dynamisme moderne.<\/p>\n\n\n\n<p class=\"translation-block\">Pour les voyageurs \u00e0 la recherche d\u2019inspiration sur les plus beaux endroits \u00e0 visiter en Europe, les possibilit\u00e9s sont infinies. Passez vos matin\u00e9es \u00e0 explorer des march\u00e9s anim\u00e9s en Gr\u00e8ce ou en Irlande, vos apr\u00e8s-midis dans la campagne paisible de la Belgique, et vos soir\u00e9es \u00e0 profiter de l\u2019hospitalit\u00e9 chaleureuse de l\u2019Espagne. Chaque pays poss\u00e8de son propre rythme, des c\u00f4tes spectaculaires du Mont\u00e9n\u00e9gro aux villes m\u00e9di\u00e9vales de la Bosnie. Que vous soyez aventurier, amateur de gastronomie ou passionn\u00e9 de culture, il y a toujours quelque chose de nouveau \u00e0 d\u00e9couvrir.<\/p>\n\n\n\n<p class=\"translation-block\">Au-del\u00e0 des sites c\u00e9l\u00e8bres, il existe une multitude d\u2019activit\u00e9s \u00e0 faire en Europe qui vous plongent dans les traditions et le mode de vie local. Savourez des plats authentiques qui mettent en valeur la culture et la cuisine europ\u00e9enne, participez \u00e0 des festivals locaux ou laissez-vous simplement porter par vos d\u00e9couvertes. Nos id\u00e9es d\u2019itin\u00e9raires en Europe et nos suggestions de visites guid\u00e9es sont con\u00e7ues pour vous aider \u00e0 profiter pleinement de votre voyage. Cliquez sur un pays pour d\u00e9couvrir nos guides de voyage, les incontournables et bien plus encore.<\/p>\n\n\n\n<p><\/p>\n<p><a href=\"\/\/www.pinterest.com\/pin\/create\/button\/\" data-pin-do=\"buttonBookmark\" data-pin-color=\"red\" data-pin-height=\"128\"><img decoding=\"async\" data-src=\"\/\/assets.pinterest.com\/images\/pidgets\/pinit_fg_en_rect_red_28.png\" src=\"data:image\/svg+xml;base64,PHN2ZyB3aWR0aD0iMSIgaGVpZ2h0PSIxIiB4bWxucz0iaHR0cDovL3d3dy53My5vcmcvMjAwMC9zdmciPjwvc3ZnPg==\" class=\"lazyload\" \/><\/a><\/p>","protected":false},"excerpt":{"rendered":"<p>Europe, a continent rich in history and culture, offers a diverse array of stories waiting to be explored. From the iconic landmarks of Lisbon and Rome to the breathtaking landscapes &#8230; <a title=\"Europe\" class=\"read-more\" href=\"https:\/\/yourfavoritecanadian.com\/fr\/europe\/\" aria-label=\"Read more about Europe\">Read more<\/a><\/p>","protected":false},"author":1,"featured_media":0,"parent":0,"menu_order":0,"comment_status":"closed","ping_status":"closed","template":"","meta":{"om_disable_all_campaigns":false,"_monsterinsights_skip_tracking":false,"_monsterinsights_sitenote_active":false,"_monsterinsights_sitenote_note":"","_monsterinsights_sitenote_category":0,"jetpack_post_was_ever_published":false,"footnotes":""},"class_list":["post-4328","page","type-page","status-publish"],"aioseo_notices":[],"jetpack-related-posts":[{"id":3476,"url":"https:\/\/yourfavoritecanadian.com\/fr\/destinations\/","url_meta":{"origin":4328,"position":0},"title":"Destinations","author":"yourfavoritecanadian","date":"septembre 27, 2024","format":false,"excerpt":"Africa Americas Asia Europe Africa Africa Travel Destinations offer a blend of wild beauty, ancient history, and vibrant culture that captivate every traveler. From the majestic pyramids of Egypt to the colorful souks of Morocco, Africa is a continent that tells timeless stories through its landscapes and people. Our journeys\u2026","rel":"","context":"Similar post","block_context":{"text":"Similar post","link":""},"img":{"alt_text":"","src":"","width":0,"height":0},"classes":[]},{"id":7052,"url":"https:\/\/yourfavoritecanadian.com\/fr\/bosnia-and-herzegovina\/","url_meta":{"origin":4328,"position":1},"title":"Bosnie-Herz\u00e9govine","author":"yourfavoritecanadian","date":"mars 19, 2025","format":false,"excerpt":"Bosnia and Herzegovina's Must-Reads Mostar Sarajevo Bosnia and Herzegovina's Must-Reads Mostar - Sarajevo Bosnia and Herzegovina is a land where history, culture, and nature blend in a captivating harmony. With influences from the Ottoman, Austro-Hungarian, and Slavic worlds, the country offers travelers a journey that feels both ancient and alive.\u2026","rel":"","context":"Similar post","block_context":{"text":"Similar post","link":""},"img":{"alt_text":"","src":"","width":0,"height":0},"classes":[]},{"id":7042,"url":"https:\/\/yourfavoritecanadian.com\/fr\/france-monaco\/","url_meta":{"origin":4328,"position":2},"title":"France &#8211; Monaco","author":"yourfavoritecanadian","date":"mars 19, 2025","format":false,"excerpt":"France's Must-Reads Monaco's Must-Reads France's Must-Reads Monaco's Must-Reads Southern France and Monaco are destinations that beautifully blend old-world charm with modern elegance. Our travels in the south of France focus on iconic coastal cities like Marseille and Nice, where Mediterranean culture, history, and relaxed seaside living come together effortlessly. From\u2026","rel":"","context":"Similar post","block_context":{"text":"Similar post","link":""},"img":{"alt_text":"","src":"","width":0,"height":0},"classes":[]},{"id":7071,"url":"https:\/\/yourfavoritecanadian.com\/fr\/albania\/","url_meta":{"origin":4328,"position":3},"title":"Albanie","author":"yourfavoritecanadian","date":"mars 19, 2025","format":false,"excerpt":"Albania's Must-Reads Saranda Tirana Berat Albania's Must-Reads Saranda - Tirana - Berat Albania is one of Europe\u2019s most underrated gems \u2014 a country where rugged mountains meet the turquoise Adriatic coast, and history and hospitality go hand in hand. Our Albania Travel Guide takes you through a land filled with\u2026","rel":"","context":"Similar post","block_context":{"text":"Similar post","link":""},"img":{"alt_text":"","src":"","width":0,"height":0},"classes":[]}],"jetpack_sharing_enabled":true,"_links":{"self":[{"href":"https:\/\/yourfavoritecanadian.com\/fr\/wp-json\/wp\/v2\/pages\/4328","targetHints":{"allow":["GET"]}}],"collection":[{"href":"https:\/\/yourfavoritecanadian.com\/fr\/wp-json\/wp\/v2\/pages"}],"about":[{"href":"https:\/\/yourfavoritecanadian.com\/fr\/wp-json\/wp\/v2\/types\/page"}],"author":[{"embeddable":true,"href":"https:\/\/yourfavoritecanadian.com\/fr\/wp-json\/wp\/v2\/users\/1"}],"replies":[{"embeddable":true,"href":"https:\/\/yourfavoritecanadian.com\/fr\/wp-json\/wp\/v2\/comments?post=4328"}],"version-history":[{"count":20,"href":"https:\/\/yourfavoritecanadian.com\/fr\/wp-json\/wp\/v2\/pages\/4328\/revisions"}],"predecessor-version":[{"id":8698,"href":"https:\/\/yourfavoritecanadian.com\/fr\/wp-json\/wp\/v2\/pages\/4328\/revisions\/8698"}],"wp:attachment":[{"href":"https:\/\/yourfavoritecanadian.com\/fr\/wp-json\/wp\/v2\/media?parent=4328"}],"curies":[{"name":"wp","href":"https:\/\/api.w.org\/{rel}","templated":true}]}}