{"id":6104,"date":"2025-01-13T10:14:49","date_gmt":"2025-01-13T14:14:49","guid":{"rendered":"https:\/\/yourfavoritecanadian.com\/?page_id=6104"},"modified":"2026-03-28T16:10:03","modified_gmt":"2026-03-28T20:10:03","slug":"southeast","status":"publish","type":"page","link":"https:\/\/yourfavoritecanadian.com\/fr\/southeast\/","title":{"rendered":"Asie du Sud-Est"},"content":{"rendered":"<div class=\"gb-grid-wrapper gb-grid-wrapper-c9c513e9\">\n<div class=\"gb-grid-column gb-grid-column-a1140260\"><div class=\"gb-container gb-container-a1140260\">\n\n<a class=\"gb-button gb-button-93b8b08c gb-button-text\" href=\"https:\/\/yourfavoritecanadian.com\/fr\/bali\/\"><strong>BALI<\/strong><\/a>\n\n<\/div><\/div>\n\n<div class=\"gb-grid-column gb-grid-column-ecee6d02\"><div class=\"gb-container gb-container-ecee6d02\">\n\n<a class=\"gb-button gb-button-2d92d844 gb-button-text\" href=\"https:\/\/yourfavoritecanadian.com\/fr\/philippines\/\"><strong>PHILIPPINES<\/strong><\/a>\n\n<\/div><\/div>\n\n<div class=\"gb-grid-column gb-grid-column-2bc5583e\"><div class=\"gb-container gb-container-2bc5583e\">\n\n<a class=\"gb-button gb-button-9e9de34b gb-button-text\" href=\"https:\/\/yourfavoritecanadian.com\/fr\/thailand\/\"><strong>THA\u00cfLANDE<\/strong><\/a>\n\n<\/div><\/div>\n\n<div class=\"gb-grid-column gb-grid-column-8ed3fafe\"><div class=\"gb-container gb-container-8ed3fafe\">\n\n<a class=\"gb-button gb-button-3ea8f7b3 gb-button-text\" href=\"https:\/\/yourfavoritecanadian.com\/fr\/vietnam\/\"><strong>VIETNAM<\/strong><\/a>\n\n<\/div><\/div>\n<\/div>\n\n\n<div style=\"height:10px\" aria-hidden=\"true\" class=\"wp-block-spacer\"><\/div>\n\n\n\n<hr class=\"wp-block-separator has-alpha-channel-opacity\"\/>\n\n\n\n<div style=\"height:10px\" aria-hidden=\"true\" class=\"wp-block-spacer\"><\/div>\n\n\n\n<p class=\"translation-block\">L\u2019Asie du Sud-Est est une r\u00e9gion d\u2019une diversit\u00e9 remarquable, o\u00f9 paysages luxuriants, plages spectaculaires et villes dynamiques se r\u00e9unissent pour cr\u00e9er des exp\u00e9riences de voyage inoubliables. Des rivages paisibles de Bali aux rues anim\u00e9es de Hano\u00ef, chaque destination offre son propre charme et une richesse culturelle unique. Les voyageurs peuvent s\u2019immerger dans les traditions locales, savourer une cuisine r\u00e9gionale vari\u00e9e et explorer une histoire fascinante qui fa\u00e7onne chaque coin de la r\u00e9gion. Notre guide de voyage propose des conseils utiles et des recommandations pour rendre chaque s\u00e9jour agr\u00e9able, que vous planifiiez une escapade relaxante ou une aventure pleine de d\u00e9couvertes.<\/p>\n\n\n\n<p class=\"translation-block\">L\u2019aventure en Asie du Sud-Est est aussi vari\u00e9e que ses paysages. Partez en randonn\u00e9e dans des jungles tropicales, pagayez sur des rivi\u00e8res sinueuses ou plongez dans des eaux cristallines pour d\u00e9couvrir une vie marine exceptionnelle. Les exp\u00e9riences culturelles sont nombreuses, entre festivals color\u00e9s, march\u00e9s anim\u00e9s, temples anciens et sites patrimoniaux. Les visiteurs peuvent \u00e9galement vivre des moments authentiques avec les communaut\u00e9s locales, en d\u00e9couvrant des savoir-faire et des traditions transmis de g\u00e9n\u00e9ration en g\u00e9n\u00e9ration. Nos conseils incluent des informations pratiques sur les meilleures p\u00e9riodes pour voyager, des recommandations de s\u00e9curit\u00e9 et des id\u00e9es d\u2019activit\u00e9s pour rendre chaque voyage m\u00e9morable.<\/p>\n\n\n\n<p class=\"translation-block\">La r\u00e9gion propose \u00e9galement des destinations id\u00e9ales pour la d\u00e9tente, les voyages en famille et les aventures uniques. Les rizi\u00e8res en terrasses de Bali, les \u00eeles paradisiaques des Philippines, les villes dynamiques de la Tha\u00eflande et les tr\u00e9sors culturels du Vietnam offrent une grande vari\u00e9t\u00e9 d\u2019exp\u00e9riences pour tous les types de voyageurs. Chez Your Favorite Canadian, nous mettons en valeur le meilleur de l\u2019Asie du Sud-Est, en soulignant \u00e0 la fois les attractions populaires et les tr\u00e9sors cach\u00e9s qui rendent cette r\u00e9gion exceptionnelle. Cliquez sur un pays pour d\u00e9couvrir des guides d\u00e9taill\u00e9s, des conseils d\u2019initi\u00e9s et des recommandations pratiques afin de vivre l\u2019Asie du Sud-Est de mani\u00e8re enrichissante et authentique.<\/p>\n<p><a href=\"\/\/www.pinterest.com\/pin\/create\/button\/\" data-pin-do=\"buttonBookmark\" data-pin-color=\"red\" data-pin-height=\"128\"><img decoding=\"async\" data-src=\"\/\/assets.pinterest.com\/images\/pidgets\/pinit_fg_en_rect_red_28.png\" src=\"data:image\/svg+xml;base64,PHN2ZyB3aWR0aD0iMSIgaGVpZ2h0PSIxIiB4bWxucz0iaHR0cDovL3d3dy53My5vcmcvMjAwMC9zdmciPjwvc3ZnPg==\" class=\"lazyload\" \/><\/a><\/p>","protected":false},"excerpt":{"rendered":"<p>Southeast Asia is a region of stunning diversity, where lush landscapes, pristine beaches, and vibrant cities come together to create unforgettable travel experiences. From the serene shores of Bali to &#8230; <a title=\"Asie du Sud-Est\" class=\"read-more\" href=\"https:\/\/yourfavoritecanadian.com\/fr\/southeast\/\" aria-label=\"Read more about Southeast\">Read more<\/a><\/p>","protected":false},"author":1,"featured_media":0,"parent":0,"menu_order":0,"comment_status":"closed","ping_status":"closed","template":"","meta":{"om_disable_all_campaigns":false,"_monsterinsights_skip_tracking":false,"_monsterinsights_sitenote_active":false,"_monsterinsights_sitenote_note":"","_monsterinsights_sitenote_category":0,"jetpack_post_was_ever_published":false,"footnotes":""},"class_list":["post-6104","page","type-page","status-publish"],"aioseo_notices":[],"jetpack-related-posts":[{"id":4297,"url":"https:\/\/yourfavoritecanadian.com\/fr\/asia\/","url_meta":{"origin":6104,"position":0},"title":"Asie","author":"yourfavoritecanadian","date":"octobre 9, 2024","format":false,"excerpt":"Middle East QATAR UNITED ARAB EMIRATES Southeast BALI PHILIPPINES THAILAND VIETNAM Asia is a continent of incredible diversity, where ancient traditions coexist with modern life. From bustling city streets to serene landscapes, it offers experiences that stay with travelers long after they leave. Each destination has its own character, whether\u2026","rel":"","context":"Similar post","block_context":{"text":"Similar post","link":""},"img":{"alt_text":"","src":"","width":0,"height":0},"classes":[]},{"id":8548,"url":"https:\/\/yourfavoritecanadian.com\/fr\/singapore\/","url_meta":{"origin":6104,"position":1},"title":"Singapour","author":"leoniebelanger","date":"f\u00e9vrier 17, 2026","format":false,"excerpt":"Singapore's Must-Reads Singapore's Must-Reads Singapore is more than a modern skyline \u2014 it\u2019s one of the most exciting destinations in Southeast Asia, where innovation, culture, and nature blend seamlessly. If you\u2019re planning a trip and searching for what to do in Singapore, this vibrant city-state offers everything from futuristic architecture\u2026","rel":"","context":"Similar post","block_context":{"text":"Similar post","link":""},"img":{"alt_text":"","src":"","width":0,"height":0},"classes":[]}],"jetpack_sharing_enabled":true,"_links":{"self":[{"href":"https:\/\/yourfavoritecanadian.com\/fr\/wp-json\/wp\/v2\/pages\/6104","targetHints":{"allow":["GET"]}}],"collection":[{"href":"https:\/\/yourfavoritecanadian.com\/fr\/wp-json\/wp\/v2\/pages"}],"about":[{"href":"https:\/\/yourfavoritecanadian.com\/fr\/wp-json\/wp\/v2\/types\/page"}],"author":[{"embeddable":true,"href":"https:\/\/yourfavoritecanadian.com\/fr\/wp-json\/wp\/v2\/users\/1"}],"replies":[{"embeddable":true,"href":"https:\/\/yourfavoritecanadian.com\/fr\/wp-json\/wp\/v2\/comments?post=6104"}],"version-history":[{"count":10,"href":"https:\/\/yourfavoritecanadian.com\/fr\/wp-json\/wp\/v2\/pages\/6104\/revisions"}],"predecessor-version":[{"id":8679,"href":"https:\/\/yourfavoritecanadian.com\/fr\/wp-json\/wp\/v2\/pages\/6104\/revisions\/8679"}],"wp:attachment":[{"href":"https:\/\/yourfavoritecanadian.com\/fr\/wp-json\/wp\/v2\/media?parent=6104"}],"curies":[{"name":"wp","href":"https:\/\/api.w.org\/{rel}","templated":true}]}}