{"id":6107,"date":"2025-01-13T10:15:34","date_gmt":"2025-01-13T14:15:34","guid":{"rendered":"https:\/\/yourfavoritecanadian.com\/?page_id=6107"},"modified":"2026-03-28T16:05:01","modified_gmt":"2026-03-28T20:05:01","slug":"middle-east","status":"publish","type":"page","link":"https:\/\/yourfavoritecanadian.com\/fr\/middle-east\/","title":{"rendered":"Moyen-Orient"},"content":{"rendered":"<div class=\"gb-grid-wrapper gb-grid-wrapper-25a59d05\">\n<div class=\"gb-grid-column gb-grid-column-a52712c1\"><div class=\"gb-container gb-container-a52712c1\">\n\n<a class=\"gb-button gb-button-d35c74d8 gb-button-text\" href=\"https:\/\/yourfavoritecanadian.com\/fr\/qatar\/\">QATAR<\/a>\n\n<\/div><\/div>\n\n<div class=\"gb-grid-column gb-grid-column-c71b6192\"><div class=\"gb-container gb-container-c71b6192\">\n\n<a class=\"gb-button gb-button-3bcd39c6 gb-button-text\" href=\"https:\/\/yourfavoritecanadian.com\/fr\/united-arab-emirates\/\">\u00c9MIRATS ARABES UNIS<\/a>\n\n<\/div><\/div>\n<\/div>\n\n\n<div style=\"height:10px\" aria-hidden=\"true\" class=\"wp-block-spacer\"><\/div>\n\n\n\n<hr class=\"wp-block-separator has-alpha-channel-opacity\"\/>\n\n\n\n<div style=\"height:10px\" aria-hidden=\"true\" class=\"wp-block-spacer\"><\/div>\n\n\n\n<p>Le Moyen-Orient est une r\u00e9gion de contrastes fascinants, o\u00f9 traditions anciennes et innovations modernes se rencontrent. Des vastes d\u00e9serts aux horizons urbains scintillants, il offre des exp\u00e9riences qui captivent tous les voyageurs. Chaque destination poss\u00e8de son propre caract\u00e8re, que ce soit l\u2019architecture futuriste de Duba\u00ef ou la richesse culturelle de Doha. Explorer le Moyen-Orient, c\u2019est d\u00e9couvrir un univers de march\u00e9s anim\u00e9s, de sites historiques et de traditions immersives qui invitent \u00e0 voir le monde sous un angle diff\u00e9rent. Avec son m\u00e9lange d\u2019histoire, d\u2019aventure et d\u2019hospitalit\u00e9, la r\u00e9gion continue de s\u00e9duire les voyageurs en qu\u00eate d\u2019\u00e9motions et de d\u00e9couvertes culturelles.<\/p>\n\n\n\n<p class=\"translation-block\">L\u2019aventure au Moyen-Orient ne se limite pas aux villes. Les voyageurs peuvent partir en safari dans le d\u00e9sert, randonner \u00e0 travers des paysages escarp\u00e9s ou explorer des tr\u00e9sors culturels cach\u00e9s dans des quartiers anciens. Les r\u00e9gions c\u00f4ti\u00e8res offrent des occasions de d\u00e9tente et d\u2019activit\u00e9s nautiques, tandis que l\u2019int\u00e9rieur des terres r\u00e9v\u00e8le des sites historiques remontant \u00e0 des milliers d\u2019ann\u00e9es. Nos conseils de voyage pour le Moyen-Orient aident \u00e0 profiter pleinement de chaque s\u00e9jour, avec des recommandations sur les meilleures p\u00e9riodes pour voyager, les coutumes locales et les activit\u00e9s permettant de cr\u00e9er un lien plus profond avec la r\u00e9gion. Des souks traditionnels aux centres de divertissement modernes, chaque exp\u00e9rience ajoute une dimension unique \u00e0 l\u2019aventure.<\/p>\n\n\n\n<p class=\"translation-block\">Parmi les pays que nous avons explor\u00e9s, le Qatar et les \u00c9mirats arabes unis offrent chacun une exp\u00e9rience distincte. Doha allie modernit\u00e9 et richesse culturelle, avec ses mus\u00e9es, ses quartiers historiques et ses march\u00e9s anim\u00e9s. Les \u00c9mirats arabes unis, quant \u00e0 eux, proposent une vari\u00e9t\u00e9 d\u2019exp\u00e9riences impressionnantes, des rues dynamiques de Duba\u00ef aux paysages paisibles d\u2019Abou Dhabi. Chez Your Favorite Canadian, nous partageons des conseils et des guides mettant en lumi\u00e8re les meilleures destinations et exp\u00e9riences \u00e0 ne pas manquer. Cliquez sur un pays pour d\u00e9couvrir des guides d\u00e9taill\u00e9s, des conseils pratiques et des recommandations afin de vivre le Moyen-Orient de fa\u00e7on authentique et inoubliable.<\/p>\n<p><a href=\"\/\/www.pinterest.com\/pin\/create\/button\/\" data-pin-do=\"buttonBookmark\" data-pin-color=\"red\" data-pin-height=\"128\"><img decoding=\"async\" data-src=\"\/\/assets.pinterest.com\/images\/pidgets\/pinit_fg_en_rect_red_28.png\" src=\"data:image\/svg+xml;base64,PHN2ZyB3aWR0aD0iMSIgaGVpZ2h0PSIxIiB4bWxucz0iaHR0cDovL3d3dy53My5vcmcvMjAwMC9zdmciPjwvc3ZnPg==\" class=\"lazyload\" \/><\/a><\/p>","protected":false},"excerpt":{"rendered":"<p>The Middle East is a region of fascinating contrasts, where ancient traditions meet modern innovation. From sweeping deserts to glittering skylines, it offers experiences that captivate every traveler. Each destination &#8230; <a title=\"Moyen-Orient\" class=\"read-more\" href=\"https:\/\/yourfavoritecanadian.com\/fr\/middle-east\/\" aria-label=\"Read more about Middle East\">Read more<\/a><\/p>","protected":false},"author":1,"featured_media":0,"parent":0,"menu_order":0,"comment_status":"closed","ping_status":"closed","template":"","meta":{"om_disable_all_campaigns":false,"_monsterinsights_skip_tracking":false,"_monsterinsights_sitenote_active":false,"_monsterinsights_sitenote_note":"","_monsterinsights_sitenote_category":0,"jetpack_post_was_ever_published":false,"footnotes":""},"class_list":["post-6107","page","type-page","status-publish"],"aioseo_notices":[],"jetpack-related-posts":[{"id":4297,"url":"https:\/\/yourfavoritecanadian.com\/fr\/asia\/","url_meta":{"origin":6107,"position":0},"title":"Asie","author":"yourfavoritecanadian","date":"octobre 9, 2024","format":false,"excerpt":"Middle East QATAR UNITED ARAB EMIRATES Southeast BALI PHILIPPINES THAILAND VIETNAM Asia is a continent of incredible diversity, where ancient traditions coexist with modern life. From bustling city streets to serene landscapes, it offers experiences that stay with travelers long after they leave. Each destination has its own character, whether\u2026","rel":"","context":"Similar post","block_context":{"text":"Similar post","link":""},"img":{"alt_text":"","src":"","width":0,"height":0},"classes":[]}],"jetpack_sharing_enabled":true,"_links":{"self":[{"href":"https:\/\/yourfavoritecanadian.com\/fr\/wp-json\/wp\/v2\/pages\/6107","targetHints":{"allow":["GET"]}}],"collection":[{"href":"https:\/\/yourfavoritecanadian.com\/fr\/wp-json\/wp\/v2\/pages"}],"about":[{"href":"https:\/\/yourfavoritecanadian.com\/fr\/wp-json\/wp\/v2\/types\/page"}],"author":[{"embeddable":true,"href":"https:\/\/yourfavoritecanadian.com\/fr\/wp-json\/wp\/v2\/users\/1"}],"replies":[{"embeddable":true,"href":"https:\/\/yourfavoritecanadian.com\/fr\/wp-json\/wp\/v2\/comments?post=6107"}],"version-history":[{"count":8,"href":"https:\/\/yourfavoritecanadian.com\/fr\/wp-json\/wp\/v2\/pages\/6107\/revisions"}],"predecessor-version":[{"id":8676,"href":"https:\/\/yourfavoritecanadian.com\/fr\/wp-json\/wp\/v2\/pages\/6107\/revisions\/8676"}],"wp:attachment":[{"href":"https:\/\/yourfavoritecanadian.com\/fr\/wp-json\/wp\/v2\/media?parent=6107"}],"curies":[{"name":"wp","href":"https:\/\/api.w.org\/{rel}","templated":true}]}}