{"id":6751,"date":"2025-03-18T08:33:54","date_gmt":"2025-03-18T12:33:54","guid":{"rendered":"https:\/\/yourfavoritecanadian.com\/?page_id=6751"},"modified":"2026-03-29T22:30:42","modified_gmt":"2026-03-30T02:30:42","slug":"morocco","status":"publish","type":"page","link":"https:\/\/yourfavoritecanadian.com\/fr\/morocco\/","title":{"rendered":"Maroc"},"content":{"rendered":"<div class=\"wp-block-buttons is-content-justification-center is-layout-flex wp-container-core-buttons-is-layout-16018d1d wp-block-buttons-is-layout-flex\">\n<div class=\"wp-block-button\"><a class=\"wp-block-button__link wp-element-button\" href=\"#1-1\"><strong>Lectures incontournables<\/strong><\/a><\/div>\n\n\n\n<div class=\"wp-block-button\"><a class=\"wp-block-button__link wp-element-button\" href=\"#1-2\"><strong>Marrakech<\/strong><\/a><\/div>\n\n\n\n<div class=\"wp-block-button\"><a class=\"wp-block-button__link wp-element-button\" href=\"#1-2\"><strong>D\u00e9sert du Sahara<\/strong><\/a><\/div>\n\n\n\n<div class=\"wp-block-button\"><a class=\"wp-block-button__link wp-element-button\" href=\"#1-3\"><strong>Tanger<\/strong><\/a><\/div>\n\n\n\n<div class=\"wp-block-button\"><a class=\"wp-block-button__link wp-element-button\" href=\"#1-3\"><strong>F\u00e8s<\/strong><\/a><\/div>\n\n\n\n<div class=\"wp-block-button\"><a class=\"wp-block-button__link wp-element-button\" href=\"#1-3\"><strong>Chefchaouen<\/strong><\/a><\/div>\n<\/div>\n\n\n\n<hr class=\"wp-block-separator has-alpha-channel-opacity\"\/>\n\n\n\n<p class=\"has-text-align-center has-contrast-3-background-color has-background\" id=\"1-1\"><strong><a href=\"https:\/\/yourfavoritecanadian.com\/fr\/category\/moroccos-must-reads\/\" title=\"Morocco's Must-Reads\">Lectures incontournables<\/a><\/strong><\/p>\n\n\n<div class=\"pt-cv-wrapper\"><div class=\"pt-cv-view pt-cv-grid pt-cv-colsys\" id=\"pt-cv-view-096e407lwa\"><div data-id=\"pt-cv-page-1\" class=\"pt-cv-page\" data-cvc=\"3\"><div class=\"col-md-4 col-sm-12 col-xs-12 pt-cv-content-item pt-cv-1-col\" ><div class='pt-cv-ifield'><a href=\"https:\/\/yourfavoritecanadian.com\/fr\/10-fun-facts-about-morocco-uncover-the-magic-of-north-africa\/\" class=\"_self pt-cv-href-thumbnail pt-cv-thumb-default\" target=\"_self\" ><img decoding=\"async\" width=\"300\" height=\"225\" data-src=\"https:\/\/yourfavoritecanadian.com\/wp-content\/uploads\/2025\/04\/IMG_6091-300x225.jpeg\" class=\"pt-cv-thumbnail lazyload\" alt=\"\" data-srcset=\"https:\/\/yourfavoritecanadian.com\/wp-content\/uploads\/2025\/04\/IMG_6091-300x225.jpeg 300w, https:\/\/yourfavoritecanadian.com\/wp-content\/uploads\/2025\/04\/IMG_6091-1024x768.jpeg 1024w, https:\/\/yourfavoritecanadian.com\/wp-content\/uploads\/2025\/04\/IMG_6091-768x576.jpeg 768w, https:\/\/yourfavoritecanadian.com\/wp-content\/uploads\/2025\/04\/IMG_6091-16x12.jpeg 16w, https:\/\/yourfavoritecanadian.com\/wp-content\/uploads\/2025\/04\/IMG_6091.jpeg 1536w\" data-sizes=\"(max-width: 300px) 100vw, 300px\" src=\"data:image\/svg+xml;base64,PHN2ZyB3aWR0aD0iMSIgaGVpZ2h0PSIxIiB4bWxucz0iaHR0cDovL3d3dy53My5vcmcvMjAwMC9zdmciPjwvc3ZnPg==\" style=\"--smush-placeholder-width: 300px; --smush-placeholder-aspect-ratio: 300\/225;\" \/><\/a>\n<h4 class=\"pt-cv-title\"><a href=\"https:\/\/yourfavoritecanadian.com\/fr\/10-fun-facts-about-morocco-uncover-the-magic-of-north-africa\/\" class=\"_self\" target=\"_self\" >10 faits amusants sur le Maroc : D\u00e9couvrez la magie de l\u2019Afrique du Nord!<\/a><\/h4><\/div><\/div>\n<div class=\"col-md-4 col-sm-12 col-xs-12 pt-cv-content-item pt-cv-1-col\" ><div class='pt-cv-ifield'><a href=\"https:\/\/yourfavoritecanadian.com\/fr\/everything-you-need-to-know-about-morocco\/\" class=\"_self pt-cv-href-thumbnail pt-cv-thumb-default\" target=\"_self\" ><img decoding=\"async\" width=\"300\" height=\"225\" data-src=\"https:\/\/yourfavoritecanadian.com\/wp-content\/uploads\/2023\/10\/IMG_2073-300x225.jpg\" class=\"pt-cv-thumbnail lazyload\" alt=\"\" data-srcset=\"https:\/\/yourfavoritecanadian.com\/wp-content\/uploads\/2023\/10\/IMG_2073-300x225.jpg 300w, https:\/\/yourfavoritecanadian.com\/wp-content\/uploads\/2023\/10\/IMG_2073-1024x768.jpg 1024w, https:\/\/yourfavoritecanadian.com\/wp-content\/uploads\/2023\/10\/IMG_2073-768x576.jpg 768w, https:\/\/yourfavoritecanadian.com\/wp-content\/uploads\/2023\/10\/IMG_2073-1536x1152.jpg 1536w, https:\/\/yourfavoritecanadian.com\/wp-content\/uploads\/2023\/10\/IMG_2073-2048x1536.jpg 2048w, https:\/\/yourfavoritecanadian.com\/wp-content\/uploads\/2023\/10\/IMG_2073-16x12.jpg 16w\" data-sizes=\"(max-width: 300px) 100vw, 300px\" src=\"data:image\/svg+xml;base64,PHN2ZyB3aWR0aD0iMSIgaGVpZ2h0PSIxIiB4bWxucz0iaHR0cDovL3d3dy53My5vcmcvMjAwMC9zdmciPjwvc3ZnPg==\" style=\"--smush-placeholder-width: 300px; --smush-placeholder-aspect-ratio: 300\/225;\" \/><\/a>\n<h4 class=\"pt-cv-title\"><a href=\"https:\/\/yourfavoritecanadian.com\/fr\/everything-you-need-to-know-about-morocco\/\" class=\"_self\" target=\"_self\" >Guide de voyage du Maroc : Tout ce que vous devez savoir\u00a0<\/a><\/h4><\/div><\/div>\n<div class=\"col-md-4 col-sm-12 col-xs-12 pt-cv-content-item pt-cv-1-col\" ><div class='pt-cv-ifield'><a href=\"https:\/\/yourfavoritecanadian.com\/fr\/is-morocco-safe-for-solo-travelers\/\" class=\"_self pt-cv-href-thumbnail pt-cv-thumb-default\" target=\"_self\" ><img decoding=\"async\" width=\"300\" height=\"225\" data-src=\"https:\/\/yourfavoritecanadian.com\/wp-content\/uploads\/2024\/08\/IMG_7129-300x225.jpeg\" class=\"pt-cv-thumbnail lazyload\" alt=\"\" data-srcset=\"https:\/\/yourfavoritecanadian.com\/wp-content\/uploads\/2024\/08\/IMG_7129-300x225.jpeg 300w, https:\/\/yourfavoritecanadian.com\/wp-content\/uploads\/2024\/08\/IMG_7129-1024x768.jpeg 1024w, https:\/\/yourfavoritecanadian.com\/wp-content\/uploads\/2024\/08\/IMG_7129-768x576.jpeg 768w, https:\/\/yourfavoritecanadian.com\/wp-content\/uploads\/2024\/08\/IMG_7129-16x12.jpeg 16w, https:\/\/yourfavoritecanadian.com\/wp-content\/uploads\/2024\/08\/IMG_7129.jpeg 1535w\" data-sizes=\"(max-width: 300px) 100vw, 300px\" src=\"data:image\/svg+xml;base64,PHN2ZyB3aWR0aD0iMSIgaGVpZ2h0PSIxIiB4bWxucz0iaHR0cDovL3d3dy53My5vcmcvMjAwMC9zdmciPjwvc3ZnPg==\" style=\"--smush-placeholder-width: 300px; --smush-placeholder-aspect-ratio: 300\/225;\" \/><\/a>\n<h4 class=\"pt-cv-title\"><a href=\"https:\/\/yourfavoritecanadian.com\/fr\/is-morocco-safe-for-solo-travelers\/\" class=\"_self\" target=\"_self\" >Le Maroc est-il s\u00e9curitaire pour les voyageurs solo? Tout ce que vous devez savoir<\/a><\/h4><\/div><\/div>\n<div class=\"col-md-4 col-sm-12 col-xs-12 pt-cv-content-item pt-cv-1-col\" ><div class='pt-cv-ifield'><a href=\"https:\/\/yourfavoritecanadian.com\/fr\/where-to-go-in-morocco\/\" class=\"_self pt-cv-href-thumbnail pt-cv-thumb-default\" target=\"_self\" ><img decoding=\"async\" width=\"300\" height=\"225\" data-src=\"https:\/\/yourfavoritecanadian.com\/wp-content\/uploads\/2023\/10\/IMG_7497-300x225.jpeg\" class=\"pt-cv-thumbnail lazyload\" alt=\"\" data-srcset=\"https:\/\/yourfavoritecanadian.com\/wp-content\/uploads\/2023\/10\/IMG_7497-300x225.jpeg 300w, https:\/\/yourfavoritecanadian.com\/wp-content\/uploads\/2023\/10\/IMG_7497-1024x768.jpeg 1024w, https:\/\/yourfavoritecanadian.com\/wp-content\/uploads\/2023\/10\/IMG_7497-768x576.jpeg 768w, https:\/\/yourfavoritecanadian.com\/wp-content\/uploads\/2023\/10\/IMG_7497-1536x1152.jpeg 1536w, https:\/\/yourfavoritecanadian.com\/wp-content\/uploads\/2023\/10\/IMG_7497-2048x1536.jpeg 2048w, https:\/\/yourfavoritecanadian.com\/wp-content\/uploads\/2023\/10\/IMG_7497-16x12.jpeg 16w\" data-sizes=\"(max-width: 300px) 100vw, 300px\" src=\"data:image\/svg+xml;base64,PHN2ZyB3aWR0aD0iMSIgaGVpZ2h0PSIxIiB4bWxucz0iaHR0cDovL3d3dy53My5vcmcvMjAwMC9zdmciPjwvc3ZnPg==\" style=\"--smush-placeholder-width: 300px; --smush-placeholder-aspect-ratio: 300\/225;\" \/><\/a>\n<h4 class=\"pt-cv-title\"><a href=\"https:\/\/yourfavoritecanadian.com\/fr\/where-to-go-in-morocco\/\" class=\"_self\" target=\"_self\" >Les meilleures destinations au Maroc : Les incontournables \u00e0 visiter<\/a><\/h4><\/div><\/div><\/div><\/div><\/div>\n\n\n\n<div style=\"height:50px\" aria-hidden=\"true\" class=\"wp-block-spacer\"><\/div>\n\n\n\n<p class=\"has-text-align-center has-contrast-3-background-color has-background\" id=\"1-3\"><strong>Tanger - F\u00e8s - Chefchaouen<\/strong><\/p>\n\n\n<div class=\"pt-cv-wrapper\"><div class=\"pt-cv-view pt-cv-grid pt-cv-colsys\" id=\"pt-cv-view-fa3435fbw8\"><div data-id=\"pt-cv-page-1\" class=\"pt-cv-page\" data-cvc=\"3\"><div class=\"col-md-4 col-sm-12 col-xs-12 pt-cv-content-item pt-cv-1-col\" ><div class='pt-cv-ifield'><a href=\"https:\/\/yourfavoritecanadian.com\/fr\/7-of-the-best-things-to-do-in-chefchaouen-morocco\/\" class=\"_self pt-cv-href-thumbnail pt-cv-thumb-default\" target=\"_self\" ><img decoding=\"async\" width=\"300\" height=\"225\" data-src=\"https:\/\/yourfavoritecanadian.com\/wp-content\/uploads\/2024\/10\/IMG_7495-300x225.jpeg\" class=\"pt-cv-thumbnail lazyload\" alt=\"\" data-srcset=\"https:\/\/yourfavoritecanadian.com\/wp-content\/uploads\/2024\/10\/IMG_7495-300x225.jpeg 300w, https:\/\/yourfavoritecanadian.com\/wp-content\/uploads\/2024\/10\/IMG_7495-1024x768.jpeg 1024w, https:\/\/yourfavoritecanadian.com\/wp-content\/uploads\/2024\/10\/IMG_7495-768x576.jpeg 768w, https:\/\/yourfavoritecanadian.com\/wp-content\/uploads\/2024\/10\/IMG_7495-1536x1152.jpeg 1536w, https:\/\/yourfavoritecanadian.com\/wp-content\/uploads\/2024\/10\/IMG_7495-16x12.jpeg 16w, https:\/\/yourfavoritecanadian.com\/wp-content\/uploads\/2024\/10\/IMG_7495.jpeg 2048w\" data-sizes=\"(max-width: 300px) 100vw, 300px\" src=\"data:image\/svg+xml;base64,PHN2ZyB3aWR0aD0iMSIgaGVpZ2h0PSIxIiB4bWxucz0iaHR0cDovL3d3dy53My5vcmcvMjAwMC9zdmciPjwvc3ZnPg==\" style=\"--smush-placeholder-width: 300px; --smush-placeholder-aspect-ratio: 300\/225;\" \/><\/a>\n<h4 class=\"pt-cv-title\"><a href=\"https:\/\/yourfavoritecanadian.com\/fr\/7-of-the-best-things-to-do-in-chefchaouen-morocco\/\" class=\"_self\" target=\"_self\" >7 meilleures activit\u00e9s \u00e0 faire \u00e0 Chefchaouen, Maroc (guide complet)<\/a><\/h4><\/div><\/div>\n<div class=\"col-md-4 col-sm-12 col-xs-12 pt-cv-content-item pt-cv-1-col\" ><div class='pt-cv-ifield'><a href=\"https:\/\/yourfavoritecanadian.com\/fr\/7-best-things-to-do-in-tangier-morocco-ultimate-travel-guide\/\" class=\"_self pt-cv-href-thumbnail pt-cv-thumb-default\" target=\"_self\" ><img decoding=\"async\" width=\"300\" height=\"225\" data-src=\"https:\/\/yourfavoritecanadian.com\/wp-content\/uploads\/2025\/02\/IMG_1835-300x225.jpeg\" class=\"pt-cv-thumbnail lazyload\" alt=\"\" data-srcset=\"https:\/\/yourfavoritecanadian.com\/wp-content\/uploads\/2025\/02\/IMG_1835-300x225.jpeg 300w, https:\/\/yourfavoritecanadian.com\/wp-content\/uploads\/2025\/02\/IMG_1835-1024x768.jpeg 1024w, https:\/\/yourfavoritecanadian.com\/wp-content\/uploads\/2025\/02\/IMG_1835-768x576.jpeg 768w, https:\/\/yourfavoritecanadian.com\/wp-content\/uploads\/2025\/02\/IMG_1835-1536x1152.jpeg 1536w, https:\/\/yourfavoritecanadian.com\/wp-content\/uploads\/2025\/02\/IMG_1835-16x12.jpeg 16w, https:\/\/yourfavoritecanadian.com\/wp-content\/uploads\/2025\/02\/IMG_1835.jpeg 2048w\" data-sizes=\"(max-width: 300px) 100vw, 300px\" src=\"data:image\/svg+xml;base64,PHN2ZyB3aWR0aD0iMSIgaGVpZ2h0PSIxIiB4bWxucz0iaHR0cDovL3d3dy53My5vcmcvMjAwMC9zdmciPjwvc3ZnPg==\" style=\"--smush-placeholder-width: 300px; --smush-placeholder-aspect-ratio: 300\/225;\" \/><\/a>\n<h4 class=\"pt-cv-title\"><a href=\"https:\/\/yourfavoritecanadian.com\/fr\/7-best-things-to-do-in-tangier-morocco-ultimate-travel-guide\/\" class=\"_self\" target=\"_self\" >7 des meilleures activit\u00e9s \u00e0 faire \u00e0 Tanger, Maroc : Guide de voyage ultime<\/a><\/h4><\/div><\/div>\n<div class=\"col-md-4 col-sm-12 col-xs-12 pt-cv-content-item pt-cv-1-col\" ><div class='pt-cv-ifield'><a href=\"https:\/\/yourfavoritecanadian.com\/fr\/8-must-see-attractions-in-fes-morocco-your-ultimate-travel-guide\/\" class=\"_self pt-cv-href-thumbnail pt-cv-thumb-default\" target=\"_self\" ><img decoding=\"async\" width=\"300\" height=\"225\" data-src=\"https:\/\/yourfavoritecanadian.com\/wp-content\/uploads\/2025\/01\/IMG_1834-300x225.jpeg\" class=\"pt-cv-thumbnail lazyload\" alt=\"\" data-srcset=\"https:\/\/yourfavoritecanadian.com\/wp-content\/uploads\/2025\/01\/IMG_1834-300x225.jpeg 300w, https:\/\/yourfavoritecanadian.com\/wp-content\/uploads\/2025\/01\/IMG_1834-1024x768.jpeg 1024w, https:\/\/yourfavoritecanadian.com\/wp-content\/uploads\/2025\/01\/IMG_1834-768x576.jpeg 768w, https:\/\/yourfavoritecanadian.com\/wp-content\/uploads\/2025\/01\/IMG_1834-1536x1152.jpeg 1536w, https:\/\/yourfavoritecanadian.com\/wp-content\/uploads\/2025\/01\/IMG_1834-16x12.jpeg 16w, https:\/\/yourfavoritecanadian.com\/wp-content\/uploads\/2025\/01\/IMG_1834.jpeg 2048w\" data-sizes=\"(max-width: 300px) 100vw, 300px\" src=\"data:image\/svg+xml;base64,PHN2ZyB3aWR0aD0iMSIgaGVpZ2h0PSIxIiB4bWxucz0iaHR0cDovL3d3dy53My5vcmcvMjAwMC9zdmciPjwvc3ZnPg==\" style=\"--smush-placeholder-width: 300px; --smush-placeholder-aspect-ratio: 300\/225;\" \/><\/a>\n<h4 class=\"pt-cv-title\"><a href=\"https:\/\/yourfavoritecanadian.com\/fr\/8-must-see-attractions-in-fes-morocco-your-ultimate-travel-guide\/\" class=\"_self\" target=\"_self\" >8 incontournables \u00e0 faire \u00e0 F\u00e8s, Maroc : Votre guide de voyage ultime<\/a><\/h4><\/div><\/div><\/div><\/div><\/div>\n\n\n\n<div style=\"height:10px\" aria-hidden=\"true\" class=\"wp-block-spacer\"><\/div>\n\n\n\n<hr class=\"wp-block-separator has-alpha-channel-opacity\"\/>\n\n\n\n<div style=\"height:10px\" aria-hidden=\"true\" class=\"wp-block-spacer\"><\/div>\n\n\n\n<p class=\"translation-block\">Le Maroc est un pays qui \u00e9veille les sens, o\u00f9 de vastes paysages d\u00e9sertiques rencontrent des montagnes escarp\u00e9es et o\u00f9 des traditions ancestrales se m\u00ealent harmonieusement \u00e0 la vie moderne. Des rues bleues vibrantes de Chefchaouen aux souks anim\u00e9s de Marrakech, chaque coin de ce joyau d\u2019Afrique du Nord raconte sa propre histoire. La richesse historique du Maroc, ses march\u00e9s color\u00e9s et la diversit\u00e9 de ses paysages en font une destination remplie d\u2019exp\u00e9riences inoubliables. Ce guide de voyage au Maroc vous offre un aper\u00e7u de sa culture, de son patrimoine et de ses merveilles naturelles, afin de vous aider \u00e0 planifier un voyage \u00e9quilibr\u00e9 entre aventure, d\u00e9tente et immersion culturelle.<\/p>\n\n\n\n<p class=\"translation-block\">Marrakech est une destination incontournable pour tous ceux qui visitent le Maroc. Promenez-vous dans sa m\u00e9dina anim\u00e9e, admirez l\u2019architecture raffin\u00e9e de ses palais et jardins, et impr\u00e9gnez-vous de l\u2019ambiance de la place Jemaa el-Fna, o\u00f9 artistes de rue, stands de nourriture et artisans donnent vie \u00e0 la ville. Pour les amateurs de plein air, la randonn\u00e9e dans les montagnes de l\u2019Atlas offre des paysages \u00e0 couper le souffle ainsi que l\u2019occasion de rencontrer les communaut\u00e9s berb\u00e8res locales. En allant plus loin, les excursions dans le d\u00e9sert du Sahara au Maroc permettent de d\u00e9couvrir des dunes ondulantes, des balades \u00e0 dos de chameau et des nuits sous un ciel \u00e9toil\u00e9. Tout au long du voyage, vous pourrez savourer la cuisine marocaine, la musique et les traditions, rendant chaque moment m\u00e9morable et enrichissant.<\/p>\n\n\n\n<p class=\"translation-block\">Au-del\u00e0 des grandes villes, le Maroc regorge de tr\u00e9sors cach\u00e9s. Des villes c\u00f4ti\u00e8res comme Essaouira offrent des rues charmantes, une architecture historique et des vues sur l\u2019oc\u00e9an, tandis que les ruelles bleues paisibles de Chefchaouen sont parfaites pour se promener et prendre des photos. S\u00e9journer dans des riads traditionnels permet de d\u00e9couvrir l\u2019hospitalit\u00e9 marocaine authentique, tandis que participer \u00e0 des festivals au Maroc met en lumi\u00e8re la musique, la danse et les c\u00e9l\u00e9brations culturelles du pays. Des march\u00e9s anim\u00e9s aux villages de montagne paisibles, il y en a pour tous les types de voyageurs. Utilisez les conseils et les recommandations de Your Favorite Canadian pour planifier votre aventure au Maroc et commencez \u00e0 cr\u00e9er un voyage rempli de souvenirs inoubliables.<\/p>\n\n\n\n<p><\/p>\n<p><a href=\"\/\/www.pinterest.com\/pin\/create\/button\/\" data-pin-do=\"buttonBookmark\" data-pin-color=\"red\" data-pin-height=\"128\"><img decoding=\"async\" data-src=\"\/\/assets.pinterest.com\/images\/pidgets\/pinit_fg_en_rect_red_28.png\" src=\"data:image\/svg+xml;base64,PHN2ZyB3aWR0aD0iMSIgaGVpZ2h0PSIxIiB4bWxucz0iaHR0cDovL3d3dy53My5vcmcvMjAwMC9zdmciPjwvc3ZnPg==\" class=\"lazyload\" \/><\/a><\/p>","protected":false},"excerpt":{"rendered":"<p>Morocco&#8217;s Must-Reads Tangier &#8211; Fes &#8211; Chefchaouen Morocco is a country that awakens the senses \u2014 where vast desert landscapes meet rugged mountains, and centuries-old traditions blend seamlessly with modern &#8230; <a title=\"Maroc\" class=\"read-more\" href=\"https:\/\/yourfavoritecanadian.com\/fr\/morocco\/\" aria-label=\"Read more about Morocco\">Read more<\/a><\/p>","protected":false},"author":1,"featured_media":0,"parent":0,"menu_order":0,"comment_status":"closed","ping_status":"closed","template":"","meta":{"om_disable_all_campaigns":false,"_monsterinsights_skip_tracking":false,"_monsterinsights_sitenote_active":false,"_monsterinsights_sitenote_note":"","_monsterinsights_sitenote_category":0,"jetpack_post_was_ever_published":false,"footnotes":""},"class_list":["post-6751","page","type-page","status-publish"],"aioseo_notices":[],"jetpack-related-posts":[{"id":3855,"url":"https:\/\/yourfavoritecanadian.com\/fr\/africa\/","url_meta":{"origin":6751,"position":0},"title":"Afrique","author":"yourfavoritecanadian","date":"octobre 3, 2024","format":false,"excerpt":"EGYPT MOROCCO Africa is a vast and diverse continent, boasting fascinating landscapes and cultures. So far, we have explored Egypt and Morocco, two iconic destinations. From the towering dunes of the Sahara to the lush plains of the Serengeti, every corner of Africa offers a unique blend of nature, heritage,\u2026","rel":"","context":"Similar post","block_context":{"text":"Similar post","link":""},"img":{"alt_text":"","src":"","width":0,"height":0},"classes":[]},{"id":3476,"url":"https:\/\/yourfavoritecanadian.com\/fr\/destinations\/","url_meta":{"origin":6751,"position":1},"title":"Destinations","author":"yourfavoritecanadian","date":"septembre 27, 2024","format":false,"excerpt":"Africa Americas Asia Europe Africa Africa Travel Destinations offer a blend of wild beauty, ancient history, and vibrant culture that captivate every traveler. From the majestic pyramids of Egypt to the colorful souks of Morocco, Africa is a continent that tells timeless stories through its landscapes and people. Our journeys\u2026","rel":"","context":"Similar post","block_context":{"text":"Similar post","link":""},"img":{"alt_text":"","src":"","width":0,"height":0},"classes":[]},{"id":6876,"url":"https:\/\/yourfavoritecanadian.com\/fr\/united-arab-emirates\/","url_meta":{"origin":6751,"position":2},"title":"\u00c9mirates Arabe Unis","author":"yourfavoritecanadian","date":"mars 18, 2025","format":false,"excerpt":"Dubai's Must-Reads Dubai's Activities Dubai's Must-Reads Dubai's Activities The United Arab Emirates is a land of striking contrasts, where ultramodern cities rise alongside vast deserts and centuries-old traditions thrive. From the dazzling skyline of Dubai to the cultural richness of Abu Dhabi, the country offers experiences that are both thrilling\u2026","rel":"","context":"Similar post","block_context":{"text":"Similar post","link":""},"img":{"alt_text":"","src":"","width":0,"height":0},"classes":[]},{"id":6765,"url":"https:\/\/yourfavoritecanadian.com\/fr\/egypt\/","url_meta":{"origin":6751,"position":3},"title":"\u00c9gypte","author":"yourfavoritecanadian","date":"mars 18, 2025","format":false,"excerpt":"Egypt's Must-Reads Cairo The Pyramids Egypt's Must-Reads Cairo - The Pyramids Egypt is a land that captures the imagination like few places on Earth. From the bustling streets of Cairo to the vast deserts and the winding Nile, every corner of this ancient country has a story to tell. Here,\u2026","rel":"","context":"Similar post","block_context":{"text":"Similar post","link":""},"img":{"alt_text":"","src":"","width":0,"height":0},"classes":[]},{"id":6799,"url":"https:\/\/yourfavoritecanadian.com\/fr\/aruba\/","url_meta":{"origin":6751,"position":4},"title":"Aruba","author":"yourfavoritecanadian","date":"mars 18, 2025","format":false,"excerpt":"Aruba's Must-Reads Arikok National Park Andicuri Bay Oranjestad Sint-Nicolaas Santa Cruz Aruba's Must-Reads Arikok National Park - Andicuri Bay Oranjestad - Sint Nicolaas - Santa Cruz Aruba is a Caribbean gem where golden beaches meet crystal-clear waters, offering travelers the perfect mix of relaxation and exploration. From the lively streets\u2026","rel":"","context":"Similar post","block_context":{"text":"Similar post","link":""},"img":{"alt_text":"","src":"","width":0,"height":0},"classes":[]},{"id":6825,"url":"https:\/\/yourfavoritecanadian.com\/fr\/mexico\/","url_meta":{"origin":6751,"position":5},"title":"Mexique","author":"yourfavoritecanadian","date":"mars 18, 2025","format":false,"excerpt":"Mexico's Must-Reads Yelapa Mexico's Must-Reads Yelapa Mexico is a land that captures the heart with its color, rhythm, and warmth. From ancient ruins to golden beaches, every corner of this country tells a story that lingers long after your journey ends. The Mexico travel guide invites you to experience a\u2026","rel":"","context":"Similar post","block_context":{"text":"Similar post","link":""},"img":{"alt_text":"","src":"","width":0,"height":0},"classes":[]}],"jetpack_sharing_enabled":true,"_links":{"self":[{"href":"https:\/\/yourfavoritecanadian.com\/fr\/wp-json\/wp\/v2\/pages\/6751","targetHints":{"allow":["GET"]}}],"collection":[{"href":"https:\/\/yourfavoritecanadian.com\/fr\/wp-json\/wp\/v2\/pages"}],"about":[{"href":"https:\/\/yourfavoritecanadian.com\/fr\/wp-json\/wp\/v2\/types\/page"}],"author":[{"embeddable":true,"href":"https:\/\/yourfavoritecanadian.com\/fr\/wp-json\/wp\/v2\/users\/1"}],"replies":[{"embeddable":true,"href":"https:\/\/yourfavoritecanadian.com\/fr\/wp-json\/wp\/v2\/comments?post=6751"}],"version-history":[{"count":12,"href":"https:\/\/yourfavoritecanadian.com\/fr\/wp-json\/wp\/v2\/pages\/6751\/revisions"}],"predecessor-version":[{"id":8703,"href":"https:\/\/yourfavoritecanadian.com\/fr\/wp-json\/wp\/v2\/pages\/6751\/revisions\/8703"}],"wp:attachment":[{"href":"https:\/\/yourfavoritecanadian.com\/fr\/wp-json\/wp\/v2\/media?parent=6751"}],"curies":[{"name":"wp","href":"https:\/\/api.w.org\/{rel}","templated":true}]}}