{"id":6777,"date":"2025-03-18T09:12:02","date_gmt":"2025-03-18T13:12:02","guid":{"rendered":"https:\/\/yourfavoritecanadian.com\/?page_id=6777"},"modified":"2026-03-28T15:37:28","modified_gmt":"2026-03-28T19:37:28","slug":"canada","status":"publish","type":"page","link":"https:\/\/yourfavoritecanadian.com\/fr\/canada\/","title":{"rendered":"Canada"},"content":{"rendered":"<div class=\"wp-block-buttons is-content-justification-center is-layout-flex wp-container-core-buttons-is-layout-16018d1d wp-block-buttons-is-layout-flex\">\n<div class=\"wp-block-button\"><a class=\"wp-block-button__link wp-element-button\" href=\"#1-1\"><strong>Lectures incontournables<\/strong><\/a><\/div>\n\n\n\n<div class=\"wp-block-button\"><a class=\"wp-block-button__link wp-element-button\" href=\"#1-2\"><strong>Ottawa<\/strong><\/a><\/div>\n\n\n\n<div class=\"wp-block-button\"><a class=\"wp-block-button__link wp-element-button\" href=\"#1-2\"><strong>Toronto<\/strong><\/a><\/div>\n<\/div>\n\n\n\n<hr class=\"wp-block-separator has-alpha-channel-opacity\"\/>\n\n\n\n<p class=\"has-text-align-center has-base-2-background-color has-background\" id=\"1-1\"><strong>Lectures incontournables<\/strong><\/p>\n\n\n<div class=\"pt-cv-wrapper\"><div class=\"pt-cv-view pt-cv-grid pt-cv-colsys\" id=\"pt-cv-view-ea0393dl6g\"><div data-id=\"pt-cv-page-1\" class=\"pt-cv-page\" data-cvc=\"2\"><div class=\"col-md-6 col-sm-12 col-xs-12 pt-cv-content-item pt-cv-1-col\" ><div class='pt-cv-ifield'><a href=\"https:\/\/yourfavoritecanadian.com\/fr\/10-fun-facts-about-canada-that-will-make-you-want-to-visit\/\" class=\"_self pt-cv-href-thumbnail pt-cv-thumb-default\" target=\"_self\" ><img decoding=\"async\" width=\"300\" height=\"225\" data-src=\"https:\/\/yourfavoritecanadian.com\/wp-content\/uploads\/2024\/10\/IMG_8709-300x225.jpeg\" class=\"pt-cv-thumbnail lazyload\" alt=\"\" data-srcset=\"https:\/\/yourfavoritecanadian.com\/wp-content\/uploads\/2024\/10\/IMG_8709-300x225.jpeg 300w, https:\/\/yourfavoritecanadian.com\/wp-content\/uploads\/2024\/10\/IMG_8709-1024x768.jpeg 1024w, https:\/\/yourfavoritecanadian.com\/wp-content\/uploads\/2024\/10\/IMG_8709-768x576.jpeg 768w, https:\/\/yourfavoritecanadian.com\/wp-content\/uploads\/2024\/10\/IMG_8709-1536x1152.jpeg 1536w, https:\/\/yourfavoritecanadian.com\/wp-content\/uploads\/2024\/10\/IMG_8709-16x12.jpeg 16w, https:\/\/yourfavoritecanadian.com\/wp-content\/uploads\/2024\/10\/IMG_8709.jpeg 2048w\" data-sizes=\"(max-width: 300px) 100vw, 300px\" src=\"data:image\/svg+xml;base64,PHN2ZyB3aWR0aD0iMSIgaGVpZ2h0PSIxIiB4bWxucz0iaHR0cDovL3d3dy53My5vcmcvMjAwMC9zdmciPjwvc3ZnPg==\" style=\"--smush-placeholder-width: 300px; --smush-placeholder-aspect-ratio: 300\/225;\" \/><\/a>\n<h4 class=\"pt-cv-title\"><a href=\"https:\/\/yourfavoritecanadian.com\/fr\/10-fun-facts-about-canada-that-will-make-you-want-to-visit\/\" class=\"_self\" target=\"_self\" >10 faits surprenants sur le Canada qui vous donneront envie de visiter!<\/a><\/h4><\/div><\/div>\n<div class=\"col-md-6 col-sm-12 col-xs-12 pt-cv-content-item pt-cv-1-col\" ><div class='pt-cv-ifield'><a href=\"https:\/\/yourfavoritecanadian.com\/fr\/how-to-adopt-a-dog-from-costa-rica-to-canada\/\" class=\"_self pt-cv-href-thumbnail pt-cv-thumb-default\" target=\"_self\" ><img decoding=\"async\" width=\"300\" height=\"225\" data-src=\"https:\/\/yourfavoritecanadian.com\/wp-content\/uploads\/2023\/11\/IMG_7094-300x225.jpeg\" class=\"pt-cv-thumbnail lazyload\" alt=\"\" data-srcset=\"https:\/\/yourfavoritecanadian.com\/wp-content\/uploads\/2023\/11\/IMG_7094-300x225.jpeg 300w, https:\/\/yourfavoritecanadian.com\/wp-content\/uploads\/2023\/11\/IMG_7094-1024x768.jpeg 1024w, https:\/\/yourfavoritecanadian.com\/wp-content\/uploads\/2023\/11\/IMG_7094-768x576.jpeg 768w, https:\/\/yourfavoritecanadian.com\/wp-content\/uploads\/2023\/11\/IMG_7094-1536x1152.jpeg 1536w, https:\/\/yourfavoritecanadian.com\/wp-content\/uploads\/2023\/11\/IMG_7094-16x12.jpeg 16w, https:\/\/yourfavoritecanadian.com\/wp-content\/uploads\/2023\/11\/IMG_7094.jpeg 2048w\" data-sizes=\"(max-width: 300px) 100vw, 300px\" src=\"data:image\/svg+xml;base64,PHN2ZyB3aWR0aD0iMSIgaGVpZ2h0PSIxIiB4bWxucz0iaHR0cDovL3d3dy53My5vcmcvMjAwMC9zdmciPjwvc3ZnPg==\" style=\"--smush-placeholder-width: 300px; --smush-placeholder-aspect-ratio: 300\/225;\" \/><\/a>\n<h4 class=\"pt-cv-title\"><a href=\"https:\/\/yourfavoritecanadian.com\/fr\/how-to-adopt-a-dog-from-costa-rica-to-canada\/\" class=\"_self\" target=\"_self\" >Comment adopter un chien du Costa Rica au Canada : Tout ce que vous devez savoir<\/a><\/h4><\/div><\/div><\/div><\/div><\/div>\n\n\n\n<div style=\"height:50px\" aria-hidden=\"true\" class=\"wp-block-spacer\"><\/div>\n\n\n\n<p class=\"has-text-align-center has-base-2-background-color has-background\" id=\"1-2\"><strong>Ottawa &#8211; Toronto<\/strong><\/p>\n\n\n<div class=\"pt-cv-wrapper\"><div class=\"pt-cv-view pt-cv-grid pt-cv-colsys\" id=\"pt-cv-view-d022802xar\"><div data-id=\"pt-cv-page-1\" class=\"pt-cv-page\" data-cvc=\"3\"><div class=\"col-md-4 col-sm-12 col-xs-12 pt-cv-content-item pt-cv-1-col\" ><div class='pt-cv-ifield'><a href=\"https:\/\/yourfavoritecanadian.com\/fr\/top-things-to-do-in-ottawa-a-seasonal-guide-for-the-perfect-visit\/\" class=\"_self pt-cv-href-thumbnail pt-cv-thumb-default\" target=\"_self\" ><img decoding=\"async\" width=\"300\" height=\"225\" data-src=\"https:\/\/yourfavoritecanadian.com\/wp-content\/uploads\/2024\/11\/IMG_8823-300x225.jpeg\" class=\"pt-cv-thumbnail lazyload\" alt=\"\" data-srcset=\"https:\/\/yourfavoritecanadian.com\/wp-content\/uploads\/2024\/11\/IMG_8823-300x225.jpeg 300w, https:\/\/yourfavoritecanadian.com\/wp-content\/uploads\/2024\/11\/IMG_8823-1024x768.jpeg 1024w, https:\/\/yourfavoritecanadian.com\/wp-content\/uploads\/2024\/11\/IMG_8823-768x576.jpeg 768w, https:\/\/yourfavoritecanadian.com\/wp-content\/uploads\/2024\/11\/IMG_8823-1536x1152.jpeg 1536w, https:\/\/yourfavoritecanadian.com\/wp-content\/uploads\/2024\/11\/IMG_8823-16x12.jpeg 16w, https:\/\/yourfavoritecanadian.com\/wp-content\/uploads\/2024\/11\/IMG_8823.jpeg 2048w\" data-sizes=\"(max-width: 300px) 100vw, 300px\" src=\"data:image\/svg+xml;base64,PHN2ZyB3aWR0aD0iMSIgaGVpZ2h0PSIxIiB4bWxucz0iaHR0cDovL3d3dy53My5vcmcvMjAwMC9zdmciPjwvc3ZnPg==\" style=\"--smush-placeholder-width: 300px; --smush-placeholder-aspect-ratio: 300\/225;\" \/><\/a>\n<h4 class=\"pt-cv-title\"><a href=\"https:\/\/yourfavoritecanadian.com\/fr\/top-things-to-do-in-ottawa-a-seasonal-guide-for-the-perfect-visit\/\" class=\"_self\" target=\"_self\" >Meilleures activit\u00e9s \u00e0 Ottawa : Guide saisonnier ultime<\/a><\/h4><\/div><\/div>\n<div class=\"col-md-4 col-sm-12 col-xs-12 pt-cv-content-item pt-cv-1-col\" ><div class='pt-cv-ifield'><a href=\"https:\/\/yourfavoritecanadian.com\/fr\/6-of-the-best-things-to-do-in-toronto\/\" class=\"_self pt-cv-href-thumbnail pt-cv-thumb-default\" target=\"_self\" ><img decoding=\"async\" width=\"300\" height=\"225\" data-src=\"https:\/\/yourfavoritecanadian.com\/wp-content\/uploads\/2023\/12\/IMG_7675-300x225.jpeg\" class=\"pt-cv-thumbnail lazyload\" alt=\"\" data-srcset=\"https:\/\/yourfavoritecanadian.com\/wp-content\/uploads\/2023\/12\/IMG_7675-300x225.jpeg 300w, https:\/\/yourfavoritecanadian.com\/wp-content\/uploads\/2023\/12\/IMG_7675-1024x768.jpeg 1024w, https:\/\/yourfavoritecanadian.com\/wp-content\/uploads\/2023\/12\/IMG_7675-768x576.jpeg 768w, https:\/\/yourfavoritecanadian.com\/wp-content\/uploads\/2023\/12\/IMG_7675-16x12.jpeg 16w, https:\/\/yourfavoritecanadian.com\/wp-content\/uploads\/2023\/12\/IMG_7675.jpeg 1535w\" data-sizes=\"(max-width: 300px) 100vw, 300px\" src=\"data:image\/svg+xml;base64,PHN2ZyB3aWR0aD0iMSIgaGVpZ2h0PSIxIiB4bWxucz0iaHR0cDovL3d3dy53My5vcmcvMjAwMC9zdmciPjwvc3ZnPg==\" style=\"--smush-placeholder-width: 300px; --smush-placeholder-aspect-ratio: 300\/225;\" \/><\/a>\n<h4 class=\"pt-cv-title\"><a href=\"https:\/\/yourfavoritecanadian.com\/fr\/6-of-the-best-things-to-do-in-toronto\/\" class=\"_self\" target=\"_self\" >6 des meilleures activit\u00e9s \u00e0 faire \u00e0 Toronto<\/a><\/h4><\/div><\/div>\n<div class=\"col-md-4 col-sm-12 col-xs-12 pt-cv-content-item pt-cv-1-col\" ><div class='pt-cv-ifield'><a href=\"https:\/\/yourfavoritecanadian.com\/fr\/4-of-the-best-places-to-eat-in-toronto-canada\/\" class=\"_self pt-cv-href-thumbnail pt-cv-thumb-default\" target=\"_self\" ><img decoding=\"async\" width=\"300\" height=\"225\" data-src=\"https:\/\/yourfavoritecanadian.com\/wp-content\/uploads\/2023\/11\/IMG_7648-300x225.jpeg\" class=\"pt-cv-thumbnail lazyload\" alt=\"\" data-srcset=\"https:\/\/yourfavoritecanadian.com\/wp-content\/uploads\/2023\/11\/IMG_7648-300x225.jpeg 300w, https:\/\/yourfavoritecanadian.com\/wp-content\/uploads\/2023\/11\/IMG_7648-1024x768.jpeg 1024w, https:\/\/yourfavoritecanadian.com\/wp-content\/uploads\/2023\/11\/IMG_7648-768x576.jpeg 768w, https:\/\/yourfavoritecanadian.com\/wp-content\/uploads\/2023\/11\/IMG_7648-16x12.jpeg 16w, https:\/\/yourfavoritecanadian.com\/wp-content\/uploads\/2023\/11\/IMG_7648.jpeg 1535w\" data-sizes=\"(max-width: 300px) 100vw, 300px\" src=\"data:image\/svg+xml;base64,PHN2ZyB3aWR0aD0iMSIgaGVpZ2h0PSIxIiB4bWxucz0iaHR0cDovL3d3dy53My5vcmcvMjAwMC9zdmciPjwvc3ZnPg==\" style=\"--smush-placeholder-width: 300px; --smush-placeholder-aspect-ratio: 300\/225;\" \/><\/a>\n<h4 class=\"pt-cv-title\"><a href=\"https:\/\/yourfavoritecanadian.com\/fr\/4-of-the-best-places-to-eat-in-toronto-canada\/\" class=\"_self\" target=\"_self\" >4 des meilleurs endroits o\u00f9 manger \u00e0 Toronto, Canada<\/a><\/h4><\/div><\/div><\/div><\/div><\/div>\n\n\n\n<div style=\"height:10px\" aria-hidden=\"true\" class=\"wp-block-spacer\"><\/div>\n\n\n\n<hr class=\"wp-block-separator has-alpha-channel-opacity\"\/>\n\n\n\n<div style=\"height:10px\" aria-hidden=\"true\" class=\"wp-block-spacer\"><\/div>\n\n\n\n<p class=\"translation-block\">Le Canada est un pays de vastes paysages et d\u2019exp\u00e9riences vibrantes, o\u00f9 montagnes imposantes, lacs scintillants et for\u00eats luxuriantes c\u00f4toient des villes dynamiques riches en culture et en \u00e9nergie. Du charme paisible des petites villes aux rues anim\u00e9es des grands centres urbains, chaque coin du pays offre quelque chose d\u2019unique aux voyageurs. Notre collection des incontournables du Canada regroupe des r\u00e9cits, des conseils et des informations pour vous aider \u00e0 planifier un voyage qui allie nature, culture locale et exp\u00e9riences authentiques. Que ce soit un road trip panoramique dans les Rocheuses, une escapade hivernale chaleureuse au Qu\u00e9bec ou un festival estival dans une ville c\u00f4ti\u00e8re, il y a toujours une nouvelle facette du Canada \u00e0 d\u00e9couvrir.<\/p>\n\n\n\n<p class=\"translation-block\">Ottawa, la capitale du pays, est une ville qui marie harmonieusement histoire, art et modernit\u00e9. Les visiteurs peuvent se promener le long du canal Rideau, explorer des mus\u00e9es de renomm\u00e9e mondiale et participer \u00e0 des \u00e9v\u00e9nements culturels qui animent la ville. De la majest\u00e9 de la Colline du Parlement aux march\u00e9s locaux et aux quartiers moins connus, les exp\u00e9riences ne manquent pas. Les guides de voyage sur Ottawa mettent en valeur ce m\u00e9lange de patrimoine et de culture contemporaine, faisant de la ville une destination id\u00e9ale pour ceux qui souhaitent d\u00e9couvrir les traditions canadiennes tout en profitant du confort d\u2019une ville moderne. Les festivals saisonniers, les expositions et les \u00e9v\u00e9nements garantissent que chaque visite est unique et m\u00e9morable.<\/p>\n\n\n\n<p class=\"translation-block\">Toronto, la plus grande ville du Canada, vibre d\u2019\u00e9nergie et de cr\u00e9ativit\u00e9. Sa silhouette est embl\u00e9matique, mais ce sont ses quartiers qui racontent la v\u00e9ritable histoire, avec leurs rues color\u00e9es, leur cuisine diversifi\u00e9e, leurs p\u00f4les artistiques et leurs fronts de mer anim\u00e9s. Que vous souhaitiez explorer des attractions locales, d\u00e9couvrir des tr\u00e9sors cach\u00e9s ou profiter des festivals et de la vie nocturne, les guides de voyage sur Toronto proposent des exp\u00e9riences pour tous les types de voyageurs. Chez Your Favorite Canadian (YFC), notre objectif est de vous faire d\u00e9couvrir le meilleur de cette ville et du pays, en combinant des conseils pratiques et de l\u2019inspiration pour des voyages m\u00e9morables. Cliquez sur une cat\u00e9gorie pour explorer davantage de guides, de conseils locaux et d\u2019histoires qui donneront vie \u00e0 votre aventure canadienne.<\/p>\n\n\n\n<p><\/p>\n<p><a href=\"\/\/www.pinterest.com\/pin\/create\/button\/\" data-pin-do=\"buttonBookmark\" data-pin-color=\"red\" data-pin-height=\"128\"><img decoding=\"async\" data-src=\"\/\/assets.pinterest.com\/images\/pidgets\/pinit_fg_en_rect_red_28.png\" src=\"data:image\/svg+xml;base64,PHN2ZyB3aWR0aD0iMSIgaGVpZ2h0PSIxIiB4bWxucz0iaHR0cDovL3d3dy53My5vcmcvMjAwMC9zdmciPjwvc3ZnPg==\" class=\"lazyload\" \/><\/a><\/p>","protected":false},"excerpt":{"rendered":"<p>Canada&#8217;s Must-Reads Ottawa &#8211; Toronto Canada is a country of vast landscapes and vibrant experiences, where towering mountains, sparkling lakes, and lush forests meet lively cities filled with culture and &#8230; <a title=\"Canada\" class=\"read-more\" href=\"https:\/\/yourfavoritecanadian.com\/fr\/canada\/\" aria-label=\"Read more about Canada\">Read more<\/a><\/p>","protected":false},"author":1,"featured_media":0,"parent":0,"menu_order":0,"comment_status":"closed","ping_status":"closed","template":"","meta":{"om_disable_all_campaigns":false,"_monsterinsights_skip_tracking":false,"_monsterinsights_sitenote_active":false,"_monsterinsights_sitenote_note":"","_monsterinsights_sitenote_category":0,"jetpack_post_was_ever_published":false,"footnotes":""},"class_list":["post-6777","page","type-page","status-publish"],"aioseo_notices":[],"jetpack-related-posts":[{"id":4284,"url":"https:\/\/yourfavoritecanadian.com\/fr\/north\/","url_meta":{"origin":6777,"position":0},"title":"Nord","author":"yourfavoritecanadian","date":"octobre 9, 2024","format":false,"excerpt":"CANADA UNITED STATES North America is a continent of vibrant cities and dynamic experiences. From the stunning natural wonders of the Big Sur coast to the bustling streets of Toronto, each destination reveals a unique perspective on life across the continent. Stretching from Canada\u2019s northern wilderness to the sun-soaked beaches\u2026","rel":"","context":"Similar post","block_context":{"text":"Similar post","link":""},"img":{"alt_text":"","src":"","width":0,"height":0},"classes":[]},{"id":6888,"url":"https:\/\/yourfavoritecanadian.com\/fr\/bali\/","url_meta":{"origin":6777,"position":1},"title":"Bali","author":"yourfavoritecanadian","date":"mars 18, 2025","format":false,"excerpt":"Bali's Must-Reads Gili Trawangan Ubud Canggu Semyniak Uluwatu Nusa Dua Kuta Nusa Penida Bali's Must-Reads Gili Trawangan Ubud - Canggu - Seminyak Uluwatu - Nusa Dua - Kuta Nusa Penida Bali is more than a tropical island \u2014 it\u2019s a place where nature, culture, and spirituality blend effortlessly. From serene\u2026","rel":"","context":"Similar post","block_context":{"text":"Similar post","link":""},"img":{"alt_text":"","src":"","width":0,"height":0},"classes":[]},{"id":7614,"url":"https:\/\/yourfavoritecanadian.com\/fr\/nicaragua\/","url_meta":{"origin":6777,"position":2},"title":"Nicaragua","author":"yourfavoritecanadian","date":"juin 30, 2025","format":false,"excerpt":"Nicaragua's Must-Reads San Juan del Sur Le\u00f3n El Tr\u00e1nsito Granada Nicaragua's Must-Reads San Juan del Sur Le\u00f3n El Tr\u00e1nsito Granada Nicaragua is a place that stirs the soul \u2014 where volcanoes meet tranquil beaches and colonial cities hum with color and life. It\u2019s a destination made for explorers who crave\u2026","rel":"","context":"Similar post","block_context":{"text":"Similar post","link":""},"img":{"alt_text":"","src":"","width":0,"height":0},"classes":[]},{"id":6967,"url":"https:\/\/yourfavoritecanadian.com\/fr\/portugal\/","url_meta":{"origin":6777,"position":3},"title":"Portugal","author":"yourfavoritecanadian","date":"mars 18, 2025","format":false,"excerpt":"Portugal's Must-Reads Lisbon Algarve Porto Ericeira Aveiro \u00c9vora Portugal's Must-Reads Lisbon Algarve Porto Ericeira Aveiro - \u00c9vora Portugal is a land where timeless charm meets modern vibrance. The Portugal Travel Guide invites you to discover a country that captivates with its sun-soaked beaches, cobbled streets, and warm hospitality. Whether you\u2019re\u2026","rel":"","context":"Similar post","block_context":{"text":"Similar post","link":""},"img":{"alt_text":"","src":"","width":0,"height":0},"classes":[]},{"id":7042,"url":"https:\/\/yourfavoritecanadian.com\/fr\/france-monaco\/","url_meta":{"origin":6777,"position":4},"title":"France &#8211; Monaco","author":"yourfavoritecanadian","date":"mars 19, 2025","format":false,"excerpt":"France's Must-Reads Monaco's Must-Reads France's Must-Reads Monaco's Must-Reads Southern France and Monaco are destinations that beautifully blend old-world charm with modern elegance. Our travels in the south of France focus on iconic coastal cities like Marseille and Nice, where Mediterranean culture, history, and relaxed seaside living come together effortlessly. From\u2026","rel":"","context":"Similar post","block_context":{"text":"Similar post","link":""},"img":{"alt_text":"","src":"","width":0,"height":0},"classes":[]},{"id":6903,"url":"https:\/\/yourfavoritecanadian.com\/fr\/philippines\/","url_meta":{"origin":6777,"position":5},"title":"Philippines","author":"yourfavoritecanadian","date":"mars 18, 2025","format":false,"excerpt":"Philippines Must-Reads Palawan Island Panglao Siquijor Moalboal Cebu Philippines Must-Reads Palawan Island Panglao - Siquijor Moalboal - Cebu The Philippines is a breathtaking mosaic of islands, each offering its own rhythm of life and charm. With turquoise waters, lush jungles, and warm hospitality, this tropical paradise is perfect for travelers\u2026","rel":"","context":"Similar post","block_context":{"text":"Similar post","link":""},"img":{"alt_text":"","src":"","width":0,"height":0},"classes":[]}],"jetpack_sharing_enabled":true,"_links":{"self":[{"href":"https:\/\/yourfavoritecanadian.com\/fr\/wp-json\/wp\/v2\/pages\/6777","targetHints":{"allow":["GET"]}}],"collection":[{"href":"https:\/\/yourfavoritecanadian.com\/fr\/wp-json\/wp\/v2\/pages"}],"about":[{"href":"https:\/\/yourfavoritecanadian.com\/fr\/wp-json\/wp\/v2\/types\/page"}],"author":[{"embeddable":true,"href":"https:\/\/yourfavoritecanadian.com\/fr\/wp-json\/wp\/v2\/users\/1"}],"replies":[{"embeddable":true,"href":"https:\/\/yourfavoritecanadian.com\/fr\/wp-json\/wp\/v2\/comments?post=6777"}],"version-history":[{"count":7,"href":"https:\/\/yourfavoritecanadian.com\/fr\/wp-json\/wp\/v2\/pages\/6777\/revisions"}],"predecessor-version":[{"id":8664,"href":"https:\/\/yourfavoritecanadian.com\/fr\/wp-json\/wp\/v2\/pages\/6777\/revisions\/8664"}],"wp:attachment":[{"href":"https:\/\/yourfavoritecanadian.com\/fr\/wp-json\/wp\/v2\/media?parent=6777"}],"curies":[{"name":"wp","href":"https:\/\/api.w.org\/{rel}","templated":true}]}}