{"id":6788,"date":"2025-03-18T09:26:46","date_gmt":"2025-03-18T13:26:46","guid":{"rendered":"https:\/\/yourfavoritecanadian.com\/?page_id=6788"},"modified":"2026-03-28T15:27:17","modified_gmt":"2026-03-28T19:27:17","slug":"united-states","status":"publish","type":"page","link":"https:\/\/yourfavoritecanadian.com\/fr\/united-states\/","title":{"rendered":"\u00c9tats-Unis"},"content":{"rendered":"<div class=\"wp-block-buttons is-content-justification-center is-layout-flex wp-container-core-buttons-is-layout-16018d1d wp-block-buttons-is-layout-flex\">\n<div class=\"wp-block-button\"><a class=\"wp-block-button__link wp-element-button\" href=\"#1-1\"><strong>Lectures incontournables<\/strong><\/a><\/div>\n\n\n\n<div class=\"wp-block-button\"><a class=\"wp-block-button__link wp-element-button\" href=\"#1-3\"><strong>Californie<\/strong><\/a><\/div>\n\n\n\n<div class=\"wp-block-button\"><a class=\"wp-block-button__link wp-element-button\" href=\"https:\/\/yourfavoritecanadian.com\/fr\/4-stops-you-should-make-on-your-road-trip-to-oregon\/\"><strong>Oregon<\/strong><\/a><\/div>\n<\/div>\n\n\n\n<hr class=\"wp-block-separator has-alpha-channel-opacity\"\/>\n\n\n\n<p class=\"has-text-align-center has-base-2-background-color has-background\" id=\"1-1\"><strong><a href=\"https:\/\/yourfavoritecanadian.com\/fr\/category\/usas-must-reads\/\" title=\"USA's Must-Reads\">Lectures incontournables<\/a><\/strong><\/p>\n\n\n<div class=\"pt-cv-wrapper\"><div class=\"pt-cv-view pt-cv-grid pt-cv-colsys\" id=\"pt-cv-view-b9a04457b3\"><div data-id=\"pt-cv-page-1\" class=\"pt-cv-page\" data-cvc=\"1\"><div class=\"col-md-12 col-sm-12 col-xs-12 pt-cv-content-item pt-cv-1-col\" ><div class='pt-cv-ifield'><a href=\"https:\/\/yourfavoritecanadian.com\/fr\/25-ultimate-facts-about-the-united-states-that-will-amaze-you\/\" class=\"_self pt-cv-href-thumbnail pt-cv-thumb-default\" target=\"_self\" ><img decoding=\"async\" width=\"300\" height=\"225\" data-src=\"https:\/\/yourfavoritecanadian.com\/wp-content\/uploads\/2025\/07\/IMG_9557-300x225.jpeg\" class=\"pt-cv-thumbnail lazyload\" alt=\"\" data-srcset=\"https:\/\/yourfavoritecanadian.com\/wp-content\/uploads\/2025\/07\/IMG_9557-300x225.jpeg 300w, https:\/\/yourfavoritecanadian.com\/wp-content\/uploads\/2025\/07\/IMG_9557-1024x768.jpeg 1024w, https:\/\/yourfavoritecanadian.com\/wp-content\/uploads\/2025\/07\/IMG_9557-768x576.jpeg 768w, https:\/\/yourfavoritecanadian.com\/wp-content\/uploads\/2025\/07\/IMG_9557-16x12.jpeg 16w, https:\/\/yourfavoritecanadian.com\/wp-content\/uploads\/2025\/07\/IMG_9557.jpeg 1536w\" data-sizes=\"(max-width: 300px) 100vw, 300px\" src=\"data:image\/svg+xml;base64,PHN2ZyB3aWR0aD0iMSIgaGVpZ2h0PSIxIiB4bWxucz0iaHR0cDovL3d3dy53My5vcmcvMjAwMC9zdmciPjwvc3ZnPg==\" style=\"--smush-placeholder-width: 300px; --smush-placeholder-aspect-ratio: 300\/225;\" \/><\/a>\n<h4 class=\"pt-cv-title\"><a href=\"https:\/\/yourfavoritecanadian.com\/fr\/25-ultimate-facts-about-the-united-states-that-will-amaze-you\/\" class=\"_self\" target=\"_self\" >Faits amusants sur les \u00c9tats-Unis : 25 choses surprenantes \u00e0 savoir sur l\u2019Am\u00e9rique<\/a><\/h4><\/div><\/div><\/div><\/div><\/div>\n\n\n\n<div style=\"height:50px\" aria-hidden=\"true\" class=\"wp-block-spacer\"><\/div>\n\n\n\n<p class=\"has-text-align-center has-base-2-background-color has-background\" id=\"1-3\"><strong>Californie<\/strong><\/p>\n\n\n<div class=\"pt-cv-wrapper\"><div class=\"pt-cv-view pt-cv-grid pt-cv-colsys\" id=\"pt-cv-view-b62ed356r0\"><div data-id=\"pt-cv-page-1\" class=\"pt-cv-page\" data-cvc=\"2\"><div class=\"col-md-6 col-sm-12 col-xs-12 pt-cv-content-item pt-cv-1-col\" ><div class='pt-cv-ifield'><a href=\"https:\/\/yourfavoritecanadian.com\/fr\/the-perfect-day-at-redwoods-state-park-california\/\" class=\"_self pt-cv-href-thumbnail pt-cv-thumb-default\" target=\"_self\" ><img decoding=\"async\" width=\"300\" height=\"225\" data-src=\"https:\/\/yourfavoritecanadian.com\/wp-content\/uploads\/2023\/11\/IMG_7608-1-300x225.jpeg\" class=\"pt-cv-thumbnail lazyload\" alt=\"\" data-srcset=\"https:\/\/yourfavoritecanadian.com\/wp-content\/uploads\/2023\/11\/IMG_7608-1-300x225.jpeg 300w, https:\/\/yourfavoritecanadian.com\/wp-content\/uploads\/2023\/11\/IMG_7608-1-1024x768.jpeg 1024w, https:\/\/yourfavoritecanadian.com\/wp-content\/uploads\/2023\/11\/IMG_7608-1-768x576.jpeg 768w, https:\/\/yourfavoritecanadian.com\/wp-content\/uploads\/2023\/11\/IMG_7608-1-1536x1152.jpeg 1536w, https:\/\/yourfavoritecanadian.com\/wp-content\/uploads\/2023\/11\/IMG_7608-1-16x12.jpeg 16w, https:\/\/yourfavoritecanadian.com\/wp-content\/uploads\/2023\/11\/IMG_7608-1.jpeg 2048w\" data-sizes=\"(max-width: 300px) 100vw, 300px\" src=\"data:image\/svg+xml;base64,PHN2ZyB3aWR0aD0iMSIgaGVpZ2h0PSIxIiB4bWxucz0iaHR0cDovL3d3dy53My5vcmcvMjAwMC9zdmciPjwvc3ZnPg==\" style=\"--smush-placeholder-width: 300px; --smush-placeholder-aspect-ratio: 300\/225;\" \/><\/a>\n<h4 class=\"pt-cv-title\"><a href=\"https:\/\/yourfavoritecanadian.com\/fr\/the-perfect-day-at-redwoods-state-park-california\/\" class=\"_self\" target=\"_self\" >Guide ultime pour une journ\u00e9e parfaite \u00e0 Redwoods State Park, Californie<\/a><\/h4><\/div><\/div>\n<div class=\"col-md-6 col-sm-12 col-xs-12 pt-cv-content-item pt-cv-1-col\" ><div class='pt-cv-ifield'><a href=\"https:\/\/yourfavoritecanadian.com\/fr\/perfect-one-day-road-trip-itinerary-in-big-sur-california\/\" class=\"_self pt-cv-href-thumbnail pt-cv-thumb-default\" target=\"_self\" ><img decoding=\"async\" width=\"300\" height=\"225\" data-src=\"https:\/\/yourfavoritecanadian.com\/wp-content\/uploads\/2023\/11\/IMG_6883-300x225.jpeg\" class=\"pt-cv-thumbnail lazyload\" alt=\"\" data-srcset=\"https:\/\/yourfavoritecanadian.com\/wp-content\/uploads\/2023\/11\/IMG_6883-300x225.jpeg 300w, https:\/\/yourfavoritecanadian.com\/wp-content\/uploads\/2023\/11\/IMG_6883-1024x768.jpeg 1024w, https:\/\/yourfavoritecanadian.com\/wp-content\/uploads\/2023\/11\/IMG_6883-768x576.jpeg 768w, https:\/\/yourfavoritecanadian.com\/wp-content\/uploads\/2023\/11\/IMG_6883-1536x1152.jpeg 1536w, https:\/\/yourfavoritecanadian.com\/wp-content\/uploads\/2023\/11\/IMG_6883-16x12.jpeg 16w, https:\/\/yourfavoritecanadian.com\/wp-content\/uploads\/2023\/11\/IMG_6883.jpeg 2048w\" data-sizes=\"(max-width: 300px) 100vw, 300px\" src=\"data:image\/svg+xml;base64,PHN2ZyB3aWR0aD0iMSIgaGVpZ2h0PSIxIiB4bWxucz0iaHR0cDovL3d3dy53My5vcmcvMjAwMC9zdmciPjwvc3ZnPg==\" style=\"--smush-placeholder-width: 300px; --smush-placeholder-aspect-ratio: 300\/225;\" \/><\/a>\n<h4 class=\"pt-cv-title\"><a href=\"https:\/\/yourfavoritecanadian.com\/fr\/perfect-one-day-road-trip-itinerary-in-big-sur-california\/\" class=\"_self\" target=\"_self\" >Itin\u00e9raire ultime \u00e0 Big Sur : Meilleures \u00e9tapes pour un road trip d'une journ\u00e9e<\/a><\/h4><\/div><\/div>\n<div class=\"col-md-6 col-sm-12 col-xs-12 pt-cv-content-item pt-cv-1-col\" ><div class='pt-cv-ifield'><a href=\"https:\/\/yourfavoritecanadian.com\/fr\/a-paradise-for-campers-at-mattole-beach-in-california\/\" class=\"_self pt-cv-href-thumbnail pt-cv-thumb-default\" target=\"_self\" ><img decoding=\"async\" width=\"300\" height=\"225\" data-src=\"https:\/\/yourfavoritecanadian.com\/wp-content\/uploads\/2023\/10\/IMG_6892-300x225.jpeg\" class=\"pt-cv-thumbnail lazyload\" alt=\"\" data-srcset=\"https:\/\/yourfavoritecanadian.com\/wp-content\/uploads\/2023\/10\/IMG_6892-300x225.jpeg 300w, https:\/\/yourfavoritecanadian.com\/wp-content\/uploads\/2023\/10\/IMG_6892-1024x768.jpeg 1024w, https:\/\/yourfavoritecanadian.com\/wp-content\/uploads\/2023\/10\/IMG_6892-768x576.jpeg 768w, https:\/\/yourfavoritecanadian.com\/wp-content\/uploads\/2023\/10\/IMG_6892-1536x1152.jpeg 1536w, https:\/\/yourfavoritecanadian.com\/wp-content\/uploads\/2023\/10\/IMG_6892-16x12.jpeg 16w, https:\/\/yourfavoritecanadian.com\/wp-content\/uploads\/2023\/10\/IMG_6892.jpeg 2048w\" data-sizes=\"(max-width: 300px) 100vw, 300px\" src=\"data:image\/svg+xml;base64,PHN2ZyB3aWR0aD0iMSIgaGVpZ2h0PSIxIiB4bWxucz0iaHR0cDovL3d3dy53My5vcmcvMjAwMC9zdmciPjwvc3ZnPg==\" style=\"--smush-placeholder-width: 300px; --smush-placeholder-aspect-ratio: 300\/225;\" \/><\/a>\n<h4 class=\"pt-cv-title\"><a href=\"https:\/\/yourfavoritecanadian.com\/fr\/a-paradise-for-campers-at-mattole-beach-in-california\/\" class=\"_self\" target=\"_self\" >Le paradis des campeurs \u00e0 Mattole Beach, Californie : Tout ce que vous devez savoir<\/a><\/h4><\/div><\/div>\n<div class=\"col-md-6 col-sm-12 col-xs-12 pt-cv-content-item pt-cv-1-col\" ><div class='pt-cv-ifield'><a href=\"https:\/\/yourfavoritecanadian.com\/fr\/everything-you-need-to-know-about-san-francisco\/\" class=\"_self pt-cv-href-thumbnail pt-cv-thumb-default\" target=\"_self\" ><img decoding=\"async\" width=\"300\" height=\"225\" data-src=\"https:\/\/yourfavoritecanadian.com\/wp-content\/uploads\/2023\/11\/IMG_6875-300x225.jpeg\" class=\"pt-cv-thumbnail lazyload\" alt=\"\" data-srcset=\"https:\/\/yourfavoritecanadian.com\/wp-content\/uploads\/2023\/11\/IMG_6875-300x225.jpeg 300w, https:\/\/yourfavoritecanadian.com\/wp-content\/uploads\/2023\/11\/IMG_6875-1024x768.jpeg 1024w, https:\/\/yourfavoritecanadian.com\/wp-content\/uploads\/2023\/11\/IMG_6875-768x576.jpeg 768w, https:\/\/yourfavoritecanadian.com\/wp-content\/uploads\/2023\/11\/IMG_6875-16x12.jpeg 16w, https:\/\/yourfavoritecanadian.com\/wp-content\/uploads\/2023\/11\/IMG_6875.jpeg 1535w\" data-sizes=\"(max-width: 300px) 100vw, 300px\" src=\"data:image\/svg+xml;base64,PHN2ZyB3aWR0aD0iMSIgaGVpZ2h0PSIxIiB4bWxucz0iaHR0cDovL3d3dy53My5vcmcvMjAwMC9zdmciPjwvc3ZnPg==\" style=\"--smush-placeholder-width: 300px; --smush-placeholder-aspect-ratio: 300\/225;\" \/><\/a>\n<h4 class=\"pt-cv-title\"><a href=\"https:\/\/yourfavoritecanadian.com\/fr\/everything-you-need-to-know-about-san-francisco\/\" class=\"_self\" target=\"_self\" >Tout ce que vous devez savoir avant de visiter San Francisco : Avantages, inconv\u00e9nients et attractions incontournables<\/a><\/h4><\/div><\/div><\/div><\/div><\/div>\n\n\n\n<div style=\"height:50px\" aria-hidden=\"true\" class=\"wp-block-spacer\"><\/div>\n\n\n\n<p class=\"has-text-align-center has-base-2-background-color has-background\" id=\"1-2\"><strong>Oregon<\/strong><\/p>\n\n\n<div class=\"pt-cv-wrapper\"><div class=\"pt-cv-view pt-cv-grid pt-cv-colsys\" id=\"pt-cv-view-b492feekis\"><div data-id=\"pt-cv-page-1\" class=\"pt-cv-page\" data-cvc=\"1\"><div class=\"col-md-12 col-sm-12 col-xs-12 pt-cv-content-item pt-cv-1-col\" ><div class='pt-cv-ifield'><a href=\"https:\/\/yourfavoritecanadian.com\/fr\/4-stops-you-should-make-on-your-road-trip-to-oregon\/\" class=\"_self pt-cv-href-thumbnail pt-cv-thumb-default\" target=\"_self\" ><img decoding=\"async\" width=\"300\" height=\"225\" data-src=\"https:\/\/yourfavoritecanadian.com\/wp-content\/uploads\/2023\/11\/IMG_7639-300x225.jpeg\" class=\"pt-cv-thumbnail lazyload\" alt=\"\" data-srcset=\"https:\/\/yourfavoritecanadian.com\/wp-content\/uploads\/2023\/11\/IMG_7639-300x225.jpeg 300w, https:\/\/yourfavoritecanadian.com\/wp-content\/uploads\/2023\/11\/IMG_7639-1024x768.jpeg 1024w, https:\/\/yourfavoritecanadian.com\/wp-content\/uploads\/2023\/11\/IMG_7639-768x576.jpeg 768w, https:\/\/yourfavoritecanadian.com\/wp-content\/uploads\/2023\/11\/IMG_7639-1536x1152.jpeg 1536w, https:\/\/yourfavoritecanadian.com\/wp-content\/uploads\/2023\/11\/IMG_7639-16x12.jpeg 16w, https:\/\/yourfavoritecanadian.com\/wp-content\/uploads\/2023\/11\/IMG_7639.jpeg 2048w\" data-sizes=\"(max-width: 300px) 100vw, 300px\" src=\"data:image\/svg+xml;base64,PHN2ZyB3aWR0aD0iMSIgaGVpZ2h0PSIxIiB4bWxucz0iaHR0cDovL3d3dy53My5vcmcvMjAwMC9zdmciPjwvc3ZnPg==\" style=\"--smush-placeholder-width: 300px; --smush-placeholder-aspect-ratio: 300\/225;\" \/><\/a>\n<h4 class=\"pt-cv-title\"><a href=\"https:\/\/yourfavoritecanadian.com\/fr\/4-stops-you-should-make-on-your-road-trip-to-oregon\/\" class=\"_self\" target=\"_self\" >4 arr\u00eats incontournables pour votre road trip en Oregon : Tout ce que vous devez savoir<\/a><\/h4><\/div><\/div><\/div><\/div><\/div>\n\n\n\n<div style=\"height:10px\" aria-hidden=\"true\" class=\"wp-block-spacer\"><\/div>\n\n\n\n<hr class=\"wp-block-separator has-alpha-channel-opacity\"\/>\n\n\n\n<div style=\"height:10px\" aria-hidden=\"true\" class=\"wp-block-spacer\"><\/div>\n\n\n\n<p class=\"translation-block\">Les \u00c9tats-Unis sont un pays d\u2019une immense diversit\u00e9, offrant aux voyageurs un riche m\u00e9lange de villes anim\u00e9es, de paysages spectaculaires et d\u2019exp\u00e9riences culturelles. Des gratte-ciel impressionnants de New York \u00e0 la beaut\u00e9 paisible des montagnes Rocheuses, chaque destination raconte une histoire. Notre collection des incontournables des \u00c9tats-Unis regroupe des conseils utiles, des itin\u00e9raires et des astuces pour vous aider \u00e0 planifier des voyages m\u00e9morables et enrichissants. Que vous souhaitiez d\u00e9couvrir des sites embl\u00e9matiques, d\u00e9nicher des tr\u00e9sors cach\u00e9s ou profiter de festivals et d\u2019\u00e9v\u00e9nements locaux, les \u00c9tats-Unis s\u2019adaptent \u00e0 tous les types de voyageurs. Road trips, exp\u00e9riences culturelles, escapades en nature et aventures urbaines font partie int\u00e9grante du voyage am\u00e9ricain, offrant une infinit\u00e9 de possibilit\u00e9s.<\/p>\n\n\n\n<p class=\"translation-block\">La Californie, connue pour ses plages ensoleill\u00e9es, ses s\u00e9quoias g\u00e9ants et ses villes dynamiques, est l\u2019une des destinations les plus polyvalentes du pays. Notre guide de voyage en Californie propose des conseils pour des road trips inoubliables, notamment le long de la spectaculaire Pacific Coast Highway ainsi que des itin\u00e9raires \u00e0 l\u2019int\u00e9rieur des terres. Les amateurs de nature peuvent explorer les parcs nationaux de Californie, tandis que les passionn\u00e9s de plages profiteront du littoral embl\u00e9matique et de ses tr\u00e9sors cach\u00e9s. De l\u2019effervescence et du divertissement de Los Angeles au p\u00f4le technologique de San Francisco, en passant par le charme d\u00e9tendu de Santa Barbara, la Californie offre quelque chose pour tous les go\u00fbts. Gastronomie, art, musique et aventures en plein air s\u2019y m\u00ealent parfaitement, rendant chaque visite unique. Que ce soit en randonn\u00e9e dans la Sierra Nevada, en kayak le long de la c\u00f4te ou en explorant des quartiers anim\u00e9s, la Californie est un \u00c9tat qui invite \u00e0 la d\u00e9couverte et \u00e0 la curiosit\u00e9 \u00e0 chaque instant.<\/p>\n\n\n\n<p class=\"translation-block\">Plus au nord, l\u2019Oregon propose une exp\u00e9rience diff\u00e9rente, mais tout aussi captivante, avec ses for\u00eats luxuriantes, son littoral spectaculaire et sa culture urbaine dynamique. Notre guide de voyage en Oregon met en avant les lieux incontournables, les routes panoramiques et les activit\u00e9s de plein air qui mettent en valeur la beaut\u00e9 naturelle de l\u2019\u00c9tat. Les quartiers \u00e9clectiques de Portland, sa sc\u00e8ne culinaire locale et sa culture artistique offrent une exp\u00e9rience urbaine unique, tandis que des sites comme Crater Lake, le mont Hood et Cannon Beach plongent les voyageurs au c\u0153ur de paysages impressionnants. Que vous partiez \u00e0 la d\u00e9couverte de chutes d\u2019eau cach\u00e9es, que vous fassiez de la randonn\u00e9e en for\u00eat ou que vous profitiez de couchers de soleil sur la c\u00f4te, l\u2019Oregon offre un \u00e9quilibre parfait entre aventure et d\u00e9tente. Chez Your Favorite Canadian, nous combinons conseils, itin\u00e9raires et exp\u00e9riences r\u00e9elles pour vous aider \u00e0 profiter pleinement de chaque voyage \u00e0 travers les \u00c9tats-Unis. Cliquez sur une cat\u00e9gorie pour d\u00e9couvrir davantage de guides, d\u2019attractions et d\u2019exp\u00e9riences inoubliables qui vous attendent.<\/p>\n<p><a href=\"\/\/www.pinterest.com\/pin\/create\/button\/\" data-pin-do=\"buttonBookmark\" data-pin-color=\"red\" data-pin-height=\"128\"><img decoding=\"async\" data-src=\"\/\/assets.pinterest.com\/images\/pidgets\/pinit_fg_en_rect_red_28.png\" src=\"data:image\/svg+xml;base64,PHN2ZyB3aWR0aD0iMSIgaGVpZ2h0PSIxIiB4bWxucz0iaHR0cDovL3d3dy53My5vcmcvMjAwMC9zdmciPjwvc3ZnPg==\" class=\"lazyload\" \/><\/a><\/p>","protected":false},"excerpt":{"rendered":"<p>USA&#8217;s Must-Reads California Oregon The United States is a country of immense diversity, offering travelers a rich mix of bustling cities, scenic landscapes, and cultural experiences. From the towering skyscrapers &#8230; <a title=\"\u00c9tats-Unis\" class=\"read-more\" href=\"https:\/\/yourfavoritecanadian.com\/fr\/united-states\/\" aria-label=\"Read more about United States\">Read more<\/a><\/p>","protected":false},"author":1,"featured_media":0,"parent":0,"menu_order":0,"comment_status":"closed","ping_status":"closed","template":"","meta":{"om_disable_all_campaigns":false,"_monsterinsights_skip_tracking":false,"_monsterinsights_sitenote_active":false,"_monsterinsights_sitenote_note":"","_monsterinsights_sitenote_category":0,"jetpack_post_was_ever_published":false,"footnotes":""},"class_list":["post-6788","page","type-page","status-publish"],"aioseo_notices":[],"jetpack-related-posts":[{"id":4284,"url":"https:\/\/yourfavoritecanadian.com\/fr\/north\/","url_meta":{"origin":6788,"position":0},"title":"Nord","author":"yourfavoritecanadian","date":"octobre 9, 2024","format":false,"excerpt":"CANADA UNITED STATES North America is a continent of vibrant cities and dynamic experiences. From the stunning natural wonders of the Big Sur coast to the bustling streets of Toronto, each destination reveals a unique perspective on life across the continent. Stretching from Canada\u2019s northern wilderness to the sun-soaked beaches\u2026","rel":"","context":"Similar post","block_context":{"text":"Similar post","link":""},"img":{"alt_text":"","src":"","width":0,"height":0},"classes":[]},{"id":6876,"url":"https:\/\/yourfavoritecanadian.com\/fr\/united-arab-emirates\/","url_meta":{"origin":6788,"position":1},"title":"\u00c9mirates Arabe Unis","author":"yourfavoritecanadian","date":"mars 18, 2025","format":false,"excerpt":"Dubai's Must-Reads Dubai's Activities Dubai's Must-Reads Dubai's Activities The United Arab Emirates is a land of striking contrasts, where ultramodern cities rise alongside vast deserts and centuries-old traditions thrive. From the dazzling skyline of Dubai to the cultural richness of Abu Dhabi, the country offers experiences that are both thrilling\u2026","rel":"","context":"Similar post","block_context":{"text":"Similar post","link":""},"img":{"alt_text":"","src":"","width":0,"height":0},"classes":[]},{"id":4270,"url":"https:\/\/yourfavoritecanadian.com\/fr\/americas\/","url_meta":{"origin":6788,"position":2},"title":"Am\u00e9riques","author":"yourfavoritecanadian","date":"octobre 9, 2024","format":false,"excerpt":"North CANADA UNITED STATES Central ARUBA COSTA RICA GUATEMALA NICARAGUA MEXICO South COLOMBIA The Americas, including North, Central, and South America, are a vibrant tapestry of adventures waiting to be explored. From the breathtaking landscapes of the Rocky Mountains and Grand Canyon in the United States to the colorful streets\u2026","rel":"","context":"Similar post","block_context":{"text":"Similar post","link":""},"img":{"alt_text":"","src":"","width":0,"height":0},"classes":[]},{"id":8548,"url":"https:\/\/yourfavoritecanadian.com\/fr\/singapore\/","url_meta":{"origin":6788,"position":3},"title":"Singapour","author":"leoniebelanger","date":"f\u00e9vrier 17, 2026","format":false,"excerpt":"Singapore's Must-Reads Singapore's Must-Reads Singapore is more than a modern skyline \u2014 it\u2019s one of the most exciting destinations in Southeast Asia, where innovation, culture, and nature blend seamlessly. If you\u2019re planning a trip and searching for what to do in Singapore, this vibrant city-state offers everything from futuristic architecture\u2026","rel":"","context":"Similar post","block_context":{"text":"Similar post","link":""},"img":{"alt_text":"","src":"","width":0,"height":0},"classes":[]},{"id":7042,"url":"https:\/\/yourfavoritecanadian.com\/fr\/france-monaco\/","url_meta":{"origin":6788,"position":4},"title":"France &#8211; Monaco","author":"yourfavoritecanadian","date":"mars 19, 2025","format":false,"excerpt":"France's Must-Reads Monaco's Must-Reads France's Must-Reads Monaco's Must-Reads Southern France and Monaco are destinations that beautifully blend old-world charm with modern elegance. Our travels in the south of France focus on iconic coastal cities like Marseille and Nice, where Mediterranean culture, history, and relaxed seaside living come together effortlessly. From\u2026","rel":"","context":"Similar post","block_context":{"text":"Similar post","link":""},"img":{"alt_text":"","src":"","width":0,"height":0},"classes":[]},{"id":6865,"url":"https:\/\/yourfavoritecanadian.com\/fr\/qatar\/","url_meta":{"origin":6788,"position":5},"title":"Qatar","author":"yourfavoritecanadian","date":"mars 18, 2025","format":false,"excerpt":"Doha's Must-Reads Doha's Activities Doha's Must-Reads Doha's Activities Doha, the capital of Qatar, is a city where tradition and modernity coexist seamlessly. With its gleaming skyscrapers, bustling souks, and serene waterfronts, the city offers experiences that cater to a wide range of travelers. From exploring historic neighborhoods to admiring cutting-edge\u2026","rel":"","context":"Similar post","block_context":{"text":"Similar post","link":""},"img":{"alt_text":"","src":"","width":0,"height":0},"classes":[]}],"jetpack_sharing_enabled":true,"_links":{"self":[{"href":"https:\/\/yourfavoritecanadian.com\/fr\/wp-json\/wp\/v2\/pages\/6788","targetHints":{"allow":["GET"]}}],"collection":[{"href":"https:\/\/yourfavoritecanadian.com\/fr\/wp-json\/wp\/v2\/pages"}],"about":[{"href":"https:\/\/yourfavoritecanadian.com\/fr\/wp-json\/wp\/v2\/types\/page"}],"author":[{"embeddable":true,"href":"https:\/\/yourfavoritecanadian.com\/fr\/wp-json\/wp\/v2\/users\/1"}],"replies":[{"embeddable":true,"href":"https:\/\/yourfavoritecanadian.com\/fr\/wp-json\/wp\/v2\/comments?post=6788"}],"version-history":[{"count":9,"href":"https:\/\/yourfavoritecanadian.com\/fr\/wp-json\/wp\/v2\/pages\/6788\/revisions"}],"predecessor-version":[{"id":8657,"href":"https:\/\/yourfavoritecanadian.com\/fr\/wp-json\/wp\/v2\/pages\/6788\/revisions\/8657"}],"wp:attachment":[{"href":"https:\/\/yourfavoritecanadian.com\/fr\/wp-json\/wp\/v2\/media?parent=6788"}],"curies":[{"name":"wp","href":"https:\/\/api.w.org\/{rel}","templated":true}]}}