{"id":6825,"date":"2025-03-18T10:58:21","date_gmt":"2025-03-18T14:58:21","guid":{"rendered":"https:\/\/yourfavoritecanadian.com\/?page_id=6825"},"modified":"2026-03-28T15:43:28","modified_gmt":"2026-03-28T19:43:28","slug":"mexico","status":"publish","type":"page","link":"https:\/\/yourfavoritecanadian.com\/fr\/mexico\/","title":{"rendered":"Mexique"},"content":{"rendered":"<div class=\"wp-block-buttons is-content-justification-center is-layout-flex wp-container-core-buttons-is-layout-16018d1d wp-block-buttons-is-layout-flex\">\n<div class=\"wp-block-button\"><a class=\"wp-block-button__link wp-element-button\" href=\"#1-1\"><strong>Lectures incontournables<\/strong><\/a><\/div>\n\n\n\n<div class=\"wp-block-button\"><a class=\"wp-block-button__link wp-element-button\" href=\"#1-2\"><strong>Yelapa<\/strong><\/a><\/div>\n<\/div>\n\n\n\n<hr class=\"wp-block-separator has-alpha-channel-opacity\"\/>\n\n\n\n<p class=\"has-text-align-center has-base-2-background-color has-background\" id=\"1-1\"><strong>Lectures incontournables<\/strong><\/p>\n\n\n<div class=\"pt-cv-wrapper\"><div class=\"pt-cv-view pt-cv-grid pt-cv-colsys\" id=\"pt-cv-view-68e50c4lxa\"><div data-id=\"pt-cv-page-1\" class=\"pt-cv-page\" data-cvc=\"3\"><div class=\"col-md-4 col-sm-12 col-xs-12 pt-cv-content-item pt-cv-1-col\" ><div class='pt-cv-ifield'><a href=\"https:\/\/yourfavoritecanadian.com\/fr\/spanish-basics-for-traveling-in-central-america-ultimate-guide\/\" class=\"_self pt-cv-href-thumbnail pt-cv-thumb-default\" target=\"_self\" ><img decoding=\"async\" width=\"300\" height=\"225\" data-src=\"https:\/\/yourfavoritecanadian.com\/wp-content\/uploads\/2025\/05\/IMG_6183-300x225.jpeg\" class=\"pt-cv-thumbnail lazyload\" alt=\"\" data-srcset=\"https:\/\/yourfavoritecanadian.com\/wp-content\/uploads\/2025\/05\/IMG_6183-300x225.jpeg 300w, https:\/\/yourfavoritecanadian.com\/wp-content\/uploads\/2025\/05\/IMG_6183-1024x768.jpeg 1024w, https:\/\/yourfavoritecanadian.com\/wp-content\/uploads\/2025\/05\/IMG_6183-768x576.jpeg 768w, https:\/\/yourfavoritecanadian.com\/wp-content\/uploads\/2025\/05\/IMG_6183-1536x1152.jpeg 1536w, https:\/\/yourfavoritecanadian.com\/wp-content\/uploads\/2025\/05\/IMG_6183-2048x1536.jpeg 2048w, https:\/\/yourfavoritecanadian.com\/wp-content\/uploads\/2025\/05\/IMG_6183-16x12.jpeg 16w\" data-sizes=\"(max-width: 300px) 100vw, 300px\" src=\"data:image\/svg+xml;base64,PHN2ZyB3aWR0aD0iMSIgaGVpZ2h0PSIxIiB4bWxucz0iaHR0cDovL3d3dy53My5vcmcvMjAwMC9zdmciPjwvc3ZnPg==\" style=\"--smush-placeholder-width: 300px; --smush-placeholder-aspect-ratio: 300\/225;\" \/><\/a>\n<h4 class=\"pt-cv-title\"><a href=\"https:\/\/yourfavoritecanadian.com\/fr\/spanish-basics-for-traveling-in-central-america-ultimate-guide\/\" class=\"_self\" target=\"_self\" >Bases de l\u2019espagnol pour voyager en Am\u00e9rique centrale<\/a><\/h4><\/div><\/div>\n<div class=\"col-md-4 col-sm-12 col-xs-12 pt-cv-content-item pt-cv-1-col\" ><div class='pt-cv-ifield'><a href=\"https:\/\/yourfavoritecanadian.com\/fr\/top-10-fun-facts-about-mexico-that-will-surprise-you\/\" class=\"_self pt-cv-href-thumbnail pt-cv-thumb-default\" target=\"_self\" ><img decoding=\"async\" width=\"300\" height=\"225\" data-src=\"https:\/\/yourfavoritecanadian.com\/wp-content\/uploads\/2024\/10\/IMG_8692-300x225.jpeg\" class=\"pt-cv-thumbnail lazyload\" alt=\"\" data-srcset=\"https:\/\/yourfavoritecanadian.com\/wp-content\/uploads\/2024\/10\/IMG_8692-300x225.jpeg 300w, https:\/\/yourfavoritecanadian.com\/wp-content\/uploads\/2024\/10\/IMG_8692-1024x769.jpeg 1024w, https:\/\/yourfavoritecanadian.com\/wp-content\/uploads\/2024\/10\/IMG_8692-768x576.jpeg 768w, https:\/\/yourfavoritecanadian.com\/wp-content\/uploads\/2024\/10\/IMG_8692-1536x1153.jpeg 1536w, https:\/\/yourfavoritecanadian.com\/wp-content\/uploads\/2024\/10\/IMG_8692-16x12.jpeg 16w, https:\/\/yourfavoritecanadian.com\/wp-content\/uploads\/2024\/10\/IMG_8692.jpeg 2048w\" data-sizes=\"(max-width: 300px) 100vw, 300px\" src=\"data:image\/svg+xml;base64,PHN2ZyB3aWR0aD0iMSIgaGVpZ2h0PSIxIiB4bWxucz0iaHR0cDovL3d3dy53My5vcmcvMjAwMC9zdmciPjwvc3ZnPg==\" style=\"--smush-placeholder-width: 300px; --smush-placeholder-aspect-ratio: 300\/225;\" \/><\/a>\n<h4 class=\"pt-cv-title\"><a href=\"https:\/\/yourfavoritecanadian.com\/fr\/top-10-fun-facts-about-mexico-that-will-surprise-you\/\" class=\"_self\" target=\"_self\" >10 faits amusants \u00e0 d\u00e9couvrir sur le Mexique<\/a><\/h4><\/div><\/div>\n<div class=\"col-md-4 col-sm-12 col-xs-12 pt-cv-content-item pt-cv-1-col\" ><div class='pt-cv-ifield'><a href=\"https:\/\/yourfavoritecanadian.com\/fr\/everything-there-is-to-know-about-mexico\/\" class=\"_self pt-cv-href-thumbnail pt-cv-thumb-default\" target=\"_self\" ><img decoding=\"async\" width=\"300\" height=\"225\" data-src=\"https:\/\/yourfavoritecanadian.com\/wp-content\/uploads\/2024\/03\/IMG_8913-300x225.jpeg\" class=\"pt-cv-thumbnail lazyload\" alt=\"\" data-srcset=\"https:\/\/yourfavoritecanadian.com\/wp-content\/uploads\/2024\/03\/IMG_8913-300x225.jpeg 300w, https:\/\/yourfavoritecanadian.com\/wp-content\/uploads\/2024\/03\/IMG_8913-1024x768.jpeg 1024w, https:\/\/yourfavoritecanadian.com\/wp-content\/uploads\/2024\/03\/IMG_8913-768x576.jpeg 768w, https:\/\/yourfavoritecanadian.com\/wp-content\/uploads\/2024\/03\/IMG_8913-1536x1152.jpeg 1536w, https:\/\/yourfavoritecanadian.com\/wp-content\/uploads\/2024\/03\/IMG_8913-16x12.jpeg 16w, https:\/\/yourfavoritecanadian.com\/wp-content\/uploads\/2024\/03\/IMG_8913.jpeg 2048w\" data-sizes=\"(max-width: 300px) 100vw, 300px\" src=\"data:image\/svg+xml;base64,PHN2ZyB3aWR0aD0iMSIgaGVpZ2h0PSIxIiB4bWxucz0iaHR0cDovL3d3dy53My5vcmcvMjAwMC9zdmciPjwvc3ZnPg==\" style=\"--smush-placeholder-width: 300px; --smush-placeholder-aspect-ratio: 300\/225;\" \/><\/a>\n<h4 class=\"pt-cv-title\"><a href=\"https:\/\/yourfavoritecanadian.com\/fr\/everything-there-is-to-know-about-mexico\/\" class=\"_self\" target=\"_self\" >Guide de voyage ultime du Mexique : Toutes les informations essentielles<\/a><\/h4><\/div><\/div><\/div><\/div><\/div>\n\n\n\n<div style=\"height:50px\" aria-hidden=\"true\" class=\"wp-block-spacer\"><\/div>\n\n\n\n<p class=\"has-text-align-center has-base-2-background-color has-background\" id=\"1-2\"><strong>Yelapa<\/strong><\/p>\n\n\n<div class=\"pt-cv-wrapper\"><div class=\"pt-cv-view pt-cv-grid pt-cv-colsys\" id=\"pt-cv-view-90570527b1\"><div data-id=\"pt-cv-page-1\" class=\"pt-cv-page\" data-cvc=\"3\"><div class=\"col-md-4 col-sm-12 col-xs-12 pt-cv-content-item pt-cv-1-col\" ><div class='pt-cv-ifield'><a href=\"https:\/\/yourfavoritecanadian.com\/fr\/everything-there-is-to-know-about-yelapa-mexico\/\" class=\"_self pt-cv-href-thumbnail pt-cv-thumb-default\" target=\"_self\" ><img decoding=\"async\" width=\"300\" height=\"225\" data-src=\"https:\/\/yourfavoritecanadian.com\/wp-content\/uploads\/2024\/08\/IMG_8918-300x225.jpeg\" class=\"pt-cv-thumbnail lazyload\" alt=\"\" data-srcset=\"https:\/\/yourfavoritecanadian.com\/wp-content\/uploads\/2024\/08\/IMG_8918-300x225.jpeg 300w, https:\/\/yourfavoritecanadian.com\/wp-content\/uploads\/2024\/08\/IMG_8918-1024x768.jpeg 1024w, https:\/\/yourfavoritecanadian.com\/wp-content\/uploads\/2024\/08\/IMG_8918-768x576.jpeg 768w, https:\/\/yourfavoritecanadian.com\/wp-content\/uploads\/2024\/08\/IMG_8918-16x12.jpeg 16w, https:\/\/yourfavoritecanadian.com\/wp-content\/uploads\/2024\/08\/IMG_8918.jpeg 1535w\" data-sizes=\"(max-width: 300px) 100vw, 300px\" src=\"data:image\/svg+xml;base64,PHN2ZyB3aWR0aD0iMSIgaGVpZ2h0PSIxIiB4bWxucz0iaHR0cDovL3d3dy53My5vcmcvMjAwMC9zdmciPjwvc3ZnPg==\" style=\"--smush-placeholder-width: 300px; --smush-placeholder-aspect-ratio: 300\/225;\" \/><\/a>\n<h4 class=\"pt-cv-title\"><a href=\"https:\/\/yourfavoritecanadian.com\/fr\/everything-there-is-to-know-about-yelapa-mexico\/\" class=\"_self\" target=\"_self\" >Guide ultime de Yelapa, Mexique : Meilleurs conseils, attractions et plus<\/a><\/h4><\/div><\/div>\n<div class=\"col-md-4 col-sm-12 col-xs-12 pt-cv-content-item pt-cv-1-col\" ><div class='pt-cv-ifield'><a href=\"https:\/\/yourfavoritecanadian.com\/fr\/everything-there-is-to-know-about-el-jardin-yelapa\/\" class=\"_self pt-cv-href-thumbnail pt-cv-thumb-default\" target=\"_self\" ><img decoding=\"async\" width=\"300\" height=\"225\" data-src=\"https:\/\/yourfavoritecanadian.com\/wp-content\/uploads\/2024\/06\/IMG_8915-300x225.jpeg\" class=\"pt-cv-thumbnail lazyload\" alt=\"\" data-srcset=\"https:\/\/yourfavoritecanadian.com\/wp-content\/uploads\/2024\/06\/IMG_8915-300x225.jpeg 300w, https:\/\/yourfavoritecanadian.com\/wp-content\/uploads\/2024\/06\/IMG_8915-768x576.jpeg 768w, https:\/\/yourfavoritecanadian.com\/wp-content\/uploads\/2024\/06\/IMG_8915-16x12.jpeg 16w, https:\/\/yourfavoritecanadian.com\/wp-content\/uploads\/2024\/06\/IMG_8915.jpeg 909w\" data-sizes=\"(max-width: 300px) 100vw, 300px\" src=\"data:image\/svg+xml;base64,PHN2ZyB3aWR0aD0iMSIgaGVpZ2h0PSIxIiB4bWxucz0iaHR0cDovL3d3dy53My5vcmcvMjAwMC9zdmciPjwvc3ZnPg==\" style=\"--smush-placeholder-width: 300px; --smush-placeholder-aspect-ratio: 300\/225;\" \/><\/a>\n<h4 class=\"pt-cv-title\"><a href=\"https:\/\/yourfavoritecanadian.com\/fr\/everything-there-is-to-know-about-el-jardin-yelapa\/\" class=\"_self\" target=\"_self\" >Tout ce que vous devez savoir sur El Jard\u00edn Ecolodge \u00e0 Yelapa<\/a><\/h4><\/div><\/div>\n<div class=\"col-md-4 col-sm-12 col-xs-12 pt-cv-content-item pt-cv-1-col\" ><div class='pt-cv-ifield'><a href=\"https:\/\/yourfavoritecanadian.com\/fr\/7-of-the-best-things-to-do-in-yelapa-mexico\/\" class=\"_self pt-cv-href-thumbnail pt-cv-thumb-default\" target=\"_self\" ><img decoding=\"async\" width=\"300\" height=\"225\" data-src=\"https:\/\/yourfavoritecanadian.com\/wp-content\/uploads\/2024\/03\/IMG_7396-300x225.jpeg\" class=\"pt-cv-thumbnail lazyload\" alt=\"\" data-srcset=\"https:\/\/yourfavoritecanadian.com\/wp-content\/uploads\/2024\/03\/IMG_7396-300x225.jpeg 300w, https:\/\/yourfavoritecanadian.com\/wp-content\/uploads\/2024\/03\/IMG_7396-1024x768.jpeg 1024w, https:\/\/yourfavoritecanadian.com\/wp-content\/uploads\/2024\/03\/IMG_7396-768x576.jpeg 768w, https:\/\/yourfavoritecanadian.com\/wp-content\/uploads\/2024\/03\/IMG_7396-16x12.jpeg 16w, https:\/\/yourfavoritecanadian.com\/wp-content\/uploads\/2024\/03\/IMG_7396.jpeg 1430w\" data-sizes=\"(max-width: 300px) 100vw, 300px\" src=\"data:image\/svg+xml;base64,PHN2ZyB3aWR0aD0iMSIgaGVpZ2h0PSIxIiB4bWxucz0iaHR0cDovL3d3dy53My5vcmcvMjAwMC9zdmciPjwvc3ZnPg==\" style=\"--smush-placeholder-width: 300px; --smush-placeholder-aspect-ratio: 300\/225;\" \/><\/a>\n<h4 class=\"pt-cv-title\"><a href=\"https:\/\/yourfavoritecanadian.com\/fr\/7-of-the-best-things-to-do-in-yelapa-mexico\/\" class=\"_self\" target=\"_self\" >8 des meilleures activit\u00e9s \u00e0 faire \u00e0 Yelapa, Mexique<\/a><\/h4><\/div><\/div><\/div><\/div><\/div>\n\n\n\n<div style=\"height:10px\" aria-hidden=\"true\" class=\"wp-block-spacer\"><\/div>\n\n\n\n<hr class=\"wp-block-separator has-alpha-channel-opacity\"\/>\n\n\n\n<div style=\"height:10px\" aria-hidden=\"true\" class=\"wp-block-spacer\"><\/div>\n\n\n\n<p class=\"translation-block\">Le Mexique est un pays qui s\u00e9duit par ses couleurs, son rythme et sa chaleur humaine. Des ruines anciennes aux plages dor\u00e9es, chaque coin du pays raconte une histoire qui reste grav\u00e9e longtemps apr\u00e8s le voyage. Ce guide de voyage au Mexique vous invite \u00e0 d\u00e9couvrir un m\u00e9lange d\u2019histoire, de saveurs et d'aventures, que vous exploriez des places urbaines anim\u00e9es, des villages coloniaux paisibles ou des destinations c\u00f4ti\u00e8res entour\u00e9es d\u2019eaux turquoise. Chaque r\u00e9gion poss\u00e8de sa propre identit\u00e9, combinant h\u00e9ritage autochtone et charme moderne. Les voyageurs peuvent participer \u00e0 des festivals locaux, savourer la cuisine de rue authentique et d\u00e9couvrir des paysages allant des plaines d\u00e9sertiques aux jungles luxuriantes, en passant par des sommets volcaniques.<\/p>\n\n\n\n<p class=\"translation-block\">Pour ceux qui recherchent une escapade tranquille en bord de mer, Yelapa est l\u2019un des tr\u00e9sors cach\u00e9s du Mexique. Ce petit village c\u00f4tier pr\u00e8s de Puerto Vallarta offre un rythme de vie plus lent, o\u00f9 ruelles pav\u00e9es, cascades et habitants accueillants cr\u00e9ent un cadre parfait pour se d\u00e9tendre. Notre guide de voyage \u00e0 Yelapa vous permet de d\u00e9couvrir les coins secrets du village, des caf\u00e9s de plage anim\u00e9s aux sentiers de randonn\u00e9e qui traversent la jungle. Que vous fassiez une excursion en bateau dans la baie, nagiez dans des eaux cristallines ou d\u00e9gustiez des fruits de mer frais les pieds dans le sable, Yelapa rappelle \u00e0 chaque visiteur la beaut\u00e9 de la simplicit\u00e9.<\/p>\n\n\n\n<p class=\"translation-block\">Chez Your Favorite Canadian, nous partageons des r\u00e9cits de voyage inspirants et des conseils pratiques pour les destinations au Mexique, afin de vous aider \u00e0 explorer au-del\u00e0 des lieux les plus connus. Nos guides mettent en valeur autant les attractions embl\u00e9matiques que les tr\u00e9sors cach\u00e9s, des march\u00e9s locaux aux h\u00e9bergements \u00e9coresponsables. Que vous souhaitiez d\u00e9couvrir des cit\u00e9s mayas anciennes, profiter du calme du littoral ou vous immerger dans la culture des petites villes, le Mexique accueille chaque voyageur \u00e0 bras ouverts. Cliquez sur une cat\u00e9gorie pour explorer nos recommandations, nos itin\u00e9raires r\u00e9fl\u00e9chis et nos conseils pour rendre votre voyage au Mexique inoubliable.<\/p>\n<p><a href=\"\/\/www.pinterest.com\/pin\/create\/button\/\" data-pin-do=\"buttonBookmark\" data-pin-color=\"red\" data-pin-height=\"128\"><img decoding=\"async\" data-src=\"\/\/assets.pinterest.com\/images\/pidgets\/pinit_fg_en_rect_red_28.png\" src=\"data:image\/svg+xml;base64,PHN2ZyB3aWR0aD0iMSIgaGVpZ2h0PSIxIiB4bWxucz0iaHR0cDovL3d3dy53My5vcmcvMjAwMC9zdmciPjwvc3ZnPg==\" class=\"lazyload\" \/><\/a><\/p>","protected":false},"excerpt":{"rendered":"<p>Mexico&#8217;s Must-Reads Yelapa Mexico is a land that captures the heart with its color, rhythm, and warmth. From ancient ruins to golden beaches, every corner of this country tells a &#8230; <a title=\"Mexique\" class=\"read-more\" href=\"https:\/\/yourfavoritecanadian.com\/fr\/mexico\/\" aria-label=\"Read more about Mexico\">Read more<\/a><\/p>","protected":false},"author":1,"featured_media":0,"parent":0,"menu_order":0,"comment_status":"closed","ping_status":"closed","template":"","meta":{"om_disable_all_campaigns":false,"_monsterinsights_skip_tracking":false,"_monsterinsights_sitenote_active":false,"_monsterinsights_sitenote_note":"","_monsterinsights_sitenote_category":0,"jetpack_post_was_ever_published":false,"footnotes":""},"class_list":["post-6825","page","type-page","status-publish"],"aioseo_notices":[],"jetpack-related-posts":[{"id":6888,"url":"https:\/\/yourfavoritecanadian.com\/fr\/bali\/","url_meta":{"origin":6825,"position":0},"title":"Bali","author":"yourfavoritecanadian","date":"mars 18, 2025","format":false,"excerpt":"Bali's Must-Reads Gili Trawangan Ubud Canggu Semyniak Uluwatu Nusa Dua Kuta Nusa Penida Bali's Must-Reads Gili Trawangan Ubud - Canggu - Seminyak Uluwatu - Nusa Dua - Kuta Nusa Penida Bali is more than a tropical island \u2014 it\u2019s a place where nature, culture, and spirituality blend effortlessly. From serene\u2026","rel":"","context":"Similar post","block_context":{"text":"Similar post","link":""},"img":{"alt_text":"","src":"","width":0,"height":0},"classes":[]},{"id":7614,"url":"https:\/\/yourfavoritecanadian.com\/fr\/nicaragua\/","url_meta":{"origin":6825,"position":1},"title":"Nicaragua","author":"yourfavoritecanadian","date":"juin 30, 2025","format":false,"excerpt":"Nicaragua's Must-Reads San Juan del Sur Le\u00f3n El Tr\u00e1nsito Granada Nicaragua's Must-Reads San Juan del Sur Le\u00f3n El Tr\u00e1nsito Granada Nicaragua is a place that stirs the soul \u2014 where volcanoes meet tranquil beaches and colonial cities hum with color and life. It\u2019s a destination made for explorers who crave\u2026","rel":"","context":"Similar post","block_context":{"text":"Similar post","link":""},"img":{"alt_text":"","src":"","width":0,"height":0},"classes":[]},{"id":6967,"url":"https:\/\/yourfavoritecanadian.com\/fr\/portugal\/","url_meta":{"origin":6825,"position":2},"title":"Portugal","author":"yourfavoritecanadian","date":"mars 18, 2025","format":false,"excerpt":"Portugal's Must-Reads Lisbon Algarve Porto Ericeira Aveiro \u00c9vora Portugal's Must-Reads Lisbon Algarve Porto Ericeira Aveiro - \u00c9vora Portugal is a land where timeless charm meets modern vibrance. The Portugal Travel Guide invites you to discover a country that captivates with its sun-soaked beaches, cobbled streets, and warm hospitality. Whether you\u2019re\u2026","rel":"","context":"Similar post","block_context":{"text":"Similar post","link":""},"img":{"alt_text":"","src":"","width":0,"height":0},"classes":[]},{"id":7042,"url":"https:\/\/yourfavoritecanadian.com\/fr\/france-monaco\/","url_meta":{"origin":6825,"position":3},"title":"France &#8211; Monaco","author":"yourfavoritecanadian","date":"mars 19, 2025","format":false,"excerpt":"France's Must-Reads Monaco's Must-Reads France's Must-Reads Monaco's Must-Reads Southern France and Monaco are destinations that beautifully blend old-world charm with modern elegance. Our travels in the south of France focus on iconic coastal cities like Marseille and Nice, where Mediterranean culture, history, and relaxed seaside living come together effortlessly. From\u2026","rel":"","context":"Similar post","block_context":{"text":"Similar post","link":""},"img":{"alt_text":"","src":"","width":0,"height":0},"classes":[]},{"id":6903,"url":"https:\/\/yourfavoritecanadian.com\/fr\/philippines\/","url_meta":{"origin":6825,"position":4},"title":"Philippines","author":"yourfavoritecanadian","date":"mars 18, 2025","format":false,"excerpt":"Philippines Must-Reads Palawan Island Panglao Siquijor Moalboal Cebu Philippines Must-Reads Palawan Island Panglao - Siquijor Moalboal - Cebu The Philippines is a breathtaking mosaic of islands, each offering its own rhythm of life and charm. With turquoise waters, lush jungles, and warm hospitality, this tropical paradise is perfect for travelers\u2026","rel":"","context":"Similar post","block_context":{"text":"Similar post","link":""},"img":{"alt_text":"","src":"","width":0,"height":0},"classes":[]},{"id":6865,"url":"https:\/\/yourfavoritecanadian.com\/fr\/qatar\/","url_meta":{"origin":6825,"position":5},"title":"Qatar","author":"yourfavoritecanadian","date":"mars 18, 2025","format":false,"excerpt":"Doha's Must-Reads Doha's Activities Doha's Must-Reads Doha's Activities Doha, the capital of Qatar, is a city where tradition and modernity coexist seamlessly. With its gleaming skyscrapers, bustling souks, and serene waterfronts, the city offers experiences that cater to a wide range of travelers. From exploring historic neighborhoods to admiring cutting-edge\u2026","rel":"","context":"Similar post","block_context":{"text":"Similar post","link":""},"img":{"alt_text":"","src":"","width":0,"height":0},"classes":[]}],"jetpack_sharing_enabled":true,"_links":{"self":[{"href":"https:\/\/yourfavoritecanadian.com\/fr\/wp-json\/wp\/v2\/pages\/6825","targetHints":{"allow":["GET"]}}],"collection":[{"href":"https:\/\/yourfavoritecanadian.com\/fr\/wp-json\/wp\/v2\/pages"}],"about":[{"href":"https:\/\/yourfavoritecanadian.com\/fr\/wp-json\/wp\/v2\/types\/page"}],"author":[{"embeddable":true,"href":"https:\/\/yourfavoritecanadian.com\/fr\/wp-json\/wp\/v2\/users\/1"}],"replies":[{"embeddable":true,"href":"https:\/\/yourfavoritecanadian.com\/fr\/wp-json\/wp\/v2\/comments?post=6825"}],"version-history":[{"count":4,"href":"https:\/\/yourfavoritecanadian.com\/fr\/wp-json\/wp\/v2\/pages\/6825\/revisions"}],"predecessor-version":[{"id":8669,"href":"https:\/\/yourfavoritecanadian.com\/fr\/wp-json\/wp\/v2\/pages\/6825\/revisions\/8669"}],"wp:attachment":[{"href":"https:\/\/yourfavoritecanadian.com\/fr\/wp-json\/wp\/v2\/media?parent=6825"}],"curies":[{"name":"wp","href":"https:\/\/api.w.org\/{rel}","templated":true}]}}