{"id":6865,"date":"2025-03-18T16:14:53","date_gmt":"2025-03-18T20:14:53","guid":{"rendered":"https:\/\/yourfavoritecanadian.com\/?page_id=6865"},"modified":"2026-03-28T16:05:56","modified_gmt":"2026-03-28T20:05:56","slug":"qatar","status":"publish","type":"page","link":"https:\/\/yourfavoritecanadian.com\/fr\/qatar\/","title":{"rendered":"Qatar"},"content":{"rendered":"<div class=\"wp-block-buttons is-content-justification-center is-layout-flex wp-container-core-buttons-is-layout-16018d1d wp-block-buttons-is-layout-flex\">\n<div class=\"wp-block-button\"><a class=\"wp-block-button__link wp-element-button\" href=\"#1-1\"><strong>Lectures incontournables sur Doha<\/strong><\/a><\/div>\n\n\n\n<div class=\"wp-block-button\"><a class=\"wp-block-button__link wp-element-button\" href=\"#1-2\"><strong>Activiti\u00e9s \u00e0 Doha<\/strong><\/a><\/div>\n<\/div>\n\n\n\n<hr class=\"wp-block-separator has-alpha-channel-opacity\"\/>\n\n\n\n<p class=\"has-text-align-center has-base-2-background-color has-background\" id=\"1-1\"><strong>Lectures incontournables sur Doha<\/strong><\/p>\n\n\n<div class=\"pt-cv-wrapper\"><div class=\"pt-cv-view pt-cv-grid pt-cv-colsys\" id=\"pt-cv-view-43691fb6gh\"><div data-id=\"pt-cv-page-1\" class=\"pt-cv-page\" data-cvc=\"2\"><div class=\"col-md-6 col-sm-12 col-xs-12 pt-cv-content-item pt-cv-1-col\" ><div class='pt-cv-ifield'><a href=\"https:\/\/yourfavoritecanadian.com\/fr\/where-to-stay-in-doha-qatar-the-best-affordable-and-luxury-hotels-for-every-type-of-traveler\/\" class=\"_self pt-cv-href-thumbnail pt-cv-thumb-default\" target=\"_self\" ><img decoding=\"async\" width=\"300\" height=\"225\" data-src=\"https:\/\/yourfavoritecanadian.com\/wp-content\/uploads\/2025\/02\/IMG_1828-300x225.jpeg\" class=\"pt-cv-thumbnail lazyload\" alt=\"\" data-srcset=\"https:\/\/yourfavoritecanadian.com\/wp-content\/uploads\/2025\/02\/IMG_1828-300x225.jpeg 300w, https:\/\/yourfavoritecanadian.com\/wp-content\/uploads\/2025\/02\/IMG_1828-1024x768.jpeg 1024w, https:\/\/yourfavoritecanadian.com\/wp-content\/uploads\/2025\/02\/IMG_1828-768x576.jpeg 768w, https:\/\/yourfavoritecanadian.com\/wp-content\/uploads\/2025\/02\/IMG_1828-1536x1152.jpeg 1536w, https:\/\/yourfavoritecanadian.com\/wp-content\/uploads\/2025\/02\/IMG_1828-16x12.jpeg 16w, https:\/\/yourfavoritecanadian.com\/wp-content\/uploads\/2025\/02\/IMG_1828.jpeg 2048w\" data-sizes=\"(max-width: 300px) 100vw, 300px\" src=\"data:image\/svg+xml;base64,PHN2ZyB3aWR0aD0iMSIgaGVpZ2h0PSIxIiB4bWxucz0iaHR0cDovL3d3dy53My5vcmcvMjAwMC9zdmciPjwvc3ZnPg==\" style=\"--smush-placeholder-width: 300px; --smush-placeholder-aspect-ratio: 300\/225;\" \/><\/a>\n<h4 class=\"pt-cv-title\"><a href=\"https:\/\/yourfavoritecanadian.com\/fr\/where-to-stay-in-doha-qatar-the-best-affordable-and-luxury-hotels-for-every-type-of-traveler\/\" class=\"_self\" target=\"_self\" >O\u00f9 s\u00e9journer \u00e0 Doha, Qatar : Les meilleurs h\u00f4tels abordables et de luxe<\/a><\/h4><\/div><\/div>\n<div class=\"col-md-6 col-sm-12 col-xs-12 pt-cv-content-item pt-cv-1-col\" ><div class='pt-cv-ifield'><a href=\"https:\/\/yourfavoritecanadian.com\/fr\/15-interesting-facts-about-doha-qatar-that-will-surprise-you\/\" class=\"_self pt-cv-href-thumbnail pt-cv-thumb-default\" target=\"_self\" ><img decoding=\"async\" width=\"300\" height=\"225\" data-src=\"https:\/\/yourfavoritecanadian.com\/wp-content\/uploads\/2025\/02\/IMG_1825-300x225.jpeg\" class=\"pt-cv-thumbnail lazyload\" alt=\"\" data-srcset=\"https:\/\/yourfavoritecanadian.com\/wp-content\/uploads\/2025\/02\/IMG_1825-300x225.jpeg 300w, https:\/\/yourfavoritecanadian.com\/wp-content\/uploads\/2025\/02\/IMG_1825-1024x768.jpeg 1024w, https:\/\/yourfavoritecanadian.com\/wp-content\/uploads\/2025\/02\/IMG_1825-768x576.jpeg 768w, https:\/\/yourfavoritecanadian.com\/wp-content\/uploads\/2025\/02\/IMG_1825-1536x1152.jpeg 1536w, https:\/\/yourfavoritecanadian.com\/wp-content\/uploads\/2025\/02\/IMG_1825-16x12.jpeg 16w, https:\/\/yourfavoritecanadian.com\/wp-content\/uploads\/2025\/02\/IMG_1825.jpeg 2048w\" data-sizes=\"(max-width: 300px) 100vw, 300px\" src=\"data:image\/svg+xml;base64,PHN2ZyB3aWR0aD0iMSIgaGVpZ2h0PSIxIiB4bWxucz0iaHR0cDovL3d3dy53My5vcmcvMjAwMC9zdmciPjwvc3ZnPg==\" style=\"--smush-placeholder-width: 300px; --smush-placeholder-aspect-ratio: 300\/225;\" \/><\/a>\n<h4 class=\"pt-cv-title\"><a href=\"https:\/\/yourfavoritecanadian.com\/fr\/15-interesting-facts-about-doha-qatar-that-will-surprise-you\/\" class=\"_self\" target=\"_self\" >15 faits int\u00e9ressants sur Doha, Qatar, qui vous surprendront<\/a><\/h4><\/div><\/div><\/div><\/div><\/div>\n\n\n\n<div style=\"height:50px\" aria-hidden=\"true\" class=\"wp-block-spacer\"><\/div>\n\n\n\n<p class=\"has-text-align-center has-base-2-background-color has-background\" id=\"1-2\"><strong>Activiti\u00e9s \u00e0 Doha<\/strong><\/p>\n\n\n<div class=\"pt-cv-wrapper\"><div class=\"pt-cv-view pt-cv-grid pt-cv-colsys\" id=\"pt-cv-view-18e4df53oa\"><div data-id=\"pt-cv-page-1\" class=\"pt-cv-page\" data-cvc=\"2\"><div class=\"col-md-6 col-sm-12 col-xs-12 pt-cv-content-item pt-cv-1-col\" ><div class='pt-cv-ifield'><a href=\"https:\/\/yourfavoritecanadian.com\/fr\/top-11-things-to-do-in-doha-qatar-everything-you-need-to-know\/\" class=\"_self pt-cv-href-thumbnail pt-cv-thumb-default\" target=\"_self\" ><img decoding=\"async\" width=\"300\" height=\"225\" data-src=\"https:\/\/yourfavoritecanadian.com\/wp-content\/uploads\/2025\/03\/IMG_5560-300x225.jpeg\" class=\"pt-cv-thumbnail lazyload\" alt=\"\" data-srcset=\"https:\/\/yourfavoritecanadian.com\/wp-content\/uploads\/2025\/03\/IMG_5560-300x225.jpeg 300w, https:\/\/yourfavoritecanadian.com\/wp-content\/uploads\/2025\/03\/IMG_5560-1024x768.jpeg 1024w, https:\/\/yourfavoritecanadian.com\/wp-content\/uploads\/2025\/03\/IMG_5560-768x576.jpeg 768w, https:\/\/yourfavoritecanadian.com\/wp-content\/uploads\/2025\/03\/IMG_5560-1536x1152.jpeg 1536w, https:\/\/yourfavoritecanadian.com\/wp-content\/uploads\/2025\/03\/IMG_5560-16x12.jpeg 16w, https:\/\/yourfavoritecanadian.com\/wp-content\/uploads\/2025\/03\/IMG_5560.jpeg 2048w\" data-sizes=\"(max-width: 300px) 100vw, 300px\" src=\"data:image\/svg+xml;base64,PHN2ZyB3aWR0aD0iMSIgaGVpZ2h0PSIxIiB4bWxucz0iaHR0cDovL3d3dy53My5vcmcvMjAwMC9zdmciPjwvc3ZnPg==\" style=\"--smush-placeholder-width: 300px; --smush-placeholder-aspect-ratio: 300\/225;\" \/><\/a>\n<h4 class=\"pt-cv-title\"><a href=\"https:\/\/yourfavoritecanadian.com\/fr\/top-11-things-to-do-in-doha-qatar-everything-you-need-to-know\/\" class=\"_self\" target=\"_self\" >Top 11 des activit\u00e9s \u00e0 faire \u00e0 Doha, Qatar<\/a><\/h4><\/div><\/div>\n<div class=\"col-md-6 col-sm-12 col-xs-12 pt-cv-content-item pt-cv-1-col\" ><div class='pt-cv-ifield'><a href=\"https:\/\/yourfavoritecanadian.com\/fr\/ultimate-guide-to-a-desert-tour-in-doha-qatar-everything-you-need-to-know\/\" class=\"_self pt-cv-href-thumbnail pt-cv-thumb-default\" target=\"_self\" ><img decoding=\"async\" width=\"300\" height=\"225\" data-src=\"https:\/\/yourfavoritecanadian.com\/wp-content\/uploads\/2025\/03\/IMG_4997-300x225.jpeg\" class=\"pt-cv-thumbnail lazyload\" alt=\"\" data-srcset=\"https:\/\/yourfavoritecanadian.com\/wp-content\/uploads\/2025\/03\/IMG_4997-300x225.jpeg 300w, https:\/\/yourfavoritecanadian.com\/wp-content\/uploads\/2025\/03\/IMG_4997-1024x768.jpeg 1024w, https:\/\/yourfavoritecanadian.com\/wp-content\/uploads\/2025\/03\/IMG_4997-768x576.jpeg 768w, https:\/\/yourfavoritecanadian.com\/wp-content\/uploads\/2025\/03\/IMG_4997-1536x1152.jpeg 1536w, https:\/\/yourfavoritecanadian.com\/wp-content\/uploads\/2025\/03\/IMG_4997-16x12.jpeg 16w, https:\/\/yourfavoritecanadian.com\/wp-content\/uploads\/2025\/03\/IMG_4997.jpeg 2048w\" data-sizes=\"(max-width: 300px) 100vw, 300px\" src=\"data:image\/svg+xml;base64,PHN2ZyB3aWR0aD0iMSIgaGVpZ2h0PSIxIiB4bWxucz0iaHR0cDovL3d3dy53My5vcmcvMjAwMC9zdmciPjwvc3ZnPg==\" style=\"--smush-placeholder-width: 300px; --smush-placeholder-aspect-ratio: 300\/225;\" \/><\/a>\n<h4 class=\"pt-cv-title\"><a href=\"https:\/\/yourfavoritecanadian.com\/fr\/ultimate-guide-to-a-desert-tour-in-doha-qatar-everything-you-need-to-know\/\" class=\"_self\" target=\"_self\" >Guide ultime d'une excursion dans le d\u00e9sert \u00e0 Doha, Qatar : Tout ce que vous devez savoir<\/a><\/h4><\/div><\/div><\/div><\/div><\/div>\n\n\n\n<div style=\"height:10px\" aria-hidden=\"true\" class=\"wp-block-spacer\"><\/div>\n\n\n\n<hr class=\"wp-block-separator has-alpha-channel-opacity\"\/>\n\n\n\n<div style=\"height:10px\" aria-hidden=\"true\" class=\"wp-block-spacer\"><\/div>\n\n\n\n<p class=\"translation-block\">Doha, la capitale du Qatar, est une ville o\u00f9 traditions et modernit\u00e9 coexistent harmonieusement. Avec ses gratte-ciel impressionnants, ses souks anim\u00e9s et ses promenades en bord de mer paisibles, la ville offre des exp\u00e9riences adapt\u00e9es \u00e0 tous les types de voyageurs. De l\u2019exploration de quartiers historiques \u00e0 l\u2019admiration d\u2019une architecture avant-gardiste, chaque coin de Doha raconte une histoire. Les visiteurs peuvent assister \u00e0 des spectacles culturels, profiter d\u2019une gastronomie de classe mondiale et se promener le long de magnifiques corniches, faisant de la ville un centre dynamique de d\u00e9tente et de d\u00e9couvertes. Notre guide de voyage \u00e0 Doha propose des informations sur les incontournables, des conseils pratiques et des tr\u00e9sors cach\u00e9s pour vous aider \u00e0 profiter pleinement de votre s\u00e9jour.<\/p>\n\n\n\n<p class=\"translation-block\">Pour ceux qui recherchent aventure et loisirs, Doha a beaucoup \u00e0 offrir. Que ce soit en se promenant dans des march\u00e9s color\u00e9s, en faisant une balade en bateau traditionnel dhow le long de la Corniche ou en passant une journ\u00e9e en famille dans les parcs et mus\u00e9es de la ville, chacun y trouve son compte. Notre section activit\u00e9s et conseils \u00e0 Doha met en avant des exp\u00e9riences uniques et vous aide \u00e0 planifier un voyage fluide et agr\u00e9able. Les voyageurs peuvent d\u00e9couvrir l\u2019art local, go\u00fbter \u00e0 la cuisine qatarie traditionnelle ou se d\u00e9tendre en bord de mer tout en en apprenant davantage sur l\u2019histoire de la ville. Ces exp\u00e9riences font de Doha non seulement une destination \u00e0 visiter, mais une ville \u00e0 vivre pleinement.<\/p>\n\n\n\n<p class=\"translation-block\">Doha est \u00e9galement une destination id\u00e9ale pour les familles, offrant une vari\u00e9t\u00e9 d\u2019activit\u00e9s adapt\u00e9es aux adultes comme aux enfants. Des mus\u00e9es interactifs aux aventures en plein air, en passant par des ateliers culturels, les possibilit\u00e9s sont nombreuses pour cr\u00e9er des souvenirs inoubliables. Nos suggestions d\u2019activit\u00e9s familiales \u00e0 Doha vous aident \u00e0 organiser des itin\u00e9raires \u00e9quilibr\u00e9s entre apprentissage, divertissement et d\u00e9tente. Chez Your Favorite Canadian, notre objectif est de vous faire d\u00e9couvrir l\u2019essence de Doha gr\u00e2ce \u00e0 des guides d\u00e9taill\u00e9s, des conseils pratiques et des recommandations personnalis\u00e9es. Cliquez sur une cat\u00e9gorie pour explorer davantage les incontournables et les activit\u00e9s \u00e0 Doha, et faire de votre voyage dans cette ville dynamique une exp\u00e9rience m\u00e9morable.<\/p>\n<p><a href=\"\/\/www.pinterest.com\/pin\/create\/button\/\" data-pin-do=\"buttonBookmark\" data-pin-color=\"red\" data-pin-height=\"128\"><img decoding=\"async\" data-src=\"\/\/assets.pinterest.com\/images\/pidgets\/pinit_fg_en_rect_red_28.png\" src=\"data:image\/svg+xml;base64,PHN2ZyB3aWR0aD0iMSIgaGVpZ2h0PSIxIiB4bWxucz0iaHR0cDovL3d3dy53My5vcmcvMjAwMC9zdmciPjwvc3ZnPg==\" class=\"lazyload\" \/><\/a><\/p>","protected":false},"excerpt":{"rendered":"<p>Doha&#8217;s Must-Reads Doha&#8217;s Activities Doha, the capital of Qatar, is a city where tradition and modernity coexist seamlessly. With its gleaming skyscrapers, bustling souks, and serene waterfronts, the city offers &#8230; <a title=\"Qatar\" class=\"read-more\" href=\"https:\/\/yourfavoritecanadian.com\/fr\/qatar\/\" aria-label=\"Read more about Qatar\">Read more<\/a><\/p>","protected":false},"author":1,"featured_media":0,"parent":0,"menu_order":0,"comment_status":"closed","ping_status":"closed","template":"","meta":{"om_disable_all_campaigns":false,"_monsterinsights_skip_tracking":false,"_monsterinsights_sitenote_active":false,"_monsterinsights_sitenote_note":"","_monsterinsights_sitenote_category":0,"jetpack_post_was_ever_published":false,"footnotes":""},"class_list":["post-6865","page","type-page","status-publish"],"aioseo_notices":[],"jetpack-related-posts":[{"id":6107,"url":"https:\/\/yourfavoritecanadian.com\/fr\/middle-east\/","url_meta":{"origin":6865,"position":0},"title":"Moyen-Orient","author":"yourfavoritecanadian","date":"janvier 13, 2025","format":false,"excerpt":"QATAR UNITED ARAB EMIRATES The Middle East is a region of fascinating contrasts, where ancient traditions meet modern innovation. From sweeping deserts to glittering skylines, it offers experiences that captivate every traveler. Each destination has its own character, whether it\u2019s the futuristic architecture of Dubai or the rich cultural heritage\u2026","rel":"","context":"Similar post","block_context":{"text":"Similar post","link":""},"img":{"alt_text":"","src":"","width":0,"height":0},"classes":[]},{"id":6876,"url":"https:\/\/yourfavoritecanadian.com\/fr\/united-arab-emirates\/","url_meta":{"origin":6865,"position":1},"title":"\u00c9mirates Arabe Unis","author":"yourfavoritecanadian","date":"mars 18, 2025","format":false,"excerpt":"Dubai's Must-Reads Dubai's Activities Dubai's Must-Reads Dubai's Activities The United Arab Emirates is a land of striking contrasts, where ultramodern cities rise alongside vast deserts and centuries-old traditions thrive. From the dazzling skyline of Dubai to the cultural richness of Abu Dhabi, the country offers experiences that are both thrilling\u2026","rel":"","context":"Similar post","block_context":{"text":"Similar post","link":""},"img":{"alt_text":"","src":"","width":0,"height":0},"classes":[]},{"id":6835,"url":"https:\/\/yourfavoritecanadian.com\/fr\/colombia\/","url_meta":{"origin":6865,"position":2},"title":"Colombie","author":"yourfavoritecanadian","date":"mars 18, 2025","format":false,"excerpt":"Colombia's Must-Reads Cartagena Medellin Salento Bogota Colombia's Must-Reads Cartagena Medellin Salento Bogota Colombia is a country of contrasts and color, where mountains, beaches, and dynamic cities come together to create unforgettable experiences. From the historic charm of Cartagena to the coffee-scented hills of Salento, each destination reveals its own rhythm\u2026","rel":"","context":"Similar post","block_context":{"text":"Similar post","link":""},"img":{"alt_text":"","src":"","width":0,"height":0},"classes":[]},{"id":6799,"url":"https:\/\/yourfavoritecanadian.com\/fr\/aruba\/","url_meta":{"origin":6865,"position":3},"title":"Aruba","author":"yourfavoritecanadian","date":"mars 18, 2025","format":false,"excerpt":"Aruba's Must-Reads Arikok National Park Andicuri Bay Oranjestad Sint-Nicolaas Santa Cruz Aruba's Must-Reads Arikok National Park - Andicuri Bay Oranjestad - Sint Nicolaas - Santa Cruz Aruba is a Caribbean gem where golden beaches meet crystal-clear waters, offering travelers the perfect mix of relaxation and exploration. From the lively streets\u2026","rel":"","context":"Similar post","block_context":{"text":"Similar post","link":""},"img":{"alt_text":"","src":"","width":0,"height":0},"classes":[]},{"id":6788,"url":"https:\/\/yourfavoritecanadian.com\/fr\/united-states\/","url_meta":{"origin":6865,"position":4},"title":"\u00c9tats-Unis","author":"yourfavoritecanadian","date":"mars 18, 2025","format":false,"excerpt":"USA's Must-Reads California Oregon USA's Must-Reads California Oregon The United States is a country of immense diversity, offering travelers a rich mix of bustling cities, scenic landscapes, and cultural experiences. From the towering skyscrapers of New York City to the serene beauty of the Rocky Mountains, every destination tells a\u2026","rel":"","context":"Similar post","block_context":{"text":"Similar post","link":""},"img":{"alt_text":"","src":"","width":0,"height":0},"classes":[]},{"id":6888,"url":"https:\/\/yourfavoritecanadian.com\/fr\/bali\/","url_meta":{"origin":6865,"position":5},"title":"Bali","author":"yourfavoritecanadian","date":"mars 18, 2025","format":false,"excerpt":"Bali's Must-Reads Gili Trawangan Ubud Canggu Semyniak Uluwatu Nusa Dua Kuta Nusa Penida Bali's Must-Reads Gili Trawangan Ubud - Canggu - Seminyak Uluwatu - Nusa Dua - Kuta Nusa Penida Bali is more than a tropical island \u2014 it\u2019s a place where nature, culture, and spirituality blend effortlessly. From serene\u2026","rel":"","context":"Similar post","block_context":{"text":"Similar post","link":""},"img":{"alt_text":"","src":"","width":0,"height":0},"classes":[]}],"jetpack_sharing_enabled":true,"_links":{"self":[{"href":"https:\/\/yourfavoritecanadian.com\/fr\/wp-json\/wp\/v2\/pages\/6865","targetHints":{"allow":["GET"]}}],"collection":[{"href":"https:\/\/yourfavoritecanadian.com\/fr\/wp-json\/wp\/v2\/pages"}],"about":[{"href":"https:\/\/yourfavoritecanadian.com\/fr\/wp-json\/wp\/v2\/types\/page"}],"author":[{"embeddable":true,"href":"https:\/\/yourfavoritecanadian.com\/fr\/wp-json\/wp\/v2\/users\/1"}],"replies":[{"embeddable":true,"href":"https:\/\/yourfavoritecanadian.com\/fr\/wp-json\/wp\/v2\/comments?post=6865"}],"version-history":[{"count":4,"href":"https:\/\/yourfavoritecanadian.com\/fr\/wp-json\/wp\/v2\/pages\/6865\/revisions"}],"predecessor-version":[{"id":8677,"href":"https:\/\/yourfavoritecanadian.com\/fr\/wp-json\/wp\/v2\/pages\/6865\/revisions\/8677"}],"wp:attachment":[{"href":"https:\/\/yourfavoritecanadian.com\/fr\/wp-json\/wp\/v2\/media?parent=6865"}],"curies":[{"name":"wp","href":"https:\/\/api.w.org\/{rel}","templated":true}]}}