{"id":6876,"date":"2025-03-18T16:28:19","date_gmt":"2025-03-18T20:28:19","guid":{"rendered":"https:\/\/yourfavoritecanadian.com\/?page_id=6876"},"modified":"2026-03-28T16:08:46","modified_gmt":"2026-03-28T20:08:46","slug":"united-arab-emirates","status":"publish","type":"page","link":"https:\/\/yourfavoritecanadian.com\/fr\/united-arab-emirates\/","title":{"rendered":"\u00c9mirates Arabe Unis"},"content":{"rendered":"<div class=\"wp-block-buttons is-content-justification-center is-layout-flex wp-container-core-buttons-is-layout-16018d1d wp-block-buttons-is-layout-flex\">\n<div class=\"wp-block-button\"><a class=\"wp-block-button__link wp-element-button\" href=\"#1-1\"><strong>Lectures incontournables sur Dubai<\/strong><\/a><\/div>\n\n\n\n<div class=\"wp-block-button\"><a class=\"wp-block-button__link wp-element-button\" href=\"#1-2\"><strong>Activiti\u00e9s \u00e0 Dubai<\/strong><\/a><\/div>\n<\/div>\n\n\n\n<hr class=\"wp-block-separator has-alpha-channel-opacity\"\/>\n\n\n\n<p class=\"has-text-align-center has-base-2-background-color has-background\" id=\"1-1\"><strong>Lectures incontournables sur Dubai<\/strong><\/p>\n\n\n<div class=\"pt-cv-wrapper\"><div class=\"pt-cv-view pt-cv-grid pt-cv-colsys\" id=\"pt-cv-view-216d2e4qgl\"><div data-id=\"pt-cv-page-1\" class=\"pt-cv-page\" data-cvc=\"3\"><div class=\"col-md-4 col-sm-12 col-xs-12 pt-cv-content-item pt-cv-1-col\" ><div class='pt-cv-ifield'><a href=\"https:\/\/yourfavoritecanadian.com\/fr\/dubai-or-doha-which-is-better-ultimate-travel-comparison\/\" class=\"_self pt-cv-href-thumbnail pt-cv-thumb-default\" target=\"_self\" ><img decoding=\"async\" width=\"300\" height=\"225\" data-src=\"https:\/\/yourfavoritecanadian.com\/wp-content\/uploads\/2025\/04\/IMG_5684-300x225.jpeg\" class=\"pt-cv-thumbnail lazyload\" alt=\"\" data-srcset=\"https:\/\/yourfavoritecanadian.com\/wp-content\/uploads\/2025\/04\/IMG_5684-300x225.jpeg 300w, https:\/\/yourfavoritecanadian.com\/wp-content\/uploads\/2025\/04\/IMG_5684-1024x768.jpeg 1024w, https:\/\/yourfavoritecanadian.com\/wp-content\/uploads\/2025\/04\/IMG_5684-768x576.jpeg 768w, https:\/\/yourfavoritecanadian.com\/wp-content\/uploads\/2025\/04\/IMG_5684-1536x1152.jpeg 1536w, https:\/\/yourfavoritecanadian.com\/wp-content\/uploads\/2025\/04\/IMG_5684-16x12.jpeg 16w, https:\/\/yourfavoritecanadian.com\/wp-content\/uploads\/2025\/04\/IMG_5684.jpeg 2048w\" data-sizes=\"(max-width: 300px) 100vw, 300px\" src=\"data:image\/svg+xml;base64,PHN2ZyB3aWR0aD0iMSIgaGVpZ2h0PSIxIiB4bWxucz0iaHR0cDovL3d3dy53My5vcmcvMjAwMC9zdmciPjwvc3ZnPg==\" style=\"--smush-placeholder-width: 300px; --smush-placeholder-aspect-ratio: 300\/225;\" \/><\/a>\n<h4 class=\"pt-cv-title\"><a href=\"https:\/\/yourfavoritecanadian.com\/fr\/dubai-or-doha-which-is-better-ultimate-travel-comparison\/\" class=\"_self\" target=\"_self\" >Duba\u00ef ou Doha : Quelle est la meilleure destination? Comparaison voyage ultime<\/a><\/h4><\/div><\/div>\n<div class=\"col-md-4 col-sm-12 col-xs-12 pt-cv-content-item pt-cv-1-col\" ><div class='pt-cv-ifield'><a href=\"https:\/\/yourfavoritecanadian.com\/fr\/is-dubai-affordable-to-visit-ultimate-guide-to-budget-friendly-travel\/\" class=\"_self pt-cv-href-thumbnail pt-cv-thumb-default\" target=\"_self\" ><img decoding=\"async\" width=\"300\" height=\"225\" data-src=\"https:\/\/yourfavoritecanadian.com\/wp-content\/uploads\/2025\/03\/IMG_5605-300x225.jpeg\" class=\"pt-cv-thumbnail lazyload\" alt=\"\" data-srcset=\"https:\/\/yourfavoritecanadian.com\/wp-content\/uploads\/2025\/03\/IMG_5605-300x225.jpeg 300w, https:\/\/yourfavoritecanadian.com\/wp-content\/uploads\/2025\/03\/IMG_5605-1024x768.jpeg 1024w, https:\/\/yourfavoritecanadian.com\/wp-content\/uploads\/2025\/03\/IMG_5605-768x576.jpeg 768w, https:\/\/yourfavoritecanadian.com\/wp-content\/uploads\/2025\/03\/IMG_5605-1536x1152.jpeg 1536w, https:\/\/yourfavoritecanadian.com\/wp-content\/uploads\/2025\/03\/IMG_5605-16x12.jpeg 16w, https:\/\/yourfavoritecanadian.com\/wp-content\/uploads\/2025\/03\/IMG_5605.jpeg 2048w\" data-sizes=\"(max-width: 300px) 100vw, 300px\" src=\"data:image\/svg+xml;base64,PHN2ZyB3aWR0aD0iMSIgaGVpZ2h0PSIxIiB4bWxucz0iaHR0cDovL3d3dy53My5vcmcvMjAwMC9zdmciPjwvc3ZnPg==\" style=\"--smush-placeholder-width: 300px; --smush-placeholder-aspect-ratio: 300\/225;\" \/><\/a>\n<h4 class=\"pt-cv-title\"><a href=\"https:\/\/yourfavoritecanadian.com\/fr\/is-dubai-affordable-to-visit-ultimate-guide-to-budget-friendly-travel\/\" class=\"_self\" target=\"_self\" >Duba\u00ef est-elle une destination abordable? Guide pour voyager \u00e0 petit budget dans la ville du luxe<\/a><\/h4><\/div><\/div>\n<div class=\"col-md-4 col-sm-12 col-xs-12 pt-cv-content-item pt-cv-1-col\" ><div class='pt-cv-ifield'><a href=\"https:\/\/yourfavoritecanadian.com\/fr\/10-fascinating-fun-facts-about-the-uae-you-need-to-know\/\" class=\"_self pt-cv-href-thumbnail pt-cv-thumb-default\" target=\"_self\" ><img decoding=\"async\" width=\"300\" height=\"225\" data-src=\"https:\/\/yourfavoritecanadian.com\/wp-content\/uploads\/2025\/01\/IMG_2101-300x225.jpeg\" class=\"pt-cv-thumbnail lazyload\" alt=\"\" data-srcset=\"https:\/\/yourfavoritecanadian.com\/wp-content\/uploads\/2025\/01\/IMG_2101-300x225.jpeg 300w, https:\/\/yourfavoritecanadian.com\/wp-content\/uploads\/2025\/01\/IMG_2101-1024x768.jpeg 1024w, https:\/\/yourfavoritecanadian.com\/wp-content\/uploads\/2025\/01\/IMG_2101-768x576.jpeg 768w, https:\/\/yourfavoritecanadian.com\/wp-content\/uploads\/2025\/01\/IMG_2101-1536x1152.jpeg 1536w, https:\/\/yourfavoritecanadian.com\/wp-content\/uploads\/2025\/01\/IMG_2101-16x12.jpeg 16w, https:\/\/yourfavoritecanadian.com\/wp-content\/uploads\/2025\/01\/IMG_2101.jpeg 2048w\" data-sizes=\"(max-width: 300px) 100vw, 300px\" src=\"data:image\/svg+xml;base64,PHN2ZyB3aWR0aD0iMSIgaGVpZ2h0PSIxIiB4bWxucz0iaHR0cDovL3d3dy53My5vcmcvMjAwMC9zdmciPjwvc3ZnPg==\" style=\"--smush-placeholder-width: 300px; --smush-placeholder-aspect-ratio: 300\/225;\" \/><\/a>\n<h4 class=\"pt-cv-title\"><a href=\"https:\/\/yourfavoritecanadian.com\/fr\/10-fascinating-fun-facts-about-the-uae-you-need-to-know\/\" class=\"_self\" target=\"_self\" >10 faits fascinants sur les \u00c9AU que vous devez conna\u00eetre<\/a><\/h4><\/div><\/div><\/div><\/div><\/div>\n\n\n\n<div style=\"height:50px\" aria-hidden=\"true\" class=\"wp-block-spacer\"><\/div>\n\n\n\n<p class=\"has-text-align-center has-base-2-background-color has-background\" id=\"1-2\"><strong>Activiti\u00e9s \u00e0 Dubai<\/strong><\/p>\n\n\n<div class=\"pt-cv-wrapper\"><div class=\"pt-cv-view pt-cv-grid pt-cv-colsys\" id=\"pt-cv-view-dd28ccbact\"><div data-id=\"pt-cv-page-1\" class=\"pt-cv-page\" data-cvc=\"3\"><div class=\"col-md-4 col-sm-12 col-xs-12 pt-cv-content-item pt-cv-1-col\" ><div class='pt-cv-ifield'><a href=\"https:\/\/yourfavoritecanadian.com\/fr\/dubai-camel-racing-guide-everything-you-need-to-know\/\" class=\"_self pt-cv-href-thumbnail pt-cv-thumb-default\" target=\"_self\" ><img decoding=\"async\" width=\"300\" height=\"225\" data-src=\"https:\/\/yourfavoritecanadian.com\/wp-content\/uploads\/2025\/03\/IMG_5043-300x225.jpeg\" class=\"pt-cv-thumbnail lazyload\" alt=\"\" data-srcset=\"https:\/\/yourfavoritecanadian.com\/wp-content\/uploads\/2025\/03\/IMG_5043-300x225.jpeg 300w, https:\/\/yourfavoritecanadian.com\/wp-content\/uploads\/2025\/03\/IMG_5043-1024x768.jpeg 1024w, https:\/\/yourfavoritecanadian.com\/wp-content\/uploads\/2025\/03\/IMG_5043-768x576.jpeg 768w, https:\/\/yourfavoritecanadian.com\/wp-content\/uploads\/2025\/03\/IMG_5043-1536x1152.jpeg 1536w, https:\/\/yourfavoritecanadian.com\/wp-content\/uploads\/2025\/03\/IMG_5043-16x12.jpeg 16w, https:\/\/yourfavoritecanadian.com\/wp-content\/uploads\/2025\/03\/IMG_5043.jpeg 2048w\" data-sizes=\"(max-width: 300px) 100vw, 300px\" src=\"data:image\/svg+xml;base64,PHN2ZyB3aWR0aD0iMSIgaGVpZ2h0PSIxIiB4bWxucz0iaHR0cDovL3d3dy53My5vcmcvMjAwMC9zdmciPjwvc3ZnPg==\" style=\"--smush-placeholder-width: 300px; --smush-placeholder-aspect-ratio: 300\/225;\" \/><\/a>\n<h4 class=\"pt-cv-title\"><a href=\"https:\/\/yourfavoritecanadian.com\/fr\/dubai-camel-racing-guide-everything-you-need-to-know\/\" class=\"_self\" target=\"_self\" >Guide des courses de chameaux \u00e0 Duba\u00ef : Tout ce que vous devez savoir<\/a><\/h4><\/div><\/div>\n<div class=\"col-md-4 col-sm-12 col-xs-12 pt-cv-content-item pt-cv-1-col\" ><div class='pt-cv-ifield'><a href=\"https:\/\/yourfavoritecanadian.com\/fr\/abu-dhabi-day-tour-ultimate-guide-for-an-adventure-from-dubai\/\" class=\"_self pt-cv-href-thumbnail pt-cv-thumb-default\" target=\"_self\" ><img decoding=\"async\" width=\"300\" height=\"225\" data-src=\"https:\/\/yourfavoritecanadian.com\/wp-content\/uploads\/2025\/01\/IMG_2575-300x225.jpeg\" class=\"pt-cv-thumbnail lazyload\" alt=\"\" data-srcset=\"https:\/\/yourfavoritecanadian.com\/wp-content\/uploads\/2025\/01\/IMG_2575-300x225.jpeg 300w, https:\/\/yourfavoritecanadian.com\/wp-content\/uploads\/2025\/01\/IMG_2575-1024x768.jpeg 1024w, https:\/\/yourfavoritecanadian.com\/wp-content\/uploads\/2025\/01\/IMG_2575-768x576.jpeg 768w, https:\/\/yourfavoritecanadian.com\/wp-content\/uploads\/2025\/01\/IMG_2575-1536x1152.jpeg 1536w, https:\/\/yourfavoritecanadian.com\/wp-content\/uploads\/2025\/01\/IMG_2575-16x12.jpeg 16w, https:\/\/yourfavoritecanadian.com\/wp-content\/uploads\/2025\/01\/IMG_2575.jpeg 2048w\" data-sizes=\"(max-width: 300px) 100vw, 300px\" src=\"data:image\/svg+xml;base64,PHN2ZyB3aWR0aD0iMSIgaGVpZ2h0PSIxIiB4bWxucz0iaHR0cDovL3d3dy53My5vcmcvMjAwMC9zdmciPjwvc3ZnPg==\" style=\"--smush-placeholder-width: 300px; --smush-placeholder-aspect-ratio: 300\/225;\" \/><\/a>\n<h4 class=\"pt-cv-title\"><a href=\"https:\/\/yourfavoritecanadian.com\/fr\/abu-dhabi-day-tour-ultimate-guide-for-an-adventure-from-dubai\/\" class=\"_self\" target=\"_self\" >Excursion d'une journ\u00e9e \u00e0 Abu Dhabi : Guide ultime pour une aventure au d\u00e9part de Duba\u00ef<\/a><\/h4><\/div><\/div>\n<div class=\"col-md-4 col-sm-12 col-xs-12 pt-cv-content-item pt-cv-1-col\" ><div class='pt-cv-ifield'><a href=\"https:\/\/yourfavoritecanadian.com\/fr\/6-free-things-to-do-in-dubai-everything-you-need-to-know-to-save-your-wallet\/\" class=\"_self pt-cv-href-thumbnail pt-cv-thumb-default\" target=\"_self\" ><img decoding=\"async\" width=\"300\" height=\"225\" data-src=\"https:\/\/yourfavoritecanadian.com\/wp-content\/uploads\/2025\/01\/IMG_2227-300x225.jpeg\" class=\"pt-cv-thumbnail lazyload\" alt=\"\" data-srcset=\"https:\/\/yourfavoritecanadian.com\/wp-content\/uploads\/2025\/01\/IMG_2227-300x225.jpeg 300w, https:\/\/yourfavoritecanadian.com\/wp-content\/uploads\/2025\/01\/IMG_2227-1024x768.jpeg 1024w, https:\/\/yourfavoritecanadian.com\/wp-content\/uploads\/2025\/01\/IMG_2227-768x576.jpeg 768w, https:\/\/yourfavoritecanadian.com\/wp-content\/uploads\/2025\/01\/IMG_2227-1536x1152.jpeg 1536w, https:\/\/yourfavoritecanadian.com\/wp-content\/uploads\/2025\/01\/IMG_2227-16x12.jpeg 16w, https:\/\/yourfavoritecanadian.com\/wp-content\/uploads\/2025\/01\/IMG_2227.jpeg 2048w\" data-sizes=\"(max-width: 300px) 100vw, 300px\" src=\"data:image\/svg+xml;base64,PHN2ZyB3aWR0aD0iMSIgaGVpZ2h0PSIxIiB4bWxucz0iaHR0cDovL3d3dy53My5vcmcvMjAwMC9zdmciPjwvc3ZnPg==\" style=\"--smush-placeholder-width: 300px; --smush-placeholder-aspect-ratio: 300\/225;\" \/><\/a>\n<h4 class=\"pt-cv-title\"><a href=\"https:\/\/yourfavoritecanadian.com\/fr\/6-free-things-to-do-in-dubai-everything-you-need-to-know-to-save-your-wallet\/\" class=\"_self\" target=\"_self\" >6 activit\u00e9s gratuites \u00e0 faire \u00e0 Duba\u00ef : Tout ce que vous devez savoir pour \u00e9pargner votre portefeuille<\/a><\/h4><\/div><\/div>\n<div class=\"col-md-4 col-sm-12 col-xs-12 pt-cv-content-item pt-cv-1-col\" ><div class='pt-cv-ifield'><a href=\"https:\/\/yourfavoritecanadian.com\/fr\/17-best-things-to-do-in-dubai-everything-you-need-to-know\/\" class=\"_self pt-cv-href-thumbnail pt-cv-thumb-default\" target=\"_self\" ><img decoding=\"async\" width=\"300\" height=\"225\" data-src=\"https:\/\/yourfavoritecanadian.com\/wp-content\/uploads\/2025\/01\/IMG_2228-300x225.jpeg\" class=\"pt-cv-thumbnail lazyload\" alt=\"\" data-srcset=\"https:\/\/yourfavoritecanadian.com\/wp-content\/uploads\/2025\/01\/IMG_2228-300x225.jpeg 300w, https:\/\/yourfavoritecanadian.com\/wp-content\/uploads\/2025\/01\/IMG_2228-1024x768.jpeg 1024w, https:\/\/yourfavoritecanadian.com\/wp-content\/uploads\/2025\/01\/IMG_2228-768x576.jpeg 768w, https:\/\/yourfavoritecanadian.com\/wp-content\/uploads\/2025\/01\/IMG_2228-1536x1152.jpeg 1536w, https:\/\/yourfavoritecanadian.com\/wp-content\/uploads\/2025\/01\/IMG_2228-16x12.jpeg 16w, https:\/\/yourfavoritecanadian.com\/wp-content\/uploads\/2025\/01\/IMG_2228.jpeg 2048w\" data-sizes=\"(max-width: 300px) 100vw, 300px\" src=\"data:image\/svg+xml;base64,PHN2ZyB3aWR0aD0iMSIgaGVpZ2h0PSIxIiB4bWxucz0iaHR0cDovL3d3dy53My5vcmcvMjAwMC9zdmciPjwvc3ZnPg==\" style=\"--smush-placeholder-width: 300px; --smush-placeholder-aspect-ratio: 300\/225;\" \/><\/a>\n<h4 class=\"pt-cv-title\"><a href=\"https:\/\/yourfavoritecanadian.com\/fr\/17-best-things-to-do-in-dubai-everything-you-need-to-know\/\" class=\"_self\" target=\"_self\" >17 des meilleures activit\u00e9s \u00e0 faire \u00e0 Duba\u00ef : Tout ce que vous devez savoir\u00a0<\/a><\/h4><\/div><\/div><\/div><\/div><\/div>\n\n\n\n<div style=\"height:10px\" aria-hidden=\"true\" class=\"wp-block-spacer\"><\/div>\n\n\n\n<hr class=\"wp-block-separator has-alpha-channel-opacity\"\/>\n\n\n\n<div style=\"height:10px\" aria-hidden=\"true\" class=\"wp-block-spacer\"><\/div>\n\n\n\n<p class=\"translation-block\">Les \u00c9mirats arabes unis sont une destination de contrastes saisissants, o\u00f9 des villes ultramodernes s\u2019\u00e9l\u00e8vent aux c\u00f4t\u00e9s de vastes d\u00e9serts et de traditions ancestrales bien ancr\u00e9es. De l\u2019horizon spectaculaire de Duba\u00ef \u00e0 la richesse culturelle d\u2019Abou Dhabi, le pays offre des exp\u00e9riences \u00e0 la fois captivantes et enrichissantes. Les visiteurs peuvent explorer des march\u00e9s anim\u00e9s, admirer des chefs-d\u2019\u0153uvre architecturaux ou s\u2019immerger dans les coutumes locales, rendant chaque voyage unique. Notre guide de voyage propose des conseils utiles, des astuces et des recommandations pour d\u00e9couvrir les destinations les plus fascinantes des \u00c9mirats arabes unis.<\/p>\n\n\n\n<p class=\"translation-block\">Duba\u00ef, v\u00e9ritable joyau du pays, s\u00e9duit par son m\u00e9lange de modernit\u00e9 et de culture. Entre gratte-ciel embl\u00e9matiques, boutiques de luxe, plages ensoleill\u00e9es et quartiers anim\u00e9s, les exp\u00e9riences ne manquent pas. Notre guide met en lumi\u00e8re les activit\u00e9s incontournables, les sites c\u00e9l\u00e8bres et des tr\u00e9sors cach\u00e9s pour profiter pleinement de la ville. Pour les amateurs d\u2019aventure, les possibilit\u00e9s sont nombreuses, des safaris dans le d\u00e9sert aux excursions dans les dunes, en passant par les sports nautiques et les parcs \u00e0 th\u00e8me, garantissant des moments m\u00e9morables pour tous les voyageurs.<\/p>\n\n\n\n<p class=\"translation-block\">Les \u00c9mirats arabes unis offrent \u00e9galement une grande vari\u00e9t\u00e9 d\u2019activit\u00e9s culturelles, familiales et relaxantes. Les mus\u00e9es, les villages patrimoniaux et les souks traditionnels permettent de d\u00e9couvrir l\u2019histoire riche du pays, tandis que les plages immacul\u00e9es et les complexes h\u00f4teliers luxueux offrent des espaces parfaits pour se d\u00e9tendre. Chez Your Favorite Canadian, notre objectif est de vous guider \u00e0 travers cette diversit\u00e9 d\u2019exp\u00e9riences afin de vous aider \u00e0 planifier un voyage \u00e9quilibr\u00e9 entre d\u00e9couverte, aventure et d\u00e9tente. Cliquez sur une cat\u00e9gorie pour explorer les incontournables de Duba\u00ef, d\u00e9couvrir des conseils locaux et faire de votre s\u00e9jour aux \u00c9mirats arabes unis une exp\u00e9rience inoubliable remplie d\u2019\u00e9merveillement.<\/p>\n<p><a href=\"\/\/www.pinterest.com\/pin\/create\/button\/\" data-pin-do=\"buttonBookmark\" data-pin-color=\"red\" data-pin-height=\"128\"><img decoding=\"async\" data-src=\"\/\/assets.pinterest.com\/images\/pidgets\/pinit_fg_en_rect_red_28.png\" src=\"data:image\/svg+xml;base64,PHN2ZyB3aWR0aD0iMSIgaGVpZ2h0PSIxIiB4bWxucz0iaHR0cDovL3d3dy53My5vcmcvMjAwMC9zdmciPjwvc3ZnPg==\" class=\"lazyload\" \/><\/a><\/p>","protected":false},"excerpt":{"rendered":"<p>Dubai&#8217;s Must-Reads Dubai&#8217;s Activities The United Arab Emirates is a land of striking contrasts, where ultramodern cities rise alongside vast deserts and centuries-old traditions thrive. From the dazzling skyline of &#8230; <a title=\"\u00c9mirates Arabe Unis\" class=\"read-more\" href=\"https:\/\/yourfavoritecanadian.com\/fr\/united-arab-emirates\/\" aria-label=\"Read more about United Arab Emirates\">Read more<\/a><\/p>","protected":false},"author":1,"featured_media":0,"parent":0,"menu_order":0,"comment_status":"closed","ping_status":"closed","template":"","meta":{"om_disable_all_campaigns":false,"_monsterinsights_skip_tracking":false,"_monsterinsights_sitenote_active":false,"_monsterinsights_sitenote_note":"","_monsterinsights_sitenote_category":0,"jetpack_post_was_ever_published":false,"footnotes":""},"class_list":["post-6876","page","type-page","status-publish"],"aioseo_notices":[],"jetpack-related-posts":[{"id":6107,"url":"https:\/\/yourfavoritecanadian.com\/fr\/middle-east\/","url_meta":{"origin":6876,"position":0},"title":"Moyen-Orient","author":"yourfavoritecanadian","date":"janvier 13, 2025","format":false,"excerpt":"QATAR UNITED ARAB EMIRATES The Middle East is a region of fascinating contrasts, where ancient traditions meet modern innovation. From sweeping deserts to glittering skylines, it offers experiences that captivate every traveler. Each destination has its own character, whether it\u2019s the futuristic architecture of Dubai or the rich cultural heritage\u2026","rel":"","context":"Similar post","block_context":{"text":"Similar post","link":""},"img":{"alt_text":"","src":"","width":0,"height":0},"classes":[]},{"id":6788,"url":"https:\/\/yourfavoritecanadian.com\/fr\/united-states\/","url_meta":{"origin":6876,"position":1},"title":"\u00c9tats-Unis","author":"yourfavoritecanadian","date":"mars 18, 2025","format":false,"excerpt":"USA's Must-Reads California Oregon USA's Must-Reads California Oregon The United States is a country of immense diversity, offering travelers a rich mix of bustling cities, scenic landscapes, and cultural experiences. From the towering skyscrapers of New York City to the serene beauty of the Rocky Mountains, every destination tells a\u2026","rel":"","context":"Similar post","block_context":{"text":"Similar post","link":""},"img":{"alt_text":"","src":"","width":0,"height":0},"classes":[]},{"id":6865,"url":"https:\/\/yourfavoritecanadian.com\/fr\/qatar\/","url_meta":{"origin":6876,"position":2},"title":"Qatar","author":"yourfavoritecanadian","date":"mars 18, 2025","format":false,"excerpt":"Doha's Must-Reads Doha's Activities Doha's Must-Reads Doha's Activities Doha, the capital of Qatar, is a city where tradition and modernity coexist seamlessly. With its gleaming skyscrapers, bustling souks, and serene waterfronts, the city offers experiences that cater to a wide range of travelers. From exploring historic neighborhoods to admiring cutting-edge\u2026","rel":"","context":"Similar post","block_context":{"text":"Similar post","link":""},"img":{"alt_text":"","src":"","width":0,"height":0},"classes":[]},{"id":6835,"url":"https:\/\/yourfavoritecanadian.com\/fr\/colombia\/","url_meta":{"origin":6876,"position":3},"title":"Colombie","author":"yourfavoritecanadian","date":"mars 18, 2025","format":false,"excerpt":"Colombia's Must-Reads Cartagena Medellin Salento Bogota Colombia's Must-Reads Cartagena Medellin Salento Bogota Colombia is a country of contrasts and color, where mountains, beaches, and dynamic cities come together to create unforgettable experiences. From the historic charm of Cartagena to the coffee-scented hills of Salento, each destination reveals its own rhythm\u2026","rel":"","context":"Similar post","block_context":{"text":"Similar post","link":""},"img":{"alt_text":"","src":"","width":0,"height":0},"classes":[]},{"id":6799,"url":"https:\/\/yourfavoritecanadian.com\/fr\/aruba\/","url_meta":{"origin":6876,"position":4},"title":"Aruba","author":"yourfavoritecanadian","date":"mars 18, 2025","format":false,"excerpt":"Aruba's Must-Reads Arikok National Park Andicuri Bay Oranjestad Sint-Nicolaas Santa Cruz Aruba's Must-Reads Arikok National Park - Andicuri Bay Oranjestad - Sint Nicolaas - Santa Cruz Aruba is a Caribbean gem where golden beaches meet crystal-clear waters, offering travelers the perfect mix of relaxation and exploration. From the lively streets\u2026","rel":"","context":"Similar post","block_context":{"text":"Similar post","link":""},"img":{"alt_text":"","src":"","width":0,"height":0},"classes":[]},{"id":6888,"url":"https:\/\/yourfavoritecanadian.com\/fr\/bali\/","url_meta":{"origin":6876,"position":5},"title":"Bali","author":"yourfavoritecanadian","date":"mars 18, 2025","format":false,"excerpt":"Bali's Must-Reads Gili Trawangan Ubud Canggu Semyniak Uluwatu Nusa Dua Kuta Nusa Penida Bali's Must-Reads Gili Trawangan Ubud - Canggu - Seminyak Uluwatu - Nusa Dua - Kuta Nusa Penida Bali is more than a tropical island \u2014 it\u2019s a place where nature, culture, and spirituality blend effortlessly. From serene\u2026","rel":"","context":"Similar post","block_context":{"text":"Similar post","link":""},"img":{"alt_text":"","src":"","width":0,"height":0},"classes":[]}],"jetpack_sharing_enabled":true,"_links":{"self":[{"href":"https:\/\/yourfavoritecanadian.com\/fr\/wp-json\/wp\/v2\/pages\/6876","targetHints":{"allow":["GET"]}}],"collection":[{"href":"https:\/\/yourfavoritecanadian.com\/fr\/wp-json\/wp\/v2\/pages"}],"about":[{"href":"https:\/\/yourfavoritecanadian.com\/fr\/wp-json\/wp\/v2\/types\/page"}],"author":[{"embeddable":true,"href":"https:\/\/yourfavoritecanadian.com\/fr\/wp-json\/wp\/v2\/users\/1"}],"replies":[{"embeddable":true,"href":"https:\/\/yourfavoritecanadian.com\/fr\/wp-json\/wp\/v2\/comments?post=6876"}],"version-history":[{"count":5,"href":"https:\/\/yourfavoritecanadian.com\/fr\/wp-json\/wp\/v2\/pages\/6876\/revisions"}],"predecessor-version":[{"id":8678,"href":"https:\/\/yourfavoritecanadian.com\/fr\/wp-json\/wp\/v2\/pages\/6876\/revisions\/8678"}],"wp:attachment":[{"href":"https:\/\/yourfavoritecanadian.com\/fr\/wp-json\/wp\/v2\/media?parent=6876"}],"curies":[{"name":"wp","href":"https:\/\/api.w.org\/{rel}","templated":true}]}}