{"id":6903,"date":"2025-03-18T17:21:42","date_gmt":"2025-03-18T21:21:42","guid":{"rendered":"https:\/\/yourfavoritecanadian.com\/?page_id=6903"},"modified":"2026-03-28T16:54:05","modified_gmt":"2026-03-28T20:54:05","slug":"philippines","status":"publish","type":"page","link":"https:\/\/yourfavoritecanadian.com\/fr\/philippines\/","title":{"rendered":"Philippines"},"content":{"rendered":"<div class=\"wp-block-buttons is-content-justification-center is-layout-flex wp-container-core-buttons-is-layout-16018d1d wp-block-buttons-is-layout-flex\">\n<div class=\"wp-block-button\"><a class=\"wp-block-button__link wp-element-button\" href=\"#1-1\"><strong>Lectures incontournables<\/strong><\/a><\/div>\n\n\n\n<div class=\"wp-block-button\"><a class=\"wp-block-button__link wp-element-button\" href=\"#1-2\"><strong>\u00cele de Palawan<\/strong><\/a><\/div>\n\n\n\n<div class=\"wp-block-button\"><a class=\"wp-block-button__link wp-element-button\" href=\"#1-3\"><strong>Panglao<\/strong><\/a><\/div>\n\n\n\n<div class=\"wp-block-button\"><a class=\"wp-block-button__link wp-element-button\" href=\"#1-3\"><strong>Siquijor<\/strong><\/a><\/div>\n\n\n\n<div class=\"wp-block-button\"><a class=\"wp-block-button__link wp-element-button\" href=\"#1-4\"><strong>Moalboal<\/strong><\/a><\/div>\n\n\n\n<div class=\"wp-block-button\"><a class=\"wp-block-button__link wp-element-button\" href=\"#1-4\"><strong>Cebu<\/strong><\/a><\/div>\n<\/div>\n\n\n\n<hr class=\"wp-block-separator has-alpha-channel-opacity\"\/>\n\n\n\n<p class=\"has-text-align-center has-base-2-background-color has-background\" id=\"1-1\"><strong><a href=\"https:\/\/yourfavoritecanadian.com\/fr\/category\/philippines-must-reads\/\" title=\"Lectures incontournables\">Lectures incontournables<\/a><\/strong><\/p>\n\n\n<div class=\"pt-cv-wrapper\"><div class=\"pt-cv-view pt-cv-grid pt-cv-colsys\" id=\"pt-cv-view-3fa1a61x3s\"><div data-id=\"pt-cv-page-1\" class=\"pt-cv-page\" data-cvc=\"2\"><div class=\"col-md-6 col-sm-12 col-xs-12 pt-cv-content-item pt-cv-1-col\" ><div class='pt-cv-ifield'><a href=\"https:\/\/yourfavoritecanadian.com\/fr\/10-fun-facts-about-the-philippines-that-will-make-you-want-to-book-a-flight\/\" class=\"_self pt-cv-href-thumbnail pt-cv-thumb-default\" target=\"_self\" ><img decoding=\"async\" width=\"300\" height=\"225\" data-src=\"https:\/\/yourfavoritecanadian.com\/wp-content\/uploads\/2025\/07\/IMG_9460-300x225.jpeg\" class=\"pt-cv-thumbnail lazyload\" alt=\"\" data-srcset=\"https:\/\/yourfavoritecanadian.com\/wp-content\/uploads\/2025\/07\/IMG_9460-300x225.jpeg 300w, https:\/\/yourfavoritecanadian.com\/wp-content\/uploads\/2025\/07\/IMG_9460-1024x768.jpeg 1024w, https:\/\/yourfavoritecanadian.com\/wp-content\/uploads\/2025\/07\/IMG_9460-768x576.jpeg 768w, https:\/\/yourfavoritecanadian.com\/wp-content\/uploads\/2025\/07\/IMG_9460-16x12.jpeg 16w, https:\/\/yourfavoritecanadian.com\/wp-content\/uploads\/2025\/07\/IMG_9460.jpeg 1536w\" data-sizes=\"(max-width: 300px) 100vw, 300px\" src=\"data:image\/svg+xml;base64,PHN2ZyB3aWR0aD0iMSIgaGVpZ2h0PSIxIiB4bWxucz0iaHR0cDovL3d3dy53My5vcmcvMjAwMC9zdmciPjwvc3ZnPg==\" style=\"--smush-placeholder-width: 300px; --smush-placeholder-aspect-ratio: 300\/225;\" \/><\/a>\n<h4 class=\"pt-cv-title\"><a href=\"https:\/\/yourfavoritecanadian.com\/fr\/10-fun-facts-about-the-philippines-that-will-make-you-want-to-book-a-flight\/\" class=\"_self\" target=\"_self\" >10 faits amusants sur les Philippines qui te donneront envie de r\u00e9server un vol<\/a><\/h4><\/div><\/div>\n<div class=\"col-md-6 col-sm-12 col-xs-12 pt-cv-content-item pt-cv-1-col\" ><div class='pt-cv-ifield'><a href=\"https:\/\/yourfavoritecanadian.com\/fr\/is-the-philippines-safe-for-solo-travelers\/\" class=\"_self pt-cv-href-thumbnail pt-cv-thumb-default\" target=\"_self\" ><img decoding=\"async\" width=\"300\" height=\"225\" data-src=\"https:\/\/yourfavoritecanadian.com\/wp-content\/uploads\/2024\/06\/IMG_7707-300x225.jpeg\" class=\"pt-cv-thumbnail lazyload\" alt=\"\" data-srcset=\"https:\/\/yourfavoritecanadian.com\/wp-content\/uploads\/2024\/06\/IMG_7707-300x225.jpeg 300w, https:\/\/yourfavoritecanadian.com\/wp-content\/uploads\/2024\/06\/IMG_7707-1024x768.jpeg 1024w, https:\/\/yourfavoritecanadian.com\/wp-content\/uploads\/2024\/06\/IMG_7707-768x576.jpeg 768w, https:\/\/yourfavoritecanadian.com\/wp-content\/uploads\/2024\/06\/IMG_7707-1536x1152.jpeg 1536w, https:\/\/yourfavoritecanadian.com\/wp-content\/uploads\/2024\/06\/IMG_7707-16x12.jpeg 16w, https:\/\/yourfavoritecanadian.com\/wp-content\/uploads\/2024\/06\/IMG_7707.jpeg 2048w\" data-sizes=\"(max-width: 300px) 100vw, 300px\" src=\"data:image\/svg+xml;base64,PHN2ZyB3aWR0aD0iMSIgaGVpZ2h0PSIxIiB4bWxucz0iaHR0cDovL3d3dy53My5vcmcvMjAwMC9zdmciPjwvc3ZnPg==\" style=\"--smush-placeholder-width: 300px; --smush-placeholder-aspect-ratio: 300\/225;\" \/><\/a>\n<h4 class=\"pt-cv-title\"><a href=\"https:\/\/yourfavoritecanadian.com\/fr\/is-the-philippines-safe-for-solo-travelers\/\" class=\"_self\" target=\"_self\" >Les Philippines sont-elles s\u00e9curitaires pour les voyageurs solos? Tout ce que vous devez savoir<\/a><\/h4><\/div><\/div><\/div><\/div><\/div>\n\n\n\n<div style=\"height:50px\" aria-hidden=\"true\" class=\"wp-block-spacer\"><\/div>\n\n\n\n<p class=\"has-text-align-center has-base-2-background-color has-background\" id=\"1-2\"><strong>\u00cele de Palawan<\/strong><\/p>\n\n\n<div class=\"pt-cv-wrapper\"><div class=\"pt-cv-view pt-cv-grid pt-cv-colsys\" id=\"pt-cv-view-a9ccf81pf1\"><div data-id=\"pt-cv-page-1\" class=\"pt-cv-page\" data-cvc=\"2\"><div class=\"col-md-6 col-sm-12 col-xs-12 pt-cv-content-item pt-cv-1-col\" ><div class='pt-cv-ifield'><a href=\"https:\/\/yourfavoritecanadian.com\/fr\/6-ultimate-things-to-do-in-el-nido-philippines\/\" class=\"_self pt-cv-href-thumbnail pt-cv-thumb-default\" target=\"_self\" ><img decoding=\"async\" width=\"300\" height=\"225\" data-src=\"https:\/\/yourfavoritecanadian.com\/wp-content\/uploads\/2024\/10\/IMG_8601-300x225.jpeg\" class=\"pt-cv-thumbnail lazyload\" alt=\"\" data-srcset=\"https:\/\/yourfavoritecanadian.com\/wp-content\/uploads\/2024\/10\/IMG_8601-300x225.jpeg 300w, https:\/\/yourfavoritecanadian.com\/wp-content\/uploads\/2024\/10\/IMG_8601-1024x768.jpeg 1024w, https:\/\/yourfavoritecanadian.com\/wp-content\/uploads\/2024\/10\/IMG_8601-768x576.jpeg 768w, https:\/\/yourfavoritecanadian.com\/wp-content\/uploads\/2024\/10\/IMG_8601-1536x1152.jpeg 1536w, https:\/\/yourfavoritecanadian.com\/wp-content\/uploads\/2024\/10\/IMG_8601-16x12.jpeg 16w, https:\/\/yourfavoritecanadian.com\/wp-content\/uploads\/2024\/10\/IMG_8601.jpeg 2048w\" data-sizes=\"(max-width: 300px) 100vw, 300px\" src=\"data:image\/svg+xml;base64,PHN2ZyB3aWR0aD0iMSIgaGVpZ2h0PSIxIiB4bWxucz0iaHR0cDovL3d3dy53My5vcmcvMjAwMC9zdmciPjwvc3ZnPg==\" style=\"--smush-placeholder-width: 300px; --smush-placeholder-aspect-ratio: 300\/225;\" \/><\/a>\n<h4 class=\"pt-cv-title\"><a href=\"https:\/\/yourfavoritecanadian.com\/fr\/6-ultimate-things-to-do-in-el-nido-philippines\/\" class=\"_self\" target=\"_self\" >6 Activit\u00e9s Ultimes \u00e0 Faire \u00e0 El Nido, Philippines<\/a><\/h4><\/div><\/div>\n<div class=\"col-md-6 col-sm-12 col-xs-12 pt-cv-content-item pt-cv-1-col\" ><div class='pt-cv-ifield'><a href=\"https:\/\/yourfavoritecanadian.com\/fr\/6-things-to-do-in-puerto-princesa\/\" class=\"_self pt-cv-href-thumbnail pt-cv-thumb-default\" target=\"_self\" ><img decoding=\"async\" width=\"300\" height=\"225\" data-src=\"https:\/\/yourfavoritecanadian.com\/wp-content\/uploads\/2024\/05\/IMG_7706-300x225.jpeg\" class=\"pt-cv-thumbnail lazyload\" alt=\"\" data-srcset=\"https:\/\/yourfavoritecanadian.com\/wp-content\/uploads\/2024\/05\/IMG_7706-300x225.jpeg 300w, https:\/\/yourfavoritecanadian.com\/wp-content\/uploads\/2024\/05\/IMG_7706-1024x768.jpeg 1024w, https:\/\/yourfavoritecanadian.com\/wp-content\/uploads\/2024\/05\/IMG_7706-768x576.jpeg 768w, https:\/\/yourfavoritecanadian.com\/wp-content\/uploads\/2024\/05\/IMG_7706-1536x1152.jpeg 1536w, https:\/\/yourfavoritecanadian.com\/wp-content\/uploads\/2024\/05\/IMG_7706-16x12.jpeg 16w, https:\/\/yourfavoritecanadian.com\/wp-content\/uploads\/2024\/05\/IMG_7706.jpeg 2048w\" data-sizes=\"(max-width: 300px) 100vw, 300px\" src=\"data:image\/svg+xml;base64,PHN2ZyB3aWR0aD0iMSIgaGVpZ2h0PSIxIiB4bWxucz0iaHR0cDovL3d3dy53My5vcmcvMjAwMC9zdmciPjwvc3ZnPg==\" style=\"--smush-placeholder-width: 300px; --smush-placeholder-aspect-ratio: 300\/225;\" \/><\/a>\n<h4 class=\"pt-cv-title\"><a href=\"https:\/\/yourfavoritecanadian.com\/fr\/6-things-to-do-in-puerto-princesa\/\" class=\"_self\" target=\"_self\" >6 activit\u00e9s incontournables \u00e0 faire \u00e0 Puerto Princesa, Philippines<\/a><\/h4><\/div><\/div><\/div><\/div><\/div>\n\n\n\n<div style=\"height:50px\" aria-hidden=\"true\" class=\"wp-block-spacer\"><\/div>\n\n\n\n<p class=\"has-text-align-center has-base-2-background-color has-background\" id=\"1-3\"><strong>Panglao &#8211; <strong>Siquijor<\/strong><\/strong><\/p>\n\n\n<div class=\"pt-cv-wrapper\"><div class=\"pt-cv-view pt-cv-grid pt-cv-colsys\" id=\"pt-cv-view-4fafbffyai\"><div data-id=\"pt-cv-page-1\" class=\"pt-cv-page\" data-cvc=\"2\"><div class=\"col-md-6 col-sm-12 col-xs-12 pt-cv-content-item pt-cv-1-col\" ><div class='pt-cv-ifield'><a href=\"https:\/\/yourfavoritecanadian.com\/fr\/4-of-the-best-things-to-do-on-panglao-island\/\" class=\"_self pt-cv-href-thumbnail pt-cv-thumb-default\" target=\"_self\" ><img decoding=\"async\" width=\"300\" height=\"225\" data-src=\"https:\/\/yourfavoritecanadian.com\/wp-content\/uploads\/2024\/05\/IMG_7719-300x225.jpeg\" class=\"pt-cv-thumbnail lazyload\" alt=\"\" data-srcset=\"https:\/\/yourfavoritecanadian.com\/wp-content\/uploads\/2024\/05\/IMG_7719-300x225.jpeg 300w, https:\/\/yourfavoritecanadian.com\/wp-content\/uploads\/2024\/05\/IMG_7719-1024x768.jpeg 1024w, https:\/\/yourfavoritecanadian.com\/wp-content\/uploads\/2024\/05\/IMG_7719-768x576.jpeg 768w, https:\/\/yourfavoritecanadian.com\/wp-content\/uploads\/2024\/05\/IMG_7719-1536x1152.jpeg 1536w, https:\/\/yourfavoritecanadian.com\/wp-content\/uploads\/2024\/05\/IMG_7719-16x12.jpeg 16w, https:\/\/yourfavoritecanadian.com\/wp-content\/uploads\/2024\/05\/IMG_7719.jpeg 2048w\" data-sizes=\"(max-width: 300px) 100vw, 300px\" src=\"data:image\/svg+xml;base64,PHN2ZyB3aWR0aD0iMSIgaGVpZ2h0PSIxIiB4bWxucz0iaHR0cDovL3d3dy53My5vcmcvMjAwMC9zdmciPjwvc3ZnPg==\" style=\"--smush-placeholder-width: 300px; --smush-placeholder-aspect-ratio: 300\/225;\" \/><\/a>\n<h4 class=\"pt-cv-title\"><a href=\"https:\/\/yourfavoritecanadian.com\/fr\/4-of-the-best-things-to-do-on-panglao-island\/\" class=\"_self\" target=\"_self\" >4 activit\u00e9s incontournables \u00e0 faire sur l'\u00eele de Panglao, Philippines<\/a><\/h4><\/div><\/div>\n<div class=\"col-md-6 col-sm-12 col-xs-12 pt-cv-content-item pt-cv-1-col\" ><div class='pt-cv-ifield'><a href=\"https:\/\/yourfavoritecanadian.com\/fr\/6-of-the-best-things-to-do-in-siquijor\/\" class=\"_self pt-cv-href-thumbnail pt-cv-thumb-default\" target=\"_self\" ><img decoding=\"async\" width=\"300\" height=\"225\" data-src=\"https:\/\/yourfavoritecanadian.com\/wp-content\/uploads\/2024\/05\/IMG_7429-300x225.jpeg\" class=\"pt-cv-thumbnail lazyload\" alt=\"\" data-srcset=\"https:\/\/yourfavoritecanadian.com\/wp-content\/uploads\/2024\/05\/IMG_7429-300x225.jpeg 300w, https:\/\/yourfavoritecanadian.com\/wp-content\/uploads\/2024\/05\/IMG_7429-1024x769.jpeg 1024w, https:\/\/yourfavoritecanadian.com\/wp-content\/uploads\/2024\/05\/IMG_7429-768x576.jpeg 768w, https:\/\/yourfavoritecanadian.com\/wp-content\/uploads\/2024\/05\/IMG_7429-1536x1153.jpeg 1536w, https:\/\/yourfavoritecanadian.com\/wp-content\/uploads\/2024\/05\/IMG_7429-16x12.jpeg 16w, https:\/\/yourfavoritecanadian.com\/wp-content\/uploads\/2024\/05\/IMG_7429.jpeg 2048w\" data-sizes=\"(max-width: 300px) 100vw, 300px\" src=\"data:image\/svg+xml;base64,PHN2ZyB3aWR0aD0iMSIgaGVpZ2h0PSIxIiB4bWxucz0iaHR0cDovL3d3dy53My5vcmcvMjAwMC9zdmciPjwvc3ZnPg==\" style=\"--smush-placeholder-width: 300px; --smush-placeholder-aspect-ratio: 300\/225;\" \/><\/a>\n<h4 class=\"pt-cv-title\"><a href=\"https:\/\/yourfavoritecanadian.com\/fr\/6-of-the-best-things-to-do-in-siquijor\/\" class=\"_self\" target=\"_self\" >6 des meilleures activit\u00e9s \u00e0 faire \u00e0 Siquijor, Philippines<\/a><\/h4><\/div><\/div><\/div><\/div><\/div>\n\n\n\n<div style=\"height:50px\" aria-hidden=\"true\" class=\"wp-block-spacer\"><\/div>\n\n\n\n<p class=\"has-text-align-center has-base-2-background-color has-background\" id=\"1-4\"><strong>Moalboal &#8211; Cebu<\/strong><\/p>\n\n\n<div class=\"pt-cv-wrapper\"><div class=\"pt-cv-view pt-cv-grid pt-cv-colsys\" id=\"pt-cv-view-90ea6b1r32\"><div data-id=\"pt-cv-page-1\" class=\"pt-cv-page\" data-cvc=\"2\"><div class=\"col-md-6 col-sm-12 col-xs-12 pt-cv-content-item pt-cv-1-col\" ><div class='pt-cv-ifield'><a href=\"https:\/\/yourfavoritecanadian.com\/fr\/3-of-the-best-things-to-do-in-moalboal-in-the-philippines\/\" class=\"_self pt-cv-href-thumbnail pt-cv-thumb-default\" target=\"_self\" ><img decoding=\"async\" width=\"300\" height=\"225\" data-src=\"https:\/\/yourfavoritecanadian.com\/wp-content\/uploads\/2024\/05\/IMG_7422-300x225.jpeg\" class=\"pt-cv-thumbnail lazyload\" alt=\"\" data-srcset=\"https:\/\/yourfavoritecanadian.com\/wp-content\/uploads\/2024\/05\/IMG_7422-300x225.jpeg 300w, https:\/\/yourfavoritecanadian.com\/wp-content\/uploads\/2024\/05\/IMG_7422-1024x768.jpeg 1024w, https:\/\/yourfavoritecanadian.com\/wp-content\/uploads\/2024\/05\/IMG_7422-768x576.jpeg 768w, https:\/\/yourfavoritecanadian.com\/wp-content\/uploads\/2024\/05\/IMG_7422-1536x1152.jpeg 1536w, https:\/\/yourfavoritecanadian.com\/wp-content\/uploads\/2024\/05\/IMG_7422-16x12.jpeg 16w, https:\/\/yourfavoritecanadian.com\/wp-content\/uploads\/2024\/05\/IMG_7422.jpeg 2048w\" data-sizes=\"(max-width: 300px) 100vw, 300px\" src=\"data:image\/svg+xml;base64,PHN2ZyB3aWR0aD0iMSIgaGVpZ2h0PSIxIiB4bWxucz0iaHR0cDovL3d3dy53My5vcmcvMjAwMC9zdmciPjwvc3ZnPg==\" style=\"--smush-placeholder-width: 300px; --smush-placeholder-aspect-ratio: 300\/225;\" \/><\/a>\n<h4 class=\"pt-cv-title\"><a href=\"https:\/\/yourfavoritecanadian.com\/fr\/3-of-the-best-things-to-do-in-moalboal-in-the-philippines\/\" class=\"_self\" target=\"_self\" >3 des meilleures activit\u00e9s \u00e0 faire \u00e0 Moalboal, Philippines<\/a><\/h4><\/div><\/div>\n<div class=\"col-md-6 col-sm-12 col-xs-12 pt-cv-content-item pt-cv-1-col\" ><div class='pt-cv-ifield'><a href=\"https:\/\/yourfavoritecanadian.com\/fr\/6-of-the-best-things-to-do-in-cebu-city-in-the-philippines\/\" class=\"_self pt-cv-href-thumbnail pt-cv-thumb-default\" target=\"_self\" ><img decoding=\"async\" width=\"300\" height=\"225\" data-src=\"https:\/\/yourfavoritecanadian.com\/wp-content\/uploads\/2024\/05\/IMG_7712-300x225.jpeg\" class=\"pt-cv-thumbnail lazyload\" alt=\"\" data-srcset=\"https:\/\/yourfavoritecanadian.com\/wp-content\/uploads\/2024\/05\/IMG_7712-300x225.jpeg 300w, https:\/\/yourfavoritecanadian.com\/wp-content\/uploads\/2024\/05\/IMG_7712-1024x768.jpeg 1024w, https:\/\/yourfavoritecanadian.com\/wp-content\/uploads\/2024\/05\/IMG_7712-768x576.jpeg 768w, https:\/\/yourfavoritecanadian.com\/wp-content\/uploads\/2024\/05\/IMG_7712-1536x1152.jpeg 1536w, https:\/\/yourfavoritecanadian.com\/wp-content\/uploads\/2024\/05\/IMG_7712-16x12.jpeg 16w, https:\/\/yourfavoritecanadian.com\/wp-content\/uploads\/2024\/05\/IMG_7712.jpeg 2048w\" data-sizes=\"(max-width: 300px) 100vw, 300px\" src=\"data:image\/svg+xml;base64,PHN2ZyB3aWR0aD0iMSIgaGVpZ2h0PSIxIiB4bWxucz0iaHR0cDovL3d3dy53My5vcmcvMjAwMC9zdmciPjwvc3ZnPg==\" style=\"--smush-placeholder-width: 300px; --smush-placeholder-aspect-ratio: 300\/225;\" \/><\/a>\n<h4 class=\"pt-cv-title\"><a href=\"https:\/\/yourfavoritecanadian.com\/fr\/6-of-the-best-things-to-do-in-cebu-city-in-the-philippines\/\" class=\"_self\" target=\"_self\" >6 activit\u00e9s incontournables \u00e0 faire \u00e0 Cebu City, Philippines<\/a><\/h4><\/div><\/div><\/div><\/div><\/div>\n\n\n\n<div style=\"height:10px\" aria-hidden=\"true\" class=\"wp-block-spacer\"><\/div>\n\n\n\n<hr class=\"wp-block-separator has-alpha-channel-opacity\"\/>\n\n\n\n<div style=\"height:10px\" aria-hidden=\"true\" class=\"wp-block-spacer\"><\/div>\n\n\n\n<p class=\"translation-block\">Les Philippines sont une mosa\u00efque d\u2019\u00eeles \u00e0 couper le souffle, chacune offrant son propre rythme de vie et son charme unique. Avec ses eaux turquoise, ses jungles luxuriantes et l\u2019accueil chaleureux de ses habitants, ce paradis tropical est id\u00e9al pour les voyageurs en qu\u00eate d\u2019aventure et de d\u00e9tente. Notre guide de voyage aux Philippines vous invite \u00e0 d\u00e9couvrir un m\u00e9lange exceptionnel de beaut\u00e9 naturelle et de richesse culturelle, des falaises spectaculaires et lagons cach\u00e9s aux villages de p\u00eache paisibles et aux villes c\u00f4ti\u00e8res anim\u00e9es.<\/p>\n\n\n\n<p class=\"translation-block\">Parmi les destinations les plus impressionnantes, Palawan se distingue par ses lagons \u00e9meraude, ses excursions d\u2019\u00eele en \u00eele et ses plages de sable blanc. Notre guide de voyage \u00e0 Palawan met en avant les plus beaux endroits d\u2019El Nido et de Coron, deux lieux qui ressemblent \u00e0 un v\u00e9ritable paradis. Pour une touche de myst\u00e8re, Siquijor charme les visiteurs avec ses plages tranquilles et ses l\u00e9gendes locales. Gr\u00e2ce \u00e0 notre guide de voyage \u00e0 Siquijor, vous pourrez d\u00e9couvrir les traditions de gu\u00e9rison de l\u2019\u00eele, ses plages pr\u00e9serv\u00e9es et son ambiance chaleureuse qui la rendent unique.<\/p>\n\n\n\n<p class=\"translation-block\">Si vous \u00eates attir\u00e9 par l\u2019aventure, la ville c\u00f4ti\u00e8re de Moalboal est incontournable. R\u00e9put\u00e9e pour sa vie marine exceptionnelle et le c\u00e9l\u00e8bre banc de sardines, elle attire plongeurs et explorateurs. Notre guide de voyage \u00e0 Moalboal propose des conseils pour explorer les r\u00e9cifs coralliens, admirer les couchers de soleil et d\u00e9couvrir la culture locale. De son c\u00f4t\u00e9, Cebu combine histoire, \u00e9nergie urbaine et escapades insulaires, offrant un \u00e9quilibre parfait pour tous les types de voyageurs. Du calme apaisant de Siquijor aux paysages marins spectaculaires de Palawan, chaque voyage devient inoubliable.<\/p>\n\n\n\n<p class=\"translation-block\">Les Philippines sont bien plus qu\u2019une destination, c\u2019est une c\u00e9l\u00e9bration de la vie, des couleurs et des rencontres. Chaque \u00eele raconte une histoire, des plages paisibles de Panglao aux rues anim\u00e9es de Cebu City. Le charme du pays ne r\u00e9side pas seulement dans ses paysages, mais aussi dans ses habitants, toujours pr\u00eats \u00e0 partager un sourire, une histoire et leur aide. Que vous plongiez \u00e0 Moalboal, explorez le patrimoine colonial de Cebu ou admirez le coucher de soleil dans un hamac sur une \u00eele, vous tomberez sous le charme de cet archipel. Laissez Your Favorite Canadian vous accompagner dans cette aventure pour explorer, r\u00eaver et d\u00e9couvrir toutes les merveilles des Philippines.<\/p>\n<p><a href=\"\/\/www.pinterest.com\/pin\/create\/button\/\" data-pin-do=\"buttonBookmark\" data-pin-color=\"red\" data-pin-height=\"128\"><img decoding=\"async\" data-src=\"\/\/assets.pinterest.com\/images\/pidgets\/pinit_fg_en_rect_red_28.png\" src=\"data:image\/svg+xml;base64,PHN2ZyB3aWR0aD0iMSIgaGVpZ2h0PSIxIiB4bWxucz0iaHR0cDovL3d3dy53My5vcmcvMjAwMC9zdmciPjwvc3ZnPg==\" class=\"lazyload\" \/><\/a><\/p>","protected":false},"excerpt":{"rendered":"<p>Philippines Must-Reads Palawan Island Panglao &#8211; Siquijor Moalboal &#8211; Cebu The Philippines is a breathtaking mosaic of islands, each offering its own rhythm of life and charm. With turquoise waters, &#8230; <a title=\"Philippines\" class=\"read-more\" href=\"https:\/\/yourfavoritecanadian.com\/fr\/philippines\/\" aria-label=\"Read more about Philippines\">Read more<\/a><\/p>","protected":false},"author":1,"featured_media":0,"parent":0,"menu_order":0,"comment_status":"closed","ping_status":"closed","template":"","meta":{"om_disable_all_campaigns":false,"_monsterinsights_skip_tracking":false,"_monsterinsights_sitenote_active":false,"_monsterinsights_sitenote_note":"","_monsterinsights_sitenote_category":0,"jetpack_post_was_ever_published":false,"footnotes":""},"class_list":["post-6903","page","type-page","status-publish"],"aioseo_notices":[],"jetpack-related-posts":[{"id":6104,"url":"https:\/\/yourfavoritecanadian.com\/fr\/southeast\/","url_meta":{"origin":6903,"position":0},"title":"Asie du Sud-Est","author":"yourfavoritecanadian","date":"janvier 13, 2025","format":false,"excerpt":"BALI PHILIPPINES THAILAND VIETNAM Southeast Asia is a region of stunning diversity, where lush landscapes, pristine beaches, and vibrant cities come together to create unforgettable travel experiences. From the serene shores of Bali to the bustling streets of Hanoi, each destination offers its own unique charm and cultural richness. Travelers\u2026","rel":"","context":"Similar post","block_context":{"text":"Similar post","link":""},"img":{"alt_text":"","src":"","width":0,"height":0},"classes":[]},{"id":6888,"url":"https:\/\/yourfavoritecanadian.com\/fr\/bali\/","url_meta":{"origin":6903,"position":1},"title":"Bali","author":"yourfavoritecanadian","date":"mars 18, 2025","format":false,"excerpt":"Bali's Must-Reads Gili Trawangan Ubud Canggu Semyniak Uluwatu Nusa Dua Kuta Nusa Penida Bali's Must-Reads Gili Trawangan Ubud - Canggu - Seminyak Uluwatu - Nusa Dua - Kuta Nusa Penida Bali is more than a tropical island \u2014 it\u2019s a place where nature, culture, and spirituality blend effortlessly. From serene\u2026","rel":"","context":"Similar post","block_context":{"text":"Similar post","link":""},"img":{"alt_text":"","src":"","width":0,"height":0},"classes":[]},{"id":7032,"url":"https:\/\/yourfavoritecanadian.com\/fr\/greece\/","url_meta":{"origin":6903,"position":2},"title":"Gr\u00e8ce","author":"yourfavoritecanadian","date":"mars 19, 2025","format":false,"excerpt":"Greece's Must-Reads Athens Kefalonia Greece's Must-Reads Athens - Kefalonia Greece is a land where ancient history meets breathtaking natural beauty, offering a journey that feels both timeless and inspiring. Through our Greece Travel Guide, you\u2019ll explore the country\u2019s blend of culture, coastlines, and mythology that continues to captivate travelers from\u2026","rel":"","context":"Similar post","block_context":{"text":"Similar post","link":""},"img":{"alt_text":"","src":"","width":0,"height":0},"classes":[]},{"id":6799,"url":"https:\/\/yourfavoritecanadian.com\/fr\/aruba\/","url_meta":{"origin":6903,"position":3},"title":"Aruba","author":"yourfavoritecanadian","date":"mars 18, 2025","format":false,"excerpt":"Aruba's Must-Reads Arikok National Park Andicuri Bay Oranjestad Sint-Nicolaas Santa Cruz Aruba's Must-Reads Arikok National Park - Andicuri Bay Oranjestad - Sint Nicolaas - Santa Cruz Aruba is a Caribbean gem where golden beaches meet crystal-clear waters, offering travelers the perfect mix of relaxation and exploration. From the lively streets\u2026","rel":"","context":"Similar post","block_context":{"text":"Similar post","link":""},"img":{"alt_text":"","src":"","width":0,"height":0},"classes":[]},{"id":6918,"url":"https:\/\/yourfavoritecanadian.com\/fr\/thailand\/","url_meta":{"origin":6903,"position":4},"title":"Tha\u00eflande","author":"yourfavoritecanadian","date":"mars 18, 2025","format":false,"excerpt":"Thailand's Must-Reads Bangkok Koh Phi Phi Koh Pha-Ngan Koh Samui Phuket Krabi Thailand's Must-Reads Bangkok Koh Phi-Phi - Koh Pha Ngan - Koh Samui Phuket - Krabi Thailand is a land where golden temples meet turquoise seas and modern energy blends seamlessly with ancient tradition. This vibrant country is full\u2026","rel":"","context":"Similar post","block_context":{"text":"Similar post","link":""},"img":{"alt_text":"","src":"","width":0,"height":0},"classes":[]},{"id":7004,"url":"https:\/\/yourfavoritecanadian.com\/fr\/ireland\/","url_meta":{"origin":6903,"position":5},"title":"Irlande","author":"yourfavoritecanadian","date":"mars 19, 2025","format":false,"excerpt":"Ireland's Must-Reads Galway Dublin Clonakilty Cork Ireland's Must-Reads Galway - Dublin Clonakilty - Cork Ireland is a land where legends meet landscapes \u2014 a place where every path, castle, and coastline tells a story. The Ireland Travel Guide opens the door to experiences that blend history, culture, and breathtaking scenery.\u2026","rel":"","context":"Similar post","block_context":{"text":"Similar post","link":""},"img":{"alt_text":"","src":"","width":0,"height":0},"classes":[]}],"jetpack_sharing_enabled":true,"_links":{"self":[{"href":"https:\/\/yourfavoritecanadian.com\/fr\/wp-json\/wp\/v2\/pages\/6903","targetHints":{"allow":["GET"]}}],"collection":[{"href":"https:\/\/yourfavoritecanadian.com\/fr\/wp-json\/wp\/v2\/pages"}],"about":[{"href":"https:\/\/yourfavoritecanadian.com\/fr\/wp-json\/wp\/v2\/types\/page"}],"author":[{"embeddable":true,"href":"https:\/\/yourfavoritecanadian.com\/fr\/wp-json\/wp\/v2\/users\/1"}],"replies":[{"embeddable":true,"href":"https:\/\/yourfavoritecanadian.com\/fr\/wp-json\/wp\/v2\/comments?post=6903"}],"version-history":[{"count":7,"href":"https:\/\/yourfavoritecanadian.com\/fr\/wp-json\/wp\/v2\/pages\/6903\/revisions"}],"predecessor-version":[{"id":8681,"href":"https:\/\/yourfavoritecanadian.com\/fr\/wp-json\/wp\/v2\/pages\/6903\/revisions\/8681"}],"wp:attachment":[{"href":"https:\/\/yourfavoritecanadian.com\/fr\/wp-json\/wp\/v2\/media?parent=6903"}],"curies":[{"name":"wp","href":"https:\/\/api.w.org\/{rel}","templated":true}]}}