{"id":6981,"date":"2025-03-18T20:44:05","date_gmt":"2025-03-19T00:44:05","guid":{"rendered":"https:\/\/yourfavoritecanadian.com\/?page_id=6981"},"modified":"2026-03-29T16:51:39","modified_gmt":"2026-03-29T20:51:39","slug":"montenegro","status":"publish","type":"page","link":"https:\/\/yourfavoritecanadian.com\/fr\/montenegro\/","title":{"rendered":"Mont\u00e9n\u00e9gro"},"content":{"rendered":"<div class=\"wp-block-buttons is-content-justification-center is-layout-flex wp-container-core-buttons-is-layout-16018d1d wp-block-buttons-is-layout-flex\">\n<div class=\"wp-block-button\"><a class=\"wp-block-button__link wp-element-button\" href=\"#1-1\"><strong>Lectures incontournables<\/strong><\/a><\/div>\n\n\n\n<div class=\"wp-block-button\"><a class=\"wp-block-button__link wp-element-button\" href=\"#1-2\"><strong>Kotor<\/strong><\/a><\/div>\n\n\n\n<div class=\"wp-block-button\"><a class=\"wp-block-button__link wp-element-button\" href=\"#1-2\"><strong>Podgorica<\/strong><\/a><\/div>\n\n\n\n<div class=\"wp-block-button\"><a class=\"wp-block-button__link wp-element-button\" href=\"#1-2\"><strong>Virpazar<\/strong><\/a><\/div>\n<\/div>\n\n\n\n<hr class=\"wp-block-separator has-alpha-channel-opacity\"\/>\n\n\n\n<p class=\"has-text-align-center has-base-2-background-color has-background\" id=\"1-1\"><strong>Lectures incontournables<\/strong><\/p>\n\n\n<div class=\"pt-cv-wrapper\"><div class=\"pt-cv-view pt-cv-grid pt-cv-colsys\" id=\"pt-cv-view-6a64627cnm\"><div data-id=\"pt-cv-page-1\" class=\"pt-cv-page\" data-cvc=\"3\"><div class=\"col-md-4 col-sm-12 col-xs-12 pt-cv-content-item pt-cv-1-col\" ><div class='pt-cv-ifield'><a href=\"https:\/\/yourfavoritecanadian.com\/fr\/montenegro-travel-guide\/\" class=\"_self pt-cv-href-thumbnail pt-cv-thumb-default\" target=\"_self\" ><img decoding=\"async\" width=\"300\" height=\"225\" data-src=\"https:\/\/yourfavoritecanadian.com\/wp-content\/uploads\/2024\/02\/IMG_6531-1-300x225.jpeg\" class=\"pt-cv-thumbnail lazyload\" alt=\"\" data-srcset=\"https:\/\/yourfavoritecanadian.com\/wp-content\/uploads\/2024\/02\/IMG_6531-1-300x225.jpeg 300w, https:\/\/yourfavoritecanadian.com\/wp-content\/uploads\/2024\/02\/IMG_6531-1-1024x768.jpeg 1024w, https:\/\/yourfavoritecanadian.com\/wp-content\/uploads\/2024\/02\/IMG_6531-1-768x576.jpeg 768w, https:\/\/yourfavoritecanadian.com\/wp-content\/uploads\/2024\/02\/IMG_6531-1-16x12.jpeg 16w, https:\/\/yourfavoritecanadian.com\/wp-content\/uploads\/2024\/02\/IMG_6531-1.jpeg 1535w\" data-sizes=\"(max-width: 300px) 100vw, 300px\" src=\"data:image\/svg+xml;base64,PHN2ZyB3aWR0aD0iMSIgaGVpZ2h0PSIxIiB4bWxucz0iaHR0cDovL3d3dy53My5vcmcvMjAwMC9zdmciPjwvc3ZnPg==\" style=\"--smush-placeholder-width: 300px; --smush-placeholder-aspect-ratio: 300\/225;\" \/><\/a>\n<h4 class=\"pt-cv-title\"><a href=\"https:\/\/yourfavoritecanadian.com\/fr\/montenegro-travel-guide\/\" class=\"_self\" target=\"_self\" >Guide de voyage du Mont\u00e9n\u00e9gro : Tout ce que vous devez savoir<\/a><\/h4><\/div><\/div>\n<div class=\"col-md-4 col-sm-12 col-xs-12 pt-cv-content-item pt-cv-1-col\" ><div class='pt-cv-ifield'><a href=\"https:\/\/yourfavoritecanadian.com\/fr\/is-montenegro-safe-for-solo-travelers\/\" class=\"_self pt-cv-href-thumbnail pt-cv-thumb-default\" target=\"_self\" ><img decoding=\"async\" width=\"300\" height=\"225\" data-src=\"https:\/\/yourfavoritecanadian.com\/wp-content\/uploads\/2024\/02\/IMG_6532-300x225.jpeg\" class=\"pt-cv-thumbnail lazyload\" alt=\"\" data-srcset=\"https:\/\/yourfavoritecanadian.com\/wp-content\/uploads\/2024\/02\/IMG_6532-300x225.jpeg 300w, https:\/\/yourfavoritecanadian.com\/wp-content\/uploads\/2024\/02\/IMG_6532-1024x768.jpeg 1024w, https:\/\/yourfavoritecanadian.com\/wp-content\/uploads\/2024\/02\/IMG_6532-768x576.jpeg 768w, https:\/\/yourfavoritecanadian.com\/wp-content\/uploads\/2024\/02\/IMG_6532-16x12.jpeg 16w, https:\/\/yourfavoritecanadian.com\/wp-content\/uploads\/2024\/02\/IMG_6532.jpeg 1535w\" data-sizes=\"(max-width: 300px) 100vw, 300px\" src=\"data:image\/svg+xml;base64,PHN2ZyB3aWR0aD0iMSIgaGVpZ2h0PSIxIiB4bWxucz0iaHR0cDovL3d3dy53My5vcmcvMjAwMC9zdmciPjwvc3ZnPg==\" style=\"--smush-placeholder-width: 300px; --smush-placeholder-aspect-ratio: 300\/225;\" \/><\/a>\n<h4 class=\"pt-cv-title\"><a href=\"https:\/\/yourfavoritecanadian.com\/fr\/is-montenegro-safe-for-solo-travelers\/\" class=\"_self\" target=\"_self\" >Le Mont\u00e9n\u00e9gro est-il s\u00e9curitaire pour les voyageurs solo? Tout ce que vous devez savoir<\/a><\/h4><\/div><\/div>\n<div class=\"col-md-4 col-sm-12 col-xs-12 pt-cv-content-item pt-cv-1-col\" ><div class='pt-cv-ifield'><a href=\"https:\/\/yourfavoritecanadian.com\/fr\/where-to-go-in-montenegro\/\" class=\"_self pt-cv-href-thumbnail pt-cv-thumb-default\" target=\"_self\" ><img decoding=\"async\" width=\"300\" height=\"225\" data-src=\"https:\/\/yourfavoritecanadian.com\/wp-content\/uploads\/2024\/02\/IMG_0777-300x225.jpeg\" class=\"pt-cv-thumbnail lazyload\" alt=\"\" data-srcset=\"https:\/\/yourfavoritecanadian.com\/wp-content\/uploads\/2024\/02\/IMG_0777-300x225.jpeg 300w, https:\/\/yourfavoritecanadian.com\/wp-content\/uploads\/2024\/02\/IMG_0777-1024x768.jpeg 1024w, https:\/\/yourfavoritecanadian.com\/wp-content\/uploads\/2024\/02\/IMG_0777-768x576.jpeg 768w, https:\/\/yourfavoritecanadian.com\/wp-content\/uploads\/2024\/02\/IMG_0777-16x12.jpeg 16w, https:\/\/yourfavoritecanadian.com\/wp-content\/uploads\/2024\/02\/IMG_0777.jpeg 1535w\" data-sizes=\"(max-width: 300px) 100vw, 300px\" src=\"data:image\/svg+xml;base64,PHN2ZyB3aWR0aD0iMSIgaGVpZ2h0PSIxIiB4bWxucz0iaHR0cDovL3d3dy53My5vcmcvMjAwMC9zdmciPjwvc3ZnPg==\" style=\"--smush-placeholder-width: 300px; --smush-placeholder-aspect-ratio: 300\/225;\" \/><\/a>\n<h4 class=\"pt-cv-title\"><a href=\"https:\/\/yourfavoritecanadian.com\/fr\/where-to-go-in-montenegro\/\" class=\"_self\" target=\"_self\" >Les meilleures destinations au Mont\u00e9n\u00e9gro : O\u00f9 s\u00e9journer et explorer<\/a><\/h4><\/div><\/div><\/div><\/div><\/div>\n\n\n\n<div style=\"height:50px\" aria-hidden=\"true\" class=\"wp-block-spacer\"><\/div>\n\n\n\n<p class=\"has-text-align-center has-base-2-background-color has-background\" id=\"1-2\"><strong>Kotor &#8211; Podgorica &#8211; Virpazar<\/strong><\/p>\n\n\n<div class=\"pt-cv-wrapper\"><div class=\"pt-cv-view pt-cv-grid pt-cv-colsys\" id=\"pt-cv-view-d20616clo5\"><div data-id=\"pt-cv-page-1\" class=\"pt-cv-page\" data-cvc=\"3\"><div class=\"col-md-4 col-sm-12 col-xs-12 pt-cv-content-item pt-cv-1-col\" ><div class='pt-cv-ifield'><a href=\"https:\/\/yourfavoritecanadian.com\/fr\/kotor-travel-guide-ultimate-tips-to-the-adriatics-hidden-gem\/\" class=\"_self pt-cv-href-thumbnail pt-cv-thumb-default\" target=\"_self\" ><img decoding=\"async\" width=\"300\" height=\"225\" data-src=\"https:\/\/yourfavoritecanadian.com\/wp-content\/uploads\/2025\/04\/IMG_5953-300x225.jpeg\" class=\"pt-cv-thumbnail lazyload\" alt=\"\" data-srcset=\"https:\/\/yourfavoritecanadian.com\/wp-content\/uploads\/2025\/04\/IMG_5953-300x225.jpeg 300w, https:\/\/yourfavoritecanadian.com\/wp-content\/uploads\/2025\/04\/IMG_5953-1024x768.jpeg 1024w, https:\/\/yourfavoritecanadian.com\/wp-content\/uploads\/2025\/04\/IMG_5953-768x576.jpeg 768w, https:\/\/yourfavoritecanadian.com\/wp-content\/uploads\/2025\/04\/IMG_5953-16x12.jpeg 16w, https:\/\/yourfavoritecanadian.com\/wp-content\/uploads\/2025\/04\/IMG_5953.jpeg 1536w\" data-sizes=\"(max-width: 300px) 100vw, 300px\" src=\"data:image\/svg+xml;base64,PHN2ZyB3aWR0aD0iMSIgaGVpZ2h0PSIxIiB4bWxucz0iaHR0cDovL3d3dy53My5vcmcvMjAwMC9zdmciPjwvc3ZnPg==\" style=\"--smush-placeholder-width: 300px; --smush-placeholder-aspect-ratio: 300\/225;\" \/><\/a>\n<h4 class=\"pt-cv-title\"><a href=\"https:\/\/yourfavoritecanadian.com\/fr\/kotor-travel-guide-ultimate-tips-to-the-adriatics-hidden-gem\/\" class=\"_self\" target=\"_self\" >Guide de voyage de Kotor: Conseils incontournables pour ce joyau cach\u00e9<\/a><\/h4><\/div><\/div>\n<div class=\"col-md-4 col-sm-12 col-xs-12 pt-cv-content-item pt-cv-1-col\" ><div class='pt-cv-ifield'><a href=\"https:\/\/yourfavoritecanadian.com\/fr\/6-of-the-best-things-to-do-in-kotor\/\" class=\"_self pt-cv-href-thumbnail pt-cv-thumb-default\" target=\"_self\" ><img decoding=\"async\" width=\"300\" height=\"225\" data-src=\"https:\/\/yourfavoritecanadian.com\/wp-content\/uploads\/2024\/02\/IMG_6533-300x225.jpeg\" class=\"pt-cv-thumbnail lazyload\" alt=\"\" data-srcset=\"https:\/\/yourfavoritecanadian.com\/wp-content\/uploads\/2024\/02\/IMG_6533-300x225.jpeg 300w, https:\/\/yourfavoritecanadian.com\/wp-content\/uploads\/2024\/02\/IMG_6533-1024x768.jpeg 1024w, https:\/\/yourfavoritecanadian.com\/wp-content\/uploads\/2024\/02\/IMG_6533-768x576.jpeg 768w, https:\/\/yourfavoritecanadian.com\/wp-content\/uploads\/2024\/02\/IMG_6533-16x12.jpeg 16w, https:\/\/yourfavoritecanadian.com\/wp-content\/uploads\/2024\/02\/IMG_6533.jpeg 1535w\" data-sizes=\"(max-width: 300px) 100vw, 300px\" src=\"data:image\/svg+xml;base64,PHN2ZyB3aWR0aD0iMSIgaGVpZ2h0PSIxIiB4bWxucz0iaHR0cDovL3d3dy53My5vcmcvMjAwMC9zdmciPjwvc3ZnPg==\" style=\"--smush-placeholder-width: 300px; --smush-placeholder-aspect-ratio: 300\/225;\" \/><\/a>\n<h4 class=\"pt-cv-title\"><a href=\"https:\/\/yourfavoritecanadian.com\/fr\/6-of-the-best-things-to-do-in-kotor\/\" class=\"_self\" target=\"_self\" >6 des meilleures activit\u00e9s \u00e0 faire \u00e0 Kotor, Mont\u00e9n\u00e9gro<\/a><\/h4><\/div><\/div>\n<div class=\"col-md-4 col-sm-12 col-xs-12 pt-cv-content-item pt-cv-1-col\" ><div class='pt-cv-ifield'><a href=\"https:\/\/yourfavoritecanadian.com\/fr\/4-of-the-best-things-to-do-in-podgorica\/\" class=\"_self pt-cv-href-thumbnail pt-cv-thumb-default\" target=\"_self\" ><img decoding=\"async\" width=\"300\" height=\"225\" data-src=\"https:\/\/yourfavoritecanadian.com\/wp-content\/uploads\/2024\/02\/IMG_6535-300x225.jpeg\" class=\"pt-cv-thumbnail lazyload\" alt=\"\" data-srcset=\"https:\/\/yourfavoritecanadian.com\/wp-content\/uploads\/2024\/02\/IMG_6535-300x225.jpeg 300w, https:\/\/yourfavoritecanadian.com\/wp-content\/uploads\/2024\/02\/IMG_6535-1024x768.jpeg 1024w, https:\/\/yourfavoritecanadian.com\/wp-content\/uploads\/2024\/02\/IMG_6535-768x576.jpeg 768w, https:\/\/yourfavoritecanadian.com\/wp-content\/uploads\/2024\/02\/IMG_6535-1536x1152.jpeg 1536w, https:\/\/yourfavoritecanadian.com\/wp-content\/uploads\/2024\/02\/IMG_6535-16x12.jpeg 16w, https:\/\/yourfavoritecanadian.com\/wp-content\/uploads\/2024\/02\/IMG_6535.jpeg 2048w\" data-sizes=\"(max-width: 300px) 100vw, 300px\" src=\"data:image\/svg+xml;base64,PHN2ZyB3aWR0aD0iMSIgaGVpZ2h0PSIxIiB4bWxucz0iaHR0cDovL3d3dy53My5vcmcvMjAwMC9zdmciPjwvc3ZnPg==\" style=\"--smush-placeholder-width: 300px; --smush-placeholder-aspect-ratio: 300\/225;\" \/><\/a>\n<h4 class=\"pt-cv-title\"><a href=\"https:\/\/yourfavoritecanadian.com\/fr\/4-of-the-best-things-to-do-in-podgorica\/\" class=\"_self\" target=\"_self\" >4 des meilleures activit\u00e9s \u00e0 faire \u00e0 Podgorica, Mont\u00e9n\u00e9gro<\/a><\/h4><\/div><\/div>\n<div class=\"col-md-4 col-sm-12 col-xs-12 pt-cv-content-item pt-cv-1-col\" ><div class='pt-cv-ifield'><a href=\"https:\/\/yourfavoritecanadian.com\/fr\/3-of-the-best-things-to-do-in-virpazar\/\" class=\"_self pt-cv-href-thumbnail pt-cv-thumb-default\" target=\"_self\" ><img decoding=\"async\" width=\"300\" height=\"225\" data-src=\"https:\/\/yourfavoritecanadian.com\/wp-content\/uploads\/2024\/02\/IMG_6536-300x225.jpeg\" class=\"pt-cv-thumbnail lazyload\" alt=\"\" data-srcset=\"https:\/\/yourfavoritecanadian.com\/wp-content\/uploads\/2024\/02\/IMG_6536-300x225.jpeg 300w, https:\/\/yourfavoritecanadian.com\/wp-content\/uploads\/2024\/02\/IMG_6536-1024x768.jpeg 1024w, https:\/\/yourfavoritecanadian.com\/wp-content\/uploads\/2024\/02\/IMG_6536-768x576.jpeg 768w, https:\/\/yourfavoritecanadian.com\/wp-content\/uploads\/2024\/02\/IMG_6536-1536x1152.jpeg 1536w, https:\/\/yourfavoritecanadian.com\/wp-content\/uploads\/2024\/02\/IMG_6536-16x12.jpeg 16w, https:\/\/yourfavoritecanadian.com\/wp-content\/uploads\/2024\/02\/IMG_6536.jpeg 2048w\" data-sizes=\"(max-width: 300px) 100vw, 300px\" src=\"data:image\/svg+xml;base64,PHN2ZyB3aWR0aD0iMSIgaGVpZ2h0PSIxIiB4bWxucz0iaHR0cDovL3d3dy53My5vcmcvMjAwMC9zdmciPjwvc3ZnPg==\" style=\"--smush-placeholder-width: 300px; --smush-placeholder-aspect-ratio: 300\/225;\" \/><\/a>\n<h4 class=\"pt-cv-title\"><a href=\"https:\/\/yourfavoritecanadian.com\/fr\/3-of-the-best-things-to-do-in-virpazar\/\" class=\"_self\" target=\"_self\" >3 des meilleures activit\u00e9s \u00e0 faire \u00e0 Virpazar, Mont\u00e9n\u00e9gro<\/a><\/h4><\/div><\/div><\/div><\/div><\/div>\n\n\n\n<div style=\"height:10px\" aria-hidden=\"true\" class=\"wp-block-spacer\"><\/div>\n\n\n\n<hr class=\"wp-block-separator has-alpha-channel-opacity\"\/>\n\n\n\n<div style=\"height:10px\" aria-hidden=\"true\" class=\"wp-block-spacer\"><\/div>\n\n\n\n<p class=\"translation-block\">Le Mont\u00e9n\u00e9gro est un pays de contrastes saisissants, o\u00f9 se rencontrent montagnes, mer et si\u00e8cles d\u2019histoire. Le guide de voyage sur le Mont\u00e9n\u00e9gro vous fait d\u00e9couvrir ce petit pays \u00e0 couper le souffle, o\u00f9 des villes m\u00e9di\u00e9vales c\u00f4toient des eaux turquoise et des parcs nationaux luxuriants. Des rues pav\u00e9es des villes anciennes aux paysages c\u00f4tiers paisibles, le Mont\u00e9n\u00e9gro propose une exp\u00e9rience qui allie culture, aventure et d\u00e9tente. Les visiteurs peuvent profiter de routes panoramiques \u00e0 travers les montagnes, d\u00e9guster des vins locaux authentiques et d\u00e9couvrir des secrets cach\u00e9s le long de la c\u00f4te adriatique. Avec son m\u00e9lange unique de beaut\u00e9 naturelle et de richesse culturelle, cette destination promet un voyage \u00e0 la fois intemporel et ressour\u00e7ant.<\/p>\n\n\n\n<p class=\"translation-block\">Le guide de voyage sur Kotor vous emm\u00e8ne au c\u0153ur de l\u2019un des joyaux c\u00f4tiers les plus enchanteurs du Mont\u00e9n\u00e9gro. Entour\u00e9e de falaises impressionnantes et d\u2019eaux calmes aux teintes bleut\u00e9es, Kotor est un site class\u00e9 au patrimoine mondial de l\u2019UNESCO reconnu pour son charme d\u2019antan et son \u00e9nergie vibrante. Les voyageurs peuvent explorer des forteresses historiques, se promener tranquillement dans des ruelles pav\u00e9es et d\u00e9couvrir les incontournables \u00e0 voir \u00e0 Kotor au Mont\u00e9n\u00e9gro, notamment ses \u00e9glises, ses mus\u00e9es et ses caf\u00e9s anim\u00e9s en bord de port. Que vous montiez jusqu\u2019\u00e0 la forteresse pour admirer une vue panoramique ou que vous observiez simplement le coucher de soleil se refl\u00e9ter sur la baie, Kotor incarne parfaitement l\u2019esprit romantique du Mont\u00e9n\u00e9gro, o\u00f9 chaque coin donne l\u2019impression d\u2019entrer dans un d\u00e9cor de conte.<\/p>\n\n\n\n<p class=\"translation-block\">Au-del\u00e0 de la c\u00f4te, le guide de voyage sur Podgorica invite les voyageurs \u00e0 d\u00e9couvrir la capitale dynamique du Mont\u00e9n\u00e9gro et ses environs. \u00c0 Podgorica, vous trouverez un m\u00e9lange d\u2019ancien et de moderne, entre march\u00e9s traditionnels, ponts ottomans et caf\u00e9s contemporains qui refl\u00e8tent la vie actuelle. Il y a de nombreuses choses \u00e0 faire \u00e0 Podgorica, que ce soit visiter des sites culturels, explorer des vignobles locaux ou parcourir les sentiers naturels \u00e0 proximit\u00e9. \u00c0 courte distance, le village de Virpazar, situ\u00e9 sur le lac Skadar, offre une escapade paisible avec des paysages magnifiques et une hospitalit\u00e9 authentique. Ensemble, ces destinations r\u00e9v\u00e8lent le v\u00e9ritable visage du Mont\u00e9n\u00e9gro, un m\u00e9lange d\u2019histoire, de charme et de merveilles naturelles qui fait sentir chaque voyageur chez lui avec Your Favorite Canadian comme guide.<\/p>\n<p><a href=\"\/\/www.pinterest.com\/pin\/create\/button\/\" data-pin-do=\"buttonBookmark\" data-pin-color=\"red\" data-pin-height=\"128\"><img decoding=\"async\" data-src=\"\/\/assets.pinterest.com\/images\/pidgets\/pinit_fg_en_rect_red_28.png\" src=\"data:image\/svg+xml;base64,PHN2ZyB3aWR0aD0iMSIgaGVpZ2h0PSIxIiB4bWxucz0iaHR0cDovL3d3dy53My5vcmcvMjAwMC9zdmciPjwvc3ZnPg==\" class=\"lazyload\" \/><\/a><\/p>","protected":false},"excerpt":{"rendered":"<p>Montenegro&#8217;s Must-Reads Kotor &#8211; Podgorica &#8211; Virpazar Montenegro is a land of stunning contrasts \u2014 a meeting point of mountains, sea, and centuries of history. The Montenegro Travel Guide introduces &#8230; <a title=\"Mont\u00e9n\u00e9gro\" class=\"read-more\" href=\"https:\/\/yourfavoritecanadian.com\/fr\/montenegro\/\" aria-label=\"Read more about Montenegro\">Read more<\/a><\/p>","protected":false},"author":1,"featured_media":0,"parent":0,"menu_order":0,"comment_status":"closed","ping_status":"closed","template":"","meta":{"om_disable_all_campaigns":false,"_monsterinsights_skip_tracking":false,"_monsterinsights_sitenote_active":false,"_monsterinsights_sitenote_note":"","_monsterinsights_sitenote_category":0,"jetpack_post_was_ever_published":false,"footnotes":""},"class_list":["post-6981","page","type-page","status-publish"],"aioseo_notices":[],"jetpack-related-posts":[{"id":4328,"url":"https:\/\/yourfavoritecanadian.com\/fr\/europe\/","url_meta":{"origin":6981,"position":0},"title":"Europe","author":"yourfavoritecanadian","date":"octobre 9, 2024","format":false,"excerpt":"ALBANIA BELGIUM BOSNIA FRANCE - MONACO GREECE IRELAND ITALY MONTENEGRO PORTUGAL SPAIN Europe, a continent rich in history and culture, offers a diverse array of stories waiting to be explored. From the iconic landmarks of Lisbon and Rome to the breathtaking landscapes of the Greek Islands and the Cliffs of\u2026","rel":"","context":"Similar post","block_context":{"text":"Similar post","link":""},"img":{"alt_text":"","src":"","width":0,"height":0},"classes":[]},{"id":3476,"url":"https:\/\/yourfavoritecanadian.com\/fr\/destinations\/","url_meta":{"origin":6981,"position":1},"title":"Destinations","author":"yourfavoritecanadian","date":"septembre 27, 2024","format":false,"excerpt":"Africa Americas Asia Europe Africa Africa Travel Destinations offer a blend of wild beauty, ancient history, and vibrant culture that captivate every traveler. From the majestic pyramids of Egypt to the colorful souks of Morocco, Africa is a continent that tells timeless stories through its landscapes and people. Our journeys\u2026","rel":"","context":"Similar post","block_context":{"text":"Similar post","link":""},"img":{"alt_text":"","src":"","width":0,"height":0},"classes":[]},{"id":7042,"url":"https:\/\/yourfavoritecanadian.com\/fr\/france-monaco\/","url_meta":{"origin":6981,"position":2},"title":"France &#8211; Monaco","author":"yourfavoritecanadian","date":"mars 19, 2025","format":false,"excerpt":"France's Must-Reads Monaco's Must-Reads France's Must-Reads Monaco's Must-Reads Southern France and Monaco are destinations that beautifully blend old-world charm with modern elegance. Our travels in the south of France focus on iconic coastal cities like Marseille and Nice, where Mediterranean culture, history, and relaxed seaside living come together effortlessly. From\u2026","rel":"","context":"Similar post","block_context":{"text":"Similar post","link":""},"img":{"alt_text":"","src":"","width":0,"height":0},"classes":[]},{"id":6865,"url":"https:\/\/yourfavoritecanadian.com\/fr\/qatar\/","url_meta":{"origin":6981,"position":3},"title":"Qatar","author":"yourfavoritecanadian","date":"mars 18, 2025","format":false,"excerpt":"Doha's Must-Reads Doha's Activities Doha's Must-Reads Doha's Activities Doha, the capital of Qatar, is a city where tradition and modernity coexist seamlessly. With its gleaming skyscrapers, bustling souks, and serene waterfronts, the city offers experiences that cater to a wide range of travelers. From exploring historic neighborhoods to admiring cutting-edge\u2026","rel":"","context":"Similar post","block_context":{"text":"Similar post","link":""},"img":{"alt_text":"","src":"","width":0,"height":0},"classes":[]},{"id":6765,"url":"https:\/\/yourfavoritecanadian.com\/fr\/egypt\/","url_meta":{"origin":6981,"position":4},"title":"\u00c9gypte","author":"yourfavoritecanadian","date":"mars 18, 2025","format":false,"excerpt":"Egypt's Must-Reads Cairo The Pyramids Egypt's Must-Reads Cairo - The Pyramids Egypt is a land that captures the imagination like few places on Earth. From the bustling streets of Cairo to the vast deserts and the winding Nile, every corner of this ancient country has a story to tell. Here,\u2026","rel":"","context":"Similar post","block_context":{"text":"Similar post","link":""},"img":{"alt_text":"","src":"","width":0,"height":0},"classes":[]},{"id":6876,"url":"https:\/\/yourfavoritecanadian.com\/fr\/united-arab-emirates\/","url_meta":{"origin":6981,"position":5},"title":"\u00c9mirates Arabe Unis","author":"yourfavoritecanadian","date":"mars 18, 2025","format":false,"excerpt":"Dubai's Must-Reads Dubai's Activities Dubai's Must-Reads Dubai's Activities The United Arab Emirates is a land of striking contrasts, where ultramodern cities rise alongside vast deserts and centuries-old traditions thrive. From the dazzling skyline of Dubai to the cultural richness of Abu Dhabi, the country offers experiences that are both thrilling\u2026","rel":"","context":"Similar post","block_context":{"text":"Similar post","link":""},"img":{"alt_text":"","src":"","width":0,"height":0},"classes":[]}],"jetpack_sharing_enabled":true,"_links":{"self":[{"href":"https:\/\/yourfavoritecanadian.com\/fr\/wp-json\/wp\/v2\/pages\/6981","targetHints":{"allow":["GET"]}}],"collection":[{"href":"https:\/\/yourfavoritecanadian.com\/fr\/wp-json\/wp\/v2\/pages"}],"about":[{"href":"https:\/\/yourfavoritecanadian.com\/fr\/wp-json\/wp\/v2\/types\/page"}],"author":[{"embeddable":true,"href":"https:\/\/yourfavoritecanadian.com\/fr\/wp-json\/wp\/v2\/users\/1"}],"replies":[{"embeddable":true,"href":"https:\/\/yourfavoritecanadian.com\/fr\/wp-json\/wp\/v2\/comments?post=6981"}],"version-history":[{"count":4,"href":"https:\/\/yourfavoritecanadian.com\/fr\/wp-json\/wp\/v2\/pages\/6981\/revisions"}],"predecessor-version":[{"id":8695,"href":"https:\/\/yourfavoritecanadian.com\/fr\/wp-json\/wp\/v2\/pages\/6981\/revisions\/8695"}],"wp:attachment":[{"href":"https:\/\/yourfavoritecanadian.com\/fr\/wp-json\/wp\/v2\/media?parent=6981"}],"curies":[{"name":"wp","href":"https:\/\/api.w.org\/{rel}","templated":true}]}}