{"id":7032,"date":"2025-03-19T20:22:28","date_gmt":"2025-03-20T00:22:28","guid":{"rendered":"https:\/\/yourfavoritecanadian.com\/?page_id=7032"},"modified":"2026-03-29T16:46:58","modified_gmt":"2026-03-29T20:46:58","slug":"greece","status":"publish","type":"page","link":"https:\/\/yourfavoritecanadian.com\/fr\/greece\/","title":{"rendered":"Gr\u00e8ce"},"content":{"rendered":"<div class=\"wp-block-buttons is-content-justification-center is-layout-flex wp-container-core-buttons-is-layout-16018d1d wp-block-buttons-is-layout-flex\">\n<div class=\"wp-block-button\"><a class=\"wp-block-button__link wp-element-button\" href=\"#1-1\"><strong>Lectures incontournables<\/strong><\/a><\/div>\n\n\n\n<div class=\"wp-block-button\"><a class=\"wp-block-button__link wp-element-button\" href=\"#1-2\"><strong>Ath\u00e8nes<\/strong><\/a><\/div>\n\n\n\n<div class=\"wp-block-button\"><a class=\"wp-block-button__link wp-element-button\" href=\"#1-2\"><strong>Kefalonia<\/strong><\/a><\/div>\n<\/div>\n\n\n\n<hr class=\"wp-block-separator has-alpha-channel-opacity\"\/>\n\n\n\n<p class=\"has-text-align-center has-base-2-background-color has-background\" id=\"1-1\"><strong>Lectures incontournables<\/strong><\/p>\n\n\n<div class=\"pt-cv-wrapper\"><div class=\"pt-cv-view pt-cv-grid pt-cv-colsys\" id=\"pt-cv-view-5998017oyk\"><div data-id=\"pt-cv-page-1\" class=\"pt-cv-page\" data-cvc=\"3\"><div class=\"col-md-4 col-sm-12 col-xs-12 pt-cv-content-item pt-cv-1-col\" ><div class='pt-cv-ifield'><a href=\"https:\/\/yourfavoritecanadian.com\/fr\/is-kefalonia-greece-safe-for-solo-travelers\/\" class=\"_self pt-cv-href-thumbnail pt-cv-thumb-default\" target=\"_self\" ><img decoding=\"async\" width=\"300\" height=\"225\" data-src=\"https:\/\/yourfavoritecanadian.com\/wp-content\/uploads\/2024\/11\/IMG_0820-300x225.jpeg\" class=\"pt-cv-thumbnail lazyload\" alt=\"\" data-srcset=\"https:\/\/yourfavoritecanadian.com\/wp-content\/uploads\/2024\/11\/IMG_0820-300x225.jpeg 300w, https:\/\/yourfavoritecanadian.com\/wp-content\/uploads\/2024\/11\/IMG_0820-1024x768.jpeg 1024w, https:\/\/yourfavoritecanadian.com\/wp-content\/uploads\/2024\/11\/IMG_0820-768x576.jpeg 768w, https:\/\/yourfavoritecanadian.com\/wp-content\/uploads\/2024\/11\/IMG_0820-16x12.jpeg 16w, https:\/\/yourfavoritecanadian.com\/wp-content\/uploads\/2024\/11\/IMG_0820.jpeg 1535w\" data-sizes=\"(max-width: 300px) 100vw, 300px\" src=\"data:image\/svg+xml;base64,PHN2ZyB3aWR0aD0iMSIgaGVpZ2h0PSIxIiB4bWxucz0iaHR0cDovL3d3dy53My5vcmcvMjAwMC9zdmciPjwvc3ZnPg==\" style=\"--smush-placeholder-width: 300px; --smush-placeholder-aspect-ratio: 300\/225;\" \/><\/a>\n<h4 class=\"pt-cv-title\"><a href=\"https:\/\/yourfavoritecanadian.com\/fr\/is-kefalonia-greece-safe-for-solo-travelers\/\" class=\"_self\" target=\"_self\" >C\u00e9phalonie est-elle une destination s\u00e9curitaire pour les voyageurs solo? Tout ce qu'il faut savoir<\/a><\/h4><\/div><\/div>\n<div class=\"col-md-4 col-sm-12 col-xs-12 pt-cv-content-item pt-cv-1-col\" ><div class='pt-cv-ifield'><a href=\"https:\/\/yourfavoritecanadian.com\/fr\/10-fun-facts-about-greece-that-will-make-you-want-to-visit\/\" class=\"_self pt-cv-href-thumbnail pt-cv-thumb-default\" target=\"_self\" ><img decoding=\"async\" width=\"300\" height=\"225\" data-src=\"https:\/\/yourfavoritecanadian.com\/wp-content\/uploads\/2024\/10\/IMG_8654-300x225.jpeg\" class=\"pt-cv-thumbnail lazyload\" alt=\"\" data-srcset=\"https:\/\/yourfavoritecanadian.com\/wp-content\/uploads\/2024\/10\/IMG_8654-300x225.jpeg 300w, https:\/\/yourfavoritecanadian.com\/wp-content\/uploads\/2024\/10\/IMG_8654-1024x768.jpeg 1024w, https:\/\/yourfavoritecanadian.com\/wp-content\/uploads\/2024\/10\/IMG_8654-768x576.jpeg 768w, https:\/\/yourfavoritecanadian.com\/wp-content\/uploads\/2024\/10\/IMG_8654-16x12.jpeg 16w, https:\/\/yourfavoritecanadian.com\/wp-content\/uploads\/2024\/10\/IMG_8654.jpeg 1535w\" data-sizes=\"(max-width: 300px) 100vw, 300px\" src=\"data:image\/svg+xml;base64,PHN2ZyB3aWR0aD0iMSIgaGVpZ2h0PSIxIiB4bWxucz0iaHR0cDovL3d3dy53My5vcmcvMjAwMC9zdmciPjwvc3ZnPg==\" style=\"--smush-placeholder-width: 300px; --smush-placeholder-aspect-ratio: 300\/225;\" \/><\/a>\n<h4 class=\"pt-cv-title\"><a href=\"https:\/\/yourfavoritecanadian.com\/fr\/10-fun-facts-about-greece-that-will-make-you-want-to-visit\/\" class=\"_self\" target=\"_self\" >10 faits surprenants sur la Gr\u00e8ce qui vous donneront envie de visiter ce pays<\/a><\/h4><\/div><\/div>\n<div class=\"col-md-4 col-sm-12 col-xs-12 pt-cv-content-item pt-cv-1-col\" ><div class='pt-cv-ifield'><a href=\"https:\/\/yourfavoritecanadian.com\/fr\/everything-there-is-to-know-about-greece\/\" class=\"_self pt-cv-href-thumbnail pt-cv-thumb-default\" target=\"_self\" ><img decoding=\"async\" width=\"300\" height=\"225\" data-src=\"https:\/\/yourfavoritecanadian.com\/wp-content\/uploads\/2023\/12\/IMG_2083-300x225.jpg\" class=\"pt-cv-thumbnail lazyload\" alt=\"\" data-srcset=\"https:\/\/yourfavoritecanadian.com\/wp-content\/uploads\/2023\/12\/IMG_2083-300x225.jpg 300w, https:\/\/yourfavoritecanadian.com\/wp-content\/uploads\/2023\/12\/IMG_2083-1024x768.jpg 1024w, https:\/\/yourfavoritecanadian.com\/wp-content\/uploads\/2023\/12\/IMG_2083-768x576.jpg 768w, https:\/\/yourfavoritecanadian.com\/wp-content\/uploads\/2023\/12\/IMG_2083-1536x1152.jpg 1536w, https:\/\/yourfavoritecanadian.com\/wp-content\/uploads\/2023\/12\/IMG_2083-2048x1536.jpg 2048w, https:\/\/yourfavoritecanadian.com\/wp-content\/uploads\/2023\/12\/IMG_2083-16x12.jpg 16w\" data-sizes=\"(max-width: 300px) 100vw, 300px\" src=\"data:image\/svg+xml;base64,PHN2ZyB3aWR0aD0iMSIgaGVpZ2h0PSIxIiB4bWxucz0iaHR0cDovL3d3dy53My5vcmcvMjAwMC9zdmciPjwvc3ZnPg==\" style=\"--smush-placeholder-width: 300px; --smush-placeholder-aspect-ratio: 300\/225;\" \/><\/a>\n<h4 class=\"pt-cv-title\"><a href=\"https:\/\/yourfavoritecanadian.com\/fr\/everything-there-is-to-know-about-greece\/\" class=\"_self\" target=\"_self\" >Guide de voyage de la Gr\u00e8ce : Tout ce que vous devez savoir<\/a><\/h4><\/div><\/div>\n<div class=\"col-md-4 col-sm-12 col-xs-12 pt-cv-content-item pt-cv-1-col\" ><div class='pt-cv-ifield'><a href=\"https:\/\/yourfavoritecanadian.com\/fr\/where-to-go-in-greece\/\" class=\"_self pt-cv-href-thumbnail pt-cv-thumb-default\" target=\"_self\" ><img decoding=\"async\" width=\"300\" height=\"225\" data-src=\"https:\/\/yourfavoritecanadian.com\/wp-content\/uploads\/2024\/01\/IMG_7096-300x225.jpeg\" class=\"pt-cv-thumbnail lazyload\" alt=\"\" data-srcset=\"https:\/\/yourfavoritecanadian.com\/wp-content\/uploads\/2024\/01\/IMG_7096-300x225.jpeg 300w, https:\/\/yourfavoritecanadian.com\/wp-content\/uploads\/2024\/01\/IMG_7096-1024x768.jpeg 1024w, https:\/\/yourfavoritecanadian.com\/wp-content\/uploads\/2024\/01\/IMG_7096-768x576.jpeg 768w, https:\/\/yourfavoritecanadian.com\/wp-content\/uploads\/2024\/01\/IMG_7096-16x12.jpeg 16w, https:\/\/yourfavoritecanadian.com\/wp-content\/uploads\/2024\/01\/IMG_7096.jpeg 1535w\" data-sizes=\"(max-width: 300px) 100vw, 300px\" src=\"data:image\/svg+xml;base64,PHN2ZyB3aWR0aD0iMSIgaGVpZ2h0PSIxIiB4bWxucz0iaHR0cDovL3d3dy53My5vcmcvMjAwMC9zdmciPjwvc3ZnPg==\" style=\"--smush-placeholder-width: 300px; --smush-placeholder-aspect-ratio: 300\/225;\" \/><\/a>\n<h4 class=\"pt-cv-title\"><a href=\"https:\/\/yourfavoritecanadian.com\/fr\/where-to-go-in-greece\/\" class=\"_self\" target=\"_self\" >Destinations incontournables en Gr\u00e8ce : Endroits incroyables o\u00f9 s\u00e9journer et explorer<\/a><\/h4><\/div><\/div><\/div><\/div><\/div>\n\n\n\n<div style=\"height:50px\" aria-hidden=\"true\" class=\"wp-block-spacer\"><\/div>\n\n\n\n<p class=\"has-text-align-center has-base-2-background-color has-background\" id=\"1-2\"><strong>Ath\u00e8nes - Kefalonia<\/strong><\/p>\n\n\n<div class=\"pt-cv-wrapper\"><div class=\"pt-cv-view pt-cv-grid pt-cv-colsys\" id=\"pt-cv-view-4f69a43a1d\"><div data-id=\"pt-cv-page-1\" class=\"pt-cv-page\" data-cvc=\"3\"><div class=\"col-md-4 col-sm-12 col-xs-12 pt-cv-content-item pt-cv-1-col\" ><div class='pt-cv-ifield'><a href=\"https:\/\/yourfavoritecanadian.com\/fr\/7-top-athens-sites-to-visit-the-ultimate-guide\/\" class=\"_self pt-cv-href-thumbnail pt-cv-thumb-default\" target=\"_self\" ><img decoding=\"async\" width=\"300\" height=\"225\" data-src=\"https:\/\/yourfavoritecanadian.com\/wp-content\/uploads\/2025\/04\/IMG_5978-300x225.jpeg\" class=\"pt-cv-thumbnail lazyload\" alt=\"\" data-srcset=\"https:\/\/yourfavoritecanadian.com\/wp-content\/uploads\/2025\/04\/IMG_5978-300x225.jpeg 300w, https:\/\/yourfavoritecanadian.com\/wp-content\/uploads\/2025\/04\/IMG_5978-1024x768.jpeg 1024w, https:\/\/yourfavoritecanadian.com\/wp-content\/uploads\/2025\/04\/IMG_5978-768x576.jpeg 768w, https:\/\/yourfavoritecanadian.com\/wp-content\/uploads\/2025\/04\/IMG_5978-1536x1152.jpeg 1536w, https:\/\/yourfavoritecanadian.com\/wp-content\/uploads\/2025\/04\/IMG_5978-2048x1536.jpeg 2048w, https:\/\/yourfavoritecanadian.com\/wp-content\/uploads\/2025\/04\/IMG_5978-16x12.jpeg 16w\" data-sizes=\"(max-width: 300px) 100vw, 300px\" src=\"data:image\/svg+xml;base64,PHN2ZyB3aWR0aD0iMSIgaGVpZ2h0PSIxIiB4bWxucz0iaHR0cDovL3d3dy53My5vcmcvMjAwMC9zdmciPjwvc3ZnPg==\" style=\"--smush-placeholder-width: 300px; --smush-placeholder-aspect-ratio: 300\/225;\" \/><\/a>\n<h4 class=\"pt-cv-title\"><a href=\"https:\/\/yourfavoritecanadian.com\/fr\/7-top-athens-sites-to-visit-the-ultimate-guide\/\" class=\"_self\" target=\"_self\" >7 sites incontournables \u00e0 visiter \u00e0 Ath\u00e8nes : le guide ultime<\/a><\/h4><\/div><\/div>\n<div class=\"col-md-4 col-sm-12 col-xs-12 pt-cv-content-item pt-cv-1-col\" ><div class='pt-cv-ifield'><a href=\"https:\/\/yourfavoritecanadian.com\/fr\/9-of-the-best-things-to-do-in-kefalonia-greece\/\" class=\"_self pt-cv-href-thumbnail pt-cv-thumb-default\" target=\"_self\" ><img decoding=\"async\" width=\"300\" height=\"225\" data-src=\"https:\/\/yourfavoritecanadian.com\/wp-content\/uploads\/2024\/01\/IMG_7044-300x225.jpeg\" class=\"pt-cv-thumbnail lazyload\" alt=\"\" data-srcset=\"https:\/\/yourfavoritecanadian.com\/wp-content\/uploads\/2024\/01\/IMG_7044-300x225.jpeg 300w, https:\/\/yourfavoritecanadian.com\/wp-content\/uploads\/2024\/01\/IMG_7044-1024x768.jpeg 1024w, https:\/\/yourfavoritecanadian.com\/wp-content\/uploads\/2024\/01\/IMG_7044-768x576.jpeg 768w, https:\/\/yourfavoritecanadian.com\/wp-content\/uploads\/2024\/01\/IMG_7044-16x12.jpeg 16w, https:\/\/yourfavoritecanadian.com\/wp-content\/uploads\/2024\/01\/IMG_7044.jpeg 1535w\" data-sizes=\"(max-width: 300px) 100vw, 300px\" src=\"data:image\/svg+xml;base64,PHN2ZyB3aWR0aD0iMSIgaGVpZ2h0PSIxIiB4bWxucz0iaHR0cDovL3d3dy53My5vcmcvMjAwMC9zdmciPjwvc3ZnPg==\" style=\"--smush-placeholder-width: 300px; --smush-placeholder-aspect-ratio: 300\/225;\" \/><\/a>\n<h4 class=\"pt-cv-title\"><a href=\"https:\/\/yourfavoritecanadian.com\/fr\/9-of-the-best-things-to-do-in-kefalonia-greece\/\" class=\"_self\" target=\"_self\" >9 des meilleures activit\u00e9s \u00e0 faire \u00e0 Kefalonia, Gr\u00e8ce<\/a><\/h4><\/div><\/div>\n<div class=\"col-md-4 col-sm-12 col-xs-12 pt-cv-content-item pt-cv-1-col\" ><div class='pt-cv-ifield'><a href=\"https:\/\/yourfavoritecanadian.com\/fr\/7-of-the-best-things-to-do-in-athens-greece\/\" class=\"_self pt-cv-href-thumbnail pt-cv-thumb-default\" target=\"_self\" ><img decoding=\"async\" width=\"300\" height=\"225\" data-src=\"https:\/\/yourfavoritecanadian.com\/wp-content\/uploads\/2024\/01\/IMG_7057-300x225.jpeg\" class=\"pt-cv-thumbnail lazyload\" alt=\"\" data-srcset=\"https:\/\/yourfavoritecanadian.com\/wp-content\/uploads\/2024\/01\/IMG_7057-300x225.jpeg 300w, https:\/\/yourfavoritecanadian.com\/wp-content\/uploads\/2024\/01\/IMG_7057-1024x768.jpeg 1024w, https:\/\/yourfavoritecanadian.com\/wp-content\/uploads\/2024\/01\/IMG_7057-768x576.jpeg 768w, https:\/\/yourfavoritecanadian.com\/wp-content\/uploads\/2024\/01\/IMG_7057-1536x1152.jpeg 1536w, https:\/\/yourfavoritecanadian.com\/wp-content\/uploads\/2024\/01\/IMG_7057-16x12.jpeg 16w, https:\/\/yourfavoritecanadian.com\/wp-content\/uploads\/2024\/01\/IMG_7057.jpeg 2048w\" data-sizes=\"(max-width: 300px) 100vw, 300px\" src=\"data:image\/svg+xml;base64,PHN2ZyB3aWR0aD0iMSIgaGVpZ2h0PSIxIiB4bWxucz0iaHR0cDovL3d3dy53My5vcmcvMjAwMC9zdmciPjwvc3ZnPg==\" style=\"--smush-placeholder-width: 300px; --smush-placeholder-aspect-ratio: 300\/225;\" \/><\/a>\n<h4 class=\"pt-cv-title\"><a href=\"https:\/\/yourfavoritecanadian.com\/fr\/7-of-the-best-things-to-do-in-athens-greece\/\" class=\"_self\" target=\"_self\" >7 des meilleures activit\u00e9s \u00e0 faire \u00e0 Ath\u00e8nes, Gr\u00e8ce<\/a><\/h4><\/div><\/div><\/div><\/div><\/div>\n\n\n\n<div style=\"height:10px\" aria-hidden=\"true\" class=\"wp-block-spacer\"><\/div>\n\n\n\n<hr class=\"wp-block-separator has-alpha-channel-opacity\"\/>\n\n\n\n<div style=\"height:10px\" aria-hidden=\"true\" class=\"wp-block-spacer\"><\/div>\n\n\n\n<p class=\"translation-block\">La Gr\u00e8ce est une terre o\u00f9 l\u2019histoire ancienne rencontre des paysages naturels \u00e0 couper le souffle, offrant un voyage \u00e0 la fois intemporel et inspirant. Gr\u00e2ce \u00e0 notre guide de voyage sur la Gr\u00e8ce, vous d\u00e9couvrirez un m\u00e9lange unique de culture, de littoraux et de mythologie qui continue de fasciner les voyageurs du monde entier. Des \u00eeles baign\u00e9es de soleil aux villages de montagne, chaque coin de la Gr\u00e8ce r\u00e9v\u00e8le quelque chose d\u2019unique, une histoire racont\u00e9e \u00e0 travers ses ruines, sa gastronomie et le rythme de la vie quotidienne. Que vous vous promeniez dans des rues pav\u00e9es ou que vous profitiez de couchers de soleil en bord de mer, la Gr\u00e8ce offre une exp\u00e9rience inoubliable fa\u00e7onn\u00e9e par son peuple et son pass\u00e9.<\/p>\n\n\n\n<p class=\"translation-block\">\u00c0 Ath\u00e8nes, la capitale vibrante du pays, histoire et modernit\u00e9 coexistent en parfaite harmonie. Notre guide de voyage sur Ath\u00e8nes vous fait d\u00e9couvrir les sites incontournables et les tr\u00e9sors cach\u00e9s de la ville, du majestueux Parth\u00e9non au quartier anim\u00e9 de Plaka. Vous y trouverez une multitude de choses \u00e0 faire \u00e0 Ath\u00e8nes, que ce soit visiter des mus\u00e9es, go\u00fbter \u00e0 la cuisine locale ou admirer le street art qui raconte de nouvelles histoires sous des murs anciens. La ville vous invite \u00e0 ralentir, \u00e0 vous connecter et \u00e0 appr\u00e9cier la fa\u00e7on dont ses traditions continuent de vivre aujourd\u2019hui. Ath\u00e8nes n\u2019est pas simplement une \u00e9tape sur une carte, c\u2019est une destination qui laisse une impression durable \u00e0 chaque voyageur.<\/p>\n\n\n\n<p class=\"translation-block\">Au-del\u00e0 de la capitale, les \u00eeles grecques offrent une magie compl\u00e8tement diff\u00e9rente. L\u2019\u00eele ionienne de Kefalonia, par exemple, est r\u00e9put\u00e9e pour ses plages, ses eaux \u00e9meraude et son accueil chaleureux. Que vous vous d\u00e9tendiez au bord de la mer, d\u00e9couvriez des ports charmants ou savouriez un moment de calme face \u00e0 la mer \u00c9g\u00e9e, la Gr\u00e8ce a ce pouvoir unique de vous faire sentir \u00e0 la fois apais\u00e9 et vivant. Des villes historiques aux plages paisibles, chaque destination invite \u00e0 l\u2019exploration et \u00e0 l\u2019\u00e9merveillement. D\u00e9couvrez-en plus dans nos sections vedettes, les incontournables de la Gr\u00e8ce, Ath\u00e8nes et Kefalonia, et laissez Your Favorite Canadian vous guider \u00e0 travers les histoires, les paysages et l\u2019\u00e2me de ce magnifique pays m\u00e9diterran\u00e9en.<\/p>\n<p><a href=\"\/\/www.pinterest.com\/pin\/create\/button\/\" data-pin-do=\"buttonBookmark\" data-pin-color=\"red\" data-pin-height=\"128\"><img decoding=\"async\" data-src=\"\/\/assets.pinterest.com\/images\/pidgets\/pinit_fg_en_rect_red_28.png\" src=\"data:image\/svg+xml;base64,PHN2ZyB3aWR0aD0iMSIgaGVpZ2h0PSIxIiB4bWxucz0iaHR0cDovL3d3dy53My5vcmcvMjAwMC9zdmciPjwvc3ZnPg==\" class=\"lazyload\" \/><\/a><\/p>","protected":false},"excerpt":{"rendered":"<p>Greece&#8217;s Must-Reads Athens &#8211; Kefalonia Greece is a land where ancient history meets breathtaking natural beauty, offering a journey that feels both timeless and inspiring. Through our Greece Travel Guide, &#8230; <a title=\"Gr\u00e8ce\" class=\"read-more\" href=\"https:\/\/yourfavoritecanadian.com\/fr\/greece\/\" aria-label=\"Read more about Greece\">Read more<\/a><\/p>","protected":false},"author":1,"featured_media":0,"parent":0,"menu_order":0,"comment_status":"closed","ping_status":"closed","template":"","meta":{"om_disable_all_campaigns":false,"_monsterinsights_skip_tracking":false,"_monsterinsights_sitenote_active":false,"_monsterinsights_sitenote_note":"","_monsterinsights_sitenote_category":0,"jetpack_post_was_ever_published":false,"footnotes":""},"class_list":["post-7032","page","type-page","status-publish"],"aioseo_notices":[],"jetpack-related-posts":[{"id":6888,"url":"https:\/\/yourfavoritecanadian.com\/fr\/bali\/","url_meta":{"origin":7032,"position":0},"title":"Bali","author":"yourfavoritecanadian","date":"mars 18, 2025","format":false,"excerpt":"Bali's Must-Reads Gili Trawangan Ubud Canggu Semyniak Uluwatu Nusa Dua Kuta Nusa Penida Bali's Must-Reads Gili Trawangan Ubud - Canggu - Seminyak Uluwatu - Nusa Dua - Kuta Nusa Penida Bali is more than a tropical island \u2014 it\u2019s a place where nature, culture, and spirituality blend effortlessly. From serene\u2026","rel":"","context":"Similar post","block_context":{"text":"Similar post","link":""},"img":{"alt_text":"","src":"","width":0,"height":0},"classes":[]},{"id":7614,"url":"https:\/\/yourfavoritecanadian.com\/fr\/nicaragua\/","url_meta":{"origin":7032,"position":1},"title":"Nicaragua","author":"yourfavoritecanadian","date":"juin 30, 2025","format":false,"excerpt":"Nicaragua's Must-Reads San Juan del Sur Le\u00f3n El Tr\u00e1nsito Granada Nicaragua's Must-Reads San Juan del Sur Le\u00f3n El Tr\u00e1nsito Granada Nicaragua is a place that stirs the soul \u2014 where volcanoes meet tranquil beaches and colonial cities hum with color and life. It\u2019s a destination made for explorers who crave\u2026","rel":"","context":"Similar post","block_context":{"text":"Similar post","link":""},"img":{"alt_text":"","src":"","width":0,"height":0},"classes":[]},{"id":6967,"url":"https:\/\/yourfavoritecanadian.com\/fr\/portugal\/","url_meta":{"origin":7032,"position":2},"title":"Portugal","author":"yourfavoritecanadian","date":"mars 18, 2025","format":false,"excerpt":"Portugal's Must-Reads Lisbon Algarve Porto Ericeira Aveiro \u00c9vora Portugal's Must-Reads Lisbon Algarve Porto Ericeira Aveiro - \u00c9vora Portugal is a land where timeless charm meets modern vibrance. The Portugal Travel Guide invites you to discover a country that captivates with its sun-soaked beaches, cobbled streets, and warm hospitality. Whether you\u2019re\u2026","rel":"","context":"Similar post","block_context":{"text":"Similar post","link":""},"img":{"alt_text":"","src":"","width":0,"height":0},"classes":[]},{"id":7042,"url":"https:\/\/yourfavoritecanadian.com\/fr\/france-monaco\/","url_meta":{"origin":7032,"position":3},"title":"France &#8211; Monaco","author":"yourfavoritecanadian","date":"mars 19, 2025","format":false,"excerpt":"France's Must-Reads Monaco's Must-Reads France's Must-Reads Monaco's Must-Reads Southern France and Monaco are destinations that beautifully blend old-world charm with modern elegance. Our travels in the south of France focus on iconic coastal cities like Marseille and Nice, where Mediterranean culture, history, and relaxed seaside living come together effortlessly. From\u2026","rel":"","context":"Similar post","block_context":{"text":"Similar post","link":""},"img":{"alt_text":"","src":"","width":0,"height":0},"classes":[]},{"id":6903,"url":"https:\/\/yourfavoritecanadian.com\/fr\/philippines\/","url_meta":{"origin":7032,"position":4},"title":"Philippines","author":"yourfavoritecanadian","date":"mars 18, 2025","format":false,"excerpt":"Philippines Must-Reads Palawan Island Panglao Siquijor Moalboal Cebu Philippines Must-Reads Palawan Island Panglao - Siquijor Moalboal - Cebu The Philippines is a breathtaking mosaic of islands, each offering its own rhythm of life and charm. With turquoise waters, lush jungles, and warm hospitality, this tropical paradise is perfect for travelers\u2026","rel":"","context":"Similar post","block_context":{"text":"Similar post","link":""},"img":{"alt_text":"","src":"","width":0,"height":0},"classes":[]},{"id":6865,"url":"https:\/\/yourfavoritecanadian.com\/fr\/qatar\/","url_meta":{"origin":7032,"position":5},"title":"Qatar","author":"yourfavoritecanadian","date":"mars 18, 2025","format":false,"excerpt":"Doha's Must-Reads Doha's Activities Doha's Must-Reads Doha's Activities Doha, the capital of Qatar, is a city where tradition and modernity coexist seamlessly. With its gleaming skyscrapers, bustling souks, and serene waterfronts, the city offers experiences that cater to a wide range of travelers. From exploring historic neighborhoods to admiring cutting-edge\u2026","rel":"","context":"Similar post","block_context":{"text":"Similar post","link":""},"img":{"alt_text":"","src":"","width":0,"height":0},"classes":[]}],"jetpack_sharing_enabled":true,"_links":{"self":[{"href":"https:\/\/yourfavoritecanadian.com\/fr\/wp-json\/wp\/v2\/pages\/7032","targetHints":{"allow":["GET"]}}],"collection":[{"href":"https:\/\/yourfavoritecanadian.com\/fr\/wp-json\/wp\/v2\/pages"}],"about":[{"href":"https:\/\/yourfavoritecanadian.com\/fr\/wp-json\/wp\/v2\/types\/page"}],"author":[{"embeddable":true,"href":"https:\/\/yourfavoritecanadian.com\/fr\/wp-json\/wp\/v2\/users\/1"}],"replies":[{"embeddable":true,"href":"https:\/\/yourfavoritecanadian.com\/fr\/wp-json\/wp\/v2\/comments?post=7032"}],"version-history":[{"count":4,"href":"https:\/\/yourfavoritecanadian.com\/fr\/wp-json\/wp\/v2\/pages\/7032\/revisions"}],"predecessor-version":[{"id":8692,"href":"https:\/\/yourfavoritecanadian.com\/fr\/wp-json\/wp\/v2\/pages\/7032\/revisions\/8692"}],"wp:attachment":[{"href":"https:\/\/yourfavoritecanadian.com\/fr\/wp-json\/wp\/v2\/media?parent=7032"}],"curies":[{"name":"wp","href":"https:\/\/api.w.org\/{rel}","templated":true}]}}