{"id":7042,"date":"2025-03-19T20:33:49","date_gmt":"2025-03-20T00:33:49","guid":{"rendered":"https:\/\/yourfavoritecanadian.com\/?page_id=7042"},"modified":"2026-03-29T16:45:45","modified_gmt":"2026-03-29T20:45:45","slug":"france-monaco","status":"publish","type":"page","link":"https:\/\/yourfavoritecanadian.com\/fr\/france-monaco\/","title":{"rendered":"France &#8211; Monaco"},"content":{"rendered":"<div class=\"wp-block-buttons is-content-justification-center is-layout-flex wp-container-core-buttons-is-layout-16018d1d wp-block-buttons-is-layout-flex\">\n<div class=\"wp-block-button\"><a class=\"wp-block-button__link wp-element-button\" href=\"#1-1\"><strong>France<\/strong><\/a><\/div>\n\n\n\n<div class=\"wp-block-button\"><a class=\"wp-block-button__link wp-element-button\" href=\"#1-2\"><strong>Monaco<\/strong><\/a><\/div>\n<\/div>\n\n\n\n<hr class=\"wp-block-separator has-alpha-channel-opacity\"\/>\n\n\n\n<p class=\"has-text-align-center has-base-2-background-color has-background\" id=\"1-1\"><strong>France<\/strong><\/p>\n\n\n<div class=\"pt-cv-wrapper\"><div class=\"pt-cv-view pt-cv-grid pt-cv-colsys\" id=\"pt-cv-view-e71ea7882x\"><div data-id=\"pt-cv-page-1\" class=\"pt-cv-page\" data-cvc=\"3\"><div class=\"col-md-4 col-sm-12 col-xs-12 pt-cv-content-item pt-cv-1-col\" ><div class='pt-cv-ifield'><a href=\"https:\/\/yourfavoritecanadian.com\/fr\/perfect-2-days-itinerary-nice\/\" class=\"_self pt-cv-href-thumbnail pt-cv-thumb-default\" target=\"_self\" ><img decoding=\"async\" width=\"300\" height=\"225\" data-src=\"https:\/\/yourfavoritecanadian.com\/wp-content\/uploads\/2024\/02\/IMG_8612-300x225.jpeg\" class=\"pt-cv-thumbnail lazyload\" alt=\"\" data-srcset=\"https:\/\/yourfavoritecanadian.com\/wp-content\/uploads\/2024\/02\/IMG_8612-300x225.jpeg 300w, https:\/\/yourfavoritecanadian.com\/wp-content\/uploads\/2024\/02\/IMG_8612-1024x768.jpeg 1024w, https:\/\/yourfavoritecanadian.com\/wp-content\/uploads\/2024\/02\/IMG_8612-768x576.jpeg 768w, https:\/\/yourfavoritecanadian.com\/wp-content\/uploads\/2024\/02\/IMG_8612-1536x1152.jpeg 1536w, https:\/\/yourfavoritecanadian.com\/wp-content\/uploads\/2024\/02\/IMG_8612-16x12.jpeg 16w, https:\/\/yourfavoritecanadian.com\/wp-content\/uploads\/2024\/02\/IMG_8612.jpeg 2048w\" data-sizes=\"(max-width: 300px) 100vw, 300px\" src=\"data:image\/svg+xml;base64,PHN2ZyB3aWR0aD0iMSIgaGVpZ2h0PSIxIiB4bWxucz0iaHR0cDovL3d3dy53My5vcmcvMjAwMC9zdmciPjwvc3ZnPg==\" style=\"--smush-placeholder-width: 300px; --smush-placeholder-aspect-ratio: 300\/225;\" \/><\/a>\n<h4 class=\"pt-cv-title\"><a href=\"https:\/\/yourfavoritecanadian.com\/fr\/perfect-2-days-itinerary-nice\/\" class=\"_self\" target=\"_self\" >7 des meilleures activit\u00e9s \u00e0 faire \u00e0 Nice, France<\/a><\/h4><\/div><\/div>\n<div class=\"col-md-4 col-sm-12 col-xs-12 pt-cv-content-item pt-cv-1-col\" ><div class='pt-cv-ifield'><a href=\"https:\/\/yourfavoritecanadian.com\/fr\/perfect-2-days-itinerary-in-marseille\/\" class=\"_self pt-cv-href-thumbnail pt-cv-thumb-default\" target=\"_self\" ><img decoding=\"async\" width=\"300\" height=\"225\" data-src=\"https:\/\/yourfavoritecanadian.com\/wp-content\/uploads\/2024\/02\/IMG_7754-2-300x225.jpeg\" class=\"pt-cv-thumbnail lazyload\" alt=\"\" data-srcset=\"https:\/\/yourfavoritecanadian.com\/wp-content\/uploads\/2024\/02\/IMG_7754-2-300x225.jpeg 300w, https:\/\/yourfavoritecanadian.com\/wp-content\/uploads\/2024\/02\/IMG_7754-2-1024x768.jpeg 1024w, https:\/\/yourfavoritecanadian.com\/wp-content\/uploads\/2024\/02\/IMG_7754-2-768x576.jpeg 768w, https:\/\/yourfavoritecanadian.com\/wp-content\/uploads\/2024\/02\/IMG_7754-2-1536x1152.jpeg 1536w, https:\/\/yourfavoritecanadian.com\/wp-content\/uploads\/2024\/02\/IMG_7754-2-2048x1536.jpeg 2048w, https:\/\/yourfavoritecanadian.com\/wp-content\/uploads\/2024\/02\/IMG_7754-2-16x12.jpeg 16w\" data-sizes=\"(max-width: 300px) 100vw, 300px\" src=\"data:image\/svg+xml;base64,PHN2ZyB3aWR0aD0iMSIgaGVpZ2h0PSIxIiB4bWxucz0iaHR0cDovL3d3dy53My5vcmcvMjAwMC9zdmciPjwvc3ZnPg==\" style=\"--smush-placeholder-width: 300px; --smush-placeholder-aspect-ratio: 300\/225;\" \/><\/a>\n<h4 class=\"pt-cv-title\"><a href=\"https:\/\/yourfavoritecanadian.com\/fr\/perfect-2-days-itinerary-in-marseille\/\" class=\"_self\" target=\"_self\" >6 des meilleures activit\u00e9s \u00e0 faire \u00e0 Marseille, France<\/a><\/h4><\/div><\/div>\n<div class=\"col-md-4 col-sm-12 col-xs-12 pt-cv-content-item pt-cv-1-col\" ><div class='pt-cv-ifield'><a href=\"https:\/\/yourfavoritecanadian.com\/fr\/everything-there-is-to-know-about-france\/\" class=\"_self pt-cv-href-thumbnail pt-cv-thumb-default\" target=\"_self\" ><img decoding=\"async\" width=\"300\" height=\"225\" data-src=\"https:\/\/yourfavoritecanadian.com\/wp-content\/uploads\/2024\/02\/IMG_8394-300x225.jpeg\" class=\"pt-cv-thumbnail lazyload\" alt=\"\" data-srcset=\"https:\/\/yourfavoritecanadian.com\/wp-content\/uploads\/2024\/02\/IMG_8394-300x225.jpeg 300w, https:\/\/yourfavoritecanadian.com\/wp-content\/uploads\/2024\/02\/IMG_8394-1024x768.jpeg 1024w, https:\/\/yourfavoritecanadian.com\/wp-content\/uploads\/2024\/02\/IMG_8394-768x576.jpeg 768w, https:\/\/yourfavoritecanadian.com\/wp-content\/uploads\/2024\/02\/IMG_8394-1536x1152.jpeg 1536w, https:\/\/yourfavoritecanadian.com\/wp-content\/uploads\/2024\/02\/IMG_8394-16x12.jpeg 16w, https:\/\/yourfavoritecanadian.com\/wp-content\/uploads\/2024\/02\/IMG_8394.jpeg 2048w\" data-sizes=\"(max-width: 300px) 100vw, 300px\" src=\"data:image\/svg+xml;base64,PHN2ZyB3aWR0aD0iMSIgaGVpZ2h0PSIxIiB4bWxucz0iaHR0cDovL3d3dy53My5vcmcvMjAwMC9zdmciPjwvc3ZnPg==\" style=\"--smush-placeholder-width: 300px; --smush-placeholder-aspect-ratio: 300\/225;\" \/><\/a>\n<h4 class=\"pt-cv-title\"><a href=\"https:\/\/yourfavoritecanadian.com\/fr\/everything-there-is-to-know-about-france\/\" class=\"_self\" target=\"_self\" >Guide de voyage en France : Conseils ultimes et informations \u00e0 conna\u00eetre<\/a><\/h4><\/div><\/div><\/div><\/div><\/div>\n\n\n\n<div style=\"height:50px\" aria-hidden=\"true\" class=\"wp-block-spacer\"><\/div>\n\n\n\n<p class=\"has-text-align-center has-base-2-background-color has-background\" id=\"1-2\"><strong>Monaco<\/strong><\/p>\n\n\n<div class=\"pt-cv-wrapper\"><div class=\"pt-cv-view pt-cv-grid pt-cv-colsys\" id=\"pt-cv-view-5db48a3gj7\"><div data-id=\"pt-cv-page-1\" class=\"pt-cv-page\" data-cvc=\"3\"><div class=\"col-md-4 col-sm-12 col-xs-12 pt-cv-content-item pt-cv-1-col\" ><div class='pt-cv-ifield'><a href=\"https:\/\/yourfavoritecanadian.com\/fr\/10-fun-facts-about-monaco-you-need-to-know-the-glittering-gem-of-the-riviera\/\" class=\"_self pt-cv-href-thumbnail pt-cv-thumb-default\" target=\"_self\" ><img decoding=\"async\" width=\"300\" height=\"225\" data-src=\"https:\/\/yourfavoritecanadian.com\/wp-content\/uploads\/2025\/03\/IMG_4971-300x225.jpeg\" class=\"pt-cv-thumbnail lazyload\" alt=\"\" data-srcset=\"https:\/\/yourfavoritecanadian.com\/wp-content\/uploads\/2025\/03\/IMG_4971-300x225.jpeg 300w, https:\/\/yourfavoritecanadian.com\/wp-content\/uploads\/2025\/03\/IMG_4971-1024x768.jpeg 1024w, https:\/\/yourfavoritecanadian.com\/wp-content\/uploads\/2025\/03\/IMG_4971-768x576.jpeg 768w, https:\/\/yourfavoritecanadian.com\/wp-content\/uploads\/2025\/03\/IMG_4971-16x12.jpeg 16w, https:\/\/yourfavoritecanadian.com\/wp-content\/uploads\/2025\/03\/IMG_4971.jpeg 1536w\" data-sizes=\"(max-width: 300px) 100vw, 300px\" src=\"data:image\/svg+xml;base64,PHN2ZyB3aWR0aD0iMSIgaGVpZ2h0PSIxIiB4bWxucz0iaHR0cDovL3d3dy53My5vcmcvMjAwMC9zdmciPjwvc3ZnPg==\" style=\"--smush-placeholder-width: 300px; --smush-placeholder-aspect-ratio: 300\/225;\" \/><\/a>\n<h4 class=\"pt-cv-title\"><a href=\"https:\/\/yourfavoritecanadian.com\/fr\/10-fun-facts-about-monaco-you-need-to-know-the-glittering-gem-of-the-riviera\/\" class=\"_self\" target=\"_self\" >10 faits amusants sur Monaco \u00e0 conna\u00eetre : Le joyau scintillant de la Riviera<\/a><\/h4><\/div><\/div>\n<div class=\"col-md-4 col-sm-12 col-xs-12 pt-cv-content-item pt-cv-1-col\" ><div class='pt-cv-ifield'><a href=\"https:\/\/yourfavoritecanadian.com\/fr\/everything-there-is-to-know-about-monaco\/\" class=\"_self pt-cv-href-thumbnail pt-cv-thumb-default\" target=\"_self\" ><img decoding=\"async\" width=\"300\" height=\"225\" data-src=\"https:\/\/yourfavoritecanadian.com\/wp-content\/uploads\/2024\/03\/IMG_8143-300x225.jpeg\" class=\"pt-cv-thumbnail lazyload\" alt=\"\" data-srcset=\"https:\/\/yourfavoritecanadian.com\/wp-content\/uploads\/2024\/03\/IMG_8143-300x225.jpeg 300w, https:\/\/yourfavoritecanadian.com\/wp-content\/uploads\/2024\/03\/IMG_8143-1024x768.jpeg 1024w, https:\/\/yourfavoritecanadian.com\/wp-content\/uploads\/2024\/03\/IMG_8143-768x576.jpeg 768w, https:\/\/yourfavoritecanadian.com\/wp-content\/uploads\/2024\/03\/IMG_8143-16x12.jpeg 16w, https:\/\/yourfavoritecanadian.com\/wp-content\/uploads\/2024\/03\/IMG_8143.jpeg 1535w\" data-sizes=\"(max-width: 300px) 100vw, 300px\" src=\"data:image\/svg+xml;base64,PHN2ZyB3aWR0aD0iMSIgaGVpZ2h0PSIxIiB4bWxucz0iaHR0cDovL3d3dy53My5vcmcvMjAwMC9zdmciPjwvc3ZnPg==\" style=\"--smush-placeholder-width: 300px; --smush-placeholder-aspect-ratio: 300\/225;\" \/><\/a>\n<h4 class=\"pt-cv-title\"><a href=\"https:\/\/yourfavoritecanadian.com\/fr\/everything-there-is-to-know-about-monaco\/\" class=\"_self\" target=\"_self\" >Guide de voyage de Monaco : Conseils ultimes et informations \u00e0 conna\u00eetre<\/a><\/h4><\/div><\/div>\n<div class=\"col-md-4 col-sm-12 col-xs-12 pt-cv-content-item pt-cv-1-col\" ><div class='pt-cv-ifield'><a href=\"https:\/\/yourfavoritecanadian.com\/fr\/7-of-the-best-things-to-do-in-monaco\/\" class=\"_self pt-cv-href-thumbnail pt-cv-thumb-default\" target=\"_self\" ><img decoding=\"async\" width=\"300\" height=\"225\" data-src=\"https:\/\/yourfavoritecanadian.com\/wp-content\/uploads\/2024\/03\/IMG_8614-300x225.jpeg\" class=\"pt-cv-thumbnail lazyload\" alt=\"\" data-srcset=\"https:\/\/yourfavoritecanadian.com\/wp-content\/uploads\/2024\/03\/IMG_8614-300x225.jpeg 300w, https:\/\/yourfavoritecanadian.com\/wp-content\/uploads\/2024\/03\/IMG_8614-1024x768.jpeg 1024w, https:\/\/yourfavoritecanadian.com\/wp-content\/uploads\/2024\/03\/IMG_8614-768x576.jpeg 768w, https:\/\/yourfavoritecanadian.com\/wp-content\/uploads\/2024\/03\/IMG_8614-1536x1152.jpeg 1536w, https:\/\/yourfavoritecanadian.com\/wp-content\/uploads\/2024\/03\/IMG_8614-16x12.jpeg 16w, https:\/\/yourfavoritecanadian.com\/wp-content\/uploads\/2024\/03\/IMG_8614.jpeg 2048w\" data-sizes=\"(max-width: 300px) 100vw, 300px\" src=\"data:image\/svg+xml;base64,PHN2ZyB3aWR0aD0iMSIgaGVpZ2h0PSIxIiB4bWxucz0iaHR0cDovL3d3dy53My5vcmcvMjAwMC9zdmciPjwvc3ZnPg==\" style=\"--smush-placeholder-width: 300px; --smush-placeholder-aspect-ratio: 300\/225;\" \/><\/a>\n<h4 class=\"pt-cv-title\"><a href=\"https:\/\/yourfavoritecanadian.com\/fr\/7-of-the-best-things-to-do-in-monaco\/\" class=\"_self\" target=\"_self\" >7 des meilleures activit\u00e9s \u00e0 faire \u00e0 Monaco<\/a><\/h4><\/div><\/div><\/div><\/div><\/div>\n\n\n\n<div style=\"height:10px\" aria-hidden=\"true\" class=\"wp-block-spacer\"><\/div>\n\n\n\n<hr class=\"wp-block-separator has-alpha-channel-opacity\"\/>\n\n\n\n<div style=\"height:10px\" aria-hidden=\"true\" class=\"wp-block-spacer\"><\/div>\n\n\n\n<p class=\"translation-block\">Le sud de la France et Monaco sont des destinations qui marient parfaitement le charme d\u2019autrefois \u00e0 une \u00e9l\u00e9gance moderne. Nos voyages dans le sud de la France mettent en lumi\u00e8re des villes c\u00f4ti\u00e8res embl\u00e9matiques comme Marseille et Nice, o\u00f9 la culture m\u00e9diterran\u00e9enne, l\u2019histoire et le mode de vie d\u00e9tendu en bord de mer se rencontrent naturellement. Du Vieux-Port historique de Marseille et de ses march\u00e9s locaux anim\u00e9s aux promenades ensoleill\u00e9es et aux eaux turquoise de Nice, chaque exp\u00e9rience refl\u00e8te le caract\u00e8re riche de la r\u00e9gion. Que ce soit en savourant des fruits de mer frais au bord du port ou en marchant dans des rues historiques anim\u00e9es par la vie locale, le charme du sud de la France r\u00e9side dans sa simplicit\u00e9 et sa chaleur. Ici, la vie avance \u00e0 un rythme plus doux, invitant les voyageurs \u00e0 ralentir, \u00e0 savourer chaque instant et \u00e0 profiter pleinement du voyage.<\/p>\n\n\n\n<p>Juste \u00e0 c\u00f4t\u00e9 du sud de la France, la principaut\u00e9 de Monaco offre un contraste saisissant avec son \u00e9l\u00e9gance raffin\u00e9e et sa beaut\u00e9 c\u00f4ti\u00e8re. Notre contenu sur Monaco va bien au-del\u00e0 du glamour, en d\u00e9voilant une destination riche en histoire et en atmosph\u00e8re. Promenez-vous dans les ruelles de Monaco-Ville, admirez le palais princier ou profitez de vues spectaculaires sur la mer depuis le Jardin Exotique. Monaco propose un \u00e9quilibre rare entre luxe et tranquillit\u00e9, o\u00f9 les promenades panoramiques, les paysages en bord de mer et l\u2019architecture intemporelle cr\u00e9ent une exp\u00e9rience m\u00e9morable. Les boulevards baign\u00e9s de soleil, les boutiques \u00e9l\u00e9gantes et les ports paisibles rendent chaque visite unique.<\/p>\n\n\n\n<p class=\"translation-block\">Ensemble, le sud de la France et Monaco offrent un m\u00e9lange parfait d\u2019authenticit\u00e9 et de sophistication. Les voyageurs \u00e0 la recherche d\u2019un charme c\u00f4tier d\u00e9contract\u00e9 le trouveront \u00e0 Marseille et \u00e0 Nice, tandis que ceux attir\u00e9s par un luxe raffin\u00e9 appr\u00e9cieront l\u2019attrait mondial de Monaco. Le printemps et le d\u00e9but de l\u2019automne sont des p\u00e9riodes id\u00e9ales pour visiter Monaco, lorsque le climat m\u00e9diterran\u00e9en est agr\u00e9able et l\u2019ambiance anim\u00e9e. Explorez nos sections d\u00e9di\u00e9es au sud de la France et \u00e0 Monaco pour d\u00e9couvrir des conseils de voyage, des incontournables et des histoires inspirantes. Laissez Your Favorite Canadian vous guider \u00e0 travers des c\u00f4tes magnifiques, des rues historiques et la beaut\u00e9 intemporelle de cette r\u00e9gion exceptionnelle de l\u2019Europe.<\/p>\n<p><a href=\"\/\/www.pinterest.com\/pin\/create\/button\/\" data-pin-do=\"buttonBookmark\" data-pin-color=\"red\" data-pin-height=\"128\"><img decoding=\"async\" data-src=\"\/\/assets.pinterest.com\/images\/pidgets\/pinit_fg_en_rect_red_28.png\" src=\"data:image\/svg+xml;base64,PHN2ZyB3aWR0aD0iMSIgaGVpZ2h0PSIxIiB4bWxucz0iaHR0cDovL3d3dy53My5vcmcvMjAwMC9zdmciPjwvc3ZnPg==\" class=\"lazyload\" \/><\/a><\/p>","protected":false},"excerpt":{"rendered":"<p>France&#8217;s Must-Reads Monaco&#8217;s Must-Reads Southern France and Monaco are destinations that beautifully blend old-world charm with modern elegance. Our travels in the south of France focus on iconic coastal cities &#8230; <a title=\"France &#8211; Monaco\" class=\"read-more\" href=\"https:\/\/yourfavoritecanadian.com\/fr\/france-monaco\/\" aria-label=\"Read more about France &#8211; Monaco\">Read more<\/a><\/p>","protected":false},"author":1,"featured_media":0,"parent":0,"menu_order":0,"comment_status":"closed","ping_status":"closed","template":"","meta":{"om_disable_all_campaigns":false,"_monsterinsights_skip_tracking":false,"_monsterinsights_sitenote_active":false,"_monsterinsights_sitenote_note":"","_monsterinsights_sitenote_category":0,"jetpack_post_was_ever_published":false,"footnotes":""},"class_list":["post-7042","page","type-page","status-publish"],"aioseo_notices":[],"jetpack-related-posts":[{"id":6888,"url":"https:\/\/yourfavoritecanadian.com\/fr\/bali\/","url_meta":{"origin":7042,"position":0},"title":"Bali","author":"yourfavoritecanadian","date":"mars 18, 2025","format":false,"excerpt":"Bali's Must-Reads Gili Trawangan Ubud Canggu Semyniak Uluwatu Nusa Dua Kuta Nusa Penida Bali's Must-Reads Gili Trawangan Ubud - Canggu - Seminyak Uluwatu - Nusa Dua - Kuta Nusa Penida Bali is more than a tropical island \u2014 it\u2019s a place where nature, culture, and spirituality blend effortlessly. From serene\u2026","rel":"","context":"Similar post","block_context":{"text":"Similar post","link":""},"img":{"alt_text":"","src":"","width":0,"height":0},"classes":[]},{"id":7614,"url":"https:\/\/yourfavoritecanadian.com\/fr\/nicaragua\/","url_meta":{"origin":7042,"position":1},"title":"Nicaragua","author":"yourfavoritecanadian","date":"juin 30, 2025","format":false,"excerpt":"Nicaragua's Must-Reads San Juan del Sur Le\u00f3n El Tr\u00e1nsito Granada Nicaragua's Must-Reads San Juan del Sur Le\u00f3n El Tr\u00e1nsito Granada Nicaragua is a place that stirs the soul \u2014 where volcanoes meet tranquil beaches and colonial cities hum with color and life. It\u2019s a destination made for explorers who crave\u2026","rel":"","context":"Similar post","block_context":{"text":"Similar post","link":""},"img":{"alt_text":"","src":"","width":0,"height":0},"classes":[]},{"id":6865,"url":"https:\/\/yourfavoritecanadian.com\/fr\/qatar\/","url_meta":{"origin":7042,"position":2},"title":"Qatar","author":"yourfavoritecanadian","date":"mars 18, 2025","format":false,"excerpt":"Doha's Must-Reads Doha's Activities Doha's Must-Reads Doha's Activities Doha, the capital of Qatar, is a city where tradition and modernity coexist seamlessly. With its gleaming skyscrapers, bustling souks, and serene waterfronts, the city offers experiences that cater to a wide range of travelers. From exploring historic neighborhoods to admiring cutting-edge\u2026","rel":"","context":"Similar post","block_context":{"text":"Similar post","link":""},"img":{"alt_text":"","src":"","width":0,"height":0},"classes":[]},{"id":6765,"url":"https:\/\/yourfavoritecanadian.com\/fr\/egypt\/","url_meta":{"origin":7042,"position":3},"title":"\u00c9gypte","author":"yourfavoritecanadian","date":"mars 18, 2025","format":false,"excerpt":"Egypt's Must-Reads Cairo The Pyramids Egypt's Must-Reads Cairo - The Pyramids Egypt is a land that captures the imagination like few places on Earth. From the bustling streets of Cairo to the vast deserts and the winding Nile, every corner of this ancient country has a story to tell. Here,\u2026","rel":"","context":"Similar post","block_context":{"text":"Similar post","link":""},"img":{"alt_text":"","src":"","width":0,"height":0},"classes":[]},{"id":6876,"url":"https:\/\/yourfavoritecanadian.com\/fr\/united-arab-emirates\/","url_meta":{"origin":7042,"position":4},"title":"\u00c9mirates Arabe Unis","author":"yourfavoritecanadian","date":"mars 18, 2025","format":false,"excerpt":"Dubai's Must-Reads Dubai's Activities Dubai's Must-Reads Dubai's Activities The United Arab Emirates is a land of striking contrasts, where ultramodern cities rise alongside vast deserts and centuries-old traditions thrive. From the dazzling skyline of Dubai to the cultural richness of Abu Dhabi, the country offers experiences that are both thrilling\u2026","rel":"","context":"Similar post","block_context":{"text":"Similar post","link":""},"img":{"alt_text":"","src":"","width":0,"height":0},"classes":[]},{"id":6788,"url":"https:\/\/yourfavoritecanadian.com\/fr\/united-states\/","url_meta":{"origin":7042,"position":5},"title":"\u00c9tats-Unis","author":"yourfavoritecanadian","date":"mars 18, 2025","format":false,"excerpt":"USA's Must-Reads California Oregon USA's Must-Reads California Oregon The United States is a country of immense diversity, offering travelers a rich mix of bustling cities, scenic landscapes, and cultural experiences. From the towering skyscrapers of New York City to the serene beauty of the Rocky Mountains, every destination tells a\u2026","rel":"","context":"Similar post","block_context":{"text":"Similar post","link":""},"img":{"alt_text":"","src":"","width":0,"height":0},"classes":[]}],"jetpack_sharing_enabled":true,"_links":{"self":[{"href":"https:\/\/yourfavoritecanadian.com\/fr\/wp-json\/wp\/v2\/pages\/7042","targetHints":{"allow":["GET"]}}],"collection":[{"href":"https:\/\/yourfavoritecanadian.com\/fr\/wp-json\/wp\/v2\/pages"}],"about":[{"href":"https:\/\/yourfavoritecanadian.com\/fr\/wp-json\/wp\/v2\/types\/page"}],"author":[{"embeddable":true,"href":"https:\/\/yourfavoritecanadian.com\/fr\/wp-json\/wp\/v2\/users\/1"}],"replies":[{"embeddable":true,"href":"https:\/\/yourfavoritecanadian.com\/fr\/wp-json\/wp\/v2\/comments?post=7042"}],"version-history":[{"count":4,"href":"https:\/\/yourfavoritecanadian.com\/fr\/wp-json\/wp\/v2\/pages\/7042\/revisions"}],"predecessor-version":[{"id":8691,"href":"https:\/\/yourfavoritecanadian.com\/fr\/wp-json\/wp\/v2\/pages\/7042\/revisions\/8691"}],"wp:attachment":[{"href":"https:\/\/yourfavoritecanadian.com\/fr\/wp-json\/wp\/v2\/media?parent=7042"}],"curies":[{"name":"wp","href":"https:\/\/api.w.org\/{rel}","templated":true}]}}