{"id":7061,"date":"2025-03-19T20:53:19","date_gmt":"2025-03-20T00:53:19","guid":{"rendered":"https:\/\/yourfavoritecanadian.com\/?page_id=7061"},"modified":"2026-03-29T16:41:50","modified_gmt":"2026-03-29T20:41:50","slug":"belgium","status":"publish","type":"page","link":"https:\/\/yourfavoritecanadian.com\/fr\/belgium\/","title":{"rendered":"Belgique"},"content":{"rendered":"<div class=\"wp-block-buttons is-content-justification-center is-layout-flex wp-container-core-buttons-is-layout-16018d1d wp-block-buttons-is-layout-flex\">\n<div class=\"wp-block-button\"><a class=\"wp-block-button__link wp-element-button\" href=\"#1-1\"><strong>Lectures incontournables<\/strong><\/a><\/div>\n\n\n\n<div class=\"wp-block-button\"><a class=\"wp-block-button__link wp-element-button\" href=\"#1-2\"><strong>Bruxelles<\/strong><\/a><\/div>\n\n\n\n<div class=\"wp-block-button\"><a class=\"wp-block-button__link wp-element-button\" href=\"#1-2\"><strong>Bruges<\/strong><\/a><\/div>\n<\/div>\n\n\n\n<hr class=\"wp-block-separator has-alpha-channel-opacity\"\/>\n\n\n\n<p class=\"has-text-align-center has-contrast-3-background-color has-background\" id=\"1-1\"><strong>Lectures incontournables<\/strong><\/p>\n\n\n<div class=\"pt-cv-wrapper\"><div class=\"pt-cv-view pt-cv-grid pt-cv-colsys\" id=\"pt-cv-view-95e79301xt\"><div data-id=\"pt-cv-page-1\" class=\"pt-cv-page\" data-cvc=\"2\"><div class=\"col-md-6 col-sm-12 col-xs-12 pt-cv-content-item pt-cv-1-col\" ><div class='pt-cv-ifield'><a href=\"https:\/\/yourfavoritecanadian.com\/fr\/top-10-fun-facts-about-belgium-that-will-surprise-you\/\" class=\"_self pt-cv-href-thumbnail pt-cv-thumb-default\" target=\"_self\" ><img decoding=\"async\" width=\"300\" height=\"225\" data-src=\"https:\/\/yourfavoritecanadian.com\/wp-content\/uploads\/2024\/10\/IMG_8657-300x225.jpeg\" class=\"pt-cv-thumbnail lazyload\" alt=\"\" data-srcset=\"https:\/\/yourfavoritecanadian.com\/wp-content\/uploads\/2024\/10\/IMG_8657-300x225.jpeg 300w, https:\/\/yourfavoritecanadian.com\/wp-content\/uploads\/2024\/10\/IMG_8657-1024x768.jpeg 1024w, https:\/\/yourfavoritecanadian.com\/wp-content\/uploads\/2024\/10\/IMG_8657-768x576.jpeg 768w, https:\/\/yourfavoritecanadian.com\/wp-content\/uploads\/2024\/10\/IMG_8657-16x12.jpeg 16w, https:\/\/yourfavoritecanadian.com\/wp-content\/uploads\/2024\/10\/IMG_8657.jpeg 1535w\" data-sizes=\"(max-width: 300px) 100vw, 300px\" src=\"data:image\/svg+xml;base64,PHN2ZyB3aWR0aD0iMSIgaGVpZ2h0PSIxIiB4bWxucz0iaHR0cDovL3d3dy53My5vcmcvMjAwMC9zdmciPjwvc3ZnPg==\" style=\"--smush-placeholder-width: 300px; --smush-placeholder-aspect-ratio: 300\/225;\" \/><\/a>\n<h4 class=\"pt-cv-title\"><a href=\"https:\/\/yourfavoritecanadian.com\/fr\/top-10-fun-facts-about-belgium-that-will-surprise-you\/\" class=\"_self\" target=\"_self\" >10 faits int\u00e9ressants sur la Belgique qui vous \u00e9tonneront<\/a><\/h4><\/div><\/div>\n<div class=\"col-md-6 col-sm-12 col-xs-12 pt-cv-content-item pt-cv-1-col\" ><div class='pt-cv-ifield'><a href=\"https:\/\/yourfavoritecanadian.com\/fr\/where-to-go-in-belgium\/\" class=\"_self pt-cv-href-thumbnail pt-cv-thumb-default\" target=\"_self\" ><img decoding=\"async\" width=\"300\" height=\"225\" data-src=\"https:\/\/yourfavoritecanadian.com\/wp-content\/uploads\/2024\/02\/IMG_7819-300x225.jpeg\" class=\"pt-cv-thumbnail lazyload\" alt=\"\" data-srcset=\"https:\/\/yourfavoritecanadian.com\/wp-content\/uploads\/2024\/02\/IMG_7819-300x225.jpeg 300w, https:\/\/yourfavoritecanadian.com\/wp-content\/uploads\/2024\/02\/IMG_7819-1024x768.jpeg 1024w, https:\/\/yourfavoritecanadian.com\/wp-content\/uploads\/2024\/02\/IMG_7819-768x576.jpeg 768w, https:\/\/yourfavoritecanadian.com\/wp-content\/uploads\/2024\/02\/IMG_7819-16x12.jpeg 16w, https:\/\/yourfavoritecanadian.com\/wp-content\/uploads\/2024\/02\/IMG_7819.jpeg 1535w\" data-sizes=\"(max-width: 300px) 100vw, 300px\" src=\"data:image\/svg+xml;base64,PHN2ZyB3aWR0aD0iMSIgaGVpZ2h0PSIxIiB4bWxucz0iaHR0cDovL3d3dy53My5vcmcvMjAwMC9zdmciPjwvc3ZnPg==\" style=\"--smush-placeholder-width: 300px; --smush-placeholder-aspect-ratio: 300\/225;\" \/><\/a>\n<h4 class=\"pt-cv-title\"><a href=\"https:\/\/yourfavoritecanadian.com\/fr\/where-to-go-in-belgium\/\" class=\"_self\" target=\"_self\" >Destinations incontournables en Belgique : Endroits ultimes o\u00f9 loger et explorer<\/a><\/h4><\/div><\/div><\/div><\/div><\/div>\n\n\n\n<div style=\"height:50px\" aria-hidden=\"true\" class=\"wp-block-spacer\"><\/div>\n\n\n\n<p class=\"has-text-align-center has-contrast-3-background-color has-background\" id=\"1-2\"><strong>Bruxelles - Bruges<\/strong><\/p>\n\n\n<div class=\"pt-cv-wrapper\"><div class=\"pt-cv-view pt-cv-grid pt-cv-colsys\" id=\"pt-cv-view-d7dbbe8dw6\"><div data-id=\"pt-cv-page-1\" class=\"pt-cv-page\" data-cvc=\"2\"><div class=\"col-md-6 col-sm-12 col-xs-12 pt-cv-content-item pt-cv-1-col\" ><div class='pt-cv-ifield'><a href=\"https:\/\/yourfavoritecanadian.com\/fr\/5-of-the-best-things-to-do-in-brussels\/\" class=\"_self pt-cv-href-thumbnail pt-cv-thumb-default\" target=\"_self\" ><img decoding=\"async\" width=\"300\" height=\"225\" data-src=\"https:\/\/yourfavoritecanadian.com\/wp-content\/uploads\/2024\/02\/IMG_7284-300x225.jpeg\" class=\"pt-cv-thumbnail lazyload\" alt=\"\" data-srcset=\"https:\/\/yourfavoritecanadian.com\/wp-content\/uploads\/2024\/02\/IMG_7284-300x225.jpeg 300w, https:\/\/yourfavoritecanadian.com\/wp-content\/uploads\/2024\/02\/IMG_7284-1024x768.jpeg 1024w, https:\/\/yourfavoritecanadian.com\/wp-content\/uploads\/2024\/02\/IMG_7284-768x576.jpeg 768w, https:\/\/yourfavoritecanadian.com\/wp-content\/uploads\/2024\/02\/IMG_7284-1536x1152.jpeg 1536w, https:\/\/yourfavoritecanadian.com\/wp-content\/uploads\/2024\/02\/IMG_7284-16x12.jpeg 16w, https:\/\/yourfavoritecanadian.com\/wp-content\/uploads\/2024\/02\/IMG_7284.jpeg 2048w\" data-sizes=\"(max-width: 300px) 100vw, 300px\" src=\"data:image\/svg+xml;base64,PHN2ZyB3aWR0aD0iMSIgaGVpZ2h0PSIxIiB4bWxucz0iaHR0cDovL3d3dy53My5vcmcvMjAwMC9zdmciPjwvc3ZnPg==\" style=\"--smush-placeholder-width: 300px; --smush-placeholder-aspect-ratio: 300\/225;\" \/><\/a>\n<h4 class=\"pt-cv-title\"><a href=\"https:\/\/yourfavoritecanadian.com\/fr\/5-of-the-best-things-to-do-in-brussels\/\" class=\"_self\" target=\"_self\" >6 des meilleures activit\u00e9s \u00e0 faire \u00e0 Bruxelles, Belgique<\/a><\/h4><\/div><\/div>\n<div class=\"col-md-6 col-sm-12 col-xs-12 pt-cv-content-item pt-cv-1-col\" ><div class='pt-cv-ifield'><a href=\"https:\/\/yourfavoritecanadian.com\/fr\/5-of-the-best-things-to-do-in-bruges\/\" class=\"_self pt-cv-href-thumbnail pt-cv-thumb-default\" target=\"_self\" ><img decoding=\"async\" width=\"300\" height=\"225\" data-src=\"https:\/\/yourfavoritecanadian.com\/wp-content\/uploads\/2024\/02\/IMG_7292-300x225.jpeg\" class=\"pt-cv-thumbnail lazyload\" alt=\"\" data-srcset=\"https:\/\/yourfavoritecanadian.com\/wp-content\/uploads\/2024\/02\/IMG_7292-300x225.jpeg 300w, https:\/\/yourfavoritecanadian.com\/wp-content\/uploads\/2024\/02\/IMG_7292-1024x768.jpeg 1024w, https:\/\/yourfavoritecanadian.com\/wp-content\/uploads\/2024\/02\/IMG_7292-768x576.jpeg 768w, https:\/\/yourfavoritecanadian.com\/wp-content\/uploads\/2024\/02\/IMG_7292-1536x1152.jpeg 1536w, https:\/\/yourfavoritecanadian.com\/wp-content\/uploads\/2024\/02\/IMG_7292-16x12.jpeg 16w, https:\/\/yourfavoritecanadian.com\/wp-content\/uploads\/2024\/02\/IMG_7292.jpeg 2048w\" data-sizes=\"(max-width: 300px) 100vw, 300px\" src=\"data:image\/svg+xml;base64,PHN2ZyB3aWR0aD0iMSIgaGVpZ2h0PSIxIiB4bWxucz0iaHR0cDovL3d3dy53My5vcmcvMjAwMC9zdmciPjwvc3ZnPg==\" style=\"--smush-placeholder-width: 300px; --smush-placeholder-aspect-ratio: 300\/225;\" \/><\/a>\n<h4 class=\"pt-cv-title\"><a href=\"https:\/\/yourfavoritecanadian.com\/fr\/5-of-the-best-things-to-do-in-bruges\/\" class=\"_self\" target=\"_self\" >5 des meilleures activit\u00e9s \u00e0 faire \u00e0 Bruges, Belgique<\/a><\/h4><\/div><\/div><\/div><\/div><\/div>\n\n\n\n<div style=\"height:10px\" aria-hidden=\"true\" class=\"wp-block-spacer\"><\/div>\n\n\n\n<hr class=\"wp-block-separator has-alpha-channel-opacity\"\/>\n\n\n\n<div style=\"height:10px\" aria-hidden=\"true\" class=\"wp-block-spacer\"><\/div>\n\n\n\n<p class=\"translation-block\">La Belgique est peut-\u00eatre petite par sa taille, mais elle regorge d\u2019une incroyable diversit\u00e9, de charme et d\u2019histoire. Notre guide de voyage sur la Belgique vous fait d\u00e9couvrir un pays o\u00f9 la beaut\u00e9 m\u00e9di\u00e9vale rencontre la cr\u00e9ativit\u00e9 moderne. Des villes dignes d\u2019un conte de f\u00e9es aux centres urbains anim\u00e9s, chaque destination en Belgique propose une exp\u00e9rience unique m\u00ealant art, culture et plaisirs gourmands. Que vous planifiez votre premi\u00e8re visite ou que vous souhaitiez explorer davantage, ce guide vous aidera \u00e0 d\u00e9couvrir les meilleures choses \u00e0 faire en Belgique ainsi que les incontournables du pays.<\/p>\n\n\n\n<p class=\"translation-block\">Au-del\u00e0 de ses c\u00e9l\u00e8bres gaufres et chocolats, la Belgique cache une multitude de tr\u00e9sors m\u00e9connus. Parmi ces joyaux cach\u00e9s, on retrouve des canaux paisibles, des march\u00e9s locaux charmants et des coins de campagne tranquilles o\u00f9 le temps semble ralentir. Choisir le meilleur moment pour visiter la Belgique peut rendre votre voyage encore plus agr\u00e9able. Le printemps et l\u2019automne offrent une m\u00e9t\u00e9o douce et moins de foules, parfaits pour profiter des terrasses, des places historiques et des festivals culturels qui mettent en valeur l\u2019esprit chaleureux du pays.<\/p>\n\n\n\n<p class=\"translation-block\">Au c\u0153ur de tout cela se trouve Bruxelles, une capitale qui combine avec \u00e9l\u00e9gance une ambiance cosmopolite et un charme d\u2019antan. Notre guide de voyage sur Bruxelles vous d\u00e9voile ses incontournables, de la magnifique Grand-Place \u00e0 l\u2019impressionnant Atomium, sans oublier les adresses locales nich\u00e9es dans ses quartiers anim\u00e9s. Si vous vous demandez quoi faire \u00e0 Bruxelles, pensez \u00e0 visiter des galeries d\u2019art, d\u00e9guster du chocolat de renomm\u00e9e mondiale ou explorer la sc\u00e8ne gastronomique dynamique de la ville. Chaque coin de Bruxelles refl\u00e8te l\u2019\u00e9nergie et la cr\u00e9ativit\u00e9 qui d\u00e9finissent la Belgique moderne.<\/p>\n\n\n\n<p class=\"translation-block\">Aucun voyage ne serait complet sans une visite \u00e0 Bruges, une ville qui semble tout droit sortie d\u2019un conte de f\u00e9es. Notre guide de voyage sur Bruges vous emm\u00e8ne \u00e0 travers ses ruelles pav\u00e9es, ses canaux paisibles et son architecture m\u00e9di\u00e9vale remarquablement pr\u00e9serv\u00e9e. Participez \u00e0 une visite \u00e0 pied de Bruges pour d\u00e9couvrir la ville du point de vue des locaux, et planifiez votre s\u00e9jour selon le meilleur moment pour visiter Bruges afin de vivre une exp\u00e9rience inoubliable. Explorez nos sections vedettes : les incontournables de la Belgique, Bruxelles et Bruges, et laissez Your Favorite Canadian vous guider \u00e0 la d\u00e9couverte du charme intemporel de la Belgique.<\/p>\n<p><a href=\"\/\/www.pinterest.com\/pin\/create\/button\/\" data-pin-do=\"buttonBookmark\" data-pin-color=\"red\" data-pin-height=\"128\"><img decoding=\"async\" data-src=\"\/\/assets.pinterest.com\/images\/pidgets\/pinit_fg_en_rect_red_28.png\" src=\"data:image\/svg+xml;base64,PHN2ZyB3aWR0aD0iMSIgaGVpZ2h0PSIxIiB4bWxucz0iaHR0cDovL3d3dy53My5vcmcvMjAwMC9zdmciPjwvc3ZnPg==\" class=\"lazyload\" \/><\/a><\/p>","protected":false},"excerpt":{"rendered":"<p>Belgium&#8217;s Must-Reads Brussels &#8211; Bruges Belgium may be small in size, but it\u2019s filled with incredible diversity, charm, and history. Our Belgium Travel Guide introduces you to a country where &#8230; <a title=\"Belgique\" class=\"read-more\" href=\"https:\/\/yourfavoritecanadian.com\/fr\/belgium\/\" aria-label=\"Read more about Belgium\">Read more<\/a><\/p>","protected":false},"author":1,"featured_media":0,"parent":0,"menu_order":0,"comment_status":"closed","ping_status":"closed","template":"","meta":{"om_disable_all_campaigns":false,"_monsterinsights_skip_tracking":false,"_monsterinsights_sitenote_active":false,"_monsterinsights_sitenote_note":"","_monsterinsights_sitenote_category":0,"jetpack_post_was_ever_published":false,"footnotes":""},"class_list":["post-7061","page","type-page","status-publish"],"aioseo_notices":[],"jetpack-related-posts":[{"id":6888,"url":"https:\/\/yourfavoritecanadian.com\/fr\/bali\/","url_meta":{"origin":7061,"position":0},"title":"Bali","author":"yourfavoritecanadian","date":"mars 18, 2025","format":false,"excerpt":"Bali's Must-Reads Gili Trawangan Ubud Canggu Semyniak Nusa Dua Uluwatu Kuta Nusa Penida Bali's Must-Reads Gili Trawangan Ubud - Canggu - Seminyak Nusa Dua - Uluwatu - Kuta Nusa Penida Bali is more than a tropical island \u2014 it\u2019s a place where nature, culture, and spirituality blend effortlessly. From serene\u2026","rel":"","context":"Similar post","block_context":{"text":"Similar post","link":""},"img":{"alt_text":"","src":"","width":0,"height":0},"classes":[]},{"id":7614,"url":"https:\/\/yourfavoritecanadian.com\/fr\/nicaragua\/","url_meta":{"origin":7061,"position":1},"title":"Nicaragua","author":"yourfavoritecanadian","date":"juin 30, 2025","format":false,"excerpt":"Nicaragua's Must-Reads San Juan del Sur Le\u00f3n El Tr\u00e1nsito Granada Nicaragua's Must-Reads San Juan del Sur Le\u00f3n El Tr\u00e1nsito Granada Nicaragua is a place that stirs the soul \u2014 where volcanoes meet tranquil beaches and colonial cities hum with color and life. It\u2019s a destination made for explorers who crave\u2026","rel":"","context":"Similar post","block_context":{"text":"Similar post","link":""},"img":{"alt_text":"","src":"","width":0,"height":0},"classes":[]},{"id":6967,"url":"https:\/\/yourfavoritecanadian.com\/fr\/portugal\/","url_meta":{"origin":7061,"position":2},"title":"Portugal","author":"yourfavoritecanadian","date":"mars 18, 2025","format":false,"excerpt":"Portugal's Must-Reads Lisbon Algarve Porto Ericeira Aveiro \u00c9vora Portugal's Must-Reads Lisbon Algarve Porto Ericeira Aveiro - \u00c9vora Portugal is a land where timeless charm meets modern vibrance. The Portugal Travel Guide invites you to discover a country that captivates with its sun-soaked beaches, cobbled streets, and warm hospitality. Whether you\u2019re\u2026","rel":"","context":"Similar post","block_context":{"text":"Similar post","link":""},"img":{"alt_text":"","src":"","width":0,"height":0},"classes":[]},{"id":6903,"url":"https:\/\/yourfavoritecanadian.com\/fr\/philippines\/","url_meta":{"origin":7061,"position":3},"title":"Philippines","author":"yourfavoritecanadian","date":"mars 18, 2025","format":false,"excerpt":"Philippines Must-Reads Palawan Island Panglao Siquijor Moalboal Cebu Philippines Must-Reads Palawan Island Panglao - Siquijor Moalboal - Cebu The Philippines is a breathtaking mosaic of islands, each offering its own rhythm of life and charm. With turquoise waters, lush jungles, and warm hospitality, this tropical paradise is perfect for travelers\u2026","rel":"","context":"Similar post","block_context":{"text":"Similar post","link":""},"img":{"alt_text":"","src":"","width":0,"height":0},"classes":[]},{"id":7042,"url":"https:\/\/yourfavoritecanadian.com\/fr\/france-monaco\/","url_meta":{"origin":7061,"position":4},"title":"France &#8211; Monaco","author":"yourfavoritecanadian","date":"mars 19, 2025","format":false,"excerpt":"France's Must-Reads Monaco's Must-Reads France's Must-Reads Monaco's Must-Reads Southern France and Monaco are destinations that beautifully blend old-world charm with modern elegance. Our travels in the south of France focus on iconic coastal cities like Marseille and Nice, where Mediterranean culture, history, and relaxed seaside living come together effortlessly. From\u2026","rel":"","context":"Similar post","block_context":{"text":"Similar post","link":""},"img":{"alt_text":"","src":"","width":0,"height":0},"classes":[]},{"id":6835,"url":"https:\/\/yourfavoritecanadian.com\/fr\/colombia\/","url_meta":{"origin":7061,"position":5},"title":"Colombie","author":"yourfavoritecanadian","date":"mars 18, 2025","format":false,"excerpt":"Colombia's Must-Reads Cartagena Medellin Salento Bogota Colombia's Must-Reads Cartagena Medellin Salento Bogota Colombia is a country of contrasts and color, where mountains, beaches, and dynamic cities come together to create unforgettable experiences. From the historic charm of Cartagena to the coffee-scented hills of Salento, each destination reveals its own rhythm\u2026","rel":"","context":"Similar post","block_context":{"text":"Similar post","link":""},"img":{"alt_text":"","src":"","width":0,"height":0},"classes":[]}],"jetpack_sharing_enabled":true,"_links":{"self":[{"href":"https:\/\/yourfavoritecanadian.com\/fr\/wp-json\/wp\/v2\/pages\/7061","targetHints":{"allow":["GET"]}}],"collection":[{"href":"https:\/\/yourfavoritecanadian.com\/fr\/wp-json\/wp\/v2\/pages"}],"about":[{"href":"https:\/\/yourfavoritecanadian.com\/fr\/wp-json\/wp\/v2\/types\/page"}],"author":[{"embeddable":true,"href":"https:\/\/yourfavoritecanadian.com\/fr\/wp-json\/wp\/v2\/users\/1"}],"replies":[{"embeddable":true,"href":"https:\/\/yourfavoritecanadian.com\/fr\/wp-json\/wp\/v2\/comments?post=7061"}],"version-history":[{"count":4,"href":"https:\/\/yourfavoritecanadian.com\/fr\/wp-json\/wp\/v2\/pages\/7061\/revisions"}],"predecessor-version":[{"id":8689,"href":"https:\/\/yourfavoritecanadian.com\/fr\/wp-json\/wp\/v2\/pages\/7061\/revisions\/8689"}],"wp:attachment":[{"href":"https:\/\/yourfavoritecanadian.com\/fr\/wp-json\/wp\/v2\/media?parent=7061"}],"curies":[{"name":"wp","href":"https:\/\/api.w.org\/{rel}","templated":true}]}}