{"id":7614,"date":"2025-06-30T22:12:01","date_gmt":"2025-07-01T02:12:01","guid":{"rendered":"https:\/\/yourfavoritecanadian.com\/?page_id=7614"},"modified":"2026-04-07T15:57:40","modified_gmt":"2026-04-07T19:57:40","slug":"nicaragua","status":"publish","type":"page","link":"https:\/\/yourfavoritecanadian.com\/fr\/nicaragua\/","title":{"rendered":"Nicaragua"},"content":{"rendered":"<div class=\"wp-block-buttons is-content-justification-center is-layout-flex wp-container-core-buttons-is-layout-16018d1d wp-block-buttons-is-layout-flex\">\n<div class=\"wp-block-button\"><a class=\"wp-block-button__link wp-element-button\" href=\"#nicaragua-must\"><strong>Lectures incontournables<\/strong><\/a><\/div>\n\n\n\n<div class=\"wp-block-button\" id=\"1-3\"><a class=\"wp-block-button__link wp-element-button\" href=\"#1-3\"><strong>San Juan del Sur<\/strong><\/a><\/div>\n\n\n\n<div class=\"wp-block-button\"><a class=\"wp-block-button__link wp-element-button\" href=\"#1-1\"><strong>Le\u00f3n<\/strong><\/a><\/div>\n\n\n\n<div class=\"wp-block-button\"><a class=\"wp-block-button__link wp-element-button\" href=\"#1-2\"><strong>El Tr\u00e1nsito<\/strong><\/a><\/div>\n\n\n\n<div class=\"wp-block-button\"><a class=\"wp-block-button__link wp-element-button\" href=\"#1-4\"><strong>Granada<\/strong><\/a><\/div>\n<\/div>\n\n\n\n<hr class=\"wp-block-separator has-alpha-channel-opacity\"\/>\n\n\n\n<p class=\"has-text-align-center has-base-2-background-color has-background\" id=\"nicaragua-must\"><strong><a href=\"https:\/\/yourfavoritecanadian.com\/fr\/category\/nicaraguas-must-reads\/\" title=\"Nicaragua's Must-Reads\">Lectures incontournables<\/a><\/strong><\/p>\n\n\n<div class=\"pt-cv-wrapper\"><div class=\"pt-cv-view pt-cv-grid pt-cv-colsys\" id=\"pt-cv-view-a9cdbf1sp4\"><div data-id=\"pt-cv-page-1\" class=\"pt-cv-page\" data-cvc=\"3\"><div class=\"col-md-4 col-sm-12 col-xs-12 pt-cv-content-item pt-cv-1-col\" ><div class='pt-cv-ifield'><a href=\"https:\/\/yourfavoritecanadian.com\/fr\/nicaragua-fun-facts-25-surprising-things-you-didnt-know\/\" class=\"_self pt-cv-href-thumbnail pt-cv-thumb-default\" target=\"_self\" ><img decoding=\"async\" width=\"300\" height=\"225\" data-src=\"https:\/\/yourfavoritecanadian.com\/wp-content\/uploads\/2025\/07\/IMG_9556-300x225.jpeg\" class=\"pt-cv-thumbnail lazyload\" alt=\"\" data-srcset=\"https:\/\/yourfavoritecanadian.com\/wp-content\/uploads\/2025\/07\/IMG_9556-300x225.jpeg 300w, https:\/\/yourfavoritecanadian.com\/wp-content\/uploads\/2025\/07\/IMG_9556-1024x768.jpeg 1024w, https:\/\/yourfavoritecanadian.com\/wp-content\/uploads\/2025\/07\/IMG_9556-768x576.jpeg 768w, https:\/\/yourfavoritecanadian.com\/wp-content\/uploads\/2025\/07\/IMG_9556-16x12.jpeg 16w, https:\/\/yourfavoritecanadian.com\/wp-content\/uploads\/2025\/07\/IMG_9556.jpeg 1536w\" data-sizes=\"(max-width: 300px) 100vw, 300px\" src=\"data:image\/svg+xml;base64,PHN2ZyB3aWR0aD0iMSIgaGVpZ2h0PSIxIiB4bWxucz0iaHR0cDovL3d3dy53My5vcmcvMjAwMC9zdmciPjwvc3ZnPg==\" style=\"--smush-placeholder-width: 300px; --smush-placeholder-aspect-ratio: 300\/225;\" \/><\/a>\n<h4 class=\"pt-cv-title\"><a href=\"https:\/\/yourfavoritecanadian.com\/fr\/nicaragua-fun-facts-25-surprising-things-you-didnt-know\/\" class=\"_self\" target=\"_self\" >Faits amusants sur le Nicaragua : 25 choses surprenantes \u00e0 savoir sur le pays des lacs et des volcans<\/a><\/h4><\/div><\/div>\n<div class=\"col-md-4 col-sm-12 col-xs-12 pt-cv-content-item pt-cv-1-col\" ><div class='pt-cv-ifield'><a href=\"https:\/\/yourfavoritecanadian.com\/fr\/top-destinations-in-nicaragua-ultimate-places-to-stay-and-explore\/\" class=\"_self pt-cv-href-thumbnail pt-cv-thumb-default\" target=\"_self\" ><img decoding=\"async\" width=\"300\" height=\"225\" data-src=\"https:\/\/yourfavoritecanadian.com\/wp-content\/uploads\/2025\/07\/IMG_8034-300x225.jpeg\" class=\"pt-cv-thumbnail lazyload\" alt=\"\" data-srcset=\"https:\/\/yourfavoritecanadian.com\/wp-content\/uploads\/2025\/07\/IMG_8034-300x225.jpeg 300w, https:\/\/yourfavoritecanadian.com\/wp-content\/uploads\/2025\/07\/IMG_8034-1024x768.jpeg 1024w, https:\/\/yourfavoritecanadian.com\/wp-content\/uploads\/2025\/07\/IMG_8034-768x576.jpeg 768w, https:\/\/yourfavoritecanadian.com\/wp-content\/uploads\/2025\/07\/IMG_8034-1536x1152.jpeg 1536w, https:\/\/yourfavoritecanadian.com\/wp-content\/uploads\/2025\/07\/IMG_8034-16x12.jpeg 16w, https:\/\/yourfavoritecanadian.com\/wp-content\/uploads\/2025\/07\/IMG_8034.jpeg 2048w\" data-sizes=\"(max-width: 300px) 100vw, 300px\" src=\"data:image\/svg+xml;base64,PHN2ZyB3aWR0aD0iMSIgaGVpZ2h0PSIxIiB4bWxucz0iaHR0cDovL3d3dy53My5vcmcvMjAwMC9zdmciPjwvc3ZnPg==\" style=\"--smush-placeholder-width: 300px; --smush-placeholder-aspect-ratio: 300\/225;\" \/><\/a>\n<h4 class=\"pt-cv-title\"><a href=\"https:\/\/yourfavoritecanadian.com\/fr\/top-destinations-in-nicaragua-ultimate-places-to-stay-and-explore\/\" class=\"_self\" target=\"_self\" >Destinations incontournables au Nicaragua : O\u00f9 s\u00e9journer et explorer<\/a><\/h4><\/div><\/div>\n<div class=\"col-md-4 col-sm-12 col-xs-12 pt-cv-content-item pt-cv-1-col\" ><div class='pt-cv-ifield'><a href=\"https:\/\/yourfavoritecanadian.com\/fr\/the-ultimate-nicaragua-travel-guide-best-places-tips-must-know-info\/\" class=\"_self pt-cv-href-thumbnail pt-cv-thumb-default\" target=\"_self\" ><img decoding=\"async\" width=\"300\" height=\"225\" data-src=\"https:\/\/yourfavoritecanadian.com\/wp-content\/uploads\/2025\/05\/IMG_7981-300x225.jpeg\" class=\"pt-cv-thumbnail lazyload\" alt=\"\" data-srcset=\"https:\/\/yourfavoritecanadian.com\/wp-content\/uploads\/2025\/05\/IMG_7981-300x225.jpeg 300w, https:\/\/yourfavoritecanadian.com\/wp-content\/uploads\/2025\/05\/IMG_7981-1024x768.jpeg 1024w, https:\/\/yourfavoritecanadian.com\/wp-content\/uploads\/2025\/05\/IMG_7981-768x576.jpeg 768w, https:\/\/yourfavoritecanadian.com\/wp-content\/uploads\/2025\/05\/IMG_7981-1536x1152.jpeg 1536w, https:\/\/yourfavoritecanadian.com\/wp-content\/uploads\/2025\/05\/IMG_7981-2048x1536.jpeg 2048w, https:\/\/yourfavoritecanadian.com\/wp-content\/uploads\/2025\/05\/IMG_7981-16x12.jpeg 16w\" data-sizes=\"(max-width: 300px) 100vw, 300px\" src=\"data:image\/svg+xml;base64,PHN2ZyB3aWR0aD0iMSIgaGVpZ2h0PSIxIiB4bWxucz0iaHR0cDovL3d3dy53My5vcmcvMjAwMC9zdmciPjwvc3ZnPg==\" style=\"--smush-placeholder-width: 300px; --smush-placeholder-aspect-ratio: 300\/225;\" \/><\/a>\n<h4 class=\"pt-cv-title\"><a href=\"https:\/\/yourfavoritecanadian.com\/fr\/the-ultimate-nicaragua-travel-guide-best-places-tips-must-know-info\/\" class=\"_self\" target=\"_self\" >Guide de voyage ultime au Nicaragua : Meilleurs endroits, conseils &amp; infos essentielles<\/a><\/h4><\/div><\/div><\/div><\/div><\/div>\n\n\n\n<div style=\"height:50px\" aria-hidden=\"true\" class=\"wp-block-spacer\"><\/div>\n\n\n\n<p class=\"has-text-align-center has-base-2-background-color has-background\" id=\"1-3\"><strong><a href=\"https:\/\/yourfavoritecanadian.com\/fr\/category\/san-juan-del-sur\/\" title=\"San Juan del Sur\">San Juan del Sur<\/a><\/strong><\/p>\n\n\n<div class=\"pt-cv-wrapper\"><div class=\"pt-cv-view pt-cv-grid pt-cv-colsys\" id=\"pt-cv-view-bad41faowe\"><div data-id=\"pt-cv-page-1\" class=\"pt-cv-page cv-npf\" data-cvc=\"3\"><div class=\"col-md-4 col-sm-12 col-xs-12 pt-cv-content-item pt-cv-1-col\" ><div class='pt-cv-ifield'><div class=\"pt-cv-no-post\">Aucun article trouv\u00e9.<\/div><\/div><\/div><\/div><\/div><\/div>\n\n\n\n<div style=\"height:50px\" aria-hidden=\"true\" class=\"wp-block-spacer\"><\/div>\n\n\n\n<p class=\"has-text-align-center has-base-2-background-color has-background\" id=\"1-1\"><strong><a href=\"https:\/\/yourfavoritecanadian.com\/fr\/category\/leon\/\" title=\"Le\u00f3n\">Le\u00f3n<\/a><\/strong><\/p>\n\n\n<div class=\"pt-cv-wrapper\"><div class=\"pt-cv-view pt-cv-grid pt-cv-colsys\" id=\"pt-cv-view-1410dcdfts\"><div data-id=\"pt-cv-page-1\" class=\"pt-cv-page\" data-cvc=\"3\"><div class=\"col-md-4 col-sm-12 col-xs-12 pt-cv-content-item pt-cv-1-col\" ><div class='pt-cv-ifield'><a href=\"https:\/\/yourfavoritecanadian.com\/fr\/leon-nicaragua-travel-guide-best-things-to-do-ultimate-tips\/\" class=\"_self pt-cv-href-thumbnail pt-cv-thumb-default\" target=\"_self\" ><img decoding=\"async\" width=\"300\" height=\"225\" data-src=\"https:\/\/yourfavoritecanadian.com\/wp-content\/uploads\/2025\/09\/IMG_2680-300x225.jpeg\" class=\"pt-cv-thumbnail lazyload\" alt=\"Leon Nicaragua Travel Itinerary - History, Volcanoes &amp; More\" data-srcset=\"https:\/\/yourfavoritecanadian.com\/wp-content\/uploads\/2025\/09\/IMG_2680-300x225.jpeg 300w, https:\/\/yourfavoritecanadian.com\/wp-content\/uploads\/2025\/09\/IMG_2680-1024x768.jpeg 1024w, https:\/\/yourfavoritecanadian.com\/wp-content\/uploads\/2025\/09\/IMG_2680-768x576.jpeg 768w, https:\/\/yourfavoritecanadian.com\/wp-content\/uploads\/2025\/09\/IMG_2680-1536x1152.jpeg 1536w, https:\/\/yourfavoritecanadian.com\/wp-content\/uploads\/2025\/09\/IMG_2680-16x12.jpeg 16w, https:\/\/yourfavoritecanadian.com\/wp-content\/uploads\/2025\/09\/IMG_2680.jpeg 2047w\" data-sizes=\"(max-width: 300px) 100vw, 300px\" src=\"data:image\/svg+xml;base64,PHN2ZyB3aWR0aD0iMSIgaGVpZ2h0PSIxIiB4bWxucz0iaHR0cDovL3d3dy53My5vcmcvMjAwMC9zdmciPjwvc3ZnPg==\" style=\"--smush-placeholder-width: 300px; --smush-placeholder-aspect-ratio: 300\/225;\" \/><\/a>\n<h4 class=\"pt-cv-title\"><a href=\"https:\/\/yourfavoritecanadian.com\/fr\/leon-nicaragua-travel-guide-best-things-to-do-ultimate-tips\/\" class=\"_self\" target=\"_self\" >Le\u00f3n, Nicaragua : Guide de voyage - Meilleures activit\u00e9s et conseils essentiels<\/a><\/h4><\/div><\/div>\n<div class=\"col-md-4 col-sm-12 col-xs-12 pt-cv-content-item pt-cv-1-col\" ><div class='pt-cv-ifield'><a href=\"https:\/\/yourfavoritecanadian.com\/fr\/ultimate-7-best-things-to-do-in-leon-nicaragua\/\" class=\"_self pt-cv-href-thumbnail pt-cv-thumb-default\" target=\"_self\" ><img decoding=\"async\" width=\"300\" height=\"225\" data-src=\"https:\/\/yourfavoritecanadian.com\/wp-content\/uploads\/2025\/07\/IMG_9314-300x225.jpeg\" class=\"pt-cv-thumbnail lazyload\" alt=\"\" data-srcset=\"https:\/\/yourfavoritecanadian.com\/wp-content\/uploads\/2025\/07\/IMG_9314-300x225.jpeg 300w, https:\/\/yourfavoritecanadian.com\/wp-content\/uploads\/2025\/07\/IMG_9314-1024x768.jpeg 1024w, https:\/\/yourfavoritecanadian.com\/wp-content\/uploads\/2025\/07\/IMG_9314-768x576.jpeg 768w, https:\/\/yourfavoritecanadian.com\/wp-content\/uploads\/2025\/07\/IMG_9314-1536x1152.jpeg 1536w, https:\/\/yourfavoritecanadian.com\/wp-content\/uploads\/2025\/07\/IMG_9314-16x12.jpeg 16w, https:\/\/yourfavoritecanadian.com\/wp-content\/uploads\/2025\/07\/IMG_9314.jpeg 2048w\" data-sizes=\"(max-width: 300px) 100vw, 300px\" src=\"data:image\/svg+xml;base64,PHN2ZyB3aWR0aD0iMSIgaGVpZ2h0PSIxIiB4bWxucz0iaHR0cDovL3d3dy53My5vcmcvMjAwMC9zdmciPjwvc3ZnPg==\" style=\"--smush-placeholder-width: 300px; --smush-placeholder-aspect-ratio: 300\/225;\" \/><\/a>\n<h4 class=\"pt-cv-title\"><a href=\"https:\/\/yourfavoritecanadian.com\/fr\/ultimate-7-best-things-to-do-in-leon-nicaragua\/\" class=\"_self\" target=\"_self\" >Les 7 meilleures activit\u00e9s \u00e0 faire \u00e0 Le\u00f3n, Nicaragua<\/a><\/h4><\/div><\/div><\/div><\/div><\/div>\n\n\n\n<div style=\"height:50px\" aria-hidden=\"true\" class=\"wp-block-spacer\"><\/div>\n\n\n\n<p class=\"has-text-align-center has-base-2-background-color has-background\" id=\"1-2\"><strong><strong><a href=\"https:\/\/yourfavoritecanadian.com\/fr\/category\/el-transito\/\" title=\"El Tr\u00e1nsito\">El Tr\u00e1nsito<\/a><\/strong><\/strong><\/p>\n\n\n<div class=\"pt-cv-wrapper\"><div class=\"pt-cv-view pt-cv-grid pt-cv-colsys\" id=\"pt-cv-view-89759a1jri\"><div data-id=\"pt-cv-page-1\" class=\"pt-cv-page\" data-cvc=\"3\"><div class=\"col-md-4 col-sm-12 col-xs-12 pt-cv-content-item pt-cv-1-col\" ><div class='pt-cv-ifield'><a href=\"https:\/\/yourfavoritecanadian.com\/fr\/el-transito-travel-guide-ultimate-things-to-do-see-know\/\" class=\"_self pt-cv-href-thumbnail pt-cv-thumb-default\" target=\"_self\" ><img decoding=\"async\" width=\"300\" height=\"225\" data-src=\"https:\/\/yourfavoritecanadian.com\/wp-content\/uploads\/2025\/10\/IMG_9172-1-300x225.jpeg\" class=\"pt-cv-thumbnail lazyload\" alt=\"\" data-srcset=\"https:\/\/yourfavoritecanadian.com\/wp-content\/uploads\/2025\/10\/IMG_9172-1-300x225.jpeg 300w, https:\/\/yourfavoritecanadian.com\/wp-content\/uploads\/2025\/10\/IMG_9172-1-1024x768.jpeg 1024w, https:\/\/yourfavoritecanadian.com\/wp-content\/uploads\/2025\/10\/IMG_9172-1-768x576.jpeg 768w, https:\/\/yourfavoritecanadian.com\/wp-content\/uploads\/2025\/10\/IMG_9172-1-1536x1152.jpeg 1536w, https:\/\/yourfavoritecanadian.com\/wp-content\/uploads\/2025\/10\/IMG_9172-1-16x12.jpeg 16w, https:\/\/yourfavoritecanadian.com\/wp-content\/uploads\/2025\/10\/IMG_9172-1.jpeg 1920w\" data-sizes=\"(max-width: 300px) 100vw, 300px\" src=\"data:image\/svg+xml;base64,PHN2ZyB3aWR0aD0iMSIgaGVpZ2h0PSIxIiB4bWxucz0iaHR0cDovL3d3dy53My5vcmcvMjAwMC9zdmciPjwvc3ZnPg==\" style=\"--smush-placeholder-width: 300px; --smush-placeholder-aspect-ratio: 300\/225;\" \/><\/a>\n<h4 class=\"pt-cv-title\"><a href=\"https:\/\/yourfavoritecanadian.com\/fr\/el-transito-travel-guide-ultimate-things-to-do-see-know\/\" class=\"_self\" target=\"_self\" >Guide de voyage El Tr\u00e1nsito : Tout ce qu\u2019il faut faire, voir et savoir<\/a><\/h4><\/div><\/div><\/div><\/div><\/div>\n\n\n\n<div style=\"height:50px\" aria-hidden=\"true\" class=\"wp-block-spacer\"><\/div>\n\n\n\n<p class=\"has-text-align-center has-base-2-background-color has-background\" id=\"1-4\"><strong><strong><a href=\"https:\/\/yourfavoritecanadian.com\/fr\/category\/el-transito\/\" title=\"El Tr\u00e1nsito\">Granada<\/a><\/strong><\/strong><\/p>\n\n\n<div class=\"pt-cv-wrapper\"><div class=\"pt-cv-view pt-cv-grid pt-cv-colsys\" id=\"pt-cv-view-12be867s73\"><div data-id=\"pt-cv-page-1\" class=\"pt-cv-page cv-npf\" data-cvc=\"3\"><div class=\"col-md-4 col-sm-12 col-xs-12 pt-cv-content-item pt-cv-1-col\" ><div class='pt-cv-ifield'><div class=\"pt-cv-no-post\">Aucun article trouv\u00e9.<\/div><\/div><\/div><\/div><\/div><\/div>\n\n\n\n<div style=\"height:10px\" aria-hidden=\"true\" class=\"wp-block-spacer\"><\/div>\n\n\n\n<hr class=\"wp-block-separator has-alpha-channel-opacity\"\/>\n\n\n\n<div style=\"height:10px\" aria-hidden=\"true\" class=\"wp-block-spacer\"><\/div>\n\n\n\n<p class=\"translation-block\">Le Nicaragua est une destination qui touche profond\u00e9ment, o\u00f9 volcans imposants et plages paisibles se rencontrent, et o\u00f9 les villes coloniales vibrent de couleurs et de vie. C\u2019est un pays parfait pour les voyageurs en qu\u00eate de beaut\u00e9 et d\u2019authenticit\u00e9. Des hautes terres brumeuses aux c\u00f4tes baign\u00e9es de soleil, chaque coin du pays raconte une histoire unique. Que vous partiez en randonn\u00e9e dans des r\u00e9serves naturelles, discutiez avec les habitants dans des march\u00e9s anim\u00e9s ou admiriez simplement un coucher de soleil sur une baie tranquille, le Nicaragua vous accueille avec chaleur et simplicit\u00e9.<\/p>\n\n\n\n<p class=\"translation-block\">La ville de Le\u00f3n refl\u00e8te parfaitement le caract\u00e8re du pays, \u00e0 la fois passionn\u00e9, cr\u00e9atif et plein de contrastes. Ses rues pav\u00e9es m\u00e8nent \u00e0 des \u00e9glises centenaires, des cours remplies d\u2019art et des caf\u00e9s locaux o\u00f9 le temps semble ralentir. L\u2019aventure y est aussi bien pr\u00e9sente, avec des voyageurs qui grimpent des volcans avant de descendre en glissant sur leurs pentes de cendres noires. \u00c0 quelques heures de route, El Tr\u00e1nsito offre une ambiance compl\u00e8tement diff\u00e9rente, avec son village c\u00f4tier paisible, ses plages dor\u00e9es \u00e0 perte de vue et le doux son des vagues en toile de fond. C\u2019est l\u2019endroit parfait pour ralentir, profiter du moment pr\u00e9sent et appr\u00e9cier la simplicit\u00e9.<\/p>\n\n\n\n<p class=\"translation-block\">Chez Your Favorite Canadian, nous croyons que le voyage est avant tout une question de connexion, avec la nature, avec les gens et avec des moments qui restent longtemps apr\u00e8s le retour. Nos r\u00e9cits sur le Nicaragua mettent en lumi\u00e8re les lieux, les traditions et les exp\u00e9riences qui rendent ce pays inoubliable. Que vous exploriez le c\u00f4t\u00e9 artistique de Le\u00f3n, surfiez les vagues \u00e0 El Tr\u00e1nsito ou vous laissiez porter par le rythme de la vie locale, le Nicaragua a ce pouvoir de vous faire sentir chez vous. Plongez dans nos guides et laissez chaque voyage se d\u00e9voiler naturellement, une d\u00e9couverte \u00e0 la fois.<\/p>\n<p><a href=\"\/\/www.pinterest.com\/pin\/create\/button\/\" data-pin-do=\"buttonBookmark\" data-pin-color=\"red\" data-pin-height=\"128\"><img decoding=\"async\" data-src=\"\/\/assets.pinterest.com\/images\/pidgets\/pinit_fg_en_rect_red_28.png\" src=\"data:image\/svg+xml;base64,PHN2ZyB3aWR0aD0iMSIgaGVpZ2h0PSIxIiB4bWxucz0iaHR0cDovL3d3dy53My5vcmcvMjAwMC9zdmciPjwvc3ZnPg==\" class=\"lazyload\" \/><\/a><\/p>","protected":false},"excerpt":{"rendered":"<p>Nicaragua&#8217;s Must-Reads San Juan del Sur Le\u00f3n El Tr\u00e1nsito Granada Nicaragua is a place that stirs the soul \u2014 where volcanoes meet tranquil beaches and colonial cities hum with color &#8230; <a title=\"Nicaragua\" class=\"read-more\" href=\"https:\/\/yourfavoritecanadian.com\/fr\/nicaragua\/\" aria-label=\"Read more about Nicaragua\">Read more<\/a><\/p>","protected":false},"author":1,"featured_media":0,"parent":0,"menu_order":0,"comment_status":"closed","ping_status":"closed","template":"","meta":{"om_disable_all_campaigns":false,"_monsterinsights_skip_tracking":false,"_monsterinsights_sitenote_active":false,"_monsterinsights_sitenote_note":"","_monsterinsights_sitenote_category":0,"jetpack_post_was_ever_published":false,"footnotes":""},"class_list":["post-7614","page","type-page","status-publish"],"aioseo_notices":[],"jetpack-related-posts":[{"id":4291,"url":"https:\/\/yourfavoritecanadian.com\/fr\/central\/","url_meta":{"origin":7614,"position":0},"title":"Centrale","author":"yourfavoritecanadian","date":"octobre 9, 2024","format":false,"excerpt":"ARUBA COSTA RICA GUATEMALA NICARAGUA MEXICO Central America offers countless opportunities for adventure and discovery beyond its well-known landmarks. Costa Rica is a playground for nature lovers, with lush jungles, cascading waterfalls, and abundant wildlife. Whether hiking through cloud forests, zip-lining over tree canopies, or relaxing in natural hot springs,\u2026","rel":"","context":"Similar post","block_context":{"text":"Similar post","link":""},"img":{"alt_text":"","src":"","width":0,"height":0},"classes":[]},{"id":4270,"url":"https:\/\/yourfavoritecanadian.com\/fr\/americas\/","url_meta":{"origin":7614,"position":1},"title":"Am\u00e9riques","author":"yourfavoritecanadian","date":"octobre 9, 2024","format":false,"excerpt":"North CANADA UNITED STATES Central ARUBA COSTA RICA GUATEMALA NICARAGUA MEXICO South COLOMBIA The Americas, including North, Central, and South America, are a vibrant tapestry of adventures waiting to be explored. From the breathtaking landscapes of the Rocky Mountains and Grand Canyon in the United States to the colorful streets\u2026","rel":"","context":"Similar post","block_context":{"text":"Similar post","link":""},"img":{"alt_text":"","src":"","width":0,"height":0},"classes":[]},{"id":6812,"url":"https:\/\/yourfavoritecanadian.com\/fr\/costa-rica\/","url_meta":{"origin":7614,"position":2},"title":"Costa Rica","author":"yourfavoritecanadian","date":"mars 18, 2025","format":false,"excerpt":"Costa Rica's Must-Reads La Fortuna Monteverde San Jose Tamarindo Costa Rica's Must-Reads La Fortuna Monteverde - San Jose - Tamarindo Costa Rica is a country where dense rainforests, majestic volcanoes, and sun-kissed beaches meet vibrant local culture. From the cloud forests of Monteverde to the golden beaches of Tamarindo, the\u2026","rel":"","context":"Similar post","block_context":{"text":"Similar post","link":""},"img":{"alt_text":"","src":"","width":0,"height":0},"classes":[]},{"id":6751,"url":"https:\/\/yourfavoritecanadian.com\/fr\/morocco\/","url_meta":{"origin":7614,"position":3},"title":"Maroc","author":"yourfavoritecanadian","date":"mars 18, 2025","format":false,"excerpt":"Morocco's Must-Reads Marrakech Sahara Desert Tangier Fes Chefchaouen Morocco's Must-Reads Tangier - Fes - Chefchaouen Morocco is a country that awakens the senses \u2014 where vast desert landscapes meet rugged mountains, and centuries-old traditions blend seamlessly with modern life. From the vibrant blue streets of Chefchaouen to the bustling souks\u2026","rel":"","context":"Similar post","block_context":{"text":"Similar post","link":""},"img":{"alt_text":"","src":"","width":0,"height":0},"classes":[]},{"id":6788,"url":"https:\/\/yourfavoritecanadian.com\/fr\/united-states\/","url_meta":{"origin":7614,"position":4},"title":"\u00c9tats-Unis","author":"yourfavoritecanadian","date":"mars 18, 2025","format":false,"excerpt":"USA's Must-Reads California Oregon USA's Must-Reads California Oregon The United States is a country of immense diversity, offering travelers a rich mix of bustling cities, scenic landscapes, and cultural experiences. From the towering skyscrapers of New York City to the serene beauty of the Rocky Mountains, every destination tells a\u2026","rel":"","context":"Similar post","block_context":{"text":"Similar post","link":""},"img":{"alt_text":"","src":"","width":0,"height":0},"classes":[]},{"id":6903,"url":"https:\/\/yourfavoritecanadian.com\/fr\/philippines\/","url_meta":{"origin":7614,"position":5},"title":"Philippines","author":"yourfavoritecanadian","date":"mars 18, 2025","format":false,"excerpt":"Philippines Must-Reads Palawan Island Panglao Siquijor Moalboal Cebu Philippines Must-Reads Palawan Island Panglao - Siquijor Moalboal - Cebu The Philippines is a breathtaking mosaic of islands, each offering its own rhythm of life and charm. With turquoise waters, lush jungles, and warm hospitality, this tropical paradise is perfect for travelers\u2026","rel":"","context":"Similar post","block_context":{"text":"Similar post","link":""},"img":{"alt_text":"","src":"","width":0,"height":0},"classes":[]}],"jetpack_sharing_enabled":true,"_links":{"self":[{"href":"https:\/\/yourfavoritecanadian.com\/fr\/wp-json\/wp\/v2\/pages\/7614","targetHints":{"allow":["GET"]}}],"collection":[{"href":"https:\/\/yourfavoritecanadian.com\/fr\/wp-json\/wp\/v2\/pages"}],"about":[{"href":"https:\/\/yourfavoritecanadian.com\/fr\/wp-json\/wp\/v2\/types\/page"}],"author":[{"embeddable":true,"href":"https:\/\/yourfavoritecanadian.com\/fr\/wp-json\/wp\/v2\/users\/1"}],"replies":[{"embeddable":true,"href":"https:\/\/yourfavoritecanadian.com\/fr\/wp-json\/wp\/v2\/comments?post=7614"}],"version-history":[{"count":15,"href":"https:\/\/yourfavoritecanadian.com\/fr\/wp-json\/wp\/v2\/pages\/7614\/revisions"}],"predecessor-version":[{"id":8755,"href":"https:\/\/yourfavoritecanadian.com\/fr\/wp-json\/wp\/v2\/pages\/7614\/revisions\/8755"}],"wp:attachment":[{"href":"https:\/\/yourfavoritecanadian.com\/fr\/wp-json\/wp\/v2\/media?parent=7614"}],"curies":[{"name":"wp","href":"https:\/\/api.w.org\/{rel}","templated":true}]}}