{"id":8548,"date":"2026-02-17T01:01:26","date_gmt":"2026-02-17T05:01:26","guid":{"rendered":"https:\/\/yourfavoritecanadian.com\/?page_id=8548"},"modified":"2026-04-01T12:28:21","modified_gmt":"2026-04-01T16:28:21","slug":"singapore","status":"publish","type":"page","link":"https:\/\/yourfavoritecanadian.com\/fr\/singapore\/","title":{"rendered":"Singapour"},"content":{"rendered":"<div class=\"wp-block-buttons is-content-justification-center is-layout-flex wp-container-core-buttons-is-layout-16018d1d wp-block-buttons-is-layout-flex\">\n<div class=\"wp-block-button\"><a class=\"wp-block-button__link wp-element-button\" href=\"#1-1\"><strong>Lectures incontournables sur Singapour<\/strong><\/a><\/div>\n<\/div>\n\n\n\n<hr class=\"wp-block-separator has-alpha-channel-opacity\"\/>\n\n\n\n<p class=\"has-text-align-center has-base-2-background-color has-background\" id=\"1-1\"><strong><a href=\"https:\/\/yourfavoritecanadian.com\/fr\/category\/singapores-must-reads\/\" title=\"Singapore's Must-Reads\">Lectures incontournables sur Singapour<\/a><\/strong><\/p>\n\n\n<div class=\"pt-cv-wrapper\"><div class=\"pt-cv-view pt-cv-grid pt-cv-colsys\" id=\"pt-cv-view-ab61917ae7\"><div data-id=\"pt-cv-page-1\" class=\"pt-cv-page\" data-cvc=\"3\"><div class=\"col-md-4 col-sm-12 col-xs-12 pt-cv-content-item pt-cv-1-col\" ><div class='pt-cv-ifield'><a href=\"https:\/\/yourfavoritecanadian.com\/fr\/12-fascinating-facts-about-singapore-history-culture-travel-tips\/\" class=\"_self pt-cv-href-thumbnail pt-cv-thumb-default\" target=\"_self\" ><img decoding=\"async\" width=\"300\" height=\"225\" data-src=\"https:\/\/yourfavoritecanadian.com\/wp-content\/uploads\/2026\/02\/IMG_9769-300x225.jpeg\" class=\"pt-cv-thumbnail lazyload\" alt=\"\" data-srcset=\"https:\/\/yourfavoritecanadian.com\/wp-content\/uploads\/2026\/02\/IMG_9769-300x225.jpeg 300w, https:\/\/yourfavoritecanadian.com\/wp-content\/uploads\/2026\/02\/IMG_9769-1024x768.jpeg 1024w, https:\/\/yourfavoritecanadian.com\/wp-content\/uploads\/2026\/02\/IMG_9769-768x576.jpeg 768w, https:\/\/yourfavoritecanadian.com\/wp-content\/uploads\/2026\/02\/IMG_9769-1536x1152.jpeg 1536w, https:\/\/yourfavoritecanadian.com\/wp-content\/uploads\/2026\/02\/IMG_9769-2048x1536.jpeg 2048w, https:\/\/yourfavoritecanadian.com\/wp-content\/uploads\/2026\/02\/IMG_9769-16x12.jpeg 16w\" data-sizes=\"(max-width: 300px) 100vw, 300px\" src=\"data:image\/svg+xml;base64,PHN2ZyB3aWR0aD0iMSIgaGVpZ2h0PSIxIiB4bWxucz0iaHR0cDovL3d3dy53My5vcmcvMjAwMC9zdmciPjwvc3ZnPg==\" style=\"--smush-placeholder-width: 300px; --smush-placeholder-aspect-ratio: 300\/225;\" \/><\/a>\n<h4 class=\"pt-cv-title\"><a href=\"https:\/\/yourfavoritecanadian.com\/fr\/12-fascinating-facts-about-singapore-history-culture-travel-tips\/\" class=\"_self\" target=\"_self\" >12 faits int\u00e9ressants sur Singapour que vous ne connaissiez pas<\/a><\/h4><\/div><\/div><\/div><\/div><\/div>\n\n\n\n<div style=\"height:10px\" aria-hidden=\"true\" class=\"wp-block-spacer\"><\/div>\n\n\n\n<hr class=\"wp-block-separator has-alpha-channel-opacity\"\/>\n\n\n\n<div style=\"height:10px\" aria-hidden=\"true\" class=\"wp-block-spacer\"><\/div>\n\n\n\n<p>Singapour est bien plus qu\u2019une skyline moderne : c\u2019est l\u2019une des destinations les plus captivantes d\u2019Asie du Sud-Est, o\u00f9 l\u2019innovation, la culture et la nature se rencontrent harmonieusement. Si vous planifiez un voyage et cherchez quoi faire \u00e0 Singapour, cette cit\u00e9-\u00c9tat vibrante offre tout, de l\u2019architecture futuriste aux quartiers historiques, en passant par une cuisine de rue mondialement r\u00e9put\u00e9e. Que vous lisiez notre <strong>guide complet de Singapour<\/strong> \u00e0 travers les embl\u00e9matiques Gardens by the Bay, que vous exploriez le front de mer de Marina Bay ou que vous admiriez la piscine \u00e0 d\u00e9bordement du Marina Bay Sands, vous comprendrez rapidement pourquoi Singapour figure parmi les destinations incontournables en Asie. Nos articles pr\u00e9sentent les meilleures choses \u00e0 faire \u00e0 Singapour, les attractions \u00e0 ne pas manquer, des tr\u00e9sors cach\u00e9s et des conseils de voyage essentiels pour vous aider \u00e0 organiser l\u2019itin\u00e9raire parfait \u00e0 Singapour.<\/p>\n\n\n\n<p>Les amateurs de gastronomie, les explorateurs urbains et les voyageurs en qu\u00eate de d\u00e9tente en bord de mer y trouveront tous leur compte. D\u00e9couvrez la c\u00e9l\u00e8bre cuisine de rue de Singapour dans des adresses mythiques comme<strong>&nbsp;Lau Pa Sat<\/strong>, marchez dans les <strong>rues color\u00e9es de Chinatown et de Little India,<\/strong>ou d\u00e9tendez-vous au bord de la mer sur <strong>Sentosa<\/strong>. Les amoureux de la nature peuvent s\u2019\u00e9vader sur les sentiers luxuriants des Jardins Botaniques, tandis que les amateurs de vie nocturne peuvent se diriger vers <strong>Clarke Quay<\/strong>&nbsp;pour profiter des restaurants et divertissements en bord de rivi\u00e8re. Que vous planifiiez 3 jours \u00e0 Singapour ou un s\u00e9jour plus long, nous d\u00e9taillons o\u00f9 s\u00e9journer \u00e0 Singapour, les principales attractions, les quartiers \u00e0 d\u00e9couvrir et des conseils pratiques pour rendre votre voyage simple et agr\u00e9able.<\/p>\n\n\n\n<p>Chaque coin de Singapour poss\u00e8de son <strong>propre rythme<\/strong>. De son h\u00e9ritage multiculturel et de ses vues impressionnantes sur la skyline \u00e0 ses espaces verts et ses attractions avant-gardistes, la ville offre un \u00e9quilibre rare entre dynamisme et s\u00e9r\u00e9nit\u00e9. Que ce soit votre premi\u00e8re visite ou un retour dans cette m\u00e9tropole fascinante, laissez Your Favorite Canadian vous guider \u00e0 travers les <strong>principales attractions de Singapour<\/strong> et vous faire d\u00e9couvrir des lieux au-del\u00e0 des sentiers battus. Cliquez sur la destination de votre choix pour explorer nos guides d\u00e9taill\u00e9s sur Marina Bay, Chinatown et bien plus encore \u2014 et donner vie \u00e0 Singapour, un hawker, un rooftop et un quartier \u00e0 la fois.<\/p>\n<p><a href=\"\/\/www.pinterest.com\/pin\/create\/button\/\" data-pin-do=\"buttonBookmark\" data-pin-color=\"red\" data-pin-height=\"128\"><img decoding=\"async\" data-src=\"\/\/assets.pinterest.com\/images\/pidgets\/pinit_fg_en_rect_red_28.png\" src=\"data:image\/svg+xml;base64,PHN2ZyB3aWR0aD0iMSIgaGVpZ2h0PSIxIiB4bWxucz0iaHR0cDovL3d3dy53My5vcmcvMjAwMC9zdmciPjwvc3ZnPg==\" class=\"lazyload\" \/><\/a><\/p>","protected":false},"excerpt":{"rendered":"<p>Singapore&#8217;s Must-Reads Singapore is more than a modern skyline \u2014 it\u2019s one of the most exciting destinations in Southeast Asia, where innovation, culture, and nature blend seamlessly. If you\u2019re planning &#8230; <a title=\"Singapour\" class=\"read-more\" href=\"https:\/\/yourfavoritecanadian.com\/fr\/singapore\/\" aria-label=\"Read more about Singapore\">Read more<\/a><\/p>","protected":false},"author":3,"featured_media":0,"parent":0,"menu_order":0,"comment_status":"closed","ping_status":"closed","template":"","meta":{"om_disable_all_campaigns":false,"_monsterinsights_skip_tracking":false,"_monsterinsights_sitenote_active":false,"_monsterinsights_sitenote_note":"","_monsterinsights_sitenote_category":0,"jetpack_post_was_ever_published":false,"footnotes":""},"class_list":["post-8548","page","type-page","status-publish"],"aioseo_notices":[],"jetpack-related-posts":[{"id":6888,"url":"https:\/\/yourfavoritecanadian.com\/fr\/bali\/","url_meta":{"origin":8548,"position":0},"title":"Bali","author":"yourfavoritecanadian","date":"mars 18, 2025","format":false,"excerpt":"Bali's Must-Reads Gili Trawangan Ubud Canggu Semyniak Uluwatu Nusa Dua Kuta Nusa Penida Bali's Must-Reads Gili Trawangan Ubud - Canggu - Seminyak Uluwatu - Nusa Dua - Kuta Nusa Penida Bali is more than a tropical island \u2014 it\u2019s a place where nature, culture, and spirituality blend effortlessly. From serene\u2026","rel":"","context":"Similar post","block_context":{"text":"Similar post","link":""},"img":{"alt_text":"","src":"","width":0,"height":0},"classes":[]},{"id":6967,"url":"https:\/\/yourfavoritecanadian.com\/fr\/portugal\/","url_meta":{"origin":8548,"position":1},"title":"Portugal","author":"yourfavoritecanadian","date":"mars 18, 2025","format":false,"excerpt":"Portugal's Must-Reads Lisbon Algarve Porto Ericeira Aveiro \u00c9vora Portugal's Must-Reads Lisbon Algarve Porto Ericeira Aveiro - \u00c9vora Portugal is a land where timeless charm meets modern vibrance. The Portugal Travel Guide invites you to discover a country that captivates with its sun-soaked beaches, cobbled streets, and warm hospitality. Whether you\u2019re\u2026","rel":"","context":"Similar post","block_context":{"text":"Similar post","link":""},"img":{"alt_text":"","src":"","width":0,"height":0},"classes":[]},{"id":7614,"url":"https:\/\/yourfavoritecanadian.com\/fr\/nicaragua\/","url_meta":{"origin":8548,"position":2},"title":"Nicaragua","author":"yourfavoritecanadian","date":"juin 30, 2025","format":false,"excerpt":"Nicaragua's Must-Reads San Juan del Sur Le\u00f3n El Tr\u00e1nsito Nicaragua's Must-Reads San Juan del Sur Le\u00f3n El Tr\u00e1nsito Nicaragua is a place that stirs the soul \u2014 where volcanoes meet tranquil beaches and colonial cities hum with color and life. It\u2019s a destination made for explorers who crave both beauty\u2026","rel":"","context":"Similar post","block_context":{"text":"Similar post","link":""},"img":{"alt_text":"","src":"","width":0,"height":0},"classes":[]},{"id":7042,"url":"https:\/\/yourfavoritecanadian.com\/fr\/france-monaco\/","url_meta":{"origin":8548,"position":3},"title":"France &#8211; Monaco","author":"yourfavoritecanadian","date":"mars 19, 2025","format":false,"excerpt":"France's Must-Reads Monaco's Must-Reads France's Must-Reads Monaco's Must-Reads Southern France and Monaco are destinations that beautifully blend old-world charm with modern elegance. Our travels in the south of France focus on iconic coastal cities like Marseille and Nice, where Mediterranean culture, history, and relaxed seaside living come together effortlessly. From\u2026","rel":"","context":"Similar post","block_context":{"text":"Similar post","link":""},"img":{"alt_text":"","src":"","width":0,"height":0},"classes":[]},{"id":6903,"url":"https:\/\/yourfavoritecanadian.com\/fr\/philippines\/","url_meta":{"origin":8548,"position":4},"title":"Philippines","author":"yourfavoritecanadian","date":"mars 18, 2025","format":false,"excerpt":"Philippines Must-Reads Palawan Island Panglao Siquijor Moalboal Cebu Philippines Must-Reads Palawan Island Panglao - Siquijor Moalboal - Cebu The Philippines is a breathtaking mosaic of islands, each offering its own rhythm of life and charm. With turquoise waters, lush jungles, and warm hospitality, this tropical paradise is perfect for travelers\u2026","rel":"","context":"Similar post","block_context":{"text":"Similar post","link":""},"img":{"alt_text":"","src":"","width":0,"height":0},"classes":[]},{"id":6865,"url":"https:\/\/yourfavoritecanadian.com\/fr\/qatar\/","url_meta":{"origin":8548,"position":5},"title":"Qatar","author":"yourfavoritecanadian","date":"mars 18, 2025","format":false,"excerpt":"Doha's Must-Reads Doha's Activities Doha's Must-Reads Doha's Activities Doha, the capital of Qatar, is a city where tradition and modernity coexist seamlessly. With its gleaming skyscrapers, bustling souks, and serene waterfronts, the city offers experiences that cater to a wide range of travelers. From exploring historic neighborhoods to admiring cutting-edge\u2026","rel":"","context":"Similar post","block_context":{"text":"Similar post","link":""},"img":{"alt_text":"","src":"","width":0,"height":0},"classes":[]}],"jetpack_sharing_enabled":true,"_links":{"self":[{"href":"https:\/\/yourfavoritecanadian.com\/fr\/wp-json\/wp\/v2\/pages\/8548","targetHints":{"allow":["GET"]}}],"collection":[{"href":"https:\/\/yourfavoritecanadian.com\/fr\/wp-json\/wp\/v2\/pages"}],"about":[{"href":"https:\/\/yourfavoritecanadian.com\/fr\/wp-json\/wp\/v2\/types\/page"}],"author":[{"embeddable":true,"href":"https:\/\/yourfavoritecanadian.com\/fr\/wp-json\/wp\/v2\/users\/3"}],"replies":[{"embeddable":true,"href":"https:\/\/yourfavoritecanadian.com\/fr\/wp-json\/wp\/v2\/comments?post=8548"}],"version-history":[{"count":10,"href":"https:\/\/yourfavoritecanadian.com\/fr\/wp-json\/wp\/v2\/pages\/8548\/revisions"}],"predecessor-version":[{"id":8682,"href":"https:\/\/yourfavoritecanadian.com\/fr\/wp-json\/wp\/v2\/pages\/8548\/revisions\/8682"}],"wp:attachment":[{"href":"https:\/\/yourfavoritecanadian.com\/fr\/wp-json\/wp\/v2\/media?parent=8548"}],"curies":[{"name":"wp","href":"https:\/\/api.w.org\/{rel}","templated":true}]}}